{"id":8609,"date":"2019-03-20T18:31:33","date_gmt":"2019-03-20T18:31:33","guid":{"rendered":"https:\/\/www.porvootours.fi\/samarbetspartner\/risteilyt\/"},"modified":"2024-02-20T13:34:52","modified_gmt":"2024-02-20T13:34:52","slug":"kryssningar","status":"publish","type":"page","link":"https:\/\/www.porvootours.fi\/sv\/samarbetspartner\/kryssningar\/","title":{"rendered":"Kryssningar"},"content":{"rendered":"<div id=\"pl-8609\"  class=\"panel-layout\" ><div id=\"pg-8609-0\"  class=\"panel-grid panel-has-style\" ><div class=\"siteorigin-panels-stretch kt-no-vertical-gutter kt-panel-row-stretch panel-row-style panel-row-style-for-8609-0\" style=\"opacity: 0;\" data-stretch-type=\"full\" ><div id=\"pgc-8609-0-0\"  class=\"panel-grid-cell\" >\n\n        <div id=\"panel-8609-0-0-0\" class=\"so-panel widget widget_kadence_calltoaction_widget kadence_calltoaction_widget panel-first-child\" data-index=\"0\" ><div class=\"kt-ctaw clearfix\"><h2 class=\"kt-call-to-action-title\" style=\"color:#333333; font-size:50px; line-height:1; text-align:center; \"  data-max-size=\"50\" data-min-size=\"36\"><B>KRYSSNINGAR<\/B> BORG\u00c5<\/h2><\/div><\/div>\n    \n                <div id=\"panel-8609-0-0-1\" class=\"so-panel widget widget_kadence_split_content_widget kadence_split_content_widget\" data-index=\"1\" >                \t<!-- Image Split -->\n\t<div class=\"kt-image-split\" id=\"kt-image-split-widget-0-0-1\">\n\t\t  <div class=\"row-no-margin\">\n\t\t\t<div class=\"col-md-6 kt-si-imagecol img-ktsi-left kt-animate-fade-in-\n\t\t\t\t\t\t\t\t\t\t\t\t\t\t\t\t\tright\t\t\t\" style=\"\n\t\t\t\">\n\t\t\t\t  <div class=\"kt-si-table-box\" style=\"height:500px\">\n\t\t\t\t\t  <div class=\"kt-si-cell-box\">\n\t\t\t\t\t\t<img decoding=\"async\" src=\"http:\/\/www.porvootours.fi\/wp-content\/uploads\/2019\/04\/Runeberg-768x512.png\" alt=\"\" class=\"kt-si-image\" style=\"max-height:500px\">\t\t\t\t\t<\/div>\n\t\t\t\t  <\/div>\n\t\t\t <\/div>\n\t\t\t <div class=\"col-md-6 kt-si-imagecol content-ktsi-left kt-animate-fade-in-left\" \n\t\t\t\t\t\t\t\t\t\t\t\t\t\t\t\t\t\t \t\t\t\t>\n\t\t\t\t  <div class=\"kt-si-table-box\" style=\"height:500px\">\n\t\t\t\t\t  <div class=\"kt-si-cell-box\">\n\t\t\t\t\t\t  <div class=\"kt-si-inner-content\" style=\"  text-align:left;\">\n\t\t\t\t\t\t\t<h2 class=\"kt_imgsplit_title\" style=\"\">m\/s J.L. Runeberg<\/h2><div class=\"kt_imgsplit_content\" style=\"\">Upplev gammaldags b\u00e5tromantik med m\/s J.L. Runeberg som kryssar mellan Helsingfors och Borg\u00e5 n\u00e4stan dagligen fr\u00e5n v\u00e5ren till h\u00f6sten. Fartyget byggdes 1912 i Helsingfors, och fungerade ursprungligen som \u00e5ngfartyg. \u00c4ven best\u00e4llningskryssningar.\n<ul>\n<li>kryssningar i Finska vikens sk\u00e4rg\u00e5rd, start fr\u00e5n Helsingfors och Borg\u00e5<\/li>\n<li>max 220 personer<\/li>\n<li>salonger f\u00f6r 10-34 personer<\/li>\n<li>servering f\u00f6r max 150 personer<\/li>\n<li>A-r\u00e4ttigheter<\/li>\n<\/ul><\/div>\t\t\t\t\t\t <\/div>\n\t\t\t\t\t<\/div>\n\t\t\t\t  <\/div>\n\t\t\t<\/div>\n\t\t  <\/div>\n\t<\/div>\n\n\t\n                <\/div>\n    \n                <div id=\"panel-8609-0-0-2\" class=\"so-panel widget widget_kadence_split_content_widget kadence_split_content_widget\" data-index=\"2\" >                \t<!-- Image Split -->\n\t<div class=\"kt-image-split\" id=\"kt-image-split-widget-0-0-2\">\n\t\t  <div class=\"row-no-margin\">\n\t\t\t<div class=\"col-md-6 kt-si-imagecol img-ktsi-left kt-animate-fade-in-\n\t\t\t\t\t\t\t\t\t\t\t\t\t\t\t\t\tright\t\t\t\" style=\"\n\t\t\t\">\n\t\t\t\t  <div class=\"kt-si-table-box\" style=\"height:500px\">\n\t\t\t\t\t  <div class=\"kt-si-cell-box\">\n\t\t\t\t\t\t<img decoding=\"async\" src=\"http:\/\/www.porvootours.fi\/wp-content\/uploads\/2019\/03\/MS-Suvi-Tuuli-768x518px.jpg\" alt=\"Friendship Cruises MS Suvi-Tuuli\" class=\"kt-si-image\" style=\"max-height:500px\">\t\t\t\t\t<\/div>\n\t\t\t\t  <\/div>\n\t\t\t <\/div>\n\t\t\t <div class=\"col-md-6 kt-si-imagecol content-ktsi-left kt-animate-fade-in-left\" \n\t\t\t\t\t\t\t\t\t\t\t\t\t\t\t\t\t\t \t\t\t\t>\n\t\t\t\t  <div class=\"kt-si-table-box\" style=\"height:500px\">\n\t\t\t\t\t  <div class=\"kt-si-cell-box\">\n\t\t\t\t\t\t  <div class=\"kt-si-inner-content\" style=\"  text-align:left;\">\n\t\t\t\t\t\t\t<h2 class=\"kt_imgsplit_title\" style=\"\">FriendShip Cruises<\/h2><div class=\"kt_imgsplit_content\" style=\"\">FriendShip Cruises \u00e4r ett \u00e4kta familjerederi fr\u00e5n Borg\u00e5. V\u00e5rt fartyg ms Suvi-Tuuli \u00e4r en historisk b\u00e4rplansb\u00e5t fr\u00e5n \u00e5r 1962. Fartyget har en st\u00e4mningsfull bar\/caf\u00e9, wc och ett trivsamt sold\u00e4ck. Vi kan ordna fester, luncher, middagar, och mycket annat.\n<ul>\n<li>best\u00e4llnings- och sightseeingkryssningar fr\u00e5n maj till september<\/li>\n<li>70 passagerare, 46 bordsplatser<\/li>\n<li>guidade sightseeingkryssningar<\/li>\n<\/ul>\n<\/div>\t\t\t\t\t\t <\/div>\n\t\t\t\t\t<\/div>\n\t\t\t\t  <\/div>\n\t\t\t<\/div>\n\t\t  <\/div>\n\t<\/div>\n\n\t\n                <\/div>\n    \n                <div id=\"panel-8609-0-0-3\" class=\"so-panel widget widget_kadence_split_content_widget kadence_split_content_widget\" data-index=\"3\" >                \t<!-- Image Split -->\n\t<div class=\"kt-image-split\" id=\"kt-image-split-widget-0-0-3\">\n\t\t  <div class=\"row-no-margin\">\n\t\t\t<div class=\"col-md-6 kt-si-imagecol img-ktsi-left kt-animate-fade-in-\n\t\t\t\t\t\t\t\t\t\t\t\t\t\t\t\t\tright\t\t\t\" style=\"\n\t\t\t\">\n\t\t\t\t  <div class=\"kt-si-table-box\" style=\"height:500px\">\n\t\t\t\t\t  <div class=\"kt-si-cell-box\">\n\t\t\t\t\t\t<img decoding=\"async\" src=\"http:\/\/www.porvootours.fi\/wp-content\/uploads\/2019\/04\/King-768x518.jpg\" alt=\"\" class=\"kt-si-image\" style=\"max-height:500px\">\t\t\t\t\t<\/div>\n\t\t\t\t  <\/div>\n\t\t\t <\/div>\n\t\t\t <div class=\"col-md-6 kt-si-imagecol content-ktsi-left kt-animate-fade-in-left\" \n\t\t\t\t\t\t\t\t\t\t\t\t\t\t\t\t\t\t \t\t\t\t>\n\t\t\t\t  <div class=\"kt-si-table-box\" style=\"height:500px\">\n\t\t\t\t\t  <div class=\"kt-si-cell-box\">\n\t\t\t\t\t\t  <div class=\"kt-si-inner-content\" style=\"  text-align:left;\">\n\t\t\t\t\t\t\t<h2 class=\"kt_imgsplit_title\" style=\"\">Royal Line<\/h2><div class=\"kt_imgsplit_content\" style=\"\">Sk\u00e4rg\u00e5rdskryssningar med \u00f6ver 70 \u00e5rs erfarenhet. Royal Line kryssar dagligen i Helsingfors och g\u00f6r sightseeing-, lunch- och middagskryssningar. Vi ordnar \u00e4ven best\u00e4llningskryssningar med v\u00e5ra fartyg (6 st.). P\u00e5 best\u00e4llning kryssar v\u00e5ra fartyg fr\u00e5n Helsingfors till Borg\u00e5 och tillbaka. V\u00e5ra fartyg passar utm\u00e4rkt f\u00f6r f\u00f6retagstillst\u00e4llningar som t.ex. rekreationsdagar och kundtillst\u00e4llningar. Fartygen har fulla A-r\u00e4ttigheter samt eget k\u00f6k s\u00e5 det g\u00e5r bra att kombinera mat- och dryckservering med kryssningen.\n\n<\/div>\t\t\t\t\t\t <\/div>\n\t\t\t\t\t<\/div>\n\t\t\t\t  <\/div>\n\t\t\t<\/div>\n\t\t  <\/div>\n\t<\/div>\n\n\t\n                <\/div>\n    \n                <div id=\"panel-8609-0-0-4\" class=\"so-panel widget widget_kadence_split_content_widget kadence_split_content_widget\" data-index=\"4\" >                \t<!-- Image Split -->\n\t<div class=\"kt-image-split\" id=\"kt-image-split-widget-0-0-4\">\n\t\t  <div class=\"row-no-margin\">\n\t\t\t<div class=\"col-md-6 kt-si-imagecol img-ktsi-left kt-animate-fade-in-\n\t\t\t\t\t\t\t\t\t\t\t\t\t\t\t\t\tright\t\t\t\" style=\"\n\t\t\t\">\n\t\t\t\t  <div class=\"kt-si-table-box\" style=\"height:500px\">\n\t\t\t\t\t  <div class=\"kt-si-cell-box\">\n\t\t\t\t\t\t<img decoding=\"async\" src=\"http:\/\/www.porvootours.fi\/wp-content\/uploads\/2019\/03\/str\u00f6mma-768x512.jpg\" alt=\"\u00a9 Str\u00f6mma\" class=\"kt-si-image\" style=\"max-height:500px\">\t\t\t\t\t<\/div>\n\t\t\t\t  <\/div>\n\t\t\t <\/div>\n\t\t\t <div class=\"col-md-6 kt-si-imagecol content-ktsi-left kt-animate-fade-in-left\" \n\t\t\t\t\t\t\t\t\t\t\t\t\t\t\t\t\t\t \t\t\t\t>\n\t\t\t\t  <div class=\"kt-si-table-box\" style=\"height:500px\">\n\t\t\t\t\t  <div class=\"kt-si-cell-box\">\n\t\t\t\t\t\t  <div class=\"kt-si-inner-content\" style=\"  text-align:left;\">\n\t\t\t\t\t\t\t<h2 class=\"kt_imgsplit_title\" style=\"\">Str\u00f6mma<\/h2><div class=\"kt_imgsplit_content\" style=\"\">Oy Str\u00f6mma Helsinki Ab ut\u00f6var sightseeing- och best\u00e4llningskryssningar i Helsingfors sk\u00e4rg\u00e5rd med sina fyra fartyg, samt sightseeing-turer med sina fem stycken tv\u00e5v\u00e5ningsbussar i Helsingfors. Under en best\u00e4llningskryssning till Borg\u00e5 f\u00e5r du uppleva den vackra havsresan och det idylliska Borg\u00e5. \nDe vackra landskapen och sk\u00e4rg\u00e5rdshavets lugn garanterar en lyckad fest, f\u00f6retagstillst\u00e4llning eller fritidskryssning.\n<ul>\n<li>Hemmahamn vid Salutorget i Helsingfors, p\u00e5 best\u00e4llning Borg\u00e5 \u00e5<\/li>\n<li>Kryssningar f\u00f6r 20-200 personer<\/li>\n<\/ul>\n\n<\/div>\t\t\t\t\t\t <\/div>\n\t\t\t\t\t<\/div>\n\t\t\t\t  <\/div>\n\t\t\t<\/div>\n\t\t  <\/div>\n\t<\/div>\n\n\t\n                <\/div>\n    \n                <div id=\"panel-8609-0-0-5\" class=\"so-panel widget widget_kadence_split_content_widget kadence_split_content_widget\" data-index=\"5\" >                \t<!-- Image Split -->\n\t<div class=\"kt-image-split\" id=\"kt-image-split-widget-0-0-5\">\n\t\t  <div class=\"row-no-margin\">\n\t\t\t<div class=\"col-md-6 kt-si-imagecol img-ktsi-left kt-animate-fade-in-\n\t\t\t\t\t\t\t\t\t\t\t\t\t\t\t\t\tright\t\t\t\" style=\"\n\t\t\t\">\n\t\t\t\t  <div class=\"kt-si-table-box\" style=\"height:500px\">\n\t\t\t\t\t  <div class=\"kt-si-cell-box\">\n\t\t\t\t\t\t<img decoding=\"async\" src=\"http:\/\/www.porvootours.fi\/wp-content\/uploads\/2019\/04\/alexandra-768x518.png\" alt=\"\" class=\"kt-si-image\" style=\"max-height:500px\">\t\t\t\t\t<\/div>\n\t\t\t\t  <\/div>\n\t\t\t <\/div>\n\t\t\t <div class=\"col-md-6 kt-si-imagecol content-ktsi-left kt-animate-fade-in-left\" \n\t\t\t\t\t\t\t\t\t\t\t\t\t\t\t\t\t\t \t\t\t\t>\n\t\t\t\t  <div class=\"kt-si-table-box\" style=\"height:500px\">\n\t\t\t\t\t  <div class=\"kt-si-cell-box\">\n\t\t\t\t\t\t  <div class=\"kt-si-inner-content\" style=\"  text-align:left;\">\n\t\t\t\t\t\t\t<h2 class=\"kt_imgsplit_title\" style=\"\">Jakten m\/aux Alexandra<\/h2><div class=\"kt_imgsplit_content\" style=\"\">Jakten m\/aux Alexandra tar er med p\u00e5 en of\u00f6rgl\u00f6mlig seglats i den h\u00e4rliga sk\u00e4rg\u00e5rden i \u00d6stra Nyland! Under seglatsen kan ni njuta av gammaldags segelb\u00e5tsromantik, l\u00e5ngt fr\u00e5n vardagen och stressen.\n<ul>\n<li>seglatser p\u00e5 best\u00e4llning<\/li>\n<li>bordsplats f\u00f6r 20-25 personer<\/li>\n<li>max 45 personer<\/li>\n<\/ul>\n<\/div>\t\t\t\t\t\t <\/div>\n\t\t\t\t\t<\/div>\n\t\t\t\t  <\/div>\n\t\t\t<\/div>\n\t\t  <\/div>\n\t<\/div>\n\n\t\n                <\/div>\n    <div id=\"panel-8609-0-0-6\" class=\"so-panel widget widget_black-studio-tinymce widget_black_studio_tinymce panel-last-child\" data-index=\"6\" ><div class=\"textwidget\"><hr>\n<\/div><\/div><\/div><\/div><\/div><div id=\"pg-8609-1\"  class=\"panel-grid panel-has-style\" ><div class=\"siteorigin-panels-stretch kt-no-vertical-gutter kt-panel-row-stretch panel-row-style panel-row-style-for-8609-1\" style=\"opacity: 0;\" data-stretch-type=\"full\" ><div id=\"pgc-8609-1-0\"  class=\"panel-grid-cell\" >\n\n        <div id=\"panel-8609-1-0-0\" class=\"so-panel widget widget_kadence_calltoaction_widget kadence_calltoaction_widget panel-first-child\" data-index=\"7\" ><div class=\"kt-ctaw clearfix\"><h2 class=\"kt-call-to-action-title\" style=\"color:#333333; font-size:50px; line-height:1; text-align:center; \"  data-max-size=\"50\" data-min-size=\"36\"><B>KRYSSNINGAR<\/B> LOVISA<\/h2><\/div><\/div>\n    \n                <div id=\"panel-8609-1-0-1\" class=\"so-panel widget widget_kadence_split_content_widget kadence_split_content_widget panel-last-child\" data-index=\"8\" >                \t<!-- Image Split -->\n\t<div class=\"kt-image-split\" id=\"kt-image-split-widget-1-0-1\">\n\t\t  <div class=\"row-no-margin\">\n\t\t\t<div class=\"col-md-6 kt-si-imagecol img-ktsi-left kt-animate-fade-in-\n\t\t\t\t\t\t\t\t\t\t\t\t\t\t\t\t\tright\t\t\t\" style=\"\n\t\t\t\">\n\t\t\t\t  <div class=\"kt-si-table-box\" style=\"height:500px\">\n\t\t\t\t\t  <div class=\"kt-si-cell-box\">\n\t\t\t\t\t\t<img decoding=\"async\" src=\"http:\/\/www.porvootours.fi\/wp-content\/uploads\/2019\/03\/Lovisa-by-sea-768x512.png\" alt=\"Loviisa\" class=\"kt-si-image\" style=\"max-height:500px\">\t\t\t\t\t<\/div>\n\t\t\t\t  <\/div>\n\t\t\t <\/div>\n\t\t\t <div class=\"col-md-6 kt-si-imagecol content-ktsi-left kt-animate-fade-in-left\" \n\t\t\t\t\t\t\t\t\t\t\t\t\t\t\t\t\t\t \t\t\t\t>\n\t\t\t\t  <div class=\"kt-si-table-box\" style=\"height:500px\">\n\t\t\t\t\t  <div class=\"kt-si-cell-box\">\n\t\t\t\t\t\t  <div class=\"kt-si-inner-content\" style=\"  text-align:left;\">\n\t\t\t\t\t\t\t<div class=\"kt_imgsplit_content\" style=\"\">Kryssningar och b\u00e5ttransport i Lovisa, ta kontakt!<\/div>\t\t\t\t\t\t <\/div>\n\t\t\t\t\t<\/div>\n\t\t\t\t  <\/div>\n\t\t\t<\/div>\n\t\t  <\/div>\n\t<\/div>\n\n\t\n                <\/div>\n    <\/div><\/div><\/div><\/div>","protected":false},"excerpt":{"rendered":"<p>KRYSSNINGAR BORG\u00c5 m\/s J.L. RunebergUpplev gammaldags b\u00e5tromantik med m\/s J.L. Runeberg som kryssar mellan Helsingfors och Borg\u00e5 n\u00e4stan dagligen fr\u00e5n v\u00e5ren till h\u00f6sten. Fartyget byggdes 1912 i Helsingfors, och fungerade &hellip; <a class=\"kt-excerpt-readmore more-link\" href=\"https:\/\/www.porvootours.fi\/sv\/samarbetspartner\/kryssningar\/\" aria-label=\"Kryssningar\">\u00bb<\/a><\/p>\n","protected":false},"author":1,"featured_media":2420,"parent":5973,"menu_order":0,"comment_status":"closed","ping_status":"closed","template":"","meta":{"kt_blocks_editor_width":"","footnotes":""},"class_list":["post-8609","page","type-page","status-publish","has-post-thumbnail","hentry"],"yoast_head":"<!-- This site is optimized with the Yoast SEO plugin v27.3 - https:\/\/yoast.com\/product\/yoast-seo-wordpress\/ -->\n<title>Kryssningar | Porvoo Tours - researrang\u00f6r<\/title>\n<meta name=\"robots\" content=\"index, follow, max-snippet:-1, max-image-preview:large, max-video-preview:-1\" \/>\n<link rel=\"canonical\" href=\"https:\/\/www.porvootours.fi\/sv\/samarbetspartner\/kryssningar\/\" \/>\n<meta property=\"og:locale\" content=\"sv_SE\" \/>\n<meta property=\"og:type\" content=\"article\" \/>\n<meta property=\"og:title\" content=\"Kryssningar | Porvoo Tours - researrang\u00f6r\" \/>\n<meta property=\"og:description\" content=\"KRYSSNINGAR BORG\u00c5 m\/s J.L. RunebergUpplev gammaldags b\u00e5tromantik med m\/s J.L. Runeberg som kryssar mellan Helsingfors och Borg\u00e5 n\u00e4stan dagligen fr\u00e5n v\u00e5ren till h\u00f6sten. Fartyget byggdes 1912 i Helsingfors, och fungerade &hellip; \u00bb\" \/>\n<meta property=\"og:url\" content=\"https:\/\/www.porvootours.fi\/sv\/samarbetspartner\/kryssningar\/\" \/>\n<meta property=\"og:site_name\" content=\"Porvoo Tours - researrang\u00f6r\" \/>\n<meta property=\"article:publisher\" content=\"https:\/\/www.facebook.com\/Porvoo-Tours-136597746389488\/\" \/>\n<meta property=\"article:modified_time\" content=\"2024-02-20T13:34:52+00:00\" \/>\n<meta property=\"og:image\" content=\"https:\/\/www.porvootours.fi\/wp-content\/uploads\/2019\/03\/haikonkartano_768x518px.jpg\" \/>\n\t<meta property=\"og:image:width\" content=\"768\" \/>\n\t<meta property=\"og:image:height\" content=\"512\" \/>\n\t<meta property=\"og:image:type\" content=\"image\/jpeg\" \/>\n<meta name=\"twitter:card\" content=\"summary_large_image\" \/>\n<meta name=\"twitter:label1\" content=\"Ber\u00e4knad l\u00e4stid\" \/>\n\t<meta name=\"twitter:data1\" content=\"4 minuter\" \/>\n<script type=\"application\/ld+json\" class=\"yoast-schema-graph\">{\"@context\":\"https:\\\/\\\/schema.org\",\"@graph\":[{\"@type\":\"WebPage\",\"@id\":\"https:\\\/\\\/www.porvootours.fi\\\/sv\\\/samarbetspartner\\\/kryssningar\\\/\",\"url\":\"https:\\\/\\\/www.porvootours.fi\\\/sv\\\/samarbetspartner\\\/kryssningar\\\/\",\"name\":\"Kryssningar | Porvoo Tours - researrang\u00f6r\",\"isPartOf\":{\"@id\":\"https:\\\/\\\/www.porvootours.fi\\\/#website\"},\"primaryImageOfPage\":{\"@id\":\"https:\\\/\\\/www.porvootours.fi\\\/sv\\\/samarbetspartner\\\/kryssningar\\\/#primaryimage\"},\"image\":{\"@id\":\"https:\\\/\\\/www.porvootours.fi\\\/sv\\\/samarbetspartner\\\/kryssningar\\\/#primaryimage\"},\"thumbnailUrl\":\"https:\\\/\\\/www.porvootours.fi\\\/wp-content\\\/uploads\\\/2019\\\/03\\\/haikonkartano_768x518px.jpg\",\"datePublished\":\"2019-03-20T18:31:33+00:00\",\"dateModified\":\"2024-02-20T13:34:52+00:00\",\"breadcrumb\":{\"@id\":\"https:\\\/\\\/www.porvootours.fi\\\/sv\\\/samarbetspartner\\\/kryssningar\\\/#breadcrumb\"},\"inLanguage\":\"sv-SE\",\"potentialAction\":[{\"@type\":\"ReadAction\",\"target\":[\"https:\\\/\\\/www.porvootours.fi\\\/sv\\\/samarbetspartner\\\/kryssningar\\\/\"]}]},{\"@type\":\"ImageObject\",\"inLanguage\":\"sv-SE\",\"@id\":\"https:\\\/\\\/www.porvootours.fi\\\/sv\\\/samarbetspartner\\\/kryssningar\\\/#primaryimage\",\"url\":\"https:\\\/\\\/www.porvootours.fi\\\/wp-content\\\/uploads\\\/2019\\\/03\\\/haikonkartano_768x518px.jpg\",\"contentUrl\":\"https:\\\/\\\/www.porvootours.fi\\\/wp-content\\\/uploads\\\/2019\\\/03\\\/haikonkartano_768x518px.jpg\",\"width\":768,\"height\":512,\"caption\":\"\u00a9 Haikon Kartano\"},{\"@type\":\"BreadcrumbList\",\"@id\":\"https:\\\/\\\/www.porvootours.fi\\\/sv\\\/samarbetspartner\\\/kryssningar\\\/#breadcrumb\",\"itemListElement\":[{\"@type\":\"ListItem\",\"position\":1,\"name\":\"Home\",\"item\":\"https:\\\/\\\/www.porvootours.fi\\\/sv\\\/\"},{\"@type\":\"ListItem\",\"position\":2,\"name\":\"Samarbetspartner\",\"item\":\"https:\\\/\\\/www.porvootours.fi\\\/sv\\\/samarbetspartner\\\/\"},{\"@type\":\"ListItem\",\"position\":3,\"name\":\"Kryssningar\"}]},{\"@type\":\"WebSite\",\"@id\":\"https:\\\/\\\/www.porvootours.fi\\\/#website\",\"url\":\"https:\\\/\\\/www.porvootours.fi\\\/\",\"name\":\"Porvoo Tours - matkanj\u00e4rjest\u00e4j\u00e4\",\"description\":\"Ryhm\u00e4matkojen ja kokouksien j\u00e4rjest\u00e4j\u00e4. Porvoo, Sipoo - gruppresor och m\u00f6tesresorja Loviisa\",\"publisher\":{\"@id\":\"https:\\\/\\\/www.porvootours.fi\\\/#organization\"},\"alternateName\":\"Porvoo Tours\",\"potentialAction\":[{\"@type\":\"SearchAction\",\"target\":{\"@type\":\"EntryPoint\",\"urlTemplate\":\"https:\\\/\\\/www.porvootours.fi\\\/?s={search_term_string}\"},\"query-input\":{\"@type\":\"PropertyValueSpecification\",\"valueRequired\":true,\"valueName\":\"search_term_string\"}}],\"inLanguage\":\"sv-SE\"},{\"@type\":\"Organization\",\"@id\":\"https:\\\/\\\/www.porvootours.fi\\\/#organization\",\"name\":\"Porvoo Tours\",\"url\":\"https:\\\/\\\/www.porvootours.fi\\\/\",\"logo\":{\"@type\":\"ImageObject\",\"inLanguage\":\"sv-SE\",\"@id\":\"https:\\\/\\\/www.porvootours.fi\\\/#\\\/schema\\\/logo\\\/image\\\/\",\"url\":\"https:\\\/\\\/www.porvootours.fi\\\/wp-content\\\/uploads\\\/2020\\\/02\\\/porvootours_logo1.png\",\"contentUrl\":\"https:\\\/\\\/www.porvootours.fi\\\/wp-content\\\/uploads\\\/2020\\\/02\\\/porvootours_logo1.png\",\"width\":300,\"height\":70,\"caption\":\"Porvoo Tours\"},\"image\":{\"@id\":\"https:\\\/\\\/www.porvootours.fi\\\/#\\\/schema\\\/logo\\\/image\\\/\"},\"sameAs\":[\"https:\\\/\\\/www.facebook.com\\\/Porvoo-Tours-136597746389488\\\/\"]}]}<\/script>\n<!-- \/ Yoast SEO plugin. -->","yoast_head_json":{"title":"Kryssningar | Porvoo Tours - researrang\u00f6r","robots":{"index":"index","follow":"follow","max-snippet":"max-snippet:-1","max-image-preview":"max-image-preview:large","max-video-preview":"max-video-preview:-1"},"canonical":"https:\/\/www.porvootours.fi\/sv\/samarbetspartner\/kryssningar\/","og_locale":"sv_SE","og_type":"article","og_title":"Kryssningar | Porvoo Tours - researrang\u00f6r","og_description":"KRYSSNINGAR BORG\u00c5 m\/s J.L. RunebergUpplev gammaldags b\u00e5tromantik med m\/s J.L. Runeberg som kryssar mellan Helsingfors och Borg\u00e5 n\u00e4stan dagligen fr\u00e5n v\u00e5ren till h\u00f6sten. Fartyget byggdes 1912 i Helsingfors, och fungerade &hellip; \u00bb","og_url":"https:\/\/www.porvootours.fi\/sv\/samarbetspartner\/kryssningar\/","og_site_name":"Porvoo Tours - researrang\u00f6r","article_publisher":"https:\/\/www.facebook.com\/Porvoo-Tours-136597746389488\/","article_modified_time":"2024-02-20T13:34:52+00:00","og_image":[{"width":768,"height":512,"url":"https:\/\/www.porvootours.fi\/wp-content\/uploads\/2019\/03\/haikonkartano_768x518px.jpg","type":"image\/jpeg"}],"twitter_card":"summary_large_image","twitter_misc":{"Ber\u00e4knad l\u00e4stid":"4 minuter"},"schema":{"@context":"https:\/\/schema.org","@graph":[{"@type":"WebPage","@id":"https:\/\/www.porvootours.fi\/sv\/samarbetspartner\/kryssningar\/","url":"https:\/\/www.porvootours.fi\/sv\/samarbetspartner\/kryssningar\/","name":"Kryssningar | Porvoo Tours - researrang\u00f6r","isPartOf":{"@id":"https:\/\/www.porvootours.fi\/#website"},"primaryImageOfPage":{"@id":"https:\/\/www.porvootours.fi\/sv\/samarbetspartner\/kryssningar\/#primaryimage"},"image":{"@id":"https:\/\/www.porvootours.fi\/sv\/samarbetspartner\/kryssningar\/#primaryimage"},"thumbnailUrl":"https:\/\/www.porvootours.fi\/wp-content\/uploads\/2019\/03\/haikonkartano_768x518px.jpg","datePublished":"2019-03-20T18:31:33+00:00","dateModified":"2024-02-20T13:34:52+00:00","breadcrumb":{"@id":"https:\/\/www.porvootours.fi\/sv\/samarbetspartner\/kryssningar\/#breadcrumb"},"inLanguage":"sv-SE","potentialAction":[{"@type":"ReadAction","target":["https:\/\/www.porvootours.fi\/sv\/samarbetspartner\/kryssningar\/"]}]},{"@type":"ImageObject","inLanguage":"sv-SE","@id":"https:\/\/www.porvootours.fi\/sv\/samarbetspartner\/kryssningar\/#primaryimage","url":"https:\/\/www.porvootours.fi\/wp-content\/uploads\/2019\/03\/haikonkartano_768x518px.jpg","contentUrl":"https:\/\/www.porvootours.fi\/wp-content\/uploads\/2019\/03\/haikonkartano_768x518px.jpg","width":768,"height":512,"caption":"\u00a9 Haikon Kartano"},{"@type":"BreadcrumbList","@id":"https:\/\/www.porvootours.fi\/sv\/samarbetspartner\/kryssningar\/#breadcrumb","itemListElement":[{"@type":"ListItem","position":1,"name":"Home","item":"https:\/\/www.porvootours.fi\/sv\/"},{"@type":"ListItem","position":2,"name":"Samarbetspartner","item":"https:\/\/www.porvootours.fi\/sv\/samarbetspartner\/"},{"@type":"ListItem","position":3,"name":"Kryssningar"}]},{"@type":"WebSite","@id":"https:\/\/www.porvootours.fi\/#website","url":"https:\/\/www.porvootours.fi\/","name":"Porvoo Tours - matkanj\u00e4rjest\u00e4j\u00e4","description":"Ryhm\u00e4matkojen ja kokouksien j\u00e4rjest\u00e4j\u00e4. Porvoo, Sipoo - gruppresor och m\u00f6tesresorja Loviisa","publisher":{"@id":"https:\/\/www.porvootours.fi\/#organization"},"alternateName":"Porvoo Tours","potentialAction":[{"@type":"SearchAction","target":{"@type":"EntryPoint","urlTemplate":"https:\/\/www.porvootours.fi\/?s={search_term_string}"},"query-input":{"@type":"PropertyValueSpecification","valueRequired":true,"valueName":"search_term_string"}}],"inLanguage":"sv-SE"},{"@type":"Organization","@id":"https:\/\/www.porvootours.fi\/#organization","name":"Porvoo Tours","url":"https:\/\/www.porvootours.fi\/","logo":{"@type":"ImageObject","inLanguage":"sv-SE","@id":"https:\/\/www.porvootours.fi\/#\/schema\/logo\/image\/","url":"https:\/\/www.porvootours.fi\/wp-content\/uploads\/2020\/02\/porvootours_logo1.png","contentUrl":"https:\/\/www.porvootours.fi\/wp-content\/uploads\/2020\/02\/porvootours_logo1.png","width":300,"height":70,"caption":"Porvoo Tours"},"image":{"@id":"https:\/\/www.porvootours.fi\/#\/schema\/logo\/image\/"},"sameAs":["https:\/\/www.facebook.com\/Porvoo-Tours-136597746389488\/"]}]}},"_links":{"self":[{"href":"https:\/\/www.porvootours.fi\/sv\/wp-json\/wp\/v2\/pages\/8609","targetHints":{"allow":["GET"]}}],"collection":[{"href":"https:\/\/www.porvootours.fi\/sv\/wp-json\/wp\/v2\/pages"}],"about":[{"href":"https:\/\/www.porvootours.fi\/sv\/wp-json\/wp\/v2\/types\/page"}],"author":[{"embeddable":true,"href":"https:\/\/www.porvootours.fi\/sv\/wp-json\/wp\/v2\/users\/1"}],"replies":[{"embeddable":true,"href":"https:\/\/www.porvootours.fi\/sv\/wp-json\/wp\/v2\/comments?post=8609"}],"version-history":[{"count":0,"href":"https:\/\/www.porvootours.fi\/sv\/wp-json\/wp\/v2\/pages\/8609\/revisions"}],"up":[{"embeddable":true,"href":"https:\/\/www.porvootours.fi\/sv\/wp-json\/wp\/v2\/pages\/5973"}],"wp:featuredmedia":[{"embeddable":true,"href":"https:\/\/www.porvootours.fi\/sv\/wp-json\/wp\/v2\/media\/2420"}],"wp:attachment":[{"href":"https:\/\/www.porvootours.fi\/sv\/wp-json\/wp\/v2\/media?parent=8609"}],"curies":[{"name":"wp","href":"https:\/\/api.w.org\/{rel}","templated":true}]}}