{"id":8224,"date":"2020-02-05T07:43:22","date_gmt":"2020-02-05T07:43:22","guid":{"rendered":"https:\/\/www.porvootours.fi\/?page_id=8224"},"modified":"2020-10-26T08:11:08","modified_gmt":"2020-10-26T08:11:08","slug":"dataskyddsredogorelse","status":"publish","type":"page","link":"https:\/\/www.porvootours.fi\/sv\/dataskyddsredogorelse\/","title":{"rendered":"Dataskyddsredog\u00f6relse"},"content":{"rendered":"<div id=\"pl-8224\"  class=\"panel-layout\" ><div id=\"pg-8224-0\"  class=\"panel-grid panel-no-style\" ><div id=\"pgc-8224-0-0\"  class=\"panel-grid-cell\" >\n\n        <div id=\"panel-8224-0-0-0\" class=\"so-panel widget widget_kadence_calltoaction_widget kadence_calltoaction_widget panel-first-child\" data-index=\"0\" ><div class=\"kt-ctaw clearfix\"><h2 class=\"kt-call-to-action-title\" style=\"color:#333333; font-size:50px; line-height:1; text-align:center; \"  data-max-size=\"50\" data-min-size=\"36\"><b>DATA<\/b>SKYDD<\/h2><\/div><\/div>\n    <div id=\"panel-8224-0-0-1\" class=\"so-panel widget widget_black-studio-tinymce widget_black_studio_tinymce panel-last-child\" data-index=\"1\" ><div class=\"textwidget\"><h3>Dataskyddsredog\u00f6relse f\u00f6r Porvoo Tours Oy:s kundregister<\/h3>\n<p>Enligt dataskyddsf\u00f6rordningen \u00e4r registerinnehavaren skyldig att p\u00e5 ett tydligt s\u00e4tt informera de registrerade. Denna redog\u00f6relse uppfyller informationsf\u00f6rpliktelsen.<\/p>\n<h4>1. Registerinnehavare<\/h4>\n<p>Porvoo Tours Oy<\/p>\n<p>Kontaktuppgifter:<br \/>\nAdlercreutzgatan 17<br \/>\n06100 Borg\u00e5<\/p>\n<p>Kontaktuppgifter vid \u00e4renden g\u00e4llande registret:<br \/>\nSussi Eriksson<br \/>\nAdlercreutzgatan 17<br \/>\n06100 Borg\u00e5<br \/>\n019 574 2200<br \/>\n<a href=\"mailto:sussi.eriksson@porvootours.fi\">sussi.eriksson@porvootours.fi<\/a><\/p>\n<p>Kontaktuppgifter till dataskyddsombudsmannen vid till\u00e4mpliga fall:<br \/>\nSussi Eriksson<br \/>\nAdlercreutzgatan 17<br \/>\n06100 Borg\u00e5<br \/>\n019 574 2200<br \/>\n<a href=\"mailto:sussi.eriksson@porvootours.fi\">sussi.eriksson@porvootours.fi<\/a><\/p>\n<h4>2. De registrerade<\/h4>\n<p>Kunder och potentiella kunder.<\/p>\n<h4>3. Grunden f\u00f6r uppr\u00e4tth\u00e5llande av registret samt dess anv\u00e4ndningssyfte<\/h4>\n<ul>\n<li>Personuppgifter hanteras utg\u00e5ende fr\u00e5n kundrelationen till den registrerade<\/li>\n<li>Personuppgifter hanteras med den registrerades medgivande<\/li>\n<\/ul>\n<h4>4. Anv\u00e4ndningssyftet med hanteringen av personuppgifter och registret<\/h4>\n<p>Personuppgifter hanteras enbart f\u00f6r p\u00e5 f\u00f6rhand best\u00e4mda \u00e4ndam\u00e5l, vilka \u00e4r f\u00f6ljande:<\/p>\n<ul>\n<li>Marknadsf\u00f6ring och nyhetsbrev per e-post<\/li>\n<\/ul>\n<h4>5. Personuppgifter som sparas i registret<\/h4>\n<p>Kundregistret inneh\u00e5ller f\u00f6ljande uppgifter:<\/p>\n<p>Kontaktuppgifter<\/p>\n<ul>\n<li>namn<\/li>\n<li>adress<\/li>\n<li>e-postadress<\/li>\n<li>telefonnummer<\/li>\n<\/ul>\n<p>Kunduppgifter<\/p>\n<ul>\n<li>uppgifter om k\u00f6pta produkter\/tj\u00e4nster<\/li>\n<\/ul>\n<h4>6. Den registrerades r\u00e4ttigheter<\/h4>\n<p>Den registrerade har f\u00f6ljande r\u00e4ttigheter, f\u00f6rfr\u00e5gningar g\u00e4llande dem b\u00f6r skickas till <a href=\"mailto:sussi.eriksson@porvootours.fi\">sussi.eriksson@porvootours.fi<\/a><\/p>\n<p><strong>R\u00e4ttighet till granskning <\/strong><\/p>\n<p>Den registrerade kan granska de sparade personuppgifterna.<\/p>\n<p><strong>R\u00e4ttighet till korrigering av uppgifter<\/strong><\/p>\n<p>Den registrerade kan anh\u00e5lla om korrigering av felaktiga eller bristf\u00e4lliga uppgifter.<\/p>\n<p><strong>R\u00e4ttighet till protest<\/strong><\/p>\n<p>Den registrerade kan protestera mot hanteringen av personuppgifter, ifall hen upplever att personuppgifterna hanterats p\u00e5 ett lagstridigt s\u00e4tt.<\/p>\n<p><strong>F\u00f6rbud mot direktmarknadsf\u00f6ring<\/strong><\/p>\n<p>Den registrerade \u00e4r ber\u00e4ttigad att f\u00f6rbjuda anv\u00e4ndningen av uppgifterna f\u00f6r direktmarknadsf\u00f6ring.<\/p>\n<p><strong>R\u00e4ttighet till radering<\/strong><\/p>\n<p>Den registrerade har r\u00e4tt att anh\u00e5lla om radering av uppgifterna, ifall hanteringen av dem inte \u00e4r n\u00f6dv\u00e4ndig. Vi behandlar \u00f6nskan om radering, varefter vi raderar uppgifterna eller ger en motiverad orsak till varf\u00f6r uppgifterna inte kan raderas.<\/p>\n<p>Det b\u00f6r tas i beaktande att registerinnehavaren kan ha en lagstadgad eller annan skyldighet att inte radera \u00f6nskade uppgifter. Registerinnehavaren \u00e4r skyldig att lagra bokf\u00f6ringsmaterial under den i Bokf\u00f6ringslagen (kapitel 2, 10 \u00a7) best\u00e4mda tiden (10 \u00e5r). P\u00e5 grund av detta kan bokf\u00f6ringsmaterial inte raderas f\u00f6re utg\u00e5ngen av den utsatta tiden.<\/p>\n<p><strong>Tillbakadragande av medgivande<\/strong><\/p>\n<p>Ifall hanteringen av den registrerades personuppgifter enbart baserar sig p\u00e5 den registrerades medgivande, och inte p\u00e5 t.ex. en kundrelation eller ett medlemskap, kan den registrerade tillbakadra sitt medgivande.<\/p>\n<p><strong>Den registrerade kan \u00f6verklaga beslut hos dataskyddsombudsmannen<\/strong><\/p>\n<p>Den registrerade har r\u00e4tt att kr\u00e4va att hanteringen av kontroversiella uppgifter begr\u00e4nsas tills \u00e4rendet uppklarats.<\/p>\n<p><strong>\u00d6verklagor\u00e4tt<\/strong><\/p>\n<p>Den registrerade \u00e4r ber\u00e4ttigad att \u00f6verklaga hos dataombudsmannen, ifall hen upplever att vi bryter mot den g\u00e4llande dataskyddslagstiftningen vid hanteringen av personuppgifter.<\/p>\n<p>Kontaktuppgifter till dataombudsmannen: <a href=\"https:\/\/tietosuoja.fi\/sv\/kontaktuppgifter\">https:\/\/tietosuoja.fi\/sv\/kontaktuppgifter<\/a><\/p>\n<h4>7. Allm\u00e4nna informationsk\u00e4llor<\/h4>\n<p>Kunduppgifter f\u00e5s vanligtvis p\u00e5 f\u00f6ljande s\u00e4tt:<\/p>\n<ul>\n<li>p\u00e5 m\u00e4ssor<\/li>\n<li>personligen av kunden vid inledning av kundrelation<\/li>\n<\/ul>\n<h4>8. Allm\u00e4nt utl\u00e4mnande av uppgifter<\/h4>\n<p>Uppgifter utl\u00e4mnas ej f\u00f6r marknadsf\u00f6rings\u00e4ndam\u00e5l utanf\u00f6r Porvoo Tours Oy, de stannar hos registerinnehavaren.<\/p>\n<p>Vi har f\u00f6rs\u00e4krat oss om att v\u00e5ra tj\u00e4nsteproducenter f\u00f6ljer dataskyddslagstiftningen. Vi anv\u00e4nder oss vanligtvis av f\u00f6ljande tj\u00e4nsteproducenter:<\/p>\n<ul>\n<li>Lyyti oy<\/li>\n<li>MailChimp<\/li>\n<\/ul>\n<h4>9. Hanteringens l\u00e4ngd<\/h4>\n<p>Den registrerade kan sj\u00e4lv skriva ut sig ur v\u00e5rt marknadsf\u00f6ringsregister via l\u00e4nken som finns i varje marknadsf\u00f6ringsmail vi skickar.<\/p>\n<h4>10. Hanterare av personuppgifter<\/h4>\n<p>Kundregistret hanteras av Porvoo Tours Oy's anst\u00e4llda.<\/p>\n<p>Registerinnehavaren och dess anst\u00e4llda hanterar personuppgifterna. Vi kan \u00e4ven utkontraktera hanteringen av personuppgifter till en tredje part, d\u00e5 garanterar vi med en \u00f6verenskommelsef\u00f6rordning att personuppgifterna hanteras enligt den r\u00e5dande dataskyddslagordningen och p\u00e5 ett i \u00f6vrigt l\u00e4mpligt s\u00e4tt.<\/p>\n<h4>11. Transfer av uppgifter ytterom EU<\/h4>\n<p>Personuppgifter f\u00f6rflyttas inte utanf\u00f6r EU eller Europas finansomr\u00e5de.<\/p>\n<h4>12. Automatiskt beslutsfattande och profilering<\/h4>\n<p>Vi anv\u00e4nder ej uppgifter f\u00f6r automatiskt beslutsfattande eller profilering.<\/p>\n<p>&nbsp;<\/p>\n<h3>N\u00e4tsidan www.porvootours.fi<\/h3>\n<p>V\u00e5ra n\u00e4tsidor samlar in bes\u00f6karstatistik s\u00e5som antal bes\u00f6kare, popul\u00e4ra sidor, ing\u00e5ngssidor, utg\u00e5ngssidor eller motsvarande uppgifter. Statistiken samlas in av Google Analytics. Google kan l\u00e4mna ut uppgifter till tredje part om lagen s\u00e5 kr\u00e4ver. Googles dataskyddsbeskrivning finns p\u00e5 adressen: <a href=\"http:\/\/www.google.fi\/policies\/privacy\/\">http:\/\/www.google.fi\/policies\/privacy\/<\/a><\/p>\n<p>Bes\u00f6karen till\u00e5ter, genom att bes\u00f6ka v\u00e5ra hemsidor, att uppgifter enligt ovan n\u00e4mnda villkor \u00f6verl\u00e4mnas till Google.<br \/>\nPorvoo Tours Oy:s hemsidor <a href=\"https:\/\/www.porvootours.fi\/sv\/\">www.porvootours.fi<\/a>\u00a0\u00e4r skyddade med SLL certifikat.<\/p>\n<p>&nbsp;<\/p>\n<h3>Insticksprogram p\u00e5 sociala medier<\/h3>\n<p>P\u00e5 v\u00e5ra hemsidor eller Facebooksidor kan det finnas l\u00e4nkar eller kopplingar till tredje parts n\u00e4tsidor samt sociala mediers insticksprogram (t.ex. Youtube, Twitter, Facebook, Google Forms, Instagram, LinkedIn). Anv\u00e4ndningen av insticksprogram f\u00f6r sociala medier kan skicka identifierbara uppgifter till leverant\u00f6rer av de sociala medierna i fr\u00e5ga. Genom att \u00f6ppna ett insticksprogram kan du godk\u00e4nna att cookies fr\u00e5n tredje parters n\u00e4tsidor sparas p\u00e5 din dator, varvid deras administrat\u00f6rer kan f\u00f6lja upp anv\u00e4ndningen av webbplatsen om du har loggat in p\u00e5 i fr\u00e5gavarande leverant\u00f6rens sociala mediekanal. P\u00e5 dessa tj\u00e4nster som erbjuds av tredje part eller applikationer som f\u00f6rmedlas av tredje part till\u00e4mpas tredje partens anv\u00e4ndarvillkor. Porvoo Tours Oy har ingen best\u00e4mmander\u00e4tt \u00f6ver s\u00e5dana tredje parters webbplatser, och Porvoo Tours Oy \u00e4r inte p\u00e5 n\u00e5got s\u00e4tt ansvarig f\u00f6r n\u00e5got material som publiceras d\u00e4r eller anv\u00e4ndningen av det.<\/p>\n<\/div><\/div><\/div><\/div><\/div>","protected":false},"excerpt":{"rendered":"<p>Dataskyddsredog\u00f6relse f\u00f6r Porvoo Tours Oy:s kundregister Enligt dataskyddsf\u00f6rordningen \u00e4r registerinnehavaren skyldig att p\u00e5 ett tydligt s\u00e4tt informera de registrerade. Denna redog\u00f6relse uppfyller informationsf\u00f6rpliktelsen. 1. Registerinnehavare Porvoo Tours Oy Kontaktuppgifter: Adlercreutzgatan &hellip; <a class=\"kt-excerpt-readmore more-link\" href=\"https:\/\/www.porvootours.fi\/sv\/dataskyddsredogorelse\/\" aria-label=\"Dataskyddsredog\u00f6relse\">\u00bb<\/a><\/p>\n","protected":false},"author":1,"featured_media":0,"parent":0,"menu_order":0,"comment_status":"closed","ping_status":"closed","template":"","meta":{"kt_blocks_editor_width":"","footnotes":""},"class_list":["post-8224","page","type-page","status-publish","hentry"],"yoast_head":"<!-- This site is optimized with the Yoast SEO plugin v27.3 - https:\/\/yoast.com\/product\/yoast-seo-wordpress\/ -->\n<title>Dataskyddsredog\u00f6relse | Porvoo Tours - researrang\u00f6r<\/title>\n<meta name=\"robots\" content=\"index, follow, max-snippet:-1, max-image-preview:large, max-video-preview:-1\" \/>\n<link rel=\"canonical\" href=\"https:\/\/www.porvootours.fi\/sv\/dataskyddsredogorelse\/\" \/>\n<meta property=\"og:locale\" content=\"sv_SE\" \/>\n<meta property=\"og:type\" content=\"article\" \/>\n<meta property=\"og:title\" content=\"Dataskyddsredog\u00f6relse | Porvoo Tours - researrang\u00f6r\" \/>\n<meta property=\"og:description\" content=\"Dataskyddsredog\u00f6relse f\u00f6r Porvoo Tours Oy:s kundregister Enligt dataskyddsf\u00f6rordningen \u00e4r registerinnehavaren skyldig att p\u00e5 ett tydligt s\u00e4tt informera de registrerade. Denna redog\u00f6relse uppfyller informationsf\u00f6rpliktelsen. 1. Registerinnehavare Porvoo Tours Oy Kontaktuppgifter: Adlercreutzgatan &hellip; \u00bb\" \/>\n<meta property=\"og:url\" content=\"https:\/\/www.porvootours.fi\/sv\/dataskyddsredogorelse\/\" \/>\n<meta property=\"og:site_name\" content=\"Porvoo Tours - researrang\u00f6r\" \/>\n<meta property=\"article:publisher\" content=\"https:\/\/www.facebook.com\/Porvoo-Tours-136597746389488\/\" \/>\n<meta property=\"article:modified_time\" content=\"2020-10-26T08:11:08+00:00\" \/>\n<meta property=\"og:image\" content=\"https:\/\/www.porvootours.fi\/wp-content\/uploads\/2021\/05\/porvootours_1200px_fb_jokiranta.jpg\" \/>\n\t<meta property=\"og:image:width\" content=\"1200\" \/>\n\t<meta property=\"og:image:height\" content=\"630\" \/>\n\t<meta property=\"og:image:type\" content=\"image\/jpeg\" \/>\n<meta name=\"twitter:card\" content=\"summary_large_image\" \/>\n<meta name=\"twitter:label1\" content=\"Ber\u00e4knad l\u00e4stid\" \/>\n\t<meta name=\"twitter:data1\" content=\"5 minuter\" \/>\n<script type=\"application\/ld+json\" class=\"yoast-schema-graph\">{\"@context\":\"https:\\\/\\\/schema.org\",\"@graph\":[{\"@type\":\"WebPage\",\"@id\":\"https:\\\/\\\/www.porvootours.fi\\\/sv\\\/dataskyddsredogorelse\\\/\",\"url\":\"https:\\\/\\\/www.porvootours.fi\\\/sv\\\/dataskyddsredogorelse\\\/\",\"name\":\"Dataskyddsredog\u00f6relse | Porvoo Tours - researrang\u00f6r\",\"isPartOf\":{\"@id\":\"https:\\\/\\\/www.porvootours.fi\\\/#website\"},\"datePublished\":\"2020-02-05T07:43:22+00:00\",\"dateModified\":\"2020-10-26T08:11:08+00:00\",\"breadcrumb\":{\"@id\":\"https:\\\/\\\/www.porvootours.fi\\\/sv\\\/dataskyddsredogorelse\\\/#breadcrumb\"},\"inLanguage\":\"sv-SE\",\"potentialAction\":[{\"@type\":\"ReadAction\",\"target\":[\"https:\\\/\\\/www.porvootours.fi\\\/sv\\\/dataskyddsredogorelse\\\/\"]}]},{\"@type\":\"BreadcrumbList\",\"@id\":\"https:\\\/\\\/www.porvootours.fi\\\/sv\\\/dataskyddsredogorelse\\\/#breadcrumb\",\"itemListElement\":[{\"@type\":\"ListItem\",\"position\":1,\"name\":\"Home\",\"item\":\"https:\\\/\\\/www.porvootours.fi\\\/sv\\\/\"},{\"@type\":\"ListItem\",\"position\":2,\"name\":\"Dataskyddsredog\u00f6relse\"}]},{\"@type\":\"WebSite\",\"@id\":\"https:\\\/\\\/www.porvootours.fi\\\/#website\",\"url\":\"https:\\\/\\\/www.porvootours.fi\\\/\",\"name\":\"Porvoo Tours - matkanj\u00e4rjest\u00e4j\u00e4\",\"description\":\"Ryhm\u00e4matkojen ja kokouksien j\u00e4rjest\u00e4j\u00e4. Porvoo, Sipoo - gruppresor och m\u00f6tesresorja Loviisa\",\"publisher\":{\"@id\":\"https:\\\/\\\/www.porvootours.fi\\\/#organization\"},\"alternateName\":\"Porvoo Tours\",\"potentialAction\":[{\"@type\":\"SearchAction\",\"target\":{\"@type\":\"EntryPoint\",\"urlTemplate\":\"https:\\\/\\\/www.porvootours.fi\\\/?s={search_term_string}\"},\"query-input\":{\"@type\":\"PropertyValueSpecification\",\"valueRequired\":true,\"valueName\":\"search_term_string\"}}],\"inLanguage\":\"sv-SE\"},{\"@type\":\"Organization\",\"@id\":\"https:\\\/\\\/www.porvootours.fi\\\/#organization\",\"name\":\"Porvoo Tours\",\"url\":\"https:\\\/\\\/www.porvootours.fi\\\/\",\"logo\":{\"@type\":\"ImageObject\",\"inLanguage\":\"sv-SE\",\"@id\":\"https:\\\/\\\/www.porvootours.fi\\\/#\\\/schema\\\/logo\\\/image\\\/\",\"url\":\"https:\\\/\\\/www.porvootours.fi\\\/wp-content\\\/uploads\\\/2020\\\/02\\\/porvootours_logo1.png\",\"contentUrl\":\"https:\\\/\\\/www.porvootours.fi\\\/wp-content\\\/uploads\\\/2020\\\/02\\\/porvootours_logo1.png\",\"width\":300,\"height\":70,\"caption\":\"Porvoo Tours\"},\"image\":{\"@id\":\"https:\\\/\\\/www.porvootours.fi\\\/#\\\/schema\\\/logo\\\/image\\\/\"},\"sameAs\":[\"https:\\\/\\\/www.facebook.com\\\/Porvoo-Tours-136597746389488\\\/\"]}]}<\/script>\n<!-- \/ Yoast SEO plugin. -->","yoast_head_json":{"title":"Dataskyddsredog\u00f6relse | Porvoo Tours - researrang\u00f6r","robots":{"index":"index","follow":"follow","max-snippet":"max-snippet:-1","max-image-preview":"max-image-preview:large","max-video-preview":"max-video-preview:-1"},"canonical":"https:\/\/www.porvootours.fi\/sv\/dataskyddsredogorelse\/","og_locale":"sv_SE","og_type":"article","og_title":"Dataskyddsredog\u00f6relse | Porvoo Tours - researrang\u00f6r","og_description":"Dataskyddsredog\u00f6relse f\u00f6r Porvoo Tours Oy:s kundregister Enligt dataskyddsf\u00f6rordningen \u00e4r registerinnehavaren skyldig att p\u00e5 ett tydligt s\u00e4tt informera de registrerade. Denna redog\u00f6relse uppfyller informationsf\u00f6rpliktelsen. 1. Registerinnehavare Porvoo Tours Oy Kontaktuppgifter: Adlercreutzgatan &hellip; \u00bb","og_url":"https:\/\/www.porvootours.fi\/sv\/dataskyddsredogorelse\/","og_site_name":"Porvoo Tours - researrang\u00f6r","article_publisher":"https:\/\/www.facebook.com\/Porvoo-Tours-136597746389488\/","article_modified_time":"2020-10-26T08:11:08+00:00","og_image":[{"width":1200,"height":630,"url":"https:\/\/www.porvootours.fi\/wp-content\/uploads\/2021\/05\/porvootours_1200px_fb_jokiranta.jpg","type":"image\/jpeg"}],"twitter_card":"summary_large_image","twitter_misc":{"Ber\u00e4knad l\u00e4stid":"5 minuter"},"schema":{"@context":"https:\/\/schema.org","@graph":[{"@type":"WebPage","@id":"https:\/\/www.porvootours.fi\/sv\/dataskyddsredogorelse\/","url":"https:\/\/www.porvootours.fi\/sv\/dataskyddsredogorelse\/","name":"Dataskyddsredog\u00f6relse | Porvoo Tours - researrang\u00f6r","isPartOf":{"@id":"https:\/\/www.porvootours.fi\/#website"},"datePublished":"2020-02-05T07:43:22+00:00","dateModified":"2020-10-26T08:11:08+00:00","breadcrumb":{"@id":"https:\/\/www.porvootours.fi\/sv\/dataskyddsredogorelse\/#breadcrumb"},"inLanguage":"sv-SE","potentialAction":[{"@type":"ReadAction","target":["https:\/\/www.porvootours.fi\/sv\/dataskyddsredogorelse\/"]}]},{"@type":"BreadcrumbList","@id":"https:\/\/www.porvootours.fi\/sv\/dataskyddsredogorelse\/#breadcrumb","itemListElement":[{"@type":"ListItem","position":1,"name":"Home","item":"https:\/\/www.porvootours.fi\/sv\/"},{"@type":"ListItem","position":2,"name":"Dataskyddsredog\u00f6relse"}]},{"@type":"WebSite","@id":"https:\/\/www.porvootours.fi\/#website","url":"https:\/\/www.porvootours.fi\/","name":"Porvoo Tours - matkanj\u00e4rjest\u00e4j\u00e4","description":"Ryhm\u00e4matkojen ja kokouksien j\u00e4rjest\u00e4j\u00e4. Porvoo, Sipoo - gruppresor och m\u00f6tesresorja Loviisa","publisher":{"@id":"https:\/\/www.porvootours.fi\/#organization"},"alternateName":"Porvoo Tours","potentialAction":[{"@type":"SearchAction","target":{"@type":"EntryPoint","urlTemplate":"https:\/\/www.porvootours.fi\/?s={search_term_string}"},"query-input":{"@type":"PropertyValueSpecification","valueRequired":true,"valueName":"search_term_string"}}],"inLanguage":"sv-SE"},{"@type":"Organization","@id":"https:\/\/www.porvootours.fi\/#organization","name":"Porvoo Tours","url":"https:\/\/www.porvootours.fi\/","logo":{"@type":"ImageObject","inLanguage":"sv-SE","@id":"https:\/\/www.porvootours.fi\/#\/schema\/logo\/image\/","url":"https:\/\/www.porvootours.fi\/wp-content\/uploads\/2020\/02\/porvootours_logo1.png","contentUrl":"https:\/\/www.porvootours.fi\/wp-content\/uploads\/2020\/02\/porvootours_logo1.png","width":300,"height":70,"caption":"Porvoo Tours"},"image":{"@id":"https:\/\/www.porvootours.fi\/#\/schema\/logo\/image\/"},"sameAs":["https:\/\/www.facebook.com\/Porvoo-Tours-136597746389488\/"]}]}},"_links":{"self":[{"href":"https:\/\/www.porvootours.fi\/sv\/wp-json\/wp\/v2\/pages\/8224","targetHints":{"allow":["GET"]}}],"collection":[{"href":"https:\/\/www.porvootours.fi\/sv\/wp-json\/wp\/v2\/pages"}],"about":[{"href":"https:\/\/www.porvootours.fi\/sv\/wp-json\/wp\/v2\/types\/page"}],"author":[{"embeddable":true,"href":"https:\/\/www.porvootours.fi\/sv\/wp-json\/wp\/v2\/users\/1"}],"replies":[{"embeddable":true,"href":"https:\/\/www.porvootours.fi\/sv\/wp-json\/wp\/v2\/comments?post=8224"}],"version-history":[{"count":0,"href":"https:\/\/www.porvootours.fi\/sv\/wp-json\/wp\/v2\/pages\/8224\/revisions"}],"wp:attachment":[{"href":"https:\/\/www.porvootours.fi\/sv\/wp-json\/wp\/v2\/media?parent=8224"}],"curies":[{"name":"wp","href":"https:\/\/api.w.org\/{rel}","templated":true}]}}