{"id":6187,"date":"2019-04-14T19:20:47","date_gmt":"2019-04-14T19:20:47","guid":{"rendered":"http:\/\/www.porvootours.fi\/matkaehdott\/"},"modified":"2021-03-04T10:16:30","modified_gmt":"2021-03-04T10:16:30","slug":"resevillkor","status":"publish","type":"page","link":"https:\/\/www.porvootours.fi\/sv\/om-oss\/resevillkor\/","title":{"rendered":"Resevillkor"},"content":{"rendered":"<div id=\"pl-6187\"  class=\"panel-layout\" ><div id=\"pg-6187-0\"  class=\"panel-grid panel-no-style\" ><div id=\"pgc-6187-0-0\"  class=\"panel-grid-cell\" >\n\n        <div id=\"panel-6187-0-0-0\" class=\"so-panel widget widget_kadence_calltoaction_widget kadence_calltoaction_widget panel-first-child panel-last-child\" data-index=\"0\" ><div class=\"kt-ctaw clearfix\"><h2 class=\"kt-call-to-action-title\" style=\" font-size:50px; line-height:1; text-align:center; \"  data-max-size=\"50\" data-min-size=\"36\"><B>RESE<\/B>VILLKOR<\/h2><\/div><\/div>\n    <\/div><\/div><div id=\"pg-6187-1\"  class=\"panel-grid panel-no-style\" ><div id=\"pgc-6187-1-0\"  class=\"panel-grid-cell\" ><div id=\"panel-6187-1-0-0\" class=\"so-panel widget widget_black-studio-tinymce widget_black_studio_tinymce panel-first-child panel-last-child\" data-index=\"1\" ><div class=\"textwidget\"><h2>Gruppresornas resevillkor (paket utan inkvartering):<\/h2>\n<p>Gruppresepaketen inneh\u00e5ller guidning p\u00e5 svenska eller finska, intr\u00e4desavgifter, n\u00e4mnda m\u00e5ltider, kaffe- och \u00f6vrig servering, n\u00e4mnd programservice och moms.<\/p>\n<ul>\n<li>Priset inneh\u00e5ller inte busstransporter ifall annat icke n\u00e4mns.<\/li>\n<li>Priserna \u00e4r utr\u00e4knade f\u00f6r grupper av olika storlek (vid varje paket finns pris\/person f\u00f6r olika storleks grupper). F\u00f6r mindre och st\u00f6rre grupper priss\u00e4tter vi paketen separat.<\/li>\n<li>Priserna \u00e4r i kraft \u00e5r 2021.<\/li>\n<li>Efter resan tills\u00e4ndes en faktura som inneh\u00e5ller hela programmet.<\/li>\n<li>Faktureringen sker enligt p\u00e5 f\u00f6rhand bekr\u00e4ftat deltagarantal.<\/li>\n<li>F\u00f6r\u00e4ndringar\/bekr\u00e4ftelser i deltagarantalet b\u00f6r inkomma senast tv\u00e5 arbetsdagar f\u00f6re resans f\u00f6rverkligande.<\/li>\n<\/ul>\n<p>&nbsp;<\/p>\n<h5>Avbokningsvillkor:<\/h5>\n<p>Om resan avbokas:<\/p>\n<ul>\n<li>tidigare \u00e4n 14 dygn innan resan debiteras inga avbokningskostnader,<\/li>\n<li>13\u20137 dygn innan resan debiteras i avbokningsavgift 50 % av resans pris,<\/li>\n<li>6\u20130 dygn innan resan debiteras i avbokningsavgift 100 % av resans pris.<\/li>\n<li>Med f\u00f6rbeh\u00e5ll f\u00f6r eventuella f\u00f6r\u00e4ndringar.<\/li>\n<\/ul>\n<p>&nbsp;<\/p>\n<hr \/>\n<p>&nbsp;<\/p>\n<h2>Resevillkor f\u00f6r paket med inkvartering<\/h2>\n<p>Noggranna resevillkor meddelas i samband med bokningen.<\/p>\n<hr \/>\n<p>&nbsp;<\/p>\n<h2>Resevillkor \/ skolresepaket<\/h2>\n<p>Skolresepaketens inneh\u00e5ll beskrivs i samband med varje paket. Busschauff\u00f6ren alltid gratis.<\/p>\n<h5>I priserna ing\u00e5r inte:<\/h5>\n<ul>\n<li>busstransporter, ifall detta inte separat n\u00e4mns.<\/li>\n<\/ul>\n<p>&nbsp;<\/p>\n<hr \/>\n<p>&nbsp;<\/p>\n<h2>Resevillkor \/ programtj\u00e4nster<\/h2>\n<h5>Om avbokningen sker:<\/h5>\n<ul>\n<li>Tidigare \u00e4n 28 dygn f\u00f6re programmets f\u00f6rverkligande debiteras inga avbokningskostnader<\/li>\n<li>27\u201314 dygn f\u00f6re f\u00f6rverkligandet - avbokningskostnad 25 % av programmets helhetspris<\/li>\n<li>13\u20132 dygn f\u00f6re f\u00f6rverkligandet -avbokningskostnad 75 % av programmets helhetspris<\/li>\n<\/ul>\n<\/div><\/div><\/div><\/div><\/div>","protected":false},"excerpt":{"rendered":"<p>Gruppresornas resevillkor (paket utan inkvartering): Gruppresepaketen inneh\u00e5ller guidning p\u00e5 svenska eller finska, intr\u00e4desavgifter, n\u00e4mnda m\u00e5ltider, kaffe- och \u00f6vrig servering, n\u00e4mnd programservice och moms. Priset inneh\u00e5ller inte busstransporter ifall annat icke &hellip; <a class=\"kt-excerpt-readmore more-link\" href=\"https:\/\/www.porvootours.fi\/sv\/om-oss\/resevillkor\/\" aria-label=\"Resevillkor\">\u00bb<\/a><\/p>\n","protected":false},"author":1,"featured_media":0,"parent":4242,"menu_order":0,"comment_status":"closed","ping_status":"closed","template":"","meta":{"kt_blocks_editor_width":"","footnotes":""},"class_list":["post-6187","page","type-page","status-publish","hentry"],"yoast_head":"<!-- This site is optimized with the Yoast SEO plugin v27.3 - https:\/\/yoast.com\/product\/yoast-seo-wordpress\/ -->\n<title>Resevillkor | Porvoo Tours - researrang\u00f6r<\/title>\n<meta name=\"robots\" content=\"index, follow, max-snippet:-1, max-image-preview:large, max-video-preview:-1\" \/>\n<link rel=\"canonical\" href=\"https:\/\/www.porvootours.fi\/sv\/om-oss\/resevillkor\/\" \/>\n<meta property=\"og:locale\" content=\"sv_SE\" \/>\n<meta property=\"og:type\" content=\"article\" \/>\n<meta property=\"og:title\" content=\"Resevillkor | Porvoo Tours - researrang\u00f6r\" \/>\n<meta property=\"og:description\" content=\"Gruppresornas resevillkor (paket utan inkvartering): Gruppresepaketen inneh\u00e5ller guidning p\u00e5 svenska eller finska, intr\u00e4desavgifter, n\u00e4mnda m\u00e5ltider, kaffe- och \u00f6vrig servering, n\u00e4mnd programservice och moms. Priset inneh\u00e5ller inte busstransporter ifall annat icke &hellip; \u00bb\" \/>\n<meta property=\"og:url\" content=\"https:\/\/www.porvootours.fi\/sv\/om-oss\/resevillkor\/\" \/>\n<meta property=\"og:site_name\" content=\"Porvoo Tours - researrang\u00f6r\" \/>\n<meta property=\"article:publisher\" content=\"https:\/\/www.facebook.com\/Porvoo-Tours-136597746389488\/\" \/>\n<meta property=\"article:modified_time\" content=\"2021-03-04T10:16:30+00:00\" \/>\n<meta property=\"og:image\" content=\"https:\/\/www.porvootours.fi\/wp-content\/uploads\/2021\/05\/porvootours_1200px_fb_jokiranta.jpg\" \/>\n\t<meta property=\"og:image:width\" content=\"1200\" \/>\n\t<meta property=\"og:image:height\" content=\"630\" \/>\n\t<meta property=\"og:image:type\" content=\"image\/jpeg\" \/>\n<meta name=\"twitter:card\" content=\"summary_large_image\" \/>\n<meta name=\"twitter:label1\" content=\"Ber\u00e4knad l\u00e4stid\" \/>\n\t<meta name=\"twitter:data1\" content=\"1 minut\" \/>\n<script type=\"application\/ld+json\" class=\"yoast-schema-graph\">{\"@context\":\"https:\\\/\\\/schema.org\",\"@graph\":[{\"@type\":\"WebPage\",\"@id\":\"https:\\\/\\\/www.porvootours.fi\\\/sv\\\/om-oss\\\/resevillkor\\\/\",\"url\":\"https:\\\/\\\/www.porvootours.fi\\\/sv\\\/om-oss\\\/resevillkor\\\/\",\"name\":\"Resevillkor | Porvoo Tours - researrang\u00f6r\",\"isPartOf\":{\"@id\":\"https:\\\/\\\/www.porvootours.fi\\\/#website\"},\"datePublished\":\"2019-04-14T19:20:47+00:00\",\"dateModified\":\"2021-03-04T10:16:30+00:00\",\"breadcrumb\":{\"@id\":\"https:\\\/\\\/www.porvootours.fi\\\/sv\\\/om-oss\\\/resevillkor\\\/#breadcrumb\"},\"inLanguage\":\"sv-SE\",\"potentialAction\":[{\"@type\":\"ReadAction\",\"target\":[\"https:\\\/\\\/www.porvootours.fi\\\/sv\\\/om-oss\\\/resevillkor\\\/\"]}]},{\"@type\":\"BreadcrumbList\",\"@id\":\"https:\\\/\\\/www.porvootours.fi\\\/sv\\\/om-oss\\\/resevillkor\\\/#breadcrumb\",\"itemListElement\":[{\"@type\":\"ListItem\",\"position\":1,\"name\":\"Home\",\"item\":\"https:\\\/\\\/www.porvootours.fi\\\/sv\\\/\"},{\"@type\":\"ListItem\",\"position\":2,\"name\":\"Om oss\",\"item\":\"https:\\\/\\\/www.porvootours.fi\\\/sv\\\/om-oss\\\/\"},{\"@type\":\"ListItem\",\"position\":3,\"name\":\"Resevillkor\"}]},{\"@type\":\"WebSite\",\"@id\":\"https:\\\/\\\/www.porvootours.fi\\\/#website\",\"url\":\"https:\\\/\\\/www.porvootours.fi\\\/\",\"name\":\"Porvoo Tours - matkanj\u00e4rjest\u00e4j\u00e4\",\"description\":\"Ryhm\u00e4matkojen ja kokouksien j\u00e4rjest\u00e4j\u00e4. Porvoo, Sipoo - gruppresor och m\u00f6tesresorja Loviisa\",\"publisher\":{\"@id\":\"https:\\\/\\\/www.porvootours.fi\\\/#organization\"},\"alternateName\":\"Porvoo Tours\",\"potentialAction\":[{\"@type\":\"SearchAction\",\"target\":{\"@type\":\"EntryPoint\",\"urlTemplate\":\"https:\\\/\\\/www.porvootours.fi\\\/?s={search_term_string}\"},\"query-input\":{\"@type\":\"PropertyValueSpecification\",\"valueRequired\":true,\"valueName\":\"search_term_string\"}}],\"inLanguage\":\"sv-SE\"},{\"@type\":\"Organization\",\"@id\":\"https:\\\/\\\/www.porvootours.fi\\\/#organization\",\"name\":\"Porvoo Tours\",\"url\":\"https:\\\/\\\/www.porvootours.fi\\\/\",\"logo\":{\"@type\":\"ImageObject\",\"inLanguage\":\"sv-SE\",\"@id\":\"https:\\\/\\\/www.porvootours.fi\\\/#\\\/schema\\\/logo\\\/image\\\/\",\"url\":\"https:\\\/\\\/www.porvootours.fi\\\/wp-content\\\/uploads\\\/2020\\\/02\\\/porvootours_logo1.png\",\"contentUrl\":\"https:\\\/\\\/www.porvootours.fi\\\/wp-content\\\/uploads\\\/2020\\\/02\\\/porvootours_logo1.png\",\"width\":300,\"height\":70,\"caption\":\"Porvoo Tours\"},\"image\":{\"@id\":\"https:\\\/\\\/www.porvootours.fi\\\/#\\\/schema\\\/logo\\\/image\\\/\"},\"sameAs\":[\"https:\\\/\\\/www.facebook.com\\\/Porvoo-Tours-136597746389488\\\/\"]}]}<\/script>\n<!-- \/ Yoast SEO plugin. -->","yoast_head_json":{"title":"Resevillkor | Porvoo Tours - researrang\u00f6r","robots":{"index":"index","follow":"follow","max-snippet":"max-snippet:-1","max-image-preview":"max-image-preview:large","max-video-preview":"max-video-preview:-1"},"canonical":"https:\/\/www.porvootours.fi\/sv\/om-oss\/resevillkor\/","og_locale":"sv_SE","og_type":"article","og_title":"Resevillkor | Porvoo Tours - researrang\u00f6r","og_description":"Gruppresornas resevillkor (paket utan inkvartering): Gruppresepaketen inneh\u00e5ller guidning p\u00e5 svenska eller finska, intr\u00e4desavgifter, n\u00e4mnda m\u00e5ltider, kaffe- och \u00f6vrig servering, n\u00e4mnd programservice och moms. Priset inneh\u00e5ller inte busstransporter ifall annat icke &hellip; \u00bb","og_url":"https:\/\/www.porvootours.fi\/sv\/om-oss\/resevillkor\/","og_site_name":"Porvoo Tours - researrang\u00f6r","article_publisher":"https:\/\/www.facebook.com\/Porvoo-Tours-136597746389488\/","article_modified_time":"2021-03-04T10:16:30+00:00","og_image":[{"width":1200,"height":630,"url":"https:\/\/www.porvootours.fi\/wp-content\/uploads\/2021\/05\/porvootours_1200px_fb_jokiranta.jpg","type":"image\/jpeg"}],"twitter_card":"summary_large_image","twitter_misc":{"Ber\u00e4knad l\u00e4stid":"1 minut"},"schema":{"@context":"https:\/\/schema.org","@graph":[{"@type":"WebPage","@id":"https:\/\/www.porvootours.fi\/sv\/om-oss\/resevillkor\/","url":"https:\/\/www.porvootours.fi\/sv\/om-oss\/resevillkor\/","name":"Resevillkor | Porvoo Tours - researrang\u00f6r","isPartOf":{"@id":"https:\/\/www.porvootours.fi\/#website"},"datePublished":"2019-04-14T19:20:47+00:00","dateModified":"2021-03-04T10:16:30+00:00","breadcrumb":{"@id":"https:\/\/www.porvootours.fi\/sv\/om-oss\/resevillkor\/#breadcrumb"},"inLanguage":"sv-SE","potentialAction":[{"@type":"ReadAction","target":["https:\/\/www.porvootours.fi\/sv\/om-oss\/resevillkor\/"]}]},{"@type":"BreadcrumbList","@id":"https:\/\/www.porvootours.fi\/sv\/om-oss\/resevillkor\/#breadcrumb","itemListElement":[{"@type":"ListItem","position":1,"name":"Home","item":"https:\/\/www.porvootours.fi\/sv\/"},{"@type":"ListItem","position":2,"name":"Om oss","item":"https:\/\/www.porvootours.fi\/sv\/om-oss\/"},{"@type":"ListItem","position":3,"name":"Resevillkor"}]},{"@type":"WebSite","@id":"https:\/\/www.porvootours.fi\/#website","url":"https:\/\/www.porvootours.fi\/","name":"Porvoo Tours - matkanj\u00e4rjest\u00e4j\u00e4","description":"Ryhm\u00e4matkojen ja kokouksien j\u00e4rjest\u00e4j\u00e4. Porvoo, Sipoo - gruppresor och m\u00f6tesresorja Loviisa","publisher":{"@id":"https:\/\/www.porvootours.fi\/#organization"},"alternateName":"Porvoo Tours","potentialAction":[{"@type":"SearchAction","target":{"@type":"EntryPoint","urlTemplate":"https:\/\/www.porvootours.fi\/?s={search_term_string}"},"query-input":{"@type":"PropertyValueSpecification","valueRequired":true,"valueName":"search_term_string"}}],"inLanguage":"sv-SE"},{"@type":"Organization","@id":"https:\/\/www.porvootours.fi\/#organization","name":"Porvoo Tours","url":"https:\/\/www.porvootours.fi\/","logo":{"@type":"ImageObject","inLanguage":"sv-SE","@id":"https:\/\/www.porvootours.fi\/#\/schema\/logo\/image\/","url":"https:\/\/www.porvootours.fi\/wp-content\/uploads\/2020\/02\/porvootours_logo1.png","contentUrl":"https:\/\/www.porvootours.fi\/wp-content\/uploads\/2020\/02\/porvootours_logo1.png","width":300,"height":70,"caption":"Porvoo Tours"},"image":{"@id":"https:\/\/www.porvootours.fi\/#\/schema\/logo\/image\/"},"sameAs":["https:\/\/www.facebook.com\/Porvoo-Tours-136597746389488\/"]}]}},"_links":{"self":[{"href":"https:\/\/www.porvootours.fi\/sv\/wp-json\/wp\/v2\/pages\/6187","targetHints":{"allow":["GET"]}}],"collection":[{"href":"https:\/\/www.porvootours.fi\/sv\/wp-json\/wp\/v2\/pages"}],"about":[{"href":"https:\/\/www.porvootours.fi\/sv\/wp-json\/wp\/v2\/types\/page"}],"author":[{"embeddable":true,"href":"https:\/\/www.porvootours.fi\/sv\/wp-json\/wp\/v2\/users\/1"}],"replies":[{"embeddable":true,"href":"https:\/\/www.porvootours.fi\/sv\/wp-json\/wp\/v2\/comments?post=6187"}],"version-history":[{"count":0,"href":"https:\/\/www.porvootours.fi\/sv\/wp-json\/wp\/v2\/pages\/6187\/revisions"}],"up":[{"embeddable":true,"href":"https:\/\/www.porvootours.fi\/sv\/wp-json\/wp\/v2\/pages\/4242"}],"wp:attachment":[{"href":"https:\/\/www.porvootours.fi\/sv\/wp-json\/wp\/v2\/media?parent=6187"}],"curies":[{"name":"wp","href":"https:\/\/api.w.org\/{rel}","templated":true}]}}