{"id":5973,"date":"2019-03-20T18:20:45","date_gmt":"2019-03-20T18:20:45","guid":{"rendered":"http:\/\/www.porvootours.fi\/yhteistyokumppanit\/"},"modified":"2020-02-14T13:16:22","modified_gmt":"2020-02-14T13:16:22","slug":"samarbetspartner","status":"publish","type":"page","link":"https:\/\/www.porvootours.fi\/sv\/samarbetspartner\/","title":{"rendered":"Samarbetspartner"},"content":{"rendered":"<div id=\"pl-5973\"  class=\"panel-layout\" ><div id=\"pg-5973-0\"  class=\"panel-grid panel-no-style\" ><div id=\"pgc-5973-0-0\"  class=\"panel-grid-cell\" >\n\n        <div id=\"panel-5973-0-0-0\" class=\"so-panel widget widget_kadence_calltoaction_widget kadence_calltoaction_widget panel-first-child\" data-index=\"0\" ><div class=\"kt-ctaw clearfix\"><h2 class=\"kt-call-to-action-title\" style=\"color:#333333; font-size:58px; line-height:1; text-align:center; \"  data-max-size=\"58\" data-min-size=\"36\"><B>SAMARBETS<\/B>PARTNER<\/h2><\/div><\/div>\n    <div id=\"panel-5973-0-0-1\" class=\"so-panel widget widget_black-studio-tinymce widget_black_studio_tinymce panel-last-child\" data-index=\"1\" ><div class=\"textwidget\"><\/div><\/div><\/div><\/div><div id=\"pg-5973-1\"  class=\"panel-grid panel-no-style\" ><div id=\"pgc-5973-1-0\"  class=\"panel-grid-cell\" ><div id=\"panel-5973-1-0-0\" class=\"so-panel widget widget_kadence_imgmenu_widget kadence_imgmenu_widget panel-first-child\" data-index=\"2\" >\t\t\t<div class=\"image-menu-fixed-height image-menu_item kt-img-overlay-widget\">\n\t\t\t    <a href=\"https:\/\/www.porvootours.fi\/sv\/samarbetspartner\/inkvartering\/\" class=\"image_menu_item_link\" target=\"_self\">\t\t\t        \t                \t\t<div class=\"image_menu-bg-item\" style=\"background: url(http:\/\/www.porvootours.fi\/wp-content\/uploads\/2019\/03\/haikonkartano_768x518px.jpg) center center no-repeat; height:300px; background-size:cover;\">\n\t\t\t\t        <\/div>\n\t                                \t<div class=\"image_menu_overlay\"><\/div>\n                    <div class=\"image_menu_message  imt-align-left imt-valign-center\">\n                    \t<div class=\"image_menu_message_inner\">\n\t\t\t        \t\t<h4>Logi<\/h4><h5>I st\u00e4der och p\u00e5 landsbygden<\/h5>\t\t\t            <\/div>\n\t\t\t\t    <\/div>\n\t        \t<\/a>\t\t\t<\/div>\n\t\t<\/div><div id=\"panel-5973-1-0-1\" class=\"so-panel widget widget_kadence_imgmenu_widget kadence_imgmenu_widget\" data-index=\"3\" >\t\t\t<div class=\"image-menu-fixed-height image-menu_item kt-img-overlay-widget\">\n\t\t\t    <a href=\"https:\/\/www.porvootours.fi\/sv\/samarbetspartner\/kryssningar\/\" class=\"image_menu_item_link\" target=\"_self\">\t\t\t        \t                \t\t<div class=\"image_menu-bg-item\" style=\"background: url(http:\/\/www.porvootours.fi\/wp-content\/uploads\/2019\/04\/Runeberg-768x512.png) center center no-repeat; height:300px; background-size:cover;\">\n\t\t\t\t        <\/div>\n\t                                \t<div class=\"image_menu_overlay\"><\/div>\n                    <div class=\"image_menu_message  imt-align-left imt-valign-center\">\n                    \t<div class=\"image_menu_message_inner\">\n\t\t\t        \t\t<h4>Kryssningar<\/h4><h5>Omr\u00e5dets rederier<\/h5>\t\t\t            <\/div>\n\t\t\t\t    <\/div>\n\t        \t<\/a>\t\t\t<\/div>\n\t\t<\/div><div id=\"panel-5973-1-0-2\" class=\"so-panel widget widget_kadence_imgmenu_widget kadence_imgmenu_widget panel-last-child\" data-index=\"4\" >\t\t\t<div class=\"image-menu-fixed-height image-menu_item kt-img-overlay-widget\">\n\t\t\t    <a href=\"https:\/\/www.porvootours.fi\/sv\/samarbetspartner\/upplevelser\/\" class=\"image_menu_item_link\" target=\"_self\">\t\t\t        \t                \t\t<div class=\"image_menu-bg-item\" style=\"background: url(http:\/\/www.porvootours.fi\/wp-content\/uploads\/2019\/03\/suppailu_768x518px.jpg) center center no-repeat; height:300px; background-size:cover;\">\n\t\t\t\t        <\/div>\n\t                                \t<div class=\"image_menu_overlay\"><\/div>\n                    <div class=\"image_menu_message  imt-align-left imt-valign-center\">\n                    \t<div class=\"image_menu_message_inner\">\n\t\t\t        \t\t<h4>Upplevelser<\/h4><h5>Allt mellan himmel och jord<\/h5>\t\t\t            <\/div>\n\t\t\t\t    <\/div>\n\t        \t<\/a>\t\t\t<\/div>\n\t\t<\/div><\/div><div id=\"pgc-5973-1-1\"  class=\"panel-grid-cell\" ><div id=\"panel-5973-1-1-0\" class=\"so-panel widget widget_kadence_imgmenu_widget kadence_imgmenu_widget panel-first-child\" data-index=\"5\" >\t\t\t<div class=\"image-menu-fixed-height image-menu_item kt-img-overlay-widget\">\n\t\t\t    <a href=\"https:\/\/www.porvootours.fi\/sv\/samarbetspartner\/cafeer-och-restauranger\/\" class=\"image_menu_item_link\" target=\"_self\">\t\t\t        \t                \t\t<div class=\"image_menu-bg-item\" style=\"background: url(http:\/\/www.porvootours.fi\/wp-content\/uploads\/2019\/03\/Salt-kattaus-768x518px-.jpg) center center no-repeat; height:300px; background-size:cover;\">\n\t\t\t\t        <\/div>\n\t                                \t<div class=\"image_menu_overlay\"><\/div>\n                    <div class=\"image_menu_message  imt-align-left imt-valign-center\">\n                    \t<div class=\"image_menu_message_inner\">\n\t\t\t        \t\t<h4>Caf\u00e9er och restauranger<\/h4><h5>Smakliga upplevelser<\/h5>\t\t\t            <\/div>\n\t\t\t\t    <\/div>\n\t        \t<\/a>\t\t\t<\/div>\n\t\t<\/div><div id=\"panel-5973-1-1-1\" class=\"so-panel widget widget_kadence_imgmenu_widget kadence_imgmenu_widget panel-last-child\" data-index=\"6\" >\t\t\t<div class=\"image-menu-fixed-height image-menu_item kt-img-overlay-widget\">\n\t\t\t    <a href=\"https:\/\/www.porvootours.fi\/sv\/samarbetspartner\/sevardheter-besoksmal\/\" class=\"image_menu_item_link\" target=\"_self\">\t\t\t        \t                \t\t<div class=\"image_menu-bg-item\" style=\"background: url(http:\/\/www.porvootours.fi\/wp-content\/uploads\/2019\/03\/Rutumin-kartano-768x512.jpg) center center no-repeat; height:300px; background-size:cover;\">\n\t\t\t\t        <\/div>\n\t                                \t<div class=\"image_menu_overlay\"><\/div>\n                    <div class=\"image_menu_message  imt-align-left imt-valign-center\">\n                    \t<div class=\"image_menu_message_inner\">\n\t\t\t        \t\t<h4>Sev\u00e4rdheter<\/h4><h5>Resem\u00e5l i \u00d6stra-Nyland<\/h5>\t\t\t            <\/div>\n\t\t\t\t    <\/div>\n\t        \t<\/a>\t\t\t<\/div>\n\t\t<\/div><\/div><\/div><\/div>","protected":false},"excerpt":{"rendered":"<p>SAMARBETSPARTNER LogiI st\u00e4der och p\u00e5 landsbygden KryssningarOmr\u00e5dets rederier UpplevelserAllt mellan himmel och jord Caf\u00e9er och restaurangerSmakliga upplevelser Sev\u00e4rdheterResem\u00e5l i \u00d6stra-Nyland<\/p>\n","protected":false},"author":1,"featured_media":0,"parent":0,"menu_order":0,"comment_status":"closed","ping_status":"closed","template":"","meta":{"kt_blocks_editor_width":"","footnotes":""},"class_list":["post-5973","page","type-page","status-publish","hentry"],"yoast_head":"<!-- This site is optimized with the Yoast SEO plugin v27.3 - https:\/\/yoast.com\/product\/yoast-seo-wordpress\/ -->\n<title>Samarbetspartner | Porvoo Tours - researrang\u00f6r<\/title>\n<meta name=\"robots\" content=\"index, follow, max-snippet:-1, max-image-preview:large, max-video-preview:-1\" \/>\n<link rel=\"canonical\" href=\"https:\/\/www.porvootours.fi\/sv\/samarbetspartner\/\" \/>\n<meta property=\"og:locale\" content=\"sv_SE\" \/>\n<meta property=\"og:type\" content=\"article\" \/>\n<meta property=\"og:title\" content=\"Samarbetspartner | Porvoo Tours - researrang\u00f6r\" \/>\n<meta property=\"og:description\" content=\"SAMARBETSPARTNER LogiI st\u00e4der och p\u00e5 landsbygden KryssningarOmr\u00e5dets rederier UpplevelserAllt mellan himmel och jord Caf\u00e9er och restaurangerSmakliga upplevelser Sev\u00e4rdheterResem\u00e5l i \u00d6stra-Nyland\" \/>\n<meta property=\"og:url\" content=\"https:\/\/www.porvootours.fi\/sv\/samarbetspartner\/\" \/>\n<meta property=\"og:site_name\" content=\"Porvoo Tours - researrang\u00f6r\" \/>\n<meta property=\"article:publisher\" content=\"https:\/\/www.facebook.com\/Porvoo-Tours-136597746389488\/\" \/>\n<meta property=\"article:modified_time\" content=\"2020-02-14T13:16:22+00:00\" \/>\n<meta property=\"og:image\" content=\"https:\/\/www.porvootours.fi\/wp-content\/uploads\/2021\/05\/porvootours_1200px_fb_jokiranta.jpg\" \/>\n\t<meta property=\"og:image:width\" content=\"1200\" \/>\n\t<meta property=\"og:image:height\" content=\"630\" \/>\n\t<meta property=\"og:image:type\" content=\"image\/jpeg\" \/>\n<meta name=\"twitter:card\" content=\"summary_large_image\" \/>\n<script type=\"application\/ld+json\" class=\"yoast-schema-graph\">{\"@context\":\"https:\\\/\\\/schema.org\",\"@graph\":[{\"@type\":\"WebPage\",\"@id\":\"https:\\\/\\\/www.porvootours.fi\\\/sv\\\/samarbetspartner\\\/\",\"url\":\"https:\\\/\\\/www.porvootours.fi\\\/sv\\\/samarbetspartner\\\/\",\"name\":\"Samarbetspartner | Porvoo Tours - researrang\u00f6r\",\"isPartOf\":{\"@id\":\"https:\\\/\\\/www.porvootours.fi\\\/#website\"},\"datePublished\":\"2019-03-20T18:20:45+00:00\",\"dateModified\":\"2020-02-14T13:16:22+00:00\",\"breadcrumb\":{\"@id\":\"https:\\\/\\\/www.porvootours.fi\\\/sv\\\/samarbetspartner\\\/#breadcrumb\"},\"inLanguage\":\"sv-SE\",\"potentialAction\":[{\"@type\":\"ReadAction\",\"target\":[\"https:\\\/\\\/www.porvootours.fi\\\/sv\\\/samarbetspartner\\\/\"]}]},{\"@type\":\"BreadcrumbList\",\"@id\":\"https:\\\/\\\/www.porvootours.fi\\\/sv\\\/samarbetspartner\\\/#breadcrumb\",\"itemListElement\":[{\"@type\":\"ListItem\",\"position\":1,\"name\":\"Home\",\"item\":\"https:\\\/\\\/www.porvootours.fi\\\/sv\\\/\"},{\"@type\":\"ListItem\",\"position\":2,\"name\":\"Samarbetspartner\"}]},{\"@type\":\"WebSite\",\"@id\":\"https:\\\/\\\/www.porvootours.fi\\\/#website\",\"url\":\"https:\\\/\\\/www.porvootours.fi\\\/\",\"name\":\"Porvoo Tours - matkanj\u00e4rjest\u00e4j\u00e4\",\"description\":\"Ryhm\u00e4matkojen ja kokouksien j\u00e4rjest\u00e4j\u00e4. Porvoo, Sipoo - gruppresor och m\u00f6tesresorja Loviisa\",\"publisher\":{\"@id\":\"https:\\\/\\\/www.porvootours.fi\\\/#organization\"},\"alternateName\":\"Porvoo Tours\",\"potentialAction\":[{\"@type\":\"SearchAction\",\"target\":{\"@type\":\"EntryPoint\",\"urlTemplate\":\"https:\\\/\\\/www.porvootours.fi\\\/?s={search_term_string}\"},\"query-input\":{\"@type\":\"PropertyValueSpecification\",\"valueRequired\":true,\"valueName\":\"search_term_string\"}}],\"inLanguage\":\"sv-SE\"},{\"@type\":\"Organization\",\"@id\":\"https:\\\/\\\/www.porvootours.fi\\\/#organization\",\"name\":\"Porvoo Tours\",\"url\":\"https:\\\/\\\/www.porvootours.fi\\\/\",\"logo\":{\"@type\":\"ImageObject\",\"inLanguage\":\"sv-SE\",\"@id\":\"https:\\\/\\\/www.porvootours.fi\\\/#\\\/schema\\\/logo\\\/image\\\/\",\"url\":\"https:\\\/\\\/www.porvootours.fi\\\/wp-content\\\/uploads\\\/2020\\\/02\\\/porvootours_logo1.png\",\"contentUrl\":\"https:\\\/\\\/www.porvootours.fi\\\/wp-content\\\/uploads\\\/2020\\\/02\\\/porvootours_logo1.png\",\"width\":300,\"height\":70,\"caption\":\"Porvoo Tours\"},\"image\":{\"@id\":\"https:\\\/\\\/www.porvootours.fi\\\/#\\\/schema\\\/logo\\\/image\\\/\"},\"sameAs\":[\"https:\\\/\\\/www.facebook.com\\\/Porvoo-Tours-136597746389488\\\/\"]}]}<\/script>\n<!-- \/ Yoast SEO plugin. -->","yoast_head_json":{"title":"Samarbetspartner | Porvoo Tours - researrang\u00f6r","robots":{"index":"index","follow":"follow","max-snippet":"max-snippet:-1","max-image-preview":"max-image-preview:large","max-video-preview":"max-video-preview:-1"},"canonical":"https:\/\/www.porvootours.fi\/sv\/samarbetspartner\/","og_locale":"sv_SE","og_type":"article","og_title":"Samarbetspartner | Porvoo Tours - researrang\u00f6r","og_description":"SAMARBETSPARTNER LogiI st\u00e4der och p\u00e5 landsbygden KryssningarOmr\u00e5dets rederier UpplevelserAllt mellan himmel och jord Caf\u00e9er och restaurangerSmakliga upplevelser Sev\u00e4rdheterResem\u00e5l i \u00d6stra-Nyland","og_url":"https:\/\/www.porvootours.fi\/sv\/samarbetspartner\/","og_site_name":"Porvoo Tours - researrang\u00f6r","article_publisher":"https:\/\/www.facebook.com\/Porvoo-Tours-136597746389488\/","article_modified_time":"2020-02-14T13:16:22+00:00","og_image":[{"width":1200,"height":630,"url":"https:\/\/www.porvootours.fi\/wp-content\/uploads\/2021\/05\/porvootours_1200px_fb_jokiranta.jpg","type":"image\/jpeg"}],"twitter_card":"summary_large_image","schema":{"@context":"https:\/\/schema.org","@graph":[{"@type":"WebPage","@id":"https:\/\/www.porvootours.fi\/sv\/samarbetspartner\/","url":"https:\/\/www.porvootours.fi\/sv\/samarbetspartner\/","name":"Samarbetspartner | Porvoo Tours - researrang\u00f6r","isPartOf":{"@id":"https:\/\/www.porvootours.fi\/#website"},"datePublished":"2019-03-20T18:20:45+00:00","dateModified":"2020-02-14T13:16:22+00:00","breadcrumb":{"@id":"https:\/\/www.porvootours.fi\/sv\/samarbetspartner\/#breadcrumb"},"inLanguage":"sv-SE","potentialAction":[{"@type":"ReadAction","target":["https:\/\/www.porvootours.fi\/sv\/samarbetspartner\/"]}]},{"@type":"BreadcrumbList","@id":"https:\/\/www.porvootours.fi\/sv\/samarbetspartner\/#breadcrumb","itemListElement":[{"@type":"ListItem","position":1,"name":"Home","item":"https:\/\/www.porvootours.fi\/sv\/"},{"@type":"ListItem","position":2,"name":"Samarbetspartner"}]},{"@type":"WebSite","@id":"https:\/\/www.porvootours.fi\/#website","url":"https:\/\/www.porvootours.fi\/","name":"Porvoo Tours - matkanj\u00e4rjest\u00e4j\u00e4","description":"Ryhm\u00e4matkojen ja kokouksien j\u00e4rjest\u00e4j\u00e4. Porvoo, Sipoo - gruppresor och m\u00f6tesresorja Loviisa","publisher":{"@id":"https:\/\/www.porvootours.fi\/#organization"},"alternateName":"Porvoo Tours","potentialAction":[{"@type":"SearchAction","target":{"@type":"EntryPoint","urlTemplate":"https:\/\/www.porvootours.fi\/?s={search_term_string}"},"query-input":{"@type":"PropertyValueSpecification","valueRequired":true,"valueName":"search_term_string"}}],"inLanguage":"sv-SE"},{"@type":"Organization","@id":"https:\/\/www.porvootours.fi\/#organization","name":"Porvoo Tours","url":"https:\/\/www.porvootours.fi\/","logo":{"@type":"ImageObject","inLanguage":"sv-SE","@id":"https:\/\/www.porvootours.fi\/#\/schema\/logo\/image\/","url":"https:\/\/www.porvootours.fi\/wp-content\/uploads\/2020\/02\/porvootours_logo1.png","contentUrl":"https:\/\/www.porvootours.fi\/wp-content\/uploads\/2020\/02\/porvootours_logo1.png","width":300,"height":70,"caption":"Porvoo Tours"},"image":{"@id":"https:\/\/www.porvootours.fi\/#\/schema\/logo\/image\/"},"sameAs":["https:\/\/www.facebook.com\/Porvoo-Tours-136597746389488\/"]}]}},"_links":{"self":[{"href":"https:\/\/www.porvootours.fi\/sv\/wp-json\/wp\/v2\/pages\/5973","targetHints":{"allow":["GET"]}}],"collection":[{"href":"https:\/\/www.porvootours.fi\/sv\/wp-json\/wp\/v2\/pages"}],"about":[{"href":"https:\/\/www.porvootours.fi\/sv\/wp-json\/wp\/v2\/types\/page"}],"author":[{"embeddable":true,"href":"https:\/\/www.porvootours.fi\/sv\/wp-json\/wp\/v2\/users\/1"}],"replies":[{"embeddable":true,"href":"https:\/\/www.porvootours.fi\/sv\/wp-json\/wp\/v2\/comments?post=5973"}],"version-history":[{"count":0,"href":"https:\/\/www.porvootours.fi\/sv\/wp-json\/wp\/v2\/pages\/5973\/revisions"}],"wp:attachment":[{"href":"https:\/\/www.porvootours.fi\/sv\/wp-json\/wp\/v2\/media?parent=5973"}],"curies":[{"name":"wp","href":"https:\/\/api.w.org\/{rel}","templated":true}]}}