{"id":4380,"date":"2019-03-06T11:01:18","date_gmt":"2019-03-06T11:01:18","guid":{"rendered":"http:\/\/www.porvootours.fi\/porvoo\/"},"modified":"2026-01-29T14:12:56","modified_gmt":"2026-01-29T14:12:56","slug":"borga","status":"publish","type":"page","link":"https:\/\/www.porvootours.fi\/sv\/grupper\/borga\/","title":{"rendered":"Borg\u00e5"},"content":{"rendered":"<div id=\"pl-4380\"  class=\"panel-layout\" ><div id=\"pg-4380-0\"  class=\"panel-grid panel-no-style\" ><div id=\"pgc-4380-0-0\"  class=\"panel-grid-cell\" >\n\n        <div id=\"panel-4380-0-0-0\" class=\"so-panel widget widget_kadence_calltoaction_widget kadence_calltoaction_widget panel-first-child\" data-index=\"0\" ><div class=\"kt-ctaw clearfix\"><h2 class=\"kt-call-to-action-title\" style=\"color:#333333; font-size:50px; line-height:1; text-align:center; font-weight:300;\"  data-max-size=\"50\" data-min-size=\"36\"><B>GRUPPRESOR<\/B> BORG\u00c5<\/h2><\/div><\/div>\n    <div id=\"panel-4380-0-0-1\" class=\"so-panel widget widget_black-studio-tinymce widget_black_studio_tinymce panel-last-child\" data-index=\"1\" ><div class=\"textwidget\"><h3 data-path-to-node=\"7\"><b data-path-to-node=\"7\" data-index-in-node=\"0\">Upplev historiska och levande Borg\u00e5 \u2013 F\u00e4rdiga resepaket f\u00f6r grupper<\/b><\/h3>\n<p data-path-to-node=\"8\">Upplev historia och nutid i ett och samma paket! Borg\u00e5regionen \u00e4r en genuin och outsinlig k\u00e4lla till minnesv\u00e4rda upplevelser. I st\u00e4mningsfulla Borg\u00e5 kan ni uppleva allt under en och samma dag: f\u00e4ngslande historia, levande kultur, fantastiska restauranger och naturligtvis det ikoniska Gamla Borg\u00e5 med sina unika sm\u00e5butiker. Vi f\u00f6renar stadens b\u00e4sta sidor, fr\u00e5n historiska vingslag till modern atmosf\u00e4r.<\/p>\n<p data-path-to-node=\"9\">De resepaket som presenteras p\u00e5 dessa sidor \u00e4r skapade f\u00f6r att erbjuda smidiga och h\u00f6gklassiga upplevelser. Ni kan boka paketen som de \u00e4r, eller s\u00e5 kan vi skr\u00e4ddarsy en helhet som passar just er grupp. Ber\u00e4tta om era \u00f6nskem\u00e5l och fr\u00e5ga mer \u2013 l\u00e5t oss tillsammans planera en of\u00f6rgl\u00f6mlig dagsresa till Borg\u00e5!<\/p>\n<\/div><\/div><\/div><\/div><\/div>","protected":false},"excerpt":{"rendered":"<p>Upplev historiska och levande Borg\u00e5 \u2013 F\u00e4rdiga resepaket f\u00f6r grupper Upplev historia och nutid i ett och samma paket! Borg\u00e5regionen \u00e4r en genuin och outsinlig k\u00e4lla till minnesv\u00e4rda upplevelser. I &hellip; <a class=\"kt-excerpt-readmore more-link\" href=\"https:\/\/www.porvootours.fi\/sv\/grupper\/borga\/\" aria-label=\"Borg\u00e5\">\u00bb<\/a><\/p>\n","protected":false},"author":1,"featured_media":0,"parent":4394,"menu_order":0,"comment_status":"closed","ping_status":"closed","template":"template-portfolio-grid.php","meta":{"kt_blocks_editor_width":"","footnotes":""},"class_list":["post-4380","page","type-page","status-publish","hentry"],"yoast_head":"<!-- This site is optimized with the Yoast SEO plugin v27.3 - https:\/\/yoast.com\/product\/yoast-seo-wordpress\/ -->\n<title>Borg\u00e5 | Porvoo Tours - researrang\u00f6r<\/title>\n<meta name=\"robots\" content=\"index, follow, max-snippet:-1, max-image-preview:large, max-video-preview:-1\" \/>\n<link rel=\"canonical\" href=\"https:\/\/www.porvootours.fi\/sv\/grupper\/borga\/\" \/>\n<meta property=\"og:locale\" content=\"sv_SE\" \/>\n<meta property=\"og:type\" content=\"article\" \/>\n<meta property=\"og:title\" content=\"Borg\u00e5 | Porvoo Tours - researrang\u00f6r\" \/>\n<meta property=\"og:description\" content=\"Upplev historiska och levande Borg\u00e5 \u2013 F\u00e4rdiga resepaket f\u00f6r grupper Upplev historia och nutid i ett och samma paket! Borg\u00e5regionen \u00e4r en genuin och outsinlig k\u00e4lla till minnesv\u00e4rda upplevelser. I &hellip; \u00bb\" \/>\n<meta property=\"og:url\" content=\"https:\/\/www.porvootours.fi\/sv\/grupper\/borga\/\" \/>\n<meta property=\"og:site_name\" content=\"Porvoo Tours - researrang\u00f6r\" \/>\n<meta property=\"article:publisher\" content=\"https:\/\/www.facebook.com\/Porvoo-Tours-136597746389488\/\" \/>\n<meta property=\"article:modified_time\" content=\"2026-01-29T14:12:56+00:00\" \/>\n<meta property=\"og:image\" content=\"https:\/\/www.porvootours.fi\/wp-content\/uploads\/2021\/05\/porvootours_1200px_fb_jokiranta.jpg\" \/>\n\t<meta property=\"og:image:width\" content=\"1200\" \/>\n\t<meta property=\"og:image:height\" content=\"630\" \/>\n\t<meta property=\"og:image:type\" content=\"image\/jpeg\" \/>\n<meta name=\"twitter:card\" content=\"summary_large_image\" \/>\n<meta name=\"twitter:label1\" content=\"Ber\u00e4knad l\u00e4stid\" \/>\n\t<meta name=\"twitter:data1\" content=\"1 minut\" \/>\n<script type=\"application\/ld+json\" class=\"yoast-schema-graph\">{\"@context\":\"https:\\\/\\\/schema.org\",\"@graph\":[{\"@type\":\"WebPage\",\"@id\":\"https:\\\/\\\/www.porvootours.fi\\\/sv\\\/grupper\\\/borga\\\/\",\"url\":\"https:\\\/\\\/www.porvootours.fi\\\/sv\\\/grupper\\\/borga\\\/\",\"name\":\"Borg\u00e5 | Porvoo Tours - researrang\u00f6r\",\"isPartOf\":{\"@id\":\"https:\\\/\\\/www.porvootours.fi\\\/#website\"},\"datePublished\":\"2019-03-06T11:01:18+00:00\",\"dateModified\":\"2026-01-29T14:12:56+00:00\",\"breadcrumb\":{\"@id\":\"https:\\\/\\\/www.porvootours.fi\\\/sv\\\/grupper\\\/borga\\\/#breadcrumb\"},\"inLanguage\":\"sv-SE\",\"potentialAction\":[{\"@type\":\"ReadAction\",\"target\":[\"https:\\\/\\\/www.porvootours.fi\\\/sv\\\/grupper\\\/borga\\\/\"]}]},{\"@type\":\"BreadcrumbList\",\"@id\":\"https:\\\/\\\/www.porvootours.fi\\\/sv\\\/grupper\\\/borga\\\/#breadcrumb\",\"itemListElement\":[{\"@type\":\"ListItem\",\"position\":1,\"name\":\"Home\",\"item\":\"https:\\\/\\\/www.porvootours.fi\\\/sv\\\/\"},{\"@type\":\"ListItem\",\"position\":2,\"name\":\"Grupper\",\"item\":\"https:\\\/\\\/www.porvootours.fi\\\/sv\\\/grupper\\\/\"},{\"@type\":\"ListItem\",\"position\":3,\"name\":\"Borg\u00e5\"}]},{\"@type\":\"WebSite\",\"@id\":\"https:\\\/\\\/www.porvootours.fi\\\/#website\",\"url\":\"https:\\\/\\\/www.porvootours.fi\\\/\",\"name\":\"Porvoo Tours - matkanj\u00e4rjest\u00e4j\u00e4\",\"description\":\"Ryhm\u00e4matkojen ja kokouksien j\u00e4rjest\u00e4j\u00e4. Porvoo, Sipoo - gruppresor och m\u00f6tesresorja Loviisa\",\"publisher\":{\"@id\":\"https:\\\/\\\/www.porvootours.fi\\\/#organization\"},\"alternateName\":\"Porvoo Tours\",\"potentialAction\":[{\"@type\":\"SearchAction\",\"target\":{\"@type\":\"EntryPoint\",\"urlTemplate\":\"https:\\\/\\\/www.porvootours.fi\\\/?s={search_term_string}\"},\"query-input\":{\"@type\":\"PropertyValueSpecification\",\"valueRequired\":true,\"valueName\":\"search_term_string\"}}],\"inLanguage\":\"sv-SE\"},{\"@type\":\"Organization\",\"@id\":\"https:\\\/\\\/www.porvootours.fi\\\/#organization\",\"name\":\"Porvoo Tours\",\"url\":\"https:\\\/\\\/www.porvootours.fi\\\/\",\"logo\":{\"@type\":\"ImageObject\",\"inLanguage\":\"sv-SE\",\"@id\":\"https:\\\/\\\/www.porvootours.fi\\\/#\\\/schema\\\/logo\\\/image\\\/\",\"url\":\"https:\\\/\\\/www.porvootours.fi\\\/wp-content\\\/uploads\\\/2020\\\/02\\\/porvootours_logo1.png\",\"contentUrl\":\"https:\\\/\\\/www.porvootours.fi\\\/wp-content\\\/uploads\\\/2020\\\/02\\\/porvootours_logo1.png\",\"width\":300,\"height\":70,\"caption\":\"Porvoo Tours\"},\"image\":{\"@id\":\"https:\\\/\\\/www.porvootours.fi\\\/#\\\/schema\\\/logo\\\/image\\\/\"},\"sameAs\":[\"https:\\\/\\\/www.facebook.com\\\/Porvoo-Tours-136597746389488\\\/\"]}]}<\/script>\n<!-- \/ Yoast SEO plugin. -->","yoast_head_json":{"title":"Borg\u00e5 | Porvoo Tours - researrang\u00f6r","robots":{"index":"index","follow":"follow","max-snippet":"max-snippet:-1","max-image-preview":"max-image-preview:large","max-video-preview":"max-video-preview:-1"},"canonical":"https:\/\/www.porvootours.fi\/sv\/grupper\/borga\/","og_locale":"sv_SE","og_type":"article","og_title":"Borg\u00e5 | Porvoo Tours - researrang\u00f6r","og_description":"Upplev historiska och levande Borg\u00e5 \u2013 F\u00e4rdiga resepaket f\u00f6r grupper Upplev historia och nutid i ett och samma paket! Borg\u00e5regionen \u00e4r en genuin och outsinlig k\u00e4lla till minnesv\u00e4rda upplevelser. I &hellip; \u00bb","og_url":"https:\/\/www.porvootours.fi\/sv\/grupper\/borga\/","og_site_name":"Porvoo Tours - researrang\u00f6r","article_publisher":"https:\/\/www.facebook.com\/Porvoo-Tours-136597746389488\/","article_modified_time":"2026-01-29T14:12:56+00:00","og_image":[{"width":1200,"height":630,"url":"https:\/\/www.porvootours.fi\/wp-content\/uploads\/2021\/05\/porvootours_1200px_fb_jokiranta.jpg","type":"image\/jpeg"}],"twitter_card":"summary_large_image","twitter_misc":{"Ber\u00e4knad l\u00e4stid":"1 minut"},"schema":{"@context":"https:\/\/schema.org","@graph":[{"@type":"WebPage","@id":"https:\/\/www.porvootours.fi\/sv\/grupper\/borga\/","url":"https:\/\/www.porvootours.fi\/sv\/grupper\/borga\/","name":"Borg\u00e5 | Porvoo Tours - researrang\u00f6r","isPartOf":{"@id":"https:\/\/www.porvootours.fi\/#website"},"datePublished":"2019-03-06T11:01:18+00:00","dateModified":"2026-01-29T14:12:56+00:00","breadcrumb":{"@id":"https:\/\/www.porvootours.fi\/sv\/grupper\/borga\/#breadcrumb"},"inLanguage":"sv-SE","potentialAction":[{"@type":"ReadAction","target":["https:\/\/www.porvootours.fi\/sv\/grupper\/borga\/"]}]},{"@type":"BreadcrumbList","@id":"https:\/\/www.porvootours.fi\/sv\/grupper\/borga\/#breadcrumb","itemListElement":[{"@type":"ListItem","position":1,"name":"Home","item":"https:\/\/www.porvootours.fi\/sv\/"},{"@type":"ListItem","position":2,"name":"Grupper","item":"https:\/\/www.porvootours.fi\/sv\/grupper\/"},{"@type":"ListItem","position":3,"name":"Borg\u00e5"}]},{"@type":"WebSite","@id":"https:\/\/www.porvootours.fi\/#website","url":"https:\/\/www.porvootours.fi\/","name":"Porvoo Tours - matkanj\u00e4rjest\u00e4j\u00e4","description":"Ryhm\u00e4matkojen ja kokouksien j\u00e4rjest\u00e4j\u00e4. Porvoo, Sipoo - gruppresor och m\u00f6tesresorja Loviisa","publisher":{"@id":"https:\/\/www.porvootours.fi\/#organization"},"alternateName":"Porvoo Tours","potentialAction":[{"@type":"SearchAction","target":{"@type":"EntryPoint","urlTemplate":"https:\/\/www.porvootours.fi\/?s={search_term_string}"},"query-input":{"@type":"PropertyValueSpecification","valueRequired":true,"valueName":"search_term_string"}}],"inLanguage":"sv-SE"},{"@type":"Organization","@id":"https:\/\/www.porvootours.fi\/#organization","name":"Porvoo Tours","url":"https:\/\/www.porvootours.fi\/","logo":{"@type":"ImageObject","inLanguage":"sv-SE","@id":"https:\/\/www.porvootours.fi\/#\/schema\/logo\/image\/","url":"https:\/\/www.porvootours.fi\/wp-content\/uploads\/2020\/02\/porvootours_logo1.png","contentUrl":"https:\/\/www.porvootours.fi\/wp-content\/uploads\/2020\/02\/porvootours_logo1.png","width":300,"height":70,"caption":"Porvoo Tours"},"image":{"@id":"https:\/\/www.porvootours.fi\/#\/schema\/logo\/image\/"},"sameAs":["https:\/\/www.facebook.com\/Porvoo-Tours-136597746389488\/"]}]}},"_links":{"self":[{"href":"https:\/\/www.porvootours.fi\/sv\/wp-json\/wp\/v2\/pages\/4380","targetHints":{"allow":["GET"]}}],"collection":[{"href":"https:\/\/www.porvootours.fi\/sv\/wp-json\/wp\/v2\/pages"}],"about":[{"href":"https:\/\/www.porvootours.fi\/sv\/wp-json\/wp\/v2\/types\/page"}],"author":[{"embeddable":true,"href":"https:\/\/www.porvootours.fi\/sv\/wp-json\/wp\/v2\/users\/1"}],"replies":[{"embeddable":true,"href":"https:\/\/www.porvootours.fi\/sv\/wp-json\/wp\/v2\/comments?post=4380"}],"version-history":[{"count":0,"href":"https:\/\/www.porvootours.fi\/sv\/wp-json\/wp\/v2\/pages\/4380\/revisions"}],"up":[{"embeddable":true,"href":"https:\/\/www.porvootours.fi\/sv\/wp-json\/wp\/v2\/pages\/4394"}],"wp:attachment":[{"href":"https:\/\/www.porvootours.fi\/sv\/wp-json\/wp\/v2\/media?parent=4380"}],"curies":[{"name":"wp","href":"https:\/\/api.w.org\/{rel}","templated":true}]}}