{"id":4360,"date":"2019-02-25T19:34:10","date_gmt":"2019-02-25T19:34:10","guid":{"rendered":"http:\/\/www.porvootours.fi\/opastukset-hinnasto-ehdot\/"},"modified":"2026-01-14T11:30:35","modified_gmt":"2026-01-14T11:30:35","slug":"guidnings-prislista-villkor","status":"publish","type":"page","link":"https:\/\/www.porvootours.fi\/sv\/guidningar\/guidnings-prislista-villkor\/","title":{"rendered":"Guidningar prislista och villkor"},"content":{"rendered":"<div id=\"pl-4360\"  class=\"panel-layout\" ><div id=\"pg-4360-0\"  class=\"panel-grid panel-no-style\" ><div id=\"pgc-4360-0-0\"  class=\"panel-grid-cell\" ><div id=\"panel-4360-0-0-0\" class=\"so-panel widget widget_black-studio-tinymce widget_black_studio_tinymce panel-first-child panel-last-child\" data-index=\"0\" ><div class=\"textwidget\"><h1>Guidningarnas priser och villkor<\/h1>\n<p>Porvoo Tours Ab f\u00f6rmedlar officiella av Finlands Guidef\u00f6rbund auktoriserade turistguider i Borg\u00e5, Lovisa och Sibbo. Guiderna \u00e4r medlemmar i de lokala guidef\u00f6reningarna.<\/p>\n<p>Du kan boka en guide f\u00f6r en stadsrundtur, en promenadtur eller f\u00f6r att presentera v\u00e5ra sev\u00e4rdheter, bes\u00f6ksm\u00e5l och museer. Guiden kan \u00e5ka p\u00e5 en sk\u00e4rg\u00e5rdskryssning, en heldagsutflykt, utforska n\u00e4romr\u00e5dets p\u00e4rlor och m\u00e5nga andra of\u00f6rgl\u00f6mliga resm\u00e5l. Genom oss kan du \u00e4ven boka reseledartj\u00e4nster f\u00f6r l\u00e4ngre resor.<\/p>\n<h4>Prislista 2026 \u2013 Borg\u00e5, Lovisa och Sibbo<\/h4>\n<h3>Standardguidningar<\/h3>\n<\/div><\/div><\/div><\/div><div id=\"pg-4360-1\"  class=\"panel-grid panel-no-style\" ><div id=\"pgc-4360-1-0\"  class=\"panel-grid-cell\" ><div id=\"panel-4360-1-0-0\" class=\"so-panel widget widget_black-studio-tinymce widget_black_studio_tinymce panel-first-child panel-last-child\" data-index=\"1\" ><div class=\"textwidget\">\n<table id=\"tablepress-3\" class=\"tablepress tablepress-id-3\">\n<thead>\n<tr class=\"row-1\">\n\t<th class=\"column-1\">Vardag<br \/>Timmar<\/th><th class=\"column-2\">Alla spr\u00e5k<br \/> inkl. moms 25,5 %<\/th>\n<\/tr>\n<\/thead>\n<tbody class=\"row-striping row-hover\">\n<tr class=\"row-2\">\n\t<td class=\"column-1\">1.5<\/td><td class=\"column-2\">170 \u20ac<\/td>\n<\/tr>\n<tr class=\"row-3\">\n\t<td class=\"column-1\">2<\/td><td class=\"column-2\">192 \u20ac<\/td>\n<\/tr>\n<tr class=\"row-4\">\n\t<td class=\"column-1\">2.5<\/td><td class=\"column-2\">214 \u20ac<\/td>\n<\/tr>\n<tr class=\"row-5\">\n\t<td class=\"column-1\">3<\/td><td class=\"column-2\">236 \u20ac<\/td>\n<\/tr>\n<tr class=\"row-6\">\n\t<td class=\"column-1\">3.5<\/td><td class=\"column-2\">258 \u20ac<\/td>\n<\/tr>\n<tr class=\"row-7\">\n\t<td class=\"column-1\">4<\/td><td class=\"column-2\">281 \u20ac<\/td>\n<\/tr>\n<tr class=\"row-8\">\n\t<td class=\"column-1\">4.5<\/td><td class=\"column-2\">303 \u20ac<\/td>\n<\/tr>\n<tr class=\"row-9\">\n\t<td class=\"column-1\">5<\/td><td class=\"column-2\">325 \u20ac<\/td>\n<\/tr>\n<tr class=\"row-10\">\n\t<td class=\"column-1\">5.5<\/td><td class=\"column-2\">347 \u20ac<\/td>\n<\/tr>\n<tr class=\"row-11\">\n\t<td class=\"column-1\">6<\/td><td class=\"column-2\">369 \u20ac<\/td>\n<\/tr>\n<tr class=\"row-12\">\n\t<td class=\"column-1\">6.5<\/td><td class=\"column-2\">391 \u20ac<\/td>\n<\/tr>\n<tr class=\"row-13\">\n\t<td class=\"column-1\">7<\/td><td class=\"column-2\">413 \u20ac<\/td>\n<\/tr>\n<\/tbody>\n<\/table>\n<!-- #tablepress-3 from cache -->\n<\/div><\/div><\/div><div id=\"pgc-4360-1-1\"  class=\"panel-grid-cell\" ><div id=\"panel-4360-1-1-0\" class=\"so-panel widget widget_black-studio-tinymce widget_black_studio_tinymce panel-first-child panel-last-child\" data-index=\"2\" ><div class=\"textwidget\">\n<table id=\"tablepress-4\" class=\"tablepress tablepress-id-4\">\n<thead>\n<tr class=\"row-1\">\n\t<th class=\"column-1\">S\u00f6ndagar<br \/>Timmar<\/th><th class=\"column-2\">Alla spr\u00e5k<br \/> inkl. moms 25,5%<\/th>\n<\/tr>\n<\/thead>\n<tbody class=\"row-striping row-hover\">\n<tr class=\"row-2\">\n\t<td class=\"column-1\">1.5<\/td><td class=\"column-2\">218 \u20ac<\/td>\n<\/tr>\n<tr class=\"row-3\">\n\t<td class=\"column-1\">2<\/td><td class=\"column-2\">251 \u20ac<\/td>\n<\/tr>\n<tr class=\"row-4\">\n\t<td class=\"column-1\">2.5<\/td><td class=\"column-2\">284 \u20ac<\/td>\n<\/tr>\n<tr class=\"row-5\">\n\t<td class=\"column-1\">3<\/td><td class=\"column-2\">317 \u20ac<\/td>\n<\/tr>\n<tr class=\"row-6\">\n\t<td class=\"column-1\">3.5<\/td><td class=\"column-2\">350 \u20ac<\/td>\n<\/tr>\n<tr class=\"row-7\">\n\t<td class=\"column-1\">4<\/td><td class=\"column-2\">383 \u20ac<\/td>\n<\/tr>\n<tr class=\"row-8\">\n\t<td class=\"column-1\">4.5<\/td><td class=\"column-2\">417 \u20ac<\/td>\n<\/tr>\n<tr class=\"row-9\">\n\t<td class=\"column-1\">5<\/td><td class=\"column-2\">450 \u20ac<\/td>\n<\/tr>\n<tr class=\"row-10\">\n\t<td class=\"column-1\">5.5<\/td><td class=\"column-2\">483 \u20ac<\/td>\n<\/tr>\n<tr class=\"row-11\">\n\t<td class=\"column-1\">6<\/td><td class=\"column-2\">516 \u20ac<\/td>\n<\/tr>\n<tr class=\"row-12\">\n\t<td class=\"column-1\">6.5<\/td><td class=\"column-2\">549 \u20ac<\/td>\n<\/tr>\n<tr class=\"row-13\">\n\t<td class=\"column-1\">7<\/td><td class=\"column-2\">582 \u20ac<\/td>\n<\/tr>\n<\/tbody>\n<\/table>\n<!-- #tablepress-4 from cache -->\n<\/div><\/div><\/div><\/div><div id=\"pg-4360-2\"  class=\"panel-grid panel-no-style\" ><div id=\"pgc-4360-2-0\"  class=\"panel-grid-cell\" ><div id=\"panel-4360-2-0-0\" class=\"so-panel widget widget_black-studio-tinymce widget_black_studio_tinymce panel-first-child\" data-index=\"3\" ><div class=\"textwidget\"><div class=\"hrule clearfix\" style=\"background:#c1c1c1; height:1px\"><\/div>\n<\/div><\/div><div id=\"panel-4360-2-0-1\" class=\"so-panel widget widget_black-studio-tinymce widget_black_studio_tinymce panel-last-child\" data-index=\"4\" ><div class=\"textwidget\"><h3>Temaguidningar<\/h3>\n<p>Guidningar finns tillg\u00e4ngliga p\u00e5 svenska, finska och engelska. Observera att alla guidningar inte ges p\u00e5 samtliga spr\u00e5k. V\u00e4nligen kontakta oss p\u00e5 f\u00f6rhand f\u00f6r att bekr\u00e4fta tillg\u00e4ngligheten p\u00e5 ditt \u00f6nskade spr\u00e5k.<\/p>\n<\/div><\/div><\/div><\/div><div id=\"pg-4360-3\"  class=\"panel-grid panel-no-style\" ><div id=\"pgc-4360-3-0\"  class=\"panel-grid-cell\" ><div id=\"panel-4360-3-0-0\" class=\"so-panel widget widget_black-studio-tinymce widget_black_studio_tinymce panel-first-child panel-last-child\" data-index=\"5\" ><div class=\"textwidget\">\n<table id=\"tablepress-13\" class=\"tablepress tablepress-id-13\">\n<thead>\n<tr class=\"row-1\">\n\t<th class=\"column-1\">Vardag<br \/>\nTimmar<\/th><th class=\"column-2\">Alla spr\u00e5k<br \/>\ninkl. moms 25,5%<\/th>\n<\/tr>\n<\/thead>\n<tbody class=\"row-striping row-hover\">\n<tr class=\"row-2\">\n\t<td class=\"column-1\">1- 1.5 <\/td><td class=\"column-2\">200 \u20ac<\/td>\n<\/tr>\n<\/tbody>\n<\/table>\n<!-- #tablepress-13 from cache -->\n<\/div><\/div><\/div><div id=\"pgc-4360-3-1\"  class=\"panel-grid-cell\" ><div id=\"panel-4360-3-1-0\" class=\"so-panel widget widget_black-studio-tinymce widget_black_studio_tinymce panel-first-child panel-last-child\" data-index=\"6\" ><div class=\"textwidget\">\n<table id=\"tablepress-14\" class=\"tablepress tablepress-id-14\">\n<thead>\n<tr class=\"row-1\">\n\t<th class=\"column-1\">S\u00f6ndagar<br \/>\nTimmar<\/th><th class=\"column-2\">Alla spr\u00e5k <br \/>\ninkl. moms 25,5%<\/th>\n<\/tr>\n<\/thead>\n<tbody class=\"row-striping row-hover\">\n<tr class=\"row-2\">\n\t<td class=\"column-1\">1 - 1.5<\/td><td class=\"column-2\">270 \u20ac<\/td>\n<\/tr>\n<\/tbody>\n<\/table>\n<!-- #tablepress-14 from cache -->\n<\/div><\/div><\/div><\/div><div id=\"pg-4360-4\"  class=\"panel-grid panel-no-style\" ><div id=\"pgc-4360-4-0\"  class=\"panel-grid-cell\" ><div id=\"panel-4360-4-0-0\" class=\"so-panel widget widget_black-studio-tinymce widget_black_studio_tinymce panel-first-child\" data-index=\"7\" ><div class=\"textwidget\"><div class=\"hrule clearfix\" style=\"background:#c1c1c1; height:1px\"><\/div>\n<\/div><\/div><div id=\"panel-4360-4-0-1\" class=\"so-panel widget widget_black-studio-tinymce widget_black_studio_tinymce panel-last-child\" data-index=\"8\" ><div class=\"textwidget\"><h3>Dramaguidningar<\/h3>\n<p>Guidningar finns tillg\u00e4ngliga p\u00e5 svenska, finska och engelska. Observera att alla guidningar inte ges p\u00e5 samtliga spr\u00e5k. V\u00e4nligen kontakta oss p\u00e5 f\u00f6rhand f\u00f6r att bekr\u00e4fta tillg\u00e4ngligheten p\u00e5 ditt \u00f6nskade spr\u00e5k.<\/p>\n<\/div><\/div><\/div><\/div><div id=\"pg-4360-5\"  class=\"panel-grid panel-no-style\" ><div id=\"pgc-4360-5-0\"  class=\"panel-grid-cell\" ><div id=\"panel-4360-5-0-0\" class=\"so-panel widget widget_black-studio-tinymce widget_black_studio_tinymce panel-first-child panel-last-child\" data-index=\"9\" ><div class=\"textwidget\">\n<table id=\"tablepress-15\" class=\"tablepress tablepress-id-15\">\n<thead>\n<tr class=\"row-1\">\n\t<th class=\"column-1\">Vardag<br \/>\nTimmar<\/th><th class=\"column-2\">Alla spr\u00e5k<br \/>\ninkl. moms 25,5%<\/th>\n<\/tr>\n<\/thead>\n<tbody class=\"row-striping row-hover\">\n<tr class=\"row-2\">\n\t<td class=\"column-1\">1 -1.5<\/td><td class=\"column-2\">214 \u20ac<\/td>\n<\/tr>\n<\/tbody>\n<\/table>\n<!-- #tablepress-15 from cache -->\n<\/div><\/div><\/div><div id=\"pgc-4360-5-1\"  class=\"panel-grid-cell\" ><div id=\"panel-4360-5-1-0\" class=\"so-panel widget widget_black-studio-tinymce widget_black_studio_tinymce panel-first-child panel-last-child\" data-index=\"10\" ><div class=\"textwidget\">\n<table id=\"tablepress-16\" class=\"tablepress tablepress-id-16\">\n<thead>\n<tr class=\"row-1\">\n\t<th class=\"column-1\">S\u00f6ndagar<br \/>\nTimmar<\/th><th class=\"column-2\">Alla spr\u00e5k<br \/>\ninkl. moms 25,5%<\/th>\n<\/tr>\n<\/thead>\n<tbody class=\"row-striping row-hover\">\n<tr class=\"row-2\">\n\t<td class=\"column-1\">1 - 1.5<\/td><td class=\"column-2\">284 \u20ac<\/td>\n<\/tr>\n<\/tbody>\n<\/table>\n<!-- #tablepress-16 from cache -->\n<\/div><\/div><\/div><\/div><div id=\"pg-4360-6\"  class=\"panel-grid panel-no-style\" ><div id=\"pgc-4360-6-0\"  class=\"panel-grid-cell\" ><div id=\"panel-4360-6-0-0\" class=\"so-panel widget widget_black-studio-tinymce widget_black_studio_tinymce panel-first-child\" data-index=\"11\" ><div class=\"textwidget\"><div class=\"hrule clearfix\" style=\"background:#c1c1c1; height:1px\"><\/div>\n<\/div><\/div><div id=\"panel-4360-6-0-1\" class=\"so-panel widget widget_black-studio-tinymce widget_black_studio_tinymce panel-last-child\" data-index=\"12\" ><div class=\"textwidget\"><h4><strong>Guidningar kan bokas p\u00e5 f\u00f6ljande spr\u00e5k:<\/strong><\/h4>\n<p>Finska, svenska, engelska, tyska, franska, ryska, estniska, italienska, spanska, danska, norska och skandinaviska.<\/p>\n<h4>Avbokningsvillkor<\/h4>\n<p>Avbokningen m\u00e5ste ske tv\u00e5 arbetsdagar f\u00f6re guidningen. Om avbokningen sker senare eller det blir en sk. no show, betalar kunden hela priset f\u00f6r guidningen.<\/p>\n<h4>Pris<\/h4>\n<p>I priset ing\u00e5r guidearvode, semesterers\u00e4ttning, socialavgifter och pensionsavgifter samt moms 25,5%.<\/p>\n<h4>H\u00f6jda priser<\/h4>\n<p>P\u00e5 s\u00f6ndagar och lokala helgdagar kl. 00.00-24.00 samt nattguidningar kl. 20.00-06.00. Tv\u00e5spr\u00e5kiga guidningar mot extra avgift.<\/p>\n<h4>Betalning<\/h4>\n<ol>\n<li>Betalningen sker efter guidningen, om annat inte \u00f6verenskommits. Till r\u00e4kningen tills\u00e4tts 10 \u20ac faktureringstill\u00e4gg.<\/li>\n<li>Kontant p\u00e5 plats till guiden (j\u00e4mna pengar).<\/li>\n<\/ol>\n<\/div><\/div><\/div><\/div><\/div>","protected":false},"excerpt":{"rendered":"<p>Guidningarnas priser och villkor Porvoo Tours Ab f\u00f6rmedlar officiella av Finlands Guidef\u00f6rbund auktoriserade turistguider i Borg\u00e5, Lovisa och Sibbo. Guiderna \u00e4r medlemmar i de lokala guidef\u00f6reningarna. Du kan boka en &hellip; <a class=\"kt-excerpt-readmore more-link\" href=\"https:\/\/www.porvootours.fi\/sv\/guidningar\/guidnings-prislista-villkor\/\" aria-label=\"Guidningar prislista och villkor\">\u00bb<\/a><\/p>\n","protected":false},"author":1,"featured_media":0,"parent":4406,"menu_order":0,"comment_status":"closed","ping_status":"closed","template":"","meta":{"kt_blocks_editor_width":"","footnotes":""},"class_list":["post-4360","page","type-page","status-publish","hentry"],"yoast_head":"<!-- This site is optimized with the Yoast SEO plugin v27.3 - https:\/\/yoast.com\/product\/yoast-seo-wordpress\/ -->\n<title>Guidningar prislista och villkor | Porvoo Tours - researrang\u00f6r<\/title>\n<meta name=\"robots\" content=\"index, follow, max-snippet:-1, max-image-preview:large, max-video-preview:-1\" \/>\n<link rel=\"canonical\" href=\"https:\/\/www.porvootours.fi\/sv\/guidningar\/guidnings-prislista-villkor\/\" \/>\n<meta property=\"og:locale\" content=\"sv_SE\" \/>\n<meta property=\"og:type\" content=\"article\" \/>\n<meta property=\"og:title\" content=\"Guidningar prislista och villkor | Porvoo Tours - researrang\u00f6r\" \/>\n<meta property=\"og:description\" content=\"Guidningarnas priser och villkor Porvoo Tours Ab f\u00f6rmedlar officiella av Finlands Guidef\u00f6rbund auktoriserade turistguider i Borg\u00e5, Lovisa och Sibbo. Guiderna \u00e4r medlemmar i de lokala guidef\u00f6reningarna. Du kan boka en &hellip; \u00bb\" \/>\n<meta property=\"og:url\" content=\"https:\/\/www.porvootours.fi\/sv\/guidningar\/guidnings-prislista-villkor\/\" \/>\n<meta property=\"og:site_name\" content=\"Porvoo Tours - researrang\u00f6r\" \/>\n<meta property=\"article:publisher\" content=\"https:\/\/www.facebook.com\/Porvoo-Tours-136597746389488\/\" \/>\n<meta property=\"article:modified_time\" content=\"2026-01-14T11:30:35+00:00\" \/>\n<meta property=\"og:image\" content=\"https:\/\/www.porvootours.fi\/wp-content\/uploads\/2021\/05\/porvootours_1200px_fb_jokiranta.jpg\" \/>\n\t<meta property=\"og:image:width\" content=\"1200\" \/>\n\t<meta property=\"og:image:height\" content=\"630\" \/>\n\t<meta property=\"og:image:type\" content=\"image\/jpeg\" \/>\n<meta name=\"twitter:card\" content=\"summary_large_image\" \/>\n<meta name=\"twitter:label1\" content=\"Ber\u00e4knad l\u00e4stid\" \/>\n\t<meta name=\"twitter:data1\" content=\"3 minuter\" \/>\n<script type=\"application\/ld+json\" class=\"yoast-schema-graph\">{\"@context\":\"https:\\\/\\\/schema.org\",\"@graph\":[{\"@type\":\"WebPage\",\"@id\":\"https:\\\/\\\/www.porvootours.fi\\\/sv\\\/guidningar\\\/guidnings-prislista-villkor\\\/\",\"url\":\"https:\\\/\\\/www.porvootours.fi\\\/sv\\\/guidningar\\\/guidnings-prislista-villkor\\\/\",\"name\":\"Guidningar prislista och villkor | Porvoo Tours - researrang\u00f6r\",\"isPartOf\":{\"@id\":\"https:\\\/\\\/www.porvootours.fi\\\/#website\"},\"datePublished\":\"2019-02-25T19:34:10+00:00\",\"dateModified\":\"2026-01-14T11:30:35+00:00\",\"breadcrumb\":{\"@id\":\"https:\\\/\\\/www.porvootours.fi\\\/sv\\\/guidningar\\\/guidnings-prislista-villkor\\\/#breadcrumb\"},\"inLanguage\":\"sv-SE\",\"potentialAction\":[{\"@type\":\"ReadAction\",\"target\":[\"https:\\\/\\\/www.porvootours.fi\\\/sv\\\/guidningar\\\/guidnings-prislista-villkor\\\/\"]}]},{\"@type\":\"BreadcrumbList\",\"@id\":\"https:\\\/\\\/www.porvootours.fi\\\/sv\\\/guidningar\\\/guidnings-prislista-villkor\\\/#breadcrumb\",\"itemListElement\":[{\"@type\":\"ListItem\",\"position\":1,\"name\":\"Home\",\"item\":\"https:\\\/\\\/www.porvootours.fi\\\/sv\\\/\"},{\"@type\":\"ListItem\",\"position\":2,\"name\":\"Guidningar\",\"item\":\"https:\\\/\\\/www.porvootours.fi\\\/sv\\\/guidningar\\\/\"},{\"@type\":\"ListItem\",\"position\":3,\"name\":\"Guidningar prislista och villkor\"}]},{\"@type\":\"WebSite\",\"@id\":\"https:\\\/\\\/www.porvootours.fi\\\/#website\",\"url\":\"https:\\\/\\\/www.porvootours.fi\\\/\",\"name\":\"Porvoo Tours - matkanj\u00e4rjest\u00e4j\u00e4\",\"description\":\"Ryhm\u00e4matkojen ja kokouksien j\u00e4rjest\u00e4j\u00e4. Porvoo, Sipoo - gruppresor och m\u00f6tesresorja Loviisa\",\"publisher\":{\"@id\":\"https:\\\/\\\/www.porvootours.fi\\\/#organization\"},\"alternateName\":\"Porvoo Tours\",\"potentialAction\":[{\"@type\":\"SearchAction\",\"target\":{\"@type\":\"EntryPoint\",\"urlTemplate\":\"https:\\\/\\\/www.porvootours.fi\\\/?s={search_term_string}\"},\"query-input\":{\"@type\":\"PropertyValueSpecification\",\"valueRequired\":true,\"valueName\":\"search_term_string\"}}],\"inLanguage\":\"sv-SE\"},{\"@type\":\"Organization\",\"@id\":\"https:\\\/\\\/www.porvootours.fi\\\/#organization\",\"name\":\"Porvoo Tours\",\"url\":\"https:\\\/\\\/www.porvootours.fi\\\/\",\"logo\":{\"@type\":\"ImageObject\",\"inLanguage\":\"sv-SE\",\"@id\":\"https:\\\/\\\/www.porvootours.fi\\\/#\\\/schema\\\/logo\\\/image\\\/\",\"url\":\"https:\\\/\\\/www.porvootours.fi\\\/wp-content\\\/uploads\\\/2020\\\/02\\\/porvootours_logo1.png\",\"contentUrl\":\"https:\\\/\\\/www.porvootours.fi\\\/wp-content\\\/uploads\\\/2020\\\/02\\\/porvootours_logo1.png\",\"width\":300,\"height\":70,\"caption\":\"Porvoo Tours\"},\"image\":{\"@id\":\"https:\\\/\\\/www.porvootours.fi\\\/#\\\/schema\\\/logo\\\/image\\\/\"},\"sameAs\":[\"https:\\\/\\\/www.facebook.com\\\/Porvoo-Tours-136597746389488\\\/\"]}]}<\/script>\n<!-- \/ Yoast SEO plugin. -->","yoast_head_json":{"title":"Guidningar prislista och villkor | Porvoo Tours - researrang\u00f6r","robots":{"index":"index","follow":"follow","max-snippet":"max-snippet:-1","max-image-preview":"max-image-preview:large","max-video-preview":"max-video-preview:-1"},"canonical":"https:\/\/www.porvootours.fi\/sv\/guidningar\/guidnings-prislista-villkor\/","og_locale":"sv_SE","og_type":"article","og_title":"Guidningar prislista och villkor | Porvoo Tours - researrang\u00f6r","og_description":"Guidningarnas priser och villkor Porvoo Tours Ab f\u00f6rmedlar officiella av Finlands Guidef\u00f6rbund auktoriserade turistguider i Borg\u00e5, Lovisa och Sibbo. Guiderna \u00e4r medlemmar i de lokala guidef\u00f6reningarna. Du kan boka en &hellip; \u00bb","og_url":"https:\/\/www.porvootours.fi\/sv\/guidningar\/guidnings-prislista-villkor\/","og_site_name":"Porvoo Tours - researrang\u00f6r","article_publisher":"https:\/\/www.facebook.com\/Porvoo-Tours-136597746389488\/","article_modified_time":"2026-01-14T11:30:35+00:00","og_image":[{"width":1200,"height":630,"url":"https:\/\/www.porvootours.fi\/wp-content\/uploads\/2021\/05\/porvootours_1200px_fb_jokiranta.jpg","type":"image\/jpeg"}],"twitter_card":"summary_large_image","twitter_misc":{"Ber\u00e4knad l\u00e4stid":"3 minuter"},"schema":{"@context":"https:\/\/schema.org","@graph":[{"@type":"WebPage","@id":"https:\/\/www.porvootours.fi\/sv\/guidningar\/guidnings-prislista-villkor\/","url":"https:\/\/www.porvootours.fi\/sv\/guidningar\/guidnings-prislista-villkor\/","name":"Guidningar prislista och villkor | Porvoo Tours - researrang\u00f6r","isPartOf":{"@id":"https:\/\/www.porvootours.fi\/#website"},"datePublished":"2019-02-25T19:34:10+00:00","dateModified":"2026-01-14T11:30:35+00:00","breadcrumb":{"@id":"https:\/\/www.porvootours.fi\/sv\/guidningar\/guidnings-prislista-villkor\/#breadcrumb"},"inLanguage":"sv-SE","potentialAction":[{"@type":"ReadAction","target":["https:\/\/www.porvootours.fi\/sv\/guidningar\/guidnings-prislista-villkor\/"]}]},{"@type":"BreadcrumbList","@id":"https:\/\/www.porvootours.fi\/sv\/guidningar\/guidnings-prislista-villkor\/#breadcrumb","itemListElement":[{"@type":"ListItem","position":1,"name":"Home","item":"https:\/\/www.porvootours.fi\/sv\/"},{"@type":"ListItem","position":2,"name":"Guidningar","item":"https:\/\/www.porvootours.fi\/sv\/guidningar\/"},{"@type":"ListItem","position":3,"name":"Guidningar prislista och villkor"}]},{"@type":"WebSite","@id":"https:\/\/www.porvootours.fi\/#website","url":"https:\/\/www.porvootours.fi\/","name":"Porvoo Tours - matkanj\u00e4rjest\u00e4j\u00e4","description":"Ryhm\u00e4matkojen ja kokouksien j\u00e4rjest\u00e4j\u00e4. Porvoo, Sipoo - gruppresor och m\u00f6tesresorja Loviisa","publisher":{"@id":"https:\/\/www.porvootours.fi\/#organization"},"alternateName":"Porvoo Tours","potentialAction":[{"@type":"SearchAction","target":{"@type":"EntryPoint","urlTemplate":"https:\/\/www.porvootours.fi\/?s={search_term_string}"},"query-input":{"@type":"PropertyValueSpecification","valueRequired":true,"valueName":"search_term_string"}}],"inLanguage":"sv-SE"},{"@type":"Organization","@id":"https:\/\/www.porvootours.fi\/#organization","name":"Porvoo Tours","url":"https:\/\/www.porvootours.fi\/","logo":{"@type":"ImageObject","inLanguage":"sv-SE","@id":"https:\/\/www.porvootours.fi\/#\/schema\/logo\/image\/","url":"https:\/\/www.porvootours.fi\/wp-content\/uploads\/2020\/02\/porvootours_logo1.png","contentUrl":"https:\/\/www.porvootours.fi\/wp-content\/uploads\/2020\/02\/porvootours_logo1.png","width":300,"height":70,"caption":"Porvoo Tours"},"image":{"@id":"https:\/\/www.porvootours.fi\/#\/schema\/logo\/image\/"},"sameAs":["https:\/\/www.facebook.com\/Porvoo-Tours-136597746389488\/"]}]}},"_links":{"self":[{"href":"https:\/\/www.porvootours.fi\/sv\/wp-json\/wp\/v2\/pages\/4360","targetHints":{"allow":["GET"]}}],"collection":[{"href":"https:\/\/www.porvootours.fi\/sv\/wp-json\/wp\/v2\/pages"}],"about":[{"href":"https:\/\/www.porvootours.fi\/sv\/wp-json\/wp\/v2\/types\/page"}],"author":[{"embeddable":true,"href":"https:\/\/www.porvootours.fi\/sv\/wp-json\/wp\/v2\/users\/1"}],"replies":[{"embeddable":true,"href":"https:\/\/www.porvootours.fi\/sv\/wp-json\/wp\/v2\/comments?post=4360"}],"version-history":[{"count":0,"href":"https:\/\/www.porvootours.fi\/sv\/wp-json\/wp\/v2\/pages\/4360\/revisions"}],"up":[{"embeddable":true,"href":"https:\/\/www.porvootours.fi\/sv\/wp-json\/wp\/v2\/pages\/4406"}],"wp:attachment":[{"href":"https:\/\/www.porvootours.fi\/sv\/wp-json\/wp\/v2\/media?parent=4360"}],"curies":[{"name":"wp","href":"https:\/\/api.w.org\/{rel}","templated":true}]}}