{"id":4337,"date":"2019-03-06T11:12:56","date_gmt":"2019-03-06T11:12:56","guid":{"rendered":"http:\/\/www.porvootours.fi\/mote-program\/kokouspaketit\/"},"modified":"2025-01-28T12:57:28","modified_gmt":"2025-01-28T12:57:28","slug":"motespaket","status":"publish","type":"page","link":"https:\/\/www.porvootours.fi\/sv\/mote-program\/motespaket\/","title":{"rendered":"M\u00f6tespaket"},"content":{"rendered":"<div id=\"pl-4337\"  class=\"panel-layout\" ><div id=\"pg-4337-0\"  class=\"panel-grid panel-no-style\" ><div id=\"pgc-4337-0-0\"  class=\"panel-grid-cell\" >\n\n        <div id=\"panel-4337-0-0-0\" class=\"so-panel widget widget_kadence_calltoaction_widget kadence_calltoaction_widget panel-first-child\" data-index=\"0\" ><div class=\"kt-ctaw clearfix\"><h2 class=\"kt-call-to-action-title\" style=\"color:#333333; font-size:50px; line-height:1; text-align:center; font-weight:300;\"  data-max-size=\"50\" data-min-size=\"36\"><B>M\u00d6TE<\/B> SEMINARIE<\/h2><\/div><\/div>\n    <div id=\"panel-4337-0-0-1\" class=\"so-panel widget widget_black-studio-tinymce widget_black_studio_tinymce panel-last-child\" data-index=\"1\" ><div class=\"textwidget\"><p>I \u00d6stnyland finns ett m\u00e5ngsidigt utbud av unika m\u00f6tesplatser; t.ex. herrg\u00e5rdar, strandbodar, gamla ladug\u00e5rdar, villor, sk\u00e4rg\u00e5rdsst\u00e4llen, fartyg samt utrymmen f\u00f6r st\u00f6rre grupper! Dessutom finns det gott om aktiviteter, sev\u00e4rdheter och upplevelser.<\/p>\n<p>Vi har planerat olika m\u00f6tespaket tillsammans med v\u00e5ra samarbetsparters. M\u00f6tespaketen kan bokas som s\u00e5dana eller \u00e4ndras enligt era \u00f6nskem\u00e5l.<\/p>\n<p>&nbsp;<\/p>\n<p>&nbsp;<\/p>\n<\/div><\/div><\/div><\/div><\/div>","protected":false},"excerpt":{"rendered":"<p>I \u00d6stnyland finns ett m\u00e5ngsidigt utbud av unika m\u00f6tesplatser; t.ex. herrg\u00e5rdar, strandbodar, gamla ladug\u00e5rdar, villor, sk\u00e4rg\u00e5rdsst\u00e4llen, fartyg samt utrymmen f\u00f6r st\u00f6rre grupper! Dessutom finns det gott om aktiviteter, sev\u00e4rdheter och &hellip; <a class=\"kt-excerpt-readmore more-link\" href=\"https:\/\/www.porvootours.fi\/sv\/mote-program\/motespaket\/\" aria-label=\"M\u00f6tespaket\">\u00bb<\/a><\/p>\n","protected":false},"author":1,"featured_media":0,"parent":4332,"menu_order":0,"comment_status":"closed","ping_status":"closed","template":"template-portfolio-grid.php","meta":{"kt_blocks_editor_width":"","footnotes":""},"class_list":["post-4337","page","type-page","status-publish","hentry"],"yoast_head":"<!-- This site is optimized with the Yoast SEO plugin v27.3 - https:\/\/yoast.com\/product\/yoast-seo-wordpress\/ -->\n<title>M\u00f6tespaket | Porvoo Tours - researrang\u00f6r<\/title>\n<meta name=\"robots\" content=\"index, follow, max-snippet:-1, max-image-preview:large, max-video-preview:-1\" \/>\n<link rel=\"canonical\" href=\"https:\/\/www.porvootours.fi\/sv\/mote-program\/motespaket\/\" \/>\n<meta property=\"og:locale\" content=\"sv_SE\" \/>\n<meta property=\"og:type\" content=\"article\" \/>\n<meta property=\"og:title\" content=\"M\u00f6tespaket | Porvoo Tours - researrang\u00f6r\" \/>\n<meta property=\"og:description\" content=\"I \u00d6stnyland finns ett m\u00e5ngsidigt utbud av unika m\u00f6tesplatser; t.ex. herrg\u00e5rdar, strandbodar, gamla ladug\u00e5rdar, villor, sk\u00e4rg\u00e5rdsst\u00e4llen, fartyg samt utrymmen f\u00f6r st\u00f6rre grupper! Dessutom finns det gott om aktiviteter, sev\u00e4rdheter och &hellip; \u00bb\" \/>\n<meta property=\"og:url\" content=\"https:\/\/www.porvootours.fi\/sv\/mote-program\/motespaket\/\" \/>\n<meta property=\"og:site_name\" content=\"Porvoo Tours - researrang\u00f6r\" \/>\n<meta property=\"article:publisher\" content=\"https:\/\/www.facebook.com\/Porvoo-Tours-136597746389488\/\" \/>\n<meta property=\"article:modified_time\" content=\"2025-01-28T12:57:28+00:00\" \/>\n<meta property=\"og:image\" content=\"https:\/\/www.porvootours.fi\/wp-content\/uploads\/2021\/05\/porvootours_1200px_fb_jokiranta.jpg\" \/>\n\t<meta property=\"og:image:width\" content=\"1200\" \/>\n\t<meta property=\"og:image:height\" content=\"630\" \/>\n\t<meta property=\"og:image:type\" content=\"image\/jpeg\" \/>\n<meta name=\"twitter:card\" content=\"summary_large_image\" \/>\n<meta name=\"twitter:label1\" content=\"Ber\u00e4knad l\u00e4stid\" \/>\n\t<meta name=\"twitter:data1\" content=\"1 minut\" \/>\n<script type=\"application\/ld+json\" class=\"yoast-schema-graph\">{\"@context\":\"https:\\\/\\\/schema.org\",\"@graph\":[{\"@type\":\"WebPage\",\"@id\":\"https:\\\/\\\/www.porvootours.fi\\\/sv\\\/mote-program\\\/motespaket\\\/\",\"url\":\"https:\\\/\\\/www.porvootours.fi\\\/sv\\\/mote-program\\\/motespaket\\\/\",\"name\":\"M\u00f6tespaket | Porvoo Tours - researrang\u00f6r\",\"isPartOf\":{\"@id\":\"https:\\\/\\\/www.porvootours.fi\\\/#website\"},\"datePublished\":\"2019-03-06T11:12:56+00:00\",\"dateModified\":\"2025-01-28T12:57:28+00:00\",\"breadcrumb\":{\"@id\":\"https:\\\/\\\/www.porvootours.fi\\\/sv\\\/mote-program\\\/motespaket\\\/#breadcrumb\"},\"inLanguage\":\"sv-SE\",\"potentialAction\":[{\"@type\":\"ReadAction\",\"target\":[\"https:\\\/\\\/www.porvootours.fi\\\/sv\\\/mote-program\\\/motespaket\\\/\"]}]},{\"@type\":\"BreadcrumbList\",\"@id\":\"https:\\\/\\\/www.porvootours.fi\\\/sv\\\/mote-program\\\/motespaket\\\/#breadcrumb\",\"itemListElement\":[{\"@type\":\"ListItem\",\"position\":1,\"name\":\"Home\",\"item\":\"https:\\\/\\\/www.porvootours.fi\\\/sv\\\/\"},{\"@type\":\"ListItem\",\"position\":2,\"name\":\"M\u00f6te &#038; Program\",\"item\":\"https:\\\/\\\/www.porvootours.fi\\\/sv\\\/mote-program\\\/\"},{\"@type\":\"ListItem\",\"position\":3,\"name\":\"M\u00f6tespaket\"}]},{\"@type\":\"WebSite\",\"@id\":\"https:\\\/\\\/www.porvootours.fi\\\/#website\",\"url\":\"https:\\\/\\\/www.porvootours.fi\\\/\",\"name\":\"Porvoo Tours - matkanj\u00e4rjest\u00e4j\u00e4\",\"description\":\"Ryhm\u00e4matkojen ja kokouksien j\u00e4rjest\u00e4j\u00e4. Porvoo, Sipoo - gruppresor och m\u00f6tesresorja Loviisa\",\"publisher\":{\"@id\":\"https:\\\/\\\/www.porvootours.fi\\\/#organization\"},\"alternateName\":\"Porvoo Tours\",\"potentialAction\":[{\"@type\":\"SearchAction\",\"target\":{\"@type\":\"EntryPoint\",\"urlTemplate\":\"https:\\\/\\\/www.porvootours.fi\\\/?s={search_term_string}\"},\"query-input\":{\"@type\":\"PropertyValueSpecification\",\"valueRequired\":true,\"valueName\":\"search_term_string\"}}],\"inLanguage\":\"sv-SE\"},{\"@type\":\"Organization\",\"@id\":\"https:\\\/\\\/www.porvootours.fi\\\/#organization\",\"name\":\"Porvoo Tours\",\"url\":\"https:\\\/\\\/www.porvootours.fi\\\/\",\"logo\":{\"@type\":\"ImageObject\",\"inLanguage\":\"sv-SE\",\"@id\":\"https:\\\/\\\/www.porvootours.fi\\\/#\\\/schema\\\/logo\\\/image\\\/\",\"url\":\"https:\\\/\\\/www.porvootours.fi\\\/wp-content\\\/uploads\\\/2020\\\/02\\\/porvootours_logo1.png\",\"contentUrl\":\"https:\\\/\\\/www.porvootours.fi\\\/wp-content\\\/uploads\\\/2020\\\/02\\\/porvootours_logo1.png\",\"width\":300,\"height\":70,\"caption\":\"Porvoo Tours\"},\"image\":{\"@id\":\"https:\\\/\\\/www.porvootours.fi\\\/#\\\/schema\\\/logo\\\/image\\\/\"},\"sameAs\":[\"https:\\\/\\\/www.facebook.com\\\/Porvoo-Tours-136597746389488\\\/\"]}]}<\/script>\n<!-- \/ Yoast SEO plugin. -->","yoast_head_json":{"title":"M\u00f6tespaket | Porvoo Tours - researrang\u00f6r","robots":{"index":"index","follow":"follow","max-snippet":"max-snippet:-1","max-image-preview":"max-image-preview:large","max-video-preview":"max-video-preview:-1"},"canonical":"https:\/\/www.porvootours.fi\/sv\/mote-program\/motespaket\/","og_locale":"sv_SE","og_type":"article","og_title":"M\u00f6tespaket | Porvoo Tours - researrang\u00f6r","og_description":"I \u00d6stnyland finns ett m\u00e5ngsidigt utbud av unika m\u00f6tesplatser; t.ex. herrg\u00e5rdar, strandbodar, gamla ladug\u00e5rdar, villor, sk\u00e4rg\u00e5rdsst\u00e4llen, fartyg samt utrymmen f\u00f6r st\u00f6rre grupper! Dessutom finns det gott om aktiviteter, sev\u00e4rdheter och &hellip; \u00bb","og_url":"https:\/\/www.porvootours.fi\/sv\/mote-program\/motespaket\/","og_site_name":"Porvoo Tours - researrang\u00f6r","article_publisher":"https:\/\/www.facebook.com\/Porvoo-Tours-136597746389488\/","article_modified_time":"2025-01-28T12:57:28+00:00","og_image":[{"width":1200,"height":630,"url":"https:\/\/www.porvootours.fi\/wp-content\/uploads\/2021\/05\/porvootours_1200px_fb_jokiranta.jpg","type":"image\/jpeg"}],"twitter_card":"summary_large_image","twitter_misc":{"Ber\u00e4knad l\u00e4stid":"1 minut"},"schema":{"@context":"https:\/\/schema.org","@graph":[{"@type":"WebPage","@id":"https:\/\/www.porvootours.fi\/sv\/mote-program\/motespaket\/","url":"https:\/\/www.porvootours.fi\/sv\/mote-program\/motespaket\/","name":"M\u00f6tespaket | Porvoo Tours - researrang\u00f6r","isPartOf":{"@id":"https:\/\/www.porvootours.fi\/#website"},"datePublished":"2019-03-06T11:12:56+00:00","dateModified":"2025-01-28T12:57:28+00:00","breadcrumb":{"@id":"https:\/\/www.porvootours.fi\/sv\/mote-program\/motespaket\/#breadcrumb"},"inLanguage":"sv-SE","potentialAction":[{"@type":"ReadAction","target":["https:\/\/www.porvootours.fi\/sv\/mote-program\/motespaket\/"]}]},{"@type":"BreadcrumbList","@id":"https:\/\/www.porvootours.fi\/sv\/mote-program\/motespaket\/#breadcrumb","itemListElement":[{"@type":"ListItem","position":1,"name":"Home","item":"https:\/\/www.porvootours.fi\/sv\/"},{"@type":"ListItem","position":2,"name":"M\u00f6te &#038; Program","item":"https:\/\/www.porvootours.fi\/sv\/mote-program\/"},{"@type":"ListItem","position":3,"name":"M\u00f6tespaket"}]},{"@type":"WebSite","@id":"https:\/\/www.porvootours.fi\/#website","url":"https:\/\/www.porvootours.fi\/","name":"Porvoo Tours - matkanj\u00e4rjest\u00e4j\u00e4","description":"Ryhm\u00e4matkojen ja kokouksien j\u00e4rjest\u00e4j\u00e4. Porvoo, Sipoo - gruppresor och m\u00f6tesresorja Loviisa","publisher":{"@id":"https:\/\/www.porvootours.fi\/#organization"},"alternateName":"Porvoo Tours","potentialAction":[{"@type":"SearchAction","target":{"@type":"EntryPoint","urlTemplate":"https:\/\/www.porvootours.fi\/?s={search_term_string}"},"query-input":{"@type":"PropertyValueSpecification","valueRequired":true,"valueName":"search_term_string"}}],"inLanguage":"sv-SE"},{"@type":"Organization","@id":"https:\/\/www.porvootours.fi\/#organization","name":"Porvoo Tours","url":"https:\/\/www.porvootours.fi\/","logo":{"@type":"ImageObject","inLanguage":"sv-SE","@id":"https:\/\/www.porvootours.fi\/#\/schema\/logo\/image\/","url":"https:\/\/www.porvootours.fi\/wp-content\/uploads\/2020\/02\/porvootours_logo1.png","contentUrl":"https:\/\/www.porvootours.fi\/wp-content\/uploads\/2020\/02\/porvootours_logo1.png","width":300,"height":70,"caption":"Porvoo Tours"},"image":{"@id":"https:\/\/www.porvootours.fi\/#\/schema\/logo\/image\/"},"sameAs":["https:\/\/www.facebook.com\/Porvoo-Tours-136597746389488\/"]}]}},"_links":{"self":[{"href":"https:\/\/www.porvootours.fi\/sv\/wp-json\/wp\/v2\/pages\/4337","targetHints":{"allow":["GET"]}}],"collection":[{"href":"https:\/\/www.porvootours.fi\/sv\/wp-json\/wp\/v2\/pages"}],"about":[{"href":"https:\/\/www.porvootours.fi\/sv\/wp-json\/wp\/v2\/types\/page"}],"author":[{"embeddable":true,"href":"https:\/\/www.porvootours.fi\/sv\/wp-json\/wp\/v2\/users\/1"}],"replies":[{"embeddable":true,"href":"https:\/\/www.porvootours.fi\/sv\/wp-json\/wp\/v2\/comments?post=4337"}],"version-history":[{"count":0,"href":"https:\/\/www.porvootours.fi\/sv\/wp-json\/wp\/v2\/pages\/4337\/revisions"}],"up":[{"embeddable":true,"href":"https:\/\/www.porvootours.fi\/sv\/wp-json\/wp\/v2\/pages\/4332"}],"wp:attachment":[{"href":"https:\/\/www.porvootours.fi\/sv\/wp-json\/wp\/v2\/media?parent=4337"}],"curies":[{"name":"wp","href":"https:\/\/api.w.org\/{rel}","templated":true}]}}