{"id":4332,"date":"2019-02-15T06:37:49","date_gmt":"2019-02-15T06:37:49","guid":{"rendered":"http:\/\/www.porvootours.fi\/kokous-ohjelmat\/"},"modified":"2025-01-28T12:56:53","modified_gmt":"2025-01-28T12:56:53","slug":"mote-program","status":"publish","type":"page","link":"https:\/\/www.porvootours.fi\/sv\/mote-program\/","title":{"rendered":"M\u00f6te &#038; Program"},"content":{"rendered":"<div id=\"pl-4332\"  class=\"panel-layout\" ><div id=\"pg-4332-0\"  class=\"panel-grid panel-no-style\" ><div id=\"pgc-4332-0-0\"  class=\"panel-grid-cell\" >\n\n        <div id=\"panel-4332-0-0-0\" class=\"so-panel widget widget_kadence_calltoaction_widget kadence_calltoaction_widget panel-first-child\" data-index=\"0\" ><div class=\"kt-ctaw clearfix\"><h2 class=\"kt-call-to-action-title\" style=\"color:#333333; font-size:50px; line-height:1; text-align:center; \"  data-max-size=\"50\" data-min-size=\"36\"><B>M\u00d6TE<\/B> PROGRAM <\/h2><\/div><\/div>\n    <div id=\"panel-4332-0-0-1\" class=\"so-panel widget widget_black-studio-tinymce widget_black_studio_tinymce panel-last-child\" data-index=\"1\" ><div class=\"textwidget\"><p>\u00d6stnyland har ett m\u00e5ngsidigt utbud av unika m\u00f6tesplatser f\u00f6r grupper!<\/p>\n<p>H\u00e4r kan du h\u00e5lla m\u00f6te t.ex. p\u00e5 ett fartyg, i en herrg\u00e5rd, hemma hos en fiskare, p\u00e5 ett bryggeri eller i ett konstgalleri.<\/p>\n<p>Vi hj\u00e4lper dig med alla bokningar, ordnar n\u00f6dv\u00e4ndig m\u00f6tesutrustning, inkvartering, m\u00e5ltider samt olika till\u00e4ggsprogram. Ber\u00e4tta om dina \u00f6nskem\u00e5l!<\/p>\n<p>M\u00f6tespaketen nedan kan k\u00f6pas som s\u00e5dana eller fungera som inspiration d\u00e5 du planerar ett m\u00f6te eller n\u00e5gon annan tillst\u00e4llning. Vi skr\u00e4ddarsyr ocks\u00e5 g\u00e4rna en helhet som passar dig och din grupp.<\/p>\n<p>&nbsp;<\/p>\n<\/div><\/div><\/div><\/div><div id=\"pg-4332-1\"  class=\"panel-grid panel-no-style\" ><div id=\"pgc-4332-1-0\"  class=\"panel-grid-cell\" ><div id=\"panel-4332-1-0-0\" class=\"so-panel widget widget_kadence_imgmenu_widget kadence_imgmenu_widget panel-first-child panel-last-child\" data-index=\"2\" >\t\t\t<div class=\"image-menu-fixed-height image-menu_item kt-img-overlay-widget\">\n\t\t\t    <a href=\"http:\/\/www.porvootours.fi\/sv\/mote-program\/motespaket\/\" class=\"image_menu_item_link\" target=\"_self\">\t\t\t        \t                \t\t<div class=\"image_menu-bg-item\" style=\"background: url(https:\/\/www.porvootours.fi\/wp-content\/uploads\/2024\/01\/StockSnap_JK1WUKX3VR.jpg) center center no-repeat; height:300px; background-size:cover;\">\n\t\t\t\t        <\/div>\n\t                                \t<div class=\"image_menu_overlay\"><\/div>\n                    <div class=\"image_menu_message  imt-align-left imt-valign-bottom\">\n                    \t<div class=\"image_menu_message_inner\">\n\t\t\t        \t\t<h4>M\u00f6tespaket<\/h4>\t\t\t            <\/div>\n\t\t\t\t    <\/div>\n\t        \t<\/a>\t\t\t<\/div>\n\t\t<\/div><\/div><div id=\"pgc-4332-1-1\"  class=\"panel-grid-cell\" ><div id=\"panel-4332-1-1-0\" class=\"so-panel widget widget_kadence_imgmenu_widget kadence_imgmenu_widget panel-first-child panel-last-child\" data-index=\"3\" >\t\t\t<div class=\"image-menu-fixed-height image-menu_item kt-img-overlay-widget\">\n\t\t\t    <a href=\"http:\/\/www.porvootours.fi\/sv\/mote-program\/programpaket\/\" class=\"image_menu_item_link\" target=\"_self\">\t\t\t        \t                \t\t<div class=\"image_menu-bg-item\" style=\"background: url(https:\/\/www.porvootours.fi\/wp-content\/uploads\/2024\/01\/saaristo-10.jpg) center center no-repeat; height:300px; background-size:cover;\">\n\t\t\t\t        <\/div>\n\t                                \t<div class=\"image_menu_overlay\"><\/div>\n                    <div class=\"image_menu_message  imt-align-left imt-valign-bottom\">\n                    \t<div class=\"image_menu_message_inner\">\n\t\t\t        \t\t<h4>Programpaket<\/h4>\t\t\t            <\/div>\n\t\t\t\t    <\/div>\n\t        \t<\/a>\t\t\t<\/div>\n\t\t<\/div><\/div><\/div><div id=\"pg-4332-2\"  class=\"panel-grid panel-no-style\" ><div id=\"pgc-4332-2-0\"  class=\"panel-grid-cell\" ><div id=\"panel-4332-2-0-0\" class=\"so-panel widget widget_black-studio-tinymce widget_black_studio_tinymce panel-first-child panel-last-child\" data-index=\"4\" ><div class=\"textwidget\"><hr>\n<\/div><\/div><\/div><\/div><div id=\"pg-4332-3\"  class=\"panel-grid panel-no-style\" ><div id=\"pgc-4332-3-0\"  class=\"panel-grid-cell\" ><div id=\"panel-4332-3-0-0\" class=\"so-panel widget widget_black-studio-tinymce widget_black_studio_tinymce panel-first-child panel-last-child\" data-index=\"5\" ><div class=\"textwidget\"><h2>Beg\u00e4r offert<\/h2>\n\n<div class=\"wpcf7 no-js\" id=\"wpcf7-f4266-o1\" lang=\"fi\" dir=\"ltr\" data-wpcf7-id=\"4266\">\n<div class=\"screen-reader-response\"><p role=\"status\" aria-live=\"polite\" aria-atomic=\"true\"><\/p> <ul><\/ul><\/div>\n<form action=\"\/sv\/wp-json\/wp\/v2\/pages\/4332#wpcf7-f4266-o1\" method=\"post\" class=\"wpcf7-form init\" aria-label=\"Yhteydenottolomake\" novalidate=\"novalidate\" data-status=\"init\">\n<fieldset class=\"hidden-fields-container\"><input type=\"hidden\" name=\"_wpcf7\" value=\"4266\" \/><input type=\"hidden\" name=\"_wpcf7_version\" value=\"6.1.5\" \/><input type=\"hidden\" name=\"_wpcf7_locale\" value=\"fi\" \/><input type=\"hidden\" name=\"_wpcf7_unit_tag\" value=\"wpcf7-f4266-o1\" \/><input type=\"hidden\" name=\"_wpcf7_container_post\" value=\"0\" \/><input type=\"hidden\" name=\"_wpcf7_posted_data_hash\" value=\"\" \/>\n<\/fieldset>\n<h4>Kontaktuppgifter\n<\/h4>\n<p><label> F\u00f6retag eller organisation<br \/>\n<span class=\"wpcf7-form-control-wrap\" data-name=\"text-528\"><input size=\"40\" maxlength=\"400\" class=\"wpcf7-form-control wpcf7-text\" aria-invalid=\"false\" value=\"\" type=\"text\" name=\"text-528\" \/><\/span><\/label>\n<\/p>\n<p><label> Namn (obligatorisk)<br \/>\n<span class=\"wpcf7-form-control-wrap\" data-name=\"your-name\"><input size=\"40\" maxlength=\"400\" class=\"wpcf7-form-control wpcf7-text wpcf7-validates-as-required\" aria-required=\"true\" aria-invalid=\"false\" value=\"\" type=\"text\" name=\"your-name\" \/><\/span> <\/label>\n<\/p>\n<p><label> E-post (obligatorisk)<br \/>\n<span class=\"wpcf7-form-control-wrap\" data-name=\"your-email\"><input size=\"40\" maxlength=\"400\" class=\"wpcf7-form-control wpcf7-email wpcf7-validates-as-required wpcf7-text wpcf7-validates-as-email\" aria-required=\"true\" aria-invalid=\"false\" value=\"\" type=\"email\" name=\"your-email\" \/><\/span> <\/label>\n<\/p>\n<p><label> Telefonnummer (obligatorisk)<br \/>\n<span class=\"wpcf7-form-control-wrap\" data-name=\"tel-82\"><input size=\"40\" maxlength=\"400\" class=\"wpcf7-form-control wpcf7-tel wpcf7-validates-as-required wpcf7-text wpcf7-validates-as-tel\" aria-required=\"true\" aria-invalid=\"false\" value=\"\" type=\"tel\" name=\"tel-82\" \/><\/span> <\/label>\n<\/p>\n<p><label> Gatuadress (obligatorisk)<br \/>\n<span class=\"wpcf7-form-control-wrap\" data-name=\"text-477\"><input size=\"40\" maxlength=\"400\" class=\"wpcf7-form-control wpcf7-text wpcf7-validates-as-required\" aria-required=\"true\" aria-invalid=\"false\" value=\"\" type=\"text\" name=\"text-477\" \/><\/span> <\/label>\n<\/p>\n<p><label> Postnummer och postanstalt (obligatorisk)<br \/>\n<span class=\"wpcf7-form-control-wrap\" data-name=\"text-984\"><input size=\"40\" maxlength=\"400\" class=\"wpcf7-form-control wpcf7-text wpcf7-validates-as-required\" aria-required=\"true\" aria-invalid=\"false\" value=\"\" type=\"text\" name=\"text-984\" \/><\/span> <\/label>\n<\/p>\n<p><label> Hur hittade du oss? (obligatorisk)<br \/>\n<span class=\"wpcf7-form-control-wrap\" data-name=\"text-115\"><input size=\"40\" maxlength=\"400\" class=\"wpcf7-form-control wpcf7-text wpcf7-validates-as-required\" aria-required=\"true\" aria-invalid=\"false\" value=\"\" type=\"text\" name=\"text-115\" \/><\/span> <\/label>\n<\/p>\n<p>&nbsp;\n<\/p>\n<h4>Ber\u00e4tta om ditt evenemang\n<\/h4>\n<p><label> Evenemangets namn<br \/>\n<span class=\"wpcf7-form-control-wrap\" data-name=\"your-subject\"><input size=\"40\" maxlength=\"400\" class=\"wpcf7-form-control wpcf7-text\" aria-invalid=\"false\" value=\"\" type=\"text\" name=\"your-subject\" \/><\/span> <\/label>\n<\/p>\n<p><label>Datum<br \/>\n<span class=\"wpcf7-form-control-wrap\" data-name=\"text-601\"><input size=\"40\" maxlength=\"400\" class=\"wpcf7-form-control wpcf7-text wpcf7-validates-as-required\" aria-required=\"true\" aria-invalid=\"false\" value=\"\" type=\"text\" name=\"text-601\" \/><\/span><\/label>\n<\/p>\n<p><label>Stad<br \/>\n<span class=\"wpcf7-form-control-wrap\" data-name=\"text-165\"><input size=\"40\" maxlength=\"400\" class=\"wpcf7-form-control wpcf7-text\" id=\"kaupunki\" aria-invalid=\"false\" value=\"\" type=\"text\" name=\"text-165\" \/><\/span><\/label>\n<\/p>\n<p><label>Gruppens storlek<br \/>\n<span class=\"wpcf7-form-control-wrap\" data-name=\"text-165\"><input size=\"40\" maxlength=\"400\" class=\"wpcf7-form-control wpcf7-text\" id=\"ryhmankoko\" aria-invalid=\"false\" value=\"\" type=\"text\" name=\"text-165\" \/><\/span><\/label>\n<\/p>\n<p><label>Plats f\u00f6r evenemanget (V\u00e4lj den som passar b\u00e4st)<br \/>\n<span class=\"wpcf7-form-control-wrap\" data-name=\"menu-820\"><select class=\"wpcf7-form-control wpcf7-select\" id=\"kokoontumispaikka\" aria-invalid=\"false\" name=\"menu-820\"><option value=\"\">&#8212;Valitse vaihtoehto&#8212;<\/option><option value=\"Hotell\">Hotell<\/option><option value=\"Herrg\u00e5rd\">Herrg\u00e5rd<\/option><option value=\"Stuga\/Villa\">Stuga\/Villa<\/option><option value=\"Bastu\">Bastu<\/option><option value=\"Specialitet\">Specialitet<\/option><option value=\"Kongress\/Kursg\u00e5rd\">Kongress\/Kursg\u00e5rd<\/option><option value=\"Fartyg\">Fartyg<\/option><option value=\"Restaurang\/Caf\u00e9\">Restaurang\/Caf\u00e9<\/option><option value=\"L\u00e4roanstalt\">L\u00e4roanstalt<\/option><\/select><\/span><\/label>\n<\/p>\n<p><label>Evenemangets karakt\u00e4r (V\u00e4lj den som passar b\u00e4st)<br \/>\n<span class=\"wpcf7-form-control-wrap\" data-name=\"menu-947\"><select class=\"wpcf7-form-control wpcf7-select wpcf7-validates-as-required\" id=\"tilaisuudenluonne\" aria-required=\"true\" aria-invalid=\"false\" name=\"menu-947\"><option value=\"\">&#8212;Valitse vaihtoehto&#8212;<\/option><option value=\"Fest\">Fest<\/option><option value=\"M\u00f6te\">M\u00f6te<\/option><option value=\"Kongress\">Kongress<\/option><option value=\"Seminarium\">Seminarium<\/option><option value=\"Utbildning\">Utbildning<\/option><option value=\"Tyky\/Tyhy-dag\">Tyky\/Tyhy-dag<\/option><option value=\"Privattillst\u00e4llning\">Privattillst\u00e4llning<\/option><option value=\"F\u00f6retagsevenemang\">F\u00f6retagsevenemang<\/option><\/select><\/span><\/label>\n<\/p>\n<p><label>Annan tillst\u00e4llning (Fyll i f\u00e4ltet)<br \/>\n<span class=\"wpcf7-form-control-wrap\" data-name=\"text-162\"><input size=\"40\" maxlength=\"400\" class=\"wpcf7-form-control wpcf7-text\" id=\"muutilaisuus\" aria-invalid=\"false\" value=\"\" type=\"text\" name=\"text-162\" \/><\/span><\/label>\n<\/p>\n<p>Utrustning<br \/>\n<span class=\"wpcf7-form-control-wrap\" data-name=\"checkbox-275\"><span class=\"wpcf7-form-control wpcf7-checkbox\" id=\"Varustelu\"><span class=\"wpcf7-list-item first\"><label><input type=\"checkbox\" name=\"checkbox-275[]\" value=\"Videokanon\" \/><span class=\"wpcf7-list-item-label\">Videokanon<\/span><\/label><\/span><span class=\"wpcf7-list-item\"><label><input type=\"checkbox\" name=\"checkbox-275[]\" value=\"Vitduk\" \/><span class=\"wpcf7-list-item-label\">Vitduk<\/span><\/label><\/span><span class=\"wpcf7-list-item\"><label><input type=\"checkbox\" name=\"checkbox-275[]\" value=\"Bl\u00e4dderblock\" \/><span class=\"wpcf7-list-item-label\">Bl\u00e4dderblock<\/span><\/label><\/span><span class=\"wpcf7-list-item\"><label><input type=\"checkbox\" name=\"checkbox-275[]\" value=\"DVD-spelare\" \/><span class=\"wpcf7-list-item-label\">DVD-spelare<\/span><\/label><\/span><span class=\"wpcf7-list-item\"><label><input type=\"checkbox\" name=\"checkbox-275[]\" value=\"Kopieringsmaskin\/printer\" \/><span class=\"wpcf7-list-item-label\">Kopieringsmaskin\/printer<\/span><\/label><\/span><span class=\"wpcf7-list-item\"><label><input type=\"checkbox\" name=\"checkbox-275[]\" value=\"WLAN\" \/><span class=\"wpcf7-list-item-label\">WLAN<\/span><\/label><\/span><span class=\"wpcf7-list-item last\"><label><input type=\"checkbox\" name=\"checkbox-275[]\" value=\"OH-projektor\" \/><span class=\"wpcf7-list-item-label\">OH-projektor<\/span><\/label><\/span><\/span><\/span>\n<\/p>\n<p>Inkvartering<br \/>\n<span class=\"wpcf7-form-control-wrap\" data-name=\"checkbox-589\"><span class=\"wpcf7-form-control wpcf7-checkbox wpcf7-exclusive-checkbox\" id=\"Majoitus\"><span class=\"wpcf7-list-item first\"><label><input type=\"checkbox\" name=\"checkbox-589\" value=\"Ja\" \/><span class=\"wpcf7-list-item-label\">Ja<\/span><\/label><\/span><span class=\"wpcf7-list-item last\"><label><input type=\"checkbox\" name=\"checkbox-589\" value=\"Nej\" \/><span class=\"wpcf7-list-item-label\">Nej<\/span><\/label><\/span><\/span><\/span>\n<\/p>\n<p>Bastu<br \/>\n<span class=\"wpcf7-form-control-wrap\" data-name=\"checkbox-303\"><span class=\"wpcf7-form-control wpcf7-checkbox wpcf7-exclusive-checkbox\" id=\"Sauna\"><span class=\"wpcf7-list-item first\"><label><input type=\"checkbox\" name=\"checkbox-303\" value=\"Ja\" \/><span class=\"wpcf7-list-item-label\">Ja<\/span><\/label><\/span><span class=\"wpcf7-list-item last\"><label><input type=\"checkbox\" name=\"checkbox-303\" value=\"Nej\" \/><span class=\"wpcf7-list-item-label\">Nej<\/span><\/label><\/span><\/span><\/span>\n<\/p>\n<p>Mat<br \/>\n<span class=\"wpcf7-form-control-wrap\" data-name=\"checkbox-248\"><span class=\"wpcf7-form-control wpcf7-checkbox wpcf7-exclusive-checkbox\" id=\"ruokailu\"><span class=\"wpcf7-list-item first\"><label><input type=\"checkbox\" name=\"checkbox-248\" value=\"Ja\" \/><span class=\"wpcf7-list-item-label\">Ja<\/span><\/label><\/span><span class=\"wpcf7-list-item last\"><label><input type=\"checkbox\" name=\"checkbox-248\" value=\"Nej\" \/><span class=\"wpcf7-list-item-label\">Nej<\/span><\/label><\/span><\/span><\/span>\n<\/p>\n<p>A-r\u00e4ttigheter<br \/>\n<span class=\"wpcf7-form-control-wrap\" data-name=\"checkbox-584\"><span class=\"wpcf7-form-control wpcf7-checkbox wpcf7-exclusive-checkbox\" id=\"A-oikeudet\"><span class=\"wpcf7-list-item first\"><label><input type=\"checkbox\" name=\"checkbox-584\" value=\"Ja\" \/><span class=\"wpcf7-list-item-label\">Ja<\/span><\/label><\/span><span class=\"wpcf7-list-item last\"><label><input type=\"checkbox\" name=\"checkbox-584\" value=\"Nej\" \/><span class=\"wpcf7-list-item-label\">Nej<\/span><\/label><\/span><\/span><\/span>\n<\/p>\n<p>Utrustning f\u00f6r r\u00f6relsef\u00f6rhindrade<br \/>\n<span class=\"wpcf7-form-control-wrap\" data-name=\"checkbox-380\"><span class=\"wpcf7-form-control wpcf7-checkbox wpcf7-exclusive-checkbox\" id=\"liikuntarajoitteinen\"><span class=\"wpcf7-list-item first\"><label><input type=\"checkbox\" name=\"checkbox-380\" value=\"Ja\" \/><span class=\"wpcf7-list-item-label\">Ja<\/span><\/label><\/span><span class=\"wpcf7-list-item last\"><label><input type=\"checkbox\" name=\"checkbox-380\" value=\"Nej\" \/><span class=\"wpcf7-list-item-label\">Nej<\/span><\/label><\/span><\/span><\/span>\n<\/p>\n<p><label>Andra \u00f6nskem\u00e5l till oss eller ett meddelande:<br \/>\n<span class=\"wpcf7-form-control-wrap\" data-name=\"your-message\"><textarea cols=\"40\" rows=\"10\" maxlength=\"2000\" class=\"wpcf7-form-control wpcf7-textarea\" aria-invalid=\"false\" name=\"your-message\"><\/textarea><\/span> <\/label>\n<\/p>\n<p><input class=\"wpcf7-form-control wpcf7-submit has-spinner\" type=\"submit\" value=\"Skicka\" \/>\n<\/p><div class=\"wpcf7-response-output\" aria-hidden=\"true\"><\/div>\n<\/form>\n<\/div>\n\n<\/div><\/div><\/div><\/div><\/div>","protected":false},"excerpt":{"rendered":"<p>\u00d6stnyland har ett m\u00e5ngsidigt utbud av unika m\u00f6tesplatser f\u00f6r grupper! H\u00e4r kan du h\u00e5lla m\u00f6te t.ex. p\u00e5 ett fartyg, i en herrg\u00e5rd, hemma hos en fiskare, p\u00e5 ett bryggeri eller &hellip; <a class=\"kt-excerpt-readmore more-link\" href=\"https:\/\/www.porvootours.fi\/sv\/mote-program\/\" aria-label=\"M\u00f6te &#038; Program\">\u00bb<\/a><\/p>\n","protected":false},"author":1,"featured_media":0,"parent":0,"menu_order":0,"comment_status":"closed","ping_status":"closed","template":"","meta":{"kt_blocks_editor_width":"","footnotes":""},"class_list":["post-4332","page","type-page","status-publish","hentry"],"yoast_head":"<!-- This site is optimized with the Yoast SEO plugin v27.3 - https:\/\/yoast.com\/product\/yoast-seo-wordpress\/ -->\n<title>M\u00f6te &amp; Program | Porvoo Tours - researrang\u00f6r<\/title>\n<meta name=\"robots\" content=\"index, follow, max-snippet:-1, max-image-preview:large, max-video-preview:-1\" \/>\n<link rel=\"canonical\" href=\"https:\/\/www.porvootours.fi\/sv\/mote-program\/\" \/>\n<meta property=\"og:locale\" content=\"sv_SE\" \/>\n<meta property=\"og:type\" content=\"article\" \/>\n<meta property=\"og:title\" content=\"M\u00f6te &amp; Program | Porvoo Tours - researrang\u00f6r\" \/>\n<meta property=\"og:description\" content=\"\u00d6stnyland har ett m\u00e5ngsidigt utbud av unika m\u00f6tesplatser f\u00f6r grupper! H\u00e4r kan du h\u00e5lla m\u00f6te t.ex. p\u00e5 ett fartyg, i en herrg\u00e5rd, hemma hos en fiskare, p\u00e5 ett bryggeri eller &hellip; \u00bb\" \/>\n<meta property=\"og:url\" content=\"https:\/\/www.porvootours.fi\/sv\/mote-program\/\" \/>\n<meta property=\"og:site_name\" content=\"Porvoo Tours - researrang\u00f6r\" \/>\n<meta property=\"article:publisher\" content=\"https:\/\/www.facebook.com\/Porvoo-Tours-136597746389488\/\" \/>\n<meta property=\"article:modified_time\" content=\"2025-01-28T12:56:53+00:00\" \/>\n<meta property=\"og:image\" content=\"https:\/\/www.porvootours.fi\/wp-content\/uploads\/2021\/05\/porvootours_1200px_fb_jokiranta.jpg\" \/>\n\t<meta property=\"og:image:width\" content=\"1200\" \/>\n\t<meta property=\"og:image:height\" content=\"630\" \/>\n\t<meta property=\"og:image:type\" content=\"image\/jpeg\" \/>\n<meta name=\"twitter:card\" content=\"summary_large_image\" \/>\n<meta name=\"twitter:label1\" content=\"Ber\u00e4knad l\u00e4stid\" \/>\n\t<meta name=\"twitter:data1\" content=\"2 minuter\" \/>\n<script type=\"application\/ld+json\" class=\"yoast-schema-graph\">{\"@context\":\"https:\\\/\\\/schema.org\",\"@graph\":[{\"@type\":\"WebPage\",\"@id\":\"https:\\\/\\\/www.porvootours.fi\\\/sv\\\/mote-program\\\/\",\"url\":\"https:\\\/\\\/www.porvootours.fi\\\/sv\\\/mote-program\\\/\",\"name\":\"M\u00f6te & Program | Porvoo Tours - researrang\u00f6r\",\"isPartOf\":{\"@id\":\"https:\\\/\\\/www.porvootours.fi\\\/#website\"},\"datePublished\":\"2019-02-15T06:37:49+00:00\",\"dateModified\":\"2025-01-28T12:56:53+00:00\",\"breadcrumb\":{\"@id\":\"https:\\\/\\\/www.porvootours.fi\\\/sv\\\/mote-program\\\/#breadcrumb\"},\"inLanguage\":\"sv-SE\",\"potentialAction\":[{\"@type\":\"ReadAction\",\"target\":[\"https:\\\/\\\/www.porvootours.fi\\\/sv\\\/mote-program\\\/\"]}]},{\"@type\":\"BreadcrumbList\",\"@id\":\"https:\\\/\\\/www.porvootours.fi\\\/sv\\\/mote-program\\\/#breadcrumb\",\"itemListElement\":[{\"@type\":\"ListItem\",\"position\":1,\"name\":\"Home\",\"item\":\"https:\\\/\\\/www.porvootours.fi\\\/sv\\\/\"},{\"@type\":\"ListItem\",\"position\":2,\"name\":\"M\u00f6te &#038; Program\"}]},{\"@type\":\"WebSite\",\"@id\":\"https:\\\/\\\/www.porvootours.fi\\\/#website\",\"url\":\"https:\\\/\\\/www.porvootours.fi\\\/\",\"name\":\"Porvoo Tours - matkanj\u00e4rjest\u00e4j\u00e4\",\"description\":\"Ryhm\u00e4matkojen ja kokouksien j\u00e4rjest\u00e4j\u00e4. Porvoo, Sipoo - gruppresor och m\u00f6tesresorja Loviisa\",\"publisher\":{\"@id\":\"https:\\\/\\\/www.porvootours.fi\\\/#organization\"},\"alternateName\":\"Porvoo Tours\",\"potentialAction\":[{\"@type\":\"SearchAction\",\"target\":{\"@type\":\"EntryPoint\",\"urlTemplate\":\"https:\\\/\\\/www.porvootours.fi\\\/?s={search_term_string}\"},\"query-input\":{\"@type\":\"PropertyValueSpecification\",\"valueRequired\":true,\"valueName\":\"search_term_string\"}}],\"inLanguage\":\"sv-SE\"},{\"@type\":\"Organization\",\"@id\":\"https:\\\/\\\/www.porvootours.fi\\\/#organization\",\"name\":\"Porvoo Tours\",\"url\":\"https:\\\/\\\/www.porvootours.fi\\\/\",\"logo\":{\"@type\":\"ImageObject\",\"inLanguage\":\"sv-SE\",\"@id\":\"https:\\\/\\\/www.porvootours.fi\\\/#\\\/schema\\\/logo\\\/image\\\/\",\"url\":\"https:\\\/\\\/www.porvootours.fi\\\/wp-content\\\/uploads\\\/2020\\\/02\\\/porvootours_logo1.png\",\"contentUrl\":\"https:\\\/\\\/www.porvootours.fi\\\/wp-content\\\/uploads\\\/2020\\\/02\\\/porvootours_logo1.png\",\"width\":300,\"height\":70,\"caption\":\"Porvoo Tours\"},\"image\":{\"@id\":\"https:\\\/\\\/www.porvootours.fi\\\/#\\\/schema\\\/logo\\\/image\\\/\"},\"sameAs\":[\"https:\\\/\\\/www.facebook.com\\\/Porvoo-Tours-136597746389488\\\/\"]}]}<\/script>\n<!-- \/ Yoast SEO plugin. -->","yoast_head_json":{"title":"M\u00f6te & Program | Porvoo Tours - researrang\u00f6r","robots":{"index":"index","follow":"follow","max-snippet":"max-snippet:-1","max-image-preview":"max-image-preview:large","max-video-preview":"max-video-preview:-1"},"canonical":"https:\/\/www.porvootours.fi\/sv\/mote-program\/","og_locale":"sv_SE","og_type":"article","og_title":"M\u00f6te & Program | Porvoo Tours - researrang\u00f6r","og_description":"\u00d6stnyland har ett m\u00e5ngsidigt utbud av unika m\u00f6tesplatser f\u00f6r grupper! H\u00e4r kan du h\u00e5lla m\u00f6te t.ex. p\u00e5 ett fartyg, i en herrg\u00e5rd, hemma hos en fiskare, p\u00e5 ett bryggeri eller &hellip; \u00bb","og_url":"https:\/\/www.porvootours.fi\/sv\/mote-program\/","og_site_name":"Porvoo Tours - researrang\u00f6r","article_publisher":"https:\/\/www.facebook.com\/Porvoo-Tours-136597746389488\/","article_modified_time":"2025-01-28T12:56:53+00:00","og_image":[{"width":1200,"height":630,"url":"https:\/\/www.porvootours.fi\/wp-content\/uploads\/2021\/05\/porvootours_1200px_fb_jokiranta.jpg","type":"image\/jpeg"}],"twitter_card":"summary_large_image","twitter_misc":{"Ber\u00e4knad l\u00e4stid":"2 minuter"},"schema":{"@context":"https:\/\/schema.org","@graph":[{"@type":"WebPage","@id":"https:\/\/www.porvootours.fi\/sv\/mote-program\/","url":"https:\/\/www.porvootours.fi\/sv\/mote-program\/","name":"M\u00f6te & Program | Porvoo Tours - researrang\u00f6r","isPartOf":{"@id":"https:\/\/www.porvootours.fi\/#website"},"datePublished":"2019-02-15T06:37:49+00:00","dateModified":"2025-01-28T12:56:53+00:00","breadcrumb":{"@id":"https:\/\/www.porvootours.fi\/sv\/mote-program\/#breadcrumb"},"inLanguage":"sv-SE","potentialAction":[{"@type":"ReadAction","target":["https:\/\/www.porvootours.fi\/sv\/mote-program\/"]}]},{"@type":"BreadcrumbList","@id":"https:\/\/www.porvootours.fi\/sv\/mote-program\/#breadcrumb","itemListElement":[{"@type":"ListItem","position":1,"name":"Home","item":"https:\/\/www.porvootours.fi\/sv\/"},{"@type":"ListItem","position":2,"name":"M\u00f6te &#038; Program"}]},{"@type":"WebSite","@id":"https:\/\/www.porvootours.fi\/#website","url":"https:\/\/www.porvootours.fi\/","name":"Porvoo Tours - matkanj\u00e4rjest\u00e4j\u00e4","description":"Ryhm\u00e4matkojen ja kokouksien j\u00e4rjest\u00e4j\u00e4. Porvoo, Sipoo - gruppresor och m\u00f6tesresorja Loviisa","publisher":{"@id":"https:\/\/www.porvootours.fi\/#organization"},"alternateName":"Porvoo Tours","potentialAction":[{"@type":"SearchAction","target":{"@type":"EntryPoint","urlTemplate":"https:\/\/www.porvootours.fi\/?s={search_term_string}"},"query-input":{"@type":"PropertyValueSpecification","valueRequired":true,"valueName":"search_term_string"}}],"inLanguage":"sv-SE"},{"@type":"Organization","@id":"https:\/\/www.porvootours.fi\/#organization","name":"Porvoo Tours","url":"https:\/\/www.porvootours.fi\/","logo":{"@type":"ImageObject","inLanguage":"sv-SE","@id":"https:\/\/www.porvootours.fi\/#\/schema\/logo\/image\/","url":"https:\/\/www.porvootours.fi\/wp-content\/uploads\/2020\/02\/porvootours_logo1.png","contentUrl":"https:\/\/www.porvootours.fi\/wp-content\/uploads\/2020\/02\/porvootours_logo1.png","width":300,"height":70,"caption":"Porvoo Tours"},"image":{"@id":"https:\/\/www.porvootours.fi\/#\/schema\/logo\/image\/"},"sameAs":["https:\/\/www.facebook.com\/Porvoo-Tours-136597746389488\/"]}]}},"_links":{"self":[{"href":"https:\/\/www.porvootours.fi\/sv\/wp-json\/wp\/v2\/pages\/4332","targetHints":{"allow":["GET"]}}],"collection":[{"href":"https:\/\/www.porvootours.fi\/sv\/wp-json\/wp\/v2\/pages"}],"about":[{"href":"https:\/\/www.porvootours.fi\/sv\/wp-json\/wp\/v2\/types\/page"}],"author":[{"embeddable":true,"href":"https:\/\/www.porvootours.fi\/sv\/wp-json\/wp\/v2\/users\/1"}],"replies":[{"embeddable":true,"href":"https:\/\/www.porvootours.fi\/sv\/wp-json\/wp\/v2\/comments?post=4332"}],"version-history":[{"count":0,"href":"https:\/\/www.porvootours.fi\/sv\/wp-json\/wp\/v2\/pages\/4332\/revisions"}],"wp:attachment":[{"href":"https:\/\/www.porvootours.fi\/sv\/wp-json\/wp\/v2\/media?parent=4332"}],"curies":[{"name":"wp","href":"https:\/\/api.w.org\/{rel}","templated":true}]}}