{"id":4259,"date":"2019-02-27T17:19:32","date_gmt":"2019-02-27T17:19:32","guid":{"rendered":"http:\/\/www.porvootours.fi\/varaa-opastus-porvoo-loviisa-sipoo\/"},"modified":"2026-03-18T14:15:46","modified_gmt":"2026-03-18T14:15:46","slug":"reservera-guidning-borga-lovisa-sibbo","status":"publish","type":"page","link":"https:\/\/www.porvootours.fi\/sv\/guidningar\/reservera-guidning-borga-lovisa-sibbo\/","title":{"rendered":"Reservera guidning"},"content":{"rendered":"<div id=\"pl-4259\"  class=\"panel-layout\" ><div id=\"pg-4259-0\"  class=\"panel-grid panel-no-style\" ><div id=\"pgc-4259-0-0\"  class=\"panel-grid-cell\" >\n\n        <div id=\"panel-4259-0-0-0\" class=\"so-panel widget widget_kadence_calltoaction_widget kadence_calltoaction_widget panel-first-child panel-last-child\" data-index=\"0\" ><div class=\"kt-ctaw clearfix\"><h2 class=\"kt-call-to-action-title\" style=\"color:#333333; font-size:50px; line-height:1; text-align:center; \"  data-max-size=\"50\" data-min-size=\"36\"><B>RESERVERA<\/B> GUIDNING<\/h2><\/div><\/div>\n    <\/div><\/div><div id=\"pg-4259-1\"  class=\"panel-grid panel-no-style\" ><div id=\"pgc-4259-1-0\"  class=\"panel-grid-cell\" ><div id=\"panel-4259-1-0-0\" class=\"so-panel widget widget_black-studio-tinymce widget_black_studio_tinymce panel-first-child\" data-index=\"1\" ><div class=\"textwidget\">\n<div class=\"wpcf7 no-js\" id=\"wpcf7-f4255-o1\" lang=\"fi\" dir=\"ltr\" data-wpcf7-id=\"4255\">\n<div class=\"screen-reader-response\"><p role=\"status\" aria-live=\"polite\" aria-atomic=\"true\"><\/p> <ul><\/ul><\/div>\n<form action=\"\/sv\/wp-json\/wp\/v2\/pages\/4259#wpcf7-f4255-o1\" method=\"post\" class=\"wpcf7-form init\" aria-label=\"Yhteydenottolomake\" novalidate=\"novalidate\" data-status=\"init\">\n<fieldset class=\"hidden-fields-container\"><input type=\"hidden\" name=\"_wpcf7\" value=\"4255\" \/><input type=\"hidden\" name=\"_wpcf7_version\" value=\"6.1.5\" \/><input type=\"hidden\" name=\"_wpcf7_locale\" value=\"fi\" \/><input type=\"hidden\" name=\"_wpcf7_unit_tag\" value=\"wpcf7-f4255-o1\" \/><input type=\"hidden\" name=\"_wpcf7_container_post\" value=\"0\" \/><input type=\"hidden\" name=\"_wpcf7_posted_data_hash\" value=\"\" \/>\n<\/fieldset>\n<h4>Kontaktuppgifter\n<\/h4>\n<p><label> F\u00f6retag eller organisation<br \/>\n<span class=\"wpcf7-form-control-wrap\" data-name=\"text-528\"><input size=\"40\" maxlength=\"400\" class=\"wpcf7-form-control wpcf7-text\" aria-invalid=\"false\" value=\"\" type=\"text\" name=\"text-528\" \/><\/span><\/label>\n<\/p>\n<p><label> Namn (obligatorisk)<br \/>\n<span class=\"wpcf7-form-control-wrap\" data-name=\"your-name\"><input size=\"40\" maxlength=\"400\" class=\"wpcf7-form-control wpcf7-text wpcf7-validates-as-required\" aria-required=\"true\" aria-invalid=\"false\" value=\"\" type=\"text\" name=\"your-name\" \/><\/span> <\/label>\n<\/p>\n<p><label> E-post (obligatorisk)<br \/>\n<span class=\"wpcf7-form-control-wrap\" data-name=\"your-email\"><input size=\"40\" maxlength=\"400\" class=\"wpcf7-form-control wpcf7-email wpcf7-text wpcf7-validates-as-email\" aria-invalid=\"false\" value=\"\" type=\"email\" name=\"your-email\" \/><\/span> <\/label>\n<\/p>\n<p><label> Telefonnummer (obligatorisk)<br \/>\n<span class=\"wpcf7-form-control-wrap\" data-name=\"tel-82\"><input size=\"40\" maxlength=\"400\" class=\"wpcf7-form-control wpcf7-tel wpcf7-validates-as-required wpcf7-text wpcf7-validates-as-tel\" aria-required=\"true\" aria-invalid=\"false\" value=\"\" type=\"tel\" name=\"tel-82\" \/><\/span> <\/label>\n<\/p>\n<p><label> Gatuadress (obligatorisk)<br \/>\n<span class=\"wpcf7-form-control-wrap\" data-name=\"text-477\"><input size=\"40\" maxlength=\"400\" class=\"wpcf7-form-control wpcf7-text wpcf7-validates-as-required\" aria-required=\"true\" aria-invalid=\"false\" value=\"\" type=\"text\" name=\"text-477\" \/><\/span> <\/label>\n<\/p>\n<p><label> Postnummer och postanstalt (obligatorisk)<br \/>\n<span class=\"wpcf7-form-control-wrap\" data-name=\"text-984\"><input size=\"40\" maxlength=\"400\" class=\"wpcf7-form-control wpcf7-text wpcf7-validates-as-required\" aria-required=\"true\" aria-invalid=\"false\" value=\"\" type=\"text\" name=\"text-984\" \/><\/span> <\/label>\n<\/p>\n<p><label> Hur hittade du oss? (obligatorisk)<br \/>\n<span class=\"wpcf7-form-control-wrap\" data-name=\"text-992\"><input size=\"40\" maxlength=\"400\" class=\"wpcf7-form-control wpcf7-text wpcf7-validates-as-required\" aria-required=\"true\" aria-invalid=\"false\" value=\"\" type=\"text\" name=\"text-992\" \/><\/span> <\/label>\n<\/p>\n<p>&nbsp;\n<\/p>\n<h4>Guidning\n<\/h4>\n<p><label>Datum (obligatorisk)<br \/>\n<span class=\"wpcf7-form-control-wrap\" data-name=\"text-511\"><input size=\"40\" maxlength=\"400\" class=\"wpcf7-form-control wpcf7-text wpcf7-validates-as-required\" aria-required=\"true\" aria-invalid=\"false\" value=\"\" type=\"text\" name=\"text-511\" \/><\/span><\/label>\n<\/p>\n<p>V\u00e4lj stad (obligatorisk)<br \/>\n<span class=\"wpcf7-form-control-wrap\" data-name=\"checkbox-781\"><span class=\"wpcf7-form-control wpcf7-checkbox wpcf7-validates-as-required\"><span class=\"wpcf7-list-item first\"><label><input type=\"checkbox\" name=\"checkbox-781[]\" value=\"Borg\u00e5\" \/><span class=\"wpcf7-list-item-label\">Borg\u00e5<\/span><\/label><\/span><span class=\"wpcf7-list-item\"><label><input type=\"checkbox\" name=\"checkbox-781[]\" value=\"Lovisa\" \/><span class=\"wpcf7-list-item-label\">Lovisa<\/span><\/label><\/span><span class=\"wpcf7-list-item last\"><label><input type=\"checkbox\" name=\"checkbox-781[]\" value=\"Sibbo\" \/><span class=\"wpcf7-list-item-label\">Sibbo<\/span><\/label><\/span><\/span><\/span>\n<\/p>\n<p><label> Guidningens l\u00e4ngd, fyll i timantal<br \/>\n<span class=\"wpcf7-form-control-wrap\" data-name=\"text-801\"><input size=\"40\" maxlength=\"400\" class=\"wpcf7-form-control wpcf7-text\" id=\"tunnit\" aria-invalid=\"false\" value=\"\" type=\"text\" name=\"text-801\" \/><\/span> <\/label>\n<\/p>\n<p><label> Guidningen b\u00f6rjar klockan<br \/>\n<span class=\"wpcf7-form-control-wrap\" data-name=\"text-117\"><input size=\"40\" maxlength=\"400\" class=\"wpcf7-form-control wpcf7-text\" aria-invalid=\"false\" value=\"\" type=\"text\" name=\"text-117\" \/><\/span> <\/label>\n<\/p>\n<p><label> Guidningen slutar klockan<br \/>\n<span class=\"wpcf7-form-control-wrap\" data-name=\"text-891\"><input size=\"40\" maxlength=\"400\" class=\"wpcf7-form-control wpcf7-text\" aria-invalid=\"false\" value=\"\" type=\"text\" name=\"text-891\" \/><\/span> <\/label>\n<\/p>\n<p><label> Spr\u00e5k (obligatorisk)<br \/>\n<span class=\"wpcf7-form-control-wrap\" data-name=\"text-532\"><input size=\"40\" maxlength=\"400\" class=\"wpcf7-form-control wpcf7-text wpcf7-validates-as-required\" id=\"kieli\" aria-required=\"true\" aria-invalid=\"false\" value=\"\" type=\"text\" name=\"text-532\" \/><\/span> <\/label>\n<\/p>\n<p><label> Gruppens storlek, fyll i personantal (obligatorisk)<br \/>\n<span class=\"wpcf7-form-control-wrap\" data-name=\"text-500\"><input size=\"40\" maxlength=\"400\" class=\"wpcf7-form-control wpcf7-text wpcf7-validates-as-required\" id=\"ryhmankoko\" aria-required=\"true\" aria-invalid=\"false\" value=\"\" type=\"text\" name=\"text-500\" \/><\/span> <\/label>\n<\/p>\n<p><label> Gruppens namn<br \/>\n<span class=\"wpcf7-form-control-wrap\" data-name=\"your-subject\"><input size=\"40\" maxlength=\"400\" class=\"wpcf7-form-control wpcf7-text\" aria-invalid=\"false\" value=\"\" type=\"text\" name=\"your-subject\" \/><\/span> <\/label>\n<\/p>\n<p>Guidad tur (obligatorisk)<br \/>\n<span class=\"wpcf7-form-control-wrap\" data-name=\"checkbox-852\"><span class=\"wpcf7-form-control wpcf7-checkbox wpcf7-validates-as-required wpcf7-exclusive-checkbox\"><span class=\"wpcf7-list-item first\"><label><input type=\"checkbox\" name=\"checkbox-852\" value=\"Guidad promenad\" \/><span class=\"wpcf7-list-item-label\">Guidad promenad<\/span><\/label><\/span><span class=\"wpcf7-list-item\"><label><input type=\"checkbox\" name=\"checkbox-852\" value=\"Guidad busstur\" \/><span class=\"wpcf7-list-item-label\">Guidad busstur<\/span><\/label><\/span><span class=\"wpcf7-list-item last\"><label><input type=\"checkbox\" name=\"checkbox-852\" value=\"Kombination av guidning i buss och promenad\" \/><span class=\"wpcf7-list-item-label\">Kombination av guidning i buss och promenad<\/span><\/label><\/span><\/span><\/span>\n<\/p>\n<p>Beh\u00f6vs busstransport?<br \/>\n<span class=\"wpcf7-form-control-wrap\" data-name=\"checkbox-106\"><span class=\"wpcf7-form-control wpcf7-checkbox wpcf7-exclusive-checkbox\"><span class=\"wpcf7-list-item first\"><label><input type=\"checkbox\" name=\"checkbox-106\" value=\"Ja\" \/><span class=\"wpcf7-list-item-label\">Ja<\/span><\/label><\/span><span class=\"wpcf7-list-item last\"><label><input type=\"checkbox\" name=\"checkbox-106\" value=\"Nej\" \/><span class=\"wpcf7-list-item-label\">Nej<\/span><\/label><\/span><\/span><\/span>\n<\/p>\n<p>&nbsp;\n<\/p>\n<h4>Standard guidning\n<\/h4>\n<p>Guidningens l\u00e4ngd 1-1.5 h (klicka p\u00e5 f\u00e4ltet och v\u00e4lj \u00f6nskad)<br \/>\n<span class=\"wpcf7-form-control-wrap\" data-name=\"menu-952\"><select class=\"wpcf7-form-control wpcf7-select\" aria-invalid=\"false\" multiple=\"multiple\" name=\"menu-952[]\"><option value=\"Promenad i Gamla stan i Borg\u00e5\">Promenad i Gamla stan i Borg\u00e5<\/option><option value=\"Promenad i Lovisa\">Promenad i Lovisa<\/option><option value=\"Rundtur med buss\">Rundtur med buss<\/option><option value=\"Kombination av promenad och rundtur med buss\">Kombination av promenad och rundtur med buss<\/option><\/select><\/span>\n<\/p>\n<p>&nbsp;\n<\/p>\n<h4>Tema- och dramaguidningar i Borg\u00e5\n<\/h4>\n<p>Temaguidningar i Borg\u00e5, l\u00e4ngd 1-1.5 timme (klicka p\u00e5 f\u00e4ltet och v\u00e4lj \u00f6nskad)<br \/>\n<span class=\"wpcf7-form-control-wrap\" data-name=\"menu-579\"><select class=\"wpcf7-form-control wpcf7-select\" aria-invalid=\"false\" multiple=\"multiple\" name=\"menu-579[]\"><option value=\"Vi minns Ville\">Vi minns Ville<\/option><option value=\"Borg\u00e5 Lantdag 1809\">Borg\u00e5 Lantdag 1809<\/option><option value=\"Broarnas Borg\u00e5\">Broarnas Borg\u00e5<\/option><option value=\"Kvinno\u00f6den\">Kvinno\u00f6den<\/option><option value=\"Runebergs tid\">Runebergs tid<\/option><option value=\"Gr\u00f6nskande Borg\u00e5\">Gr\u00f6nskande Borg\u00e5<\/option><option value=\"N\u00e4sebacken ber\u00e4ttar\">N\u00e4sebacken ber\u00e4ttar<\/option><option value=\"I Albert Edelfelts fotsp\u00e5r\">I Albert Edelfelts fotsp\u00e5r<\/option><option value=\"F\u00f6rfattarliv i Borg\u00e5\">F\u00f6rfattarliv i Borg\u00e5<\/option><option value=\"Smugglartiden\">Smugglartiden<\/option><option value=\"Den finska formgivningen f\u00f6ddes i Borg\u00e5\">Den finska formgivningen f\u00f6ddes i Borg\u00e5<\/option><option value=\"Guidad stavg\u00e5ng i Gamla Borg\u00e5\">Guidad stavg\u00e5ng i Gamla Borg\u00e5<\/option><option value=\"Salt och str\u00e5hattar\">Salt och str\u00e5hattar<\/option><option value=\"Statyerna ber\u00e4ttar\">Statyerna ber\u00e4ttar<\/option><option value=\"Tr\u00e4stadens arkitektur\">Tr\u00e4stadens arkitektur<\/option><option value=\"De gamla husen ber\u00e4ttar\">De gamla husen ber\u00e4ttar<\/option><option value=\"Gammaldags jul\">Gammaldags jul<\/option><\/select><\/span>\n<\/p>\n<p>Dramaguidningar i Borg\u00e5, l\u00e4ngd 1-1.5 timme (klicka p\u00e5 f\u00e4ltet och v\u00e4lj \u00f6nskad)<br \/>\n<span class=\"wpcf7-form-control-wrap\" data-name=\"menu-111\"><select class=\"wpcf7-form-control wpcf7-select\" aria-invalid=\"false\" multiple=\"multiple\" name=\"menu-111[]\"><option value=\"Pigor som levt i Gamla Borg\u00e5\">Pigor som levt i Gamla Borg\u00e5<\/option><option value=\"Ulla M\u00f6llersv\u00e4rd\">Ulla M\u00f6llersv\u00e4rd<\/option><option value=\"Smuggeldrama\">Smuggeldrama<\/option><\/select><\/span>\n<\/p>\n<p>&nbsp;\n<\/p>\n<h4>Tema- och dramaguidningar i Lovisa\n<\/h4>\n<p>Temaguidningar i Lovisa, l\u00e4ngd 1-1.5 timme (klicka p\u00e5 f\u00e4ltet och v\u00e4lj \u00f6nskad)<br \/>\n<span class=\"wpcf7-form-control-wrap\" data-name=\"menu-131\"><select class=\"wpcf7-form-control wpcf7-select\" aria-invalid=\"false\" multiple=\"multiple\" name=\"menu-131[]\"><option value=\"I Sibelius fotsp\u00e5r\">I Sibelius fotsp\u00e5r<\/option><option value=\"Tr\u00e4dg\u00e5rdar och parker\">Tr\u00e4dg\u00e5rdar och parker<\/option><option value=\"Det ryska Lovisa\">Det ryska Lovisa<\/option><option value=\"Badg\u00e4sternas promenad i minne av poeten L. Onerva\">Badg\u00e4sternas promenad i minne av poeten L. Onerva<\/option><option value=\"Baderskornas promenad\">Baderskornas promenad<\/option><option value=\"Svartholm, annat pris\">Svartholm, annat pris<\/option><\/select><\/span>\n<\/p>\n<p>Dramaguidningar i Lovisa, l\u00e4ngd 1-1.5 timme (klicka p\u00e5 f\u00e4ltet och v\u00e4lj \u00f6nskad)<br \/>\n<span class=\"wpcf7-form-control-wrap\" data-name=\"menu-418\"><select class=\"wpcf7-form-control wpcf7-select\" aria-invalid=\"false\" multiple=\"multiple\" name=\"menu-418[]\"><option value=\"Madame Anne Margareta Clayhills - Lovisa\">Madame Anne Margareta Clayhills - Lovisa<\/option><option value=\"Baderska - Loviisa\">Baderska - Loviisa<\/option><option value=\"Virginia af Forselles - Str\u00f6mfors bruk, annat pris\">Virginia af Forselles - Str\u00f6mfors bruk, annat pris<\/option><option value=\"Kalasv\u00e4rdinnan Amanda \u2013 Str\u00f6mfors bruk, annat pris\">Kalasv\u00e4rdinnan Amanda \u2013 Str\u00f6mfors bruk, annat pris<\/option><\/select><\/span>\n<\/p>\n<p>&nbsp;\n<\/p>\n<p><label>\u00d6vriga \u00f6nskem\u00e5l eller ett meddelande till oss:<br \/>\n<span class=\"wpcf7-form-control-wrap\" data-name=\"your-message\"><textarea cols=\"40\" rows=\"10\" maxlength=\"2000\" class=\"wpcf7-form-control wpcf7-textarea\" aria-invalid=\"false\" name=\"your-message\"><\/textarea><\/span> <\/label>\n<\/p>\n<p><input class=\"wpcf7-form-control wpcf7-submit has-spinner\" type=\"submit\" value=\"Skicka\" \/>\n<\/p><div class=\"wpcf7-response-output\" aria-hidden=\"true\"><\/div>\n<\/form>\n<\/div>\n\n<\/div><\/div><div id=\"panel-4259-1-0-1\" class=\"so-panel widget widget_black-studio-tinymce widget_black_studio_tinymce panel-last-child\" data-index=\"2\" ><div class=\"textwidget\"><h4><a href=\"https:\/\/www.porvootours.fi\/sv\/guidningar\/guidnings-prislista-villkor\/\">\u27a1\ufe0f PRISLISTA<\/a><\/h4>\n<h4>Kundbetj\u00e4ning<\/h4>\n<p>Porvoo Tours<br \/>\nm\u00e5n\u2013fre kl. 9\u201316<br \/>\nporvootours (at) porvootours.fi<br \/>\ntel. <a style=\"color: #000000;\" href=\"tel:+358195742200\" target=\"_blank\" rel=\"noopener\">019 574 2200<\/a><\/p>\n<\/div><\/div><\/div><\/div><\/div>","protected":false},"excerpt":{"rendered":"<p>\u27a1\ufe0f PRISLISTA Kundbetj\u00e4ning Porvoo Tours m\u00e5n\u2013fre kl. 9\u201316 porvootours (at) porvootours.fi tel. 019 574 2200<\/p>\n","protected":false},"author":1,"featured_media":0,"parent":4406,"menu_order":0,"comment_status":"closed","ping_status":"closed","template":"","meta":{"kt_blocks_editor_width":"","footnotes":""},"class_list":["post-4259","page","type-page","status-publish","hentry"],"yoast_head":"<!-- This site is optimized with the Yoast SEO plugin v27.3 - https:\/\/yoast.com\/product\/yoast-seo-wordpress\/ -->\n<title>Reservera guidning | Porvoo Tours - researrang\u00f6r<\/title>\n<meta name=\"robots\" content=\"index, follow, max-snippet:-1, max-image-preview:large, max-video-preview:-1\" \/>\n<link rel=\"canonical\" href=\"https:\/\/www.porvootours.fi\/sv\/guidningar\/reservera-guidning-borga-lovisa-sibbo\/\" \/>\n<meta property=\"og:locale\" content=\"sv_SE\" \/>\n<meta property=\"og:type\" content=\"article\" \/>\n<meta property=\"og:title\" content=\"Reservera guidning | Porvoo Tours - researrang\u00f6r\" \/>\n<meta property=\"og:description\" content=\"\u27a1\ufe0f PRISLISTA Kundbetj\u00e4ning Porvoo Tours m\u00e5n\u2013fre kl. 9\u201316 porvootours (at) porvootours.fi tel. 019 574 2200\" \/>\n<meta property=\"og:url\" content=\"https:\/\/www.porvootours.fi\/sv\/guidningar\/reservera-guidning-borga-lovisa-sibbo\/\" \/>\n<meta property=\"og:site_name\" content=\"Porvoo Tours - researrang\u00f6r\" \/>\n<meta property=\"article:publisher\" content=\"https:\/\/www.facebook.com\/Porvoo-Tours-136597746389488\/\" \/>\n<meta property=\"article:modified_time\" content=\"2026-03-18T14:15:46+00:00\" \/>\n<meta property=\"og:image\" content=\"https:\/\/www.porvootours.fi\/wp-content\/uploads\/2021\/05\/porvootours_1200px_fb_jokiranta.jpg\" \/>\n\t<meta property=\"og:image:width\" content=\"1200\" \/>\n\t<meta property=\"og:image:height\" content=\"630\" \/>\n\t<meta property=\"og:image:type\" content=\"image\/jpeg\" \/>\n<meta name=\"twitter:card\" content=\"summary_large_image\" \/>\n<meta name=\"twitter:label1\" content=\"Ber\u00e4knad l\u00e4stid\" \/>\n\t<meta name=\"twitter:data1\" content=\"2 minuter\" \/>\n<script type=\"application\/ld+json\" class=\"yoast-schema-graph\">{\"@context\":\"https:\\\/\\\/schema.org\",\"@graph\":[{\"@type\":\"WebPage\",\"@id\":\"https:\\\/\\\/www.porvootours.fi\\\/sv\\\/guidningar\\\/reservera-guidning-borga-lovisa-sibbo\\\/\",\"url\":\"https:\\\/\\\/www.porvootours.fi\\\/sv\\\/guidningar\\\/reservera-guidning-borga-lovisa-sibbo\\\/\",\"name\":\"Reservera guidning | Porvoo Tours - researrang\u00f6r\",\"isPartOf\":{\"@id\":\"https:\\\/\\\/www.porvootours.fi\\\/#website\"},\"datePublished\":\"2019-02-27T17:19:32+00:00\",\"dateModified\":\"2026-03-18T14:15:46+00:00\",\"breadcrumb\":{\"@id\":\"https:\\\/\\\/www.porvootours.fi\\\/sv\\\/guidningar\\\/reservera-guidning-borga-lovisa-sibbo\\\/#breadcrumb\"},\"inLanguage\":\"sv-SE\",\"potentialAction\":[{\"@type\":\"ReadAction\",\"target\":[\"https:\\\/\\\/www.porvootours.fi\\\/sv\\\/guidningar\\\/reservera-guidning-borga-lovisa-sibbo\\\/\"]}]},{\"@type\":\"BreadcrumbList\",\"@id\":\"https:\\\/\\\/www.porvootours.fi\\\/sv\\\/guidningar\\\/reservera-guidning-borga-lovisa-sibbo\\\/#breadcrumb\",\"itemListElement\":[{\"@type\":\"ListItem\",\"position\":1,\"name\":\"Home\",\"item\":\"https:\\\/\\\/www.porvootours.fi\\\/sv\\\/\"},{\"@type\":\"ListItem\",\"position\":2,\"name\":\"Guidningar\",\"item\":\"https:\\\/\\\/www.porvootours.fi\\\/sv\\\/guidningar\\\/\"},{\"@type\":\"ListItem\",\"position\":3,\"name\":\"Reservera guidning\"}]},{\"@type\":\"WebSite\",\"@id\":\"https:\\\/\\\/www.porvootours.fi\\\/#website\",\"url\":\"https:\\\/\\\/www.porvootours.fi\\\/\",\"name\":\"Porvoo Tours - matkanj\u00e4rjest\u00e4j\u00e4\",\"description\":\"Ryhm\u00e4matkojen ja kokouksien j\u00e4rjest\u00e4j\u00e4. Porvoo, Sipoo - gruppresor och m\u00f6tesresorja Loviisa\",\"publisher\":{\"@id\":\"https:\\\/\\\/www.porvootours.fi\\\/#organization\"},\"alternateName\":\"Porvoo Tours\",\"potentialAction\":[{\"@type\":\"SearchAction\",\"target\":{\"@type\":\"EntryPoint\",\"urlTemplate\":\"https:\\\/\\\/www.porvootours.fi\\\/?s={search_term_string}\"},\"query-input\":{\"@type\":\"PropertyValueSpecification\",\"valueRequired\":true,\"valueName\":\"search_term_string\"}}],\"inLanguage\":\"sv-SE\"},{\"@type\":\"Organization\",\"@id\":\"https:\\\/\\\/www.porvootours.fi\\\/#organization\",\"name\":\"Porvoo Tours\",\"url\":\"https:\\\/\\\/www.porvootours.fi\\\/\",\"logo\":{\"@type\":\"ImageObject\",\"inLanguage\":\"sv-SE\",\"@id\":\"https:\\\/\\\/www.porvootours.fi\\\/#\\\/schema\\\/logo\\\/image\\\/\",\"url\":\"https:\\\/\\\/www.porvootours.fi\\\/wp-content\\\/uploads\\\/2020\\\/02\\\/porvootours_logo1.png\",\"contentUrl\":\"https:\\\/\\\/www.porvootours.fi\\\/wp-content\\\/uploads\\\/2020\\\/02\\\/porvootours_logo1.png\",\"width\":300,\"height\":70,\"caption\":\"Porvoo Tours\"},\"image\":{\"@id\":\"https:\\\/\\\/www.porvootours.fi\\\/#\\\/schema\\\/logo\\\/image\\\/\"},\"sameAs\":[\"https:\\\/\\\/www.facebook.com\\\/Porvoo-Tours-136597746389488\\\/\"]}]}<\/script>\n<!-- \/ Yoast SEO plugin. -->","yoast_head_json":{"title":"Reservera guidning | Porvoo Tours - researrang\u00f6r","robots":{"index":"index","follow":"follow","max-snippet":"max-snippet:-1","max-image-preview":"max-image-preview:large","max-video-preview":"max-video-preview:-1"},"canonical":"https:\/\/www.porvootours.fi\/sv\/guidningar\/reservera-guidning-borga-lovisa-sibbo\/","og_locale":"sv_SE","og_type":"article","og_title":"Reservera guidning | Porvoo Tours - researrang\u00f6r","og_description":"\u27a1\ufe0f PRISLISTA Kundbetj\u00e4ning Porvoo Tours m\u00e5n\u2013fre kl. 9\u201316 porvootours (at) porvootours.fi tel. 019 574 2200","og_url":"https:\/\/www.porvootours.fi\/sv\/guidningar\/reservera-guidning-borga-lovisa-sibbo\/","og_site_name":"Porvoo Tours - researrang\u00f6r","article_publisher":"https:\/\/www.facebook.com\/Porvoo-Tours-136597746389488\/","article_modified_time":"2026-03-18T14:15:46+00:00","og_image":[{"width":1200,"height":630,"url":"https:\/\/www.porvootours.fi\/wp-content\/uploads\/2021\/05\/porvootours_1200px_fb_jokiranta.jpg","type":"image\/jpeg"}],"twitter_card":"summary_large_image","twitter_misc":{"Ber\u00e4knad l\u00e4stid":"2 minuter"},"schema":{"@context":"https:\/\/schema.org","@graph":[{"@type":"WebPage","@id":"https:\/\/www.porvootours.fi\/sv\/guidningar\/reservera-guidning-borga-lovisa-sibbo\/","url":"https:\/\/www.porvootours.fi\/sv\/guidningar\/reservera-guidning-borga-lovisa-sibbo\/","name":"Reservera guidning | Porvoo Tours - researrang\u00f6r","isPartOf":{"@id":"https:\/\/www.porvootours.fi\/#website"},"datePublished":"2019-02-27T17:19:32+00:00","dateModified":"2026-03-18T14:15:46+00:00","breadcrumb":{"@id":"https:\/\/www.porvootours.fi\/sv\/guidningar\/reservera-guidning-borga-lovisa-sibbo\/#breadcrumb"},"inLanguage":"sv-SE","potentialAction":[{"@type":"ReadAction","target":["https:\/\/www.porvootours.fi\/sv\/guidningar\/reservera-guidning-borga-lovisa-sibbo\/"]}]},{"@type":"BreadcrumbList","@id":"https:\/\/www.porvootours.fi\/sv\/guidningar\/reservera-guidning-borga-lovisa-sibbo\/#breadcrumb","itemListElement":[{"@type":"ListItem","position":1,"name":"Home","item":"https:\/\/www.porvootours.fi\/sv\/"},{"@type":"ListItem","position":2,"name":"Guidningar","item":"https:\/\/www.porvootours.fi\/sv\/guidningar\/"},{"@type":"ListItem","position":3,"name":"Reservera guidning"}]},{"@type":"WebSite","@id":"https:\/\/www.porvootours.fi\/#website","url":"https:\/\/www.porvootours.fi\/","name":"Porvoo Tours - matkanj\u00e4rjest\u00e4j\u00e4","description":"Ryhm\u00e4matkojen ja kokouksien j\u00e4rjest\u00e4j\u00e4. Porvoo, Sipoo - gruppresor och m\u00f6tesresorja Loviisa","publisher":{"@id":"https:\/\/www.porvootours.fi\/#organization"},"alternateName":"Porvoo Tours","potentialAction":[{"@type":"SearchAction","target":{"@type":"EntryPoint","urlTemplate":"https:\/\/www.porvootours.fi\/?s={search_term_string}"},"query-input":{"@type":"PropertyValueSpecification","valueRequired":true,"valueName":"search_term_string"}}],"inLanguage":"sv-SE"},{"@type":"Organization","@id":"https:\/\/www.porvootours.fi\/#organization","name":"Porvoo Tours","url":"https:\/\/www.porvootours.fi\/","logo":{"@type":"ImageObject","inLanguage":"sv-SE","@id":"https:\/\/www.porvootours.fi\/#\/schema\/logo\/image\/","url":"https:\/\/www.porvootours.fi\/wp-content\/uploads\/2020\/02\/porvootours_logo1.png","contentUrl":"https:\/\/www.porvootours.fi\/wp-content\/uploads\/2020\/02\/porvootours_logo1.png","width":300,"height":70,"caption":"Porvoo Tours"},"image":{"@id":"https:\/\/www.porvootours.fi\/#\/schema\/logo\/image\/"},"sameAs":["https:\/\/www.facebook.com\/Porvoo-Tours-136597746389488\/"]}]}},"_links":{"self":[{"href":"https:\/\/www.porvootours.fi\/sv\/wp-json\/wp\/v2\/pages\/4259","targetHints":{"allow":["GET"]}}],"collection":[{"href":"https:\/\/www.porvootours.fi\/sv\/wp-json\/wp\/v2\/pages"}],"about":[{"href":"https:\/\/www.porvootours.fi\/sv\/wp-json\/wp\/v2\/types\/page"}],"author":[{"embeddable":true,"href":"https:\/\/www.porvootours.fi\/sv\/wp-json\/wp\/v2\/users\/1"}],"replies":[{"embeddable":true,"href":"https:\/\/www.porvootours.fi\/sv\/wp-json\/wp\/v2\/comments?post=4259"}],"version-history":[{"count":0,"href":"https:\/\/www.porvootours.fi\/sv\/wp-json\/wp\/v2\/pages\/4259\/revisions"}],"up":[{"embeddable":true,"href":"https:\/\/www.porvootours.fi\/sv\/wp-json\/wp\/v2\/pages\/4406"}],"wp:attachment":[{"href":"https:\/\/www.porvootours.fi\/sv\/wp-json\/wp\/v2\/media?parent=4259"}],"curies":[{"name":"wp","href":"https:\/\/api.w.org\/{rel}","templated":true}]}}