{"id":4242,"date":"2019-02-14T19:52:44","date_gmt":"2019-02-14T19:52:44","guid":{"rendered":"http:\/\/www.porvootours.fi\/meista\/"},"modified":"2024-11-21T12:44:33","modified_gmt":"2024-11-21T12:44:33","slug":"om-oss","status":"publish","type":"page","link":"https:\/\/www.porvootours.fi\/sv\/om-oss\/","title":{"rendered":"Om oss"},"content":{"rendered":"<div id=\"pl-4242\"  class=\"panel-layout\" ><div id=\"pg-4242-0\"  class=\"panel-grid panel-no-style\" ><div id=\"pgc-4242-0-0\"  class=\"panel-grid-cell\" >\n\n        <div id=\"panel-4242-0-0-0\" class=\"so-panel widget widget_kadence_calltoaction_widget kadence_calltoaction_widget panel-first-child panel-last-child\" data-index=\"0\" ><div class=\"kt-ctaw clearfix\"><h2 class=\"kt-call-to-action-title\" style=\"color:#333333; font-size:50px; line-height:1; text-align:center; \"  data-max-size=\"50\" data-min-size=\"36\"><B>PORVOO<\/B> TOURS<\/h2><\/div><\/div>\n    <\/div><\/div><div id=\"pg-4242-1\"  class=\"panel-grid panel-no-style\" ><div id=\"pgc-4242-1-0\"  class=\"panel-grid-cell\" ><div id=\"panel-4242-1-0-0\" class=\"so-panel widget widget_black-studio-tinymce widget_black_studio_tinymce panel-first-child panel-last-child\" data-index=\"1\" ><div class=\"textwidget\"><p>Porvoo Tours \u00e4r en i Konkurrens- och konsumentverket registrerad resebyr\u00e5 KKV 9097\/08\/Mj och researrang\u00f6r, samt medlem i Resebyr\u00e5branschens f\u00f6rbund i Finland (SMAL). Vi har specialiserat oss p\u00e5 att betj\u00e4na grupper i Borg\u00e5nejden, Nyland, Kotka, Fredrikshamn, Helsingfors, Tavastehus m.m. Vi planerar \u00e4ven resor i hemlandet samt till Estland, de baltiska l\u00e4nderna, Sverige och \u00c5land. Bekanta dig med v\u00e5rt rese\/paketsortiment och be om offert!<\/p>\n<p>V\u00e5rt l\u00e5ngsiktiga jobb inom turismn\u00e4ringen i \u00d6stra Nyland har premierats flera g\u00e5nger under \u00e5rens lopp.<\/p>\n<h4>V\u00e5rt s\u00e4tt att jobba<\/h4>\n<p>Vi vill erbjuda v\u00e5ra kunder den b\u00e4sta m\u00f6jliga servicen och de b\u00e4sta programmen. Vi har planerat f\u00e4rdiga resepaket som kan bokas som s\u00e5dana eller fungera som f\u00f6rslag och skr\u00e4ddarsys. Du hittar dessa paket h\u00e4r p\u00e5 v\u00e5r hemsida och \u00e4ven i v\u00e5r egna broschyr (tyv\u00e4rr endast p\u00e5 finska). Broschyren kan laddas ner fr\u00e5n hemsidan eller s\u00e5 kan vi skicka den till dig per post.<\/p>\n<p>F\u00f6r skolgrupper har vi gjort alldeles egna programpaket. Vi hj\u00e4lper er g\u00e4rna att planera och boka t.ex. utf\u00e4rder till n\u00f6jesparker, djurparker, museum, l\u00e4gerskolor, naturupplevelser mm.<\/p>\n<p>Vi har samlat in information om utbudet av Konferens- och programservice i \u00d6stra Nyland. Vi skr\u00e4ddarsyr g\u00e4rna ett program som passar just ert behov. Vi vill \u00e4ven betj\u00e4na de \u00f6stnyl\u00e4ndska grupperna som vill f\u00f6reta en resa i v\u00e5rt land eller till de baltiska l\u00e4nderna. Ta kontakt s\u00e5 ber\u00e4ttar vi mera! Vi s\u00e4ljer Tallink Siljas, Viking Lines och Ecker\u00f6 Lines b\u00e5tresor.<\/p>\n<h4>Guideservice<\/h4>\n<p>Porvoo Tours f\u00f6rmedlar turistguider i Borg\u00e5, Lovisa och Sibbo. Guiderna \u00e4r medlemmar i Borg\u00e5 turistguider rf samt \u00d6stra Nylands Guider rf och de \u00e4r auktoriserade av Finlands Guidef\u00f6rbund rf.<\/p>\n<h4>H\u00e5llbar turism<\/h4>\n<p>Vi \u00e4r med och utvecklar en mer klimatv\u00e4nlig milj\u00f6 i Borg\u00e5 och Finland.<\/p>\n<p>Genom att vara Borg\u00e5s klimatpartner \u00e4r vi med i ett banbrytande n\u00e4tverk som staden st\u00f6djer i utvecklingen av gr\u00f6nt och h\u00e5llbart f\u00f6retagande. I partnerskapet ing\u00e5r ocks\u00e5 aktuellt kunnande och tillg\u00e5ng till information samt att bygga upp en egen klimat- och milj\u00f6image.<\/p>\n<p>Vi samarbetar med olika operat\u00f6rer\/f\u00f6retag som engagerar sig i h\u00e5llbar turism, d\u00e4rf\u00f6r kan vi erbjuda resepaket f\u00f6r grupper, d\u00e4r relevanta principer och kriterier tas i beaktan.<\/p>\n<p>Du har ocks\u00e5 m\u00f6jlighet att inverka genom att v\u00e4lja ett gr\u00f6nare resepaket av oss!<\/p>\n<p>Mer information om h\u00e5llbar turism (text endast p\u00e5 finska):<br \/>\n<a href=\"https:\/\/www.visitfinland.fi\/liiketoiminnan-kehittaminen\/vastuullinen-matkailu\/kestavan-matkailun-periaatteet\">https:\/\/www.visitfinland.fi\/liiketoiminnan-kehittaminen\/vastuullinen-matkailu\/kestavan-matkailun-periaatteet<\/a><br \/>\n<a href=\"https:\/\/www.visitfinland.com\/sv\/praktiska-tips\/miljovanligt\/\">https:\/\/www.visitfinland.com\/sv\/praktiska-tips\/miljovanligt\/<\/a><\/p>\n<p><a href=\"https:\/\/www.porvootours.fi\/wp-content\/uploads\/2024\/10\/Borga-klimatpartner-logo-768.jpg\"><img loading=\"lazy\" decoding=\"async\" class=\"alignnone wp-image-18734\" src=\"https:\/\/www.porvootours.fi\/wp-content\/uploads\/2024\/10\/Borga-klimatpartner-logo-768-300x200.jpg\" alt=\"\" width=\"170\" height=\"113\" srcset=\"https:\/\/www.porvootours.fi\/wp-content\/uploads\/2024\/10\/Borga-klimatpartner-logo-768-300x200.jpg 300w, https:\/\/www.porvootours.fi\/wp-content\/uploads\/2024\/10\/Borga-klimatpartner-logo-768-272x182.jpg 272w, https:\/\/www.porvootours.fi\/wp-content\/uploads\/2024\/10\/Borga-klimatpartner-logo-768-420x280.jpg 420w, https:\/\/www.porvootours.fi\/wp-content\/uploads\/2024\/10\/Borga-klimatpartner-logo-768.jpg 768w\" sizes=\"auto, (max-width: 170px) 100vw, 170px\" \/><\/a><\/p>\n<p>&nbsp;<\/p>\n<\/div><\/div><\/div><\/div><\/div>","protected":false},"excerpt":{"rendered":"<p>Porvoo Tours \u00e4r en i Konkurrens- och konsumentverket registrerad resebyr\u00e5 KKV 9097\/08\/Mj och researrang\u00f6r, samt medlem i Resebyr\u00e5branschens f\u00f6rbund i Finland (SMAL). Vi har specialiserat oss p\u00e5 att betj\u00e4na grupper &hellip; <a class=\"kt-excerpt-readmore more-link\" href=\"https:\/\/www.porvootours.fi\/sv\/om-oss\/\" aria-label=\"Om oss\">\u00bb<\/a><\/p>\n","protected":false},"author":1,"featured_media":0,"parent":0,"menu_order":0,"comment_status":"closed","ping_status":"closed","template":"","meta":{"kt_blocks_editor_width":"","footnotes":""},"class_list":["post-4242","page","type-page","status-publish","hentry"],"yoast_head":"<!-- This site is optimized with the Yoast SEO plugin v27.3 - https:\/\/yoast.com\/product\/yoast-seo-wordpress\/ -->\n<title>Om oss | Porvoo Tours - researrang\u00f6r<\/title>\n<meta name=\"robots\" content=\"index, follow, max-snippet:-1, max-image-preview:large, max-video-preview:-1\" \/>\n<link rel=\"canonical\" href=\"https:\/\/www.porvootours.fi\/sv\/om-oss\/\" \/>\n<meta property=\"og:locale\" content=\"sv_SE\" \/>\n<meta property=\"og:type\" content=\"article\" \/>\n<meta property=\"og:title\" content=\"Om oss | Porvoo Tours - researrang\u00f6r\" \/>\n<meta property=\"og:description\" content=\"Porvoo Tours \u00e4r en i Konkurrens- och konsumentverket registrerad resebyr\u00e5 KKV 9097\/08\/Mj och researrang\u00f6r, samt medlem i Resebyr\u00e5branschens f\u00f6rbund i Finland (SMAL). Vi har specialiserat oss p\u00e5 att betj\u00e4na grupper &hellip; \u00bb\" \/>\n<meta property=\"og:url\" content=\"https:\/\/www.porvootours.fi\/sv\/om-oss\/\" \/>\n<meta property=\"og:site_name\" content=\"Porvoo Tours - researrang\u00f6r\" \/>\n<meta property=\"article:publisher\" content=\"https:\/\/www.facebook.com\/Porvoo-Tours-136597746389488\/\" \/>\n<meta property=\"article:modified_time\" content=\"2024-11-21T12:44:33+00:00\" \/>\n<meta property=\"og:image\" content=\"https:\/\/www.porvootours.fi\/wp-content\/uploads\/2024\/10\/Borga-klimatpartner-logo-768-300x200.jpg\" \/>\n<meta name=\"twitter:card\" content=\"summary_large_image\" \/>\n<meta name=\"twitter:label1\" content=\"Ber\u00e4knad l\u00e4stid\" \/>\n\t<meta name=\"twitter:data1\" content=\"3 minuter\" \/>\n<script type=\"application\/ld+json\" class=\"yoast-schema-graph\">{\"@context\":\"https:\\\/\\\/schema.org\",\"@graph\":[{\"@type\":\"WebPage\",\"@id\":\"https:\\\/\\\/www.porvootours.fi\\\/sv\\\/om-oss\\\/\",\"url\":\"https:\\\/\\\/www.porvootours.fi\\\/sv\\\/om-oss\\\/\",\"name\":\"Om oss | Porvoo Tours - researrang\u00f6r\",\"isPartOf\":{\"@id\":\"https:\\\/\\\/www.porvootours.fi\\\/#website\"},\"primaryImageOfPage\":{\"@id\":\"https:\\\/\\\/www.porvootours.fi\\\/sv\\\/om-oss\\\/#primaryimage\"},\"image\":{\"@id\":\"https:\\\/\\\/www.porvootours.fi\\\/sv\\\/om-oss\\\/#primaryimage\"},\"thumbnailUrl\":\"https:\\\/\\\/www.porvootours.fi\\\/wp-content\\\/uploads\\\/2024\\\/10\\\/Borga-klimatpartner-logo-768-300x200.jpg\",\"datePublished\":\"2019-02-14T19:52:44+00:00\",\"dateModified\":\"2024-11-21T12:44:33+00:00\",\"breadcrumb\":{\"@id\":\"https:\\\/\\\/www.porvootours.fi\\\/sv\\\/om-oss\\\/#breadcrumb\"},\"inLanguage\":\"sv-SE\",\"potentialAction\":[{\"@type\":\"ReadAction\",\"target\":[\"https:\\\/\\\/www.porvootours.fi\\\/sv\\\/om-oss\\\/\"]}]},{\"@type\":\"ImageObject\",\"inLanguage\":\"sv-SE\",\"@id\":\"https:\\\/\\\/www.porvootours.fi\\\/sv\\\/om-oss\\\/#primaryimage\",\"url\":\"https:\\\/\\\/www.porvootours.fi\\\/wp-content\\\/uploads\\\/2024\\\/10\\\/Borga-klimatpartner-logo-768-300x200.jpg\",\"contentUrl\":\"https:\\\/\\\/www.porvootours.fi\\\/wp-content\\\/uploads\\\/2024\\\/10\\\/Borga-klimatpartner-logo-768-300x200.jpg\"},{\"@type\":\"BreadcrumbList\",\"@id\":\"https:\\\/\\\/www.porvootours.fi\\\/sv\\\/om-oss\\\/#breadcrumb\",\"itemListElement\":[{\"@type\":\"ListItem\",\"position\":1,\"name\":\"Home\",\"item\":\"https:\\\/\\\/www.porvootours.fi\\\/sv\\\/\"},{\"@type\":\"ListItem\",\"position\":2,\"name\":\"Om oss\"}]},{\"@type\":\"WebSite\",\"@id\":\"https:\\\/\\\/www.porvootours.fi\\\/#website\",\"url\":\"https:\\\/\\\/www.porvootours.fi\\\/\",\"name\":\"Porvoo Tours - matkanj\u00e4rjest\u00e4j\u00e4\",\"description\":\"Ryhm\u00e4matkojen ja kokouksien j\u00e4rjest\u00e4j\u00e4. Porvoo, Sipoo - gruppresor och m\u00f6tesresorja Loviisa\",\"publisher\":{\"@id\":\"https:\\\/\\\/www.porvootours.fi\\\/#organization\"},\"alternateName\":\"Porvoo Tours\",\"potentialAction\":[{\"@type\":\"SearchAction\",\"target\":{\"@type\":\"EntryPoint\",\"urlTemplate\":\"https:\\\/\\\/www.porvootours.fi\\\/?s={search_term_string}\"},\"query-input\":{\"@type\":\"PropertyValueSpecification\",\"valueRequired\":true,\"valueName\":\"search_term_string\"}}],\"inLanguage\":\"sv-SE\"},{\"@type\":\"Organization\",\"@id\":\"https:\\\/\\\/www.porvootours.fi\\\/#organization\",\"name\":\"Porvoo Tours\",\"url\":\"https:\\\/\\\/www.porvootours.fi\\\/\",\"logo\":{\"@type\":\"ImageObject\",\"inLanguage\":\"sv-SE\",\"@id\":\"https:\\\/\\\/www.porvootours.fi\\\/#\\\/schema\\\/logo\\\/image\\\/\",\"url\":\"https:\\\/\\\/www.porvootours.fi\\\/wp-content\\\/uploads\\\/2020\\\/02\\\/porvootours_logo1.png\",\"contentUrl\":\"https:\\\/\\\/www.porvootours.fi\\\/wp-content\\\/uploads\\\/2020\\\/02\\\/porvootours_logo1.png\",\"width\":300,\"height\":70,\"caption\":\"Porvoo Tours\"},\"image\":{\"@id\":\"https:\\\/\\\/www.porvootours.fi\\\/#\\\/schema\\\/logo\\\/image\\\/\"},\"sameAs\":[\"https:\\\/\\\/www.facebook.com\\\/Porvoo-Tours-136597746389488\\\/\"]}]}<\/script>\n<!-- \/ Yoast SEO plugin. -->","yoast_head_json":{"title":"Om oss | Porvoo Tours - researrang\u00f6r","robots":{"index":"index","follow":"follow","max-snippet":"max-snippet:-1","max-image-preview":"max-image-preview:large","max-video-preview":"max-video-preview:-1"},"canonical":"https:\/\/www.porvootours.fi\/sv\/om-oss\/","og_locale":"sv_SE","og_type":"article","og_title":"Om oss | Porvoo Tours - researrang\u00f6r","og_description":"Porvoo Tours \u00e4r en i Konkurrens- och konsumentverket registrerad resebyr\u00e5 KKV 9097\/08\/Mj och researrang\u00f6r, samt medlem i Resebyr\u00e5branschens f\u00f6rbund i Finland (SMAL). Vi har specialiserat oss p\u00e5 att betj\u00e4na grupper &hellip; \u00bb","og_url":"https:\/\/www.porvootours.fi\/sv\/om-oss\/","og_site_name":"Porvoo Tours - researrang\u00f6r","article_publisher":"https:\/\/www.facebook.com\/Porvoo-Tours-136597746389488\/","article_modified_time":"2024-11-21T12:44:33+00:00","og_image":[{"url":"https:\/\/www.porvootours.fi\/wp-content\/uploads\/2024\/10\/Borga-klimatpartner-logo-768-300x200.jpg","type":"","width":"","height":""}],"twitter_card":"summary_large_image","twitter_misc":{"Ber\u00e4knad l\u00e4stid":"3 minuter"},"schema":{"@context":"https:\/\/schema.org","@graph":[{"@type":"WebPage","@id":"https:\/\/www.porvootours.fi\/sv\/om-oss\/","url":"https:\/\/www.porvootours.fi\/sv\/om-oss\/","name":"Om oss | Porvoo Tours - researrang\u00f6r","isPartOf":{"@id":"https:\/\/www.porvootours.fi\/#website"},"primaryImageOfPage":{"@id":"https:\/\/www.porvootours.fi\/sv\/om-oss\/#primaryimage"},"image":{"@id":"https:\/\/www.porvootours.fi\/sv\/om-oss\/#primaryimage"},"thumbnailUrl":"https:\/\/www.porvootours.fi\/wp-content\/uploads\/2024\/10\/Borga-klimatpartner-logo-768-300x200.jpg","datePublished":"2019-02-14T19:52:44+00:00","dateModified":"2024-11-21T12:44:33+00:00","breadcrumb":{"@id":"https:\/\/www.porvootours.fi\/sv\/om-oss\/#breadcrumb"},"inLanguage":"sv-SE","potentialAction":[{"@type":"ReadAction","target":["https:\/\/www.porvootours.fi\/sv\/om-oss\/"]}]},{"@type":"ImageObject","inLanguage":"sv-SE","@id":"https:\/\/www.porvootours.fi\/sv\/om-oss\/#primaryimage","url":"https:\/\/www.porvootours.fi\/wp-content\/uploads\/2024\/10\/Borga-klimatpartner-logo-768-300x200.jpg","contentUrl":"https:\/\/www.porvootours.fi\/wp-content\/uploads\/2024\/10\/Borga-klimatpartner-logo-768-300x200.jpg"},{"@type":"BreadcrumbList","@id":"https:\/\/www.porvootours.fi\/sv\/om-oss\/#breadcrumb","itemListElement":[{"@type":"ListItem","position":1,"name":"Home","item":"https:\/\/www.porvootours.fi\/sv\/"},{"@type":"ListItem","position":2,"name":"Om oss"}]},{"@type":"WebSite","@id":"https:\/\/www.porvootours.fi\/#website","url":"https:\/\/www.porvootours.fi\/","name":"Porvoo Tours - matkanj\u00e4rjest\u00e4j\u00e4","description":"Ryhm\u00e4matkojen ja kokouksien j\u00e4rjest\u00e4j\u00e4. Porvoo, Sipoo - gruppresor och m\u00f6tesresorja Loviisa","publisher":{"@id":"https:\/\/www.porvootours.fi\/#organization"},"alternateName":"Porvoo Tours","potentialAction":[{"@type":"SearchAction","target":{"@type":"EntryPoint","urlTemplate":"https:\/\/www.porvootours.fi\/?s={search_term_string}"},"query-input":{"@type":"PropertyValueSpecification","valueRequired":true,"valueName":"search_term_string"}}],"inLanguage":"sv-SE"},{"@type":"Organization","@id":"https:\/\/www.porvootours.fi\/#organization","name":"Porvoo Tours","url":"https:\/\/www.porvootours.fi\/","logo":{"@type":"ImageObject","inLanguage":"sv-SE","@id":"https:\/\/www.porvootours.fi\/#\/schema\/logo\/image\/","url":"https:\/\/www.porvootours.fi\/wp-content\/uploads\/2020\/02\/porvootours_logo1.png","contentUrl":"https:\/\/www.porvootours.fi\/wp-content\/uploads\/2020\/02\/porvootours_logo1.png","width":300,"height":70,"caption":"Porvoo Tours"},"image":{"@id":"https:\/\/www.porvootours.fi\/#\/schema\/logo\/image\/"},"sameAs":["https:\/\/www.facebook.com\/Porvoo-Tours-136597746389488\/"]}]}},"_links":{"self":[{"href":"https:\/\/www.porvootours.fi\/sv\/wp-json\/wp\/v2\/pages\/4242","targetHints":{"allow":["GET"]}}],"collection":[{"href":"https:\/\/www.porvootours.fi\/sv\/wp-json\/wp\/v2\/pages"}],"about":[{"href":"https:\/\/www.porvootours.fi\/sv\/wp-json\/wp\/v2\/types\/page"}],"author":[{"embeddable":true,"href":"https:\/\/www.porvootours.fi\/sv\/wp-json\/wp\/v2\/users\/1"}],"replies":[{"embeddable":true,"href":"https:\/\/www.porvootours.fi\/sv\/wp-json\/wp\/v2\/comments?post=4242"}],"version-history":[{"count":0,"href":"https:\/\/www.porvootours.fi\/sv\/wp-json\/wp\/v2\/pages\/4242\/revisions"}],"wp:attachment":[{"href":"https:\/\/www.porvootours.fi\/sv\/wp-json\/wp\/v2\/media?parent=4242"}],"curies":[{"name":"wp","href":"https:\/\/api.w.org\/{rel}","templated":true}]}}