{"id":20741,"date":"2025-09-29T18:05:52","date_gmt":"2025-09-29T18:05:52","guid":{"rendered":"https:\/\/www.porvootours.fi\/?page_id=20741"},"modified":"2026-02-05T11:49:57","modified_gmt":"2026-02-05T11:49:57","slug":"sasongsprodukter","status":"publish","type":"page","link":"https:\/\/www.porvootours.fi\/sv\/grupper\/sasongsprodukter\/","title":{"rendered":"S\u00e4songsprodukter"},"content":{"rendered":"<div id=\"pl-20741\"  class=\"panel-layout\" ><div id=\"pg-20741-0\"  class=\"panel-grid panel-no-style\" ><div id=\"pgc-20741-0-0\"  class=\"panel-grid-cell\" >\n\n        <div id=\"panel-20741-0-0-0\" class=\"so-panel widget widget_kadence_calltoaction_widget kadence_calltoaction_widget panel-first-child\" data-index=\"0\" ><div class=\"kt-ctaw clearfix\"><h2 class=\"kt-call-to-action-title\" style=\"color:#333333; font-size:50px; line-height:1; text-align:center; font-weight:300;\"  data-max-size=\"50\" data-min-size=\"36\"><b>S\u00c4SONG <\/b>PRODUKTER<\/h2><\/div><\/div>\n    <div id=\"panel-20741-0-0-1\" class=\"so-panel widget widget_black-studio-tinymce widget_black_studio_tinymce panel-last-child\" data-index=\"1\" ><div class=\"textwidget\"><p>Vi erbjuder engagerande s\u00e4songsprogram f\u00f6r grupper \u00e5ret runt. I v\u00e5rt urval hittar du inspirerande och minnesv\u00e4rda upplevelser anpassade f\u00f6r b\u00e5de h\u00f6gtider och \u00e5rstidernas v\u00e4xlingar. V\u00e5ra program \u00e4r utformade f\u00f6r att skapa of\u00f6rgl\u00f6mliga \u00f6gonblick och st\u00e4rka gemenskapen \u2013 oavsett tid p\u00e5 \u00e5ret eller tillf\u00e4lle.<\/p>\n<p>&nbsp;<\/p>\n<\/div><\/div><\/div><\/div><\/div>","protected":false},"excerpt":{"rendered":"<p>Vi erbjuder engagerande s\u00e4songsprogram f\u00f6r grupper \u00e5ret runt. I v\u00e5rt urval hittar du inspirerande och minnesv\u00e4rda upplevelser anpassade f\u00f6r b\u00e5de h\u00f6gtider och \u00e5rstidernas v\u00e4xlingar. V\u00e5ra program \u00e4r utformade f\u00f6r att &hellip; <a class=\"kt-excerpt-readmore more-link\" href=\"https:\/\/www.porvootours.fi\/sv\/grupper\/sasongsprodukter\/\" aria-label=\"S\u00e4songsprodukter\">\u00bb<\/a><\/p>\n","protected":false},"author":1,"featured_media":20797,"parent":4394,"menu_order":0,"comment_status":"closed","ping_status":"closed","template":"template-portfolio-grid.php","meta":{"kt_blocks_editor_width":"","footnotes":""},"class_list":["post-20741","page","type-page","status-publish","has-post-thumbnail","hentry"],"yoast_head":"<!-- This site is optimized with the Yoast SEO plugin v27.3 - https:\/\/yoast.com\/product\/yoast-seo-wordpress\/ -->\n<title>S\u00e4songsprodukter | Porvoo Tours - researrang\u00f6r<\/title>\n<meta name=\"description\" content=\"Engagerande s\u00e4songsprodukter och program \u00e5ret runt. T.ex. julfest, julutflykt, provsmakning, h\u00f6stutflykt, v\u00e5rutflykt, naturutflykter\" \/>\n<meta name=\"robots\" content=\"index, follow, max-snippet:-1, max-image-preview:large, max-video-preview:-1\" \/>\n<link rel=\"canonical\" href=\"https:\/\/www.porvootours.fi\/sv\/grupper\/sasongsprodukter\/\" \/>\n<meta property=\"og:locale\" content=\"sv_SE\" \/>\n<meta property=\"og:type\" content=\"article\" \/>\n<meta property=\"og:title\" content=\"S\u00e4songsprodukter | Porvoo Tours - researrang\u00f6r\" \/>\n<meta property=\"og:description\" content=\"Engagerande s\u00e4songsprodukter och program \u00e5ret runt. T.ex. julfest, julutflykt, provsmakning, h\u00f6stutflykt, v\u00e5rutflykt, naturutflykter\" \/>\n<meta property=\"og:url\" content=\"https:\/\/www.porvootours.fi\/sv\/grupper\/sasongsprodukter\/\" \/>\n<meta property=\"og:site_name\" content=\"Porvoo Tours - researrang\u00f6r\" \/>\n<meta property=\"article:publisher\" content=\"https:\/\/www.facebook.com\/Porvoo-Tours-136597746389488\/\" \/>\n<meta property=\"article:modified_time\" content=\"2026-02-05T11:49:57+00:00\" \/>\n<meta property=\"og:image\" content=\"https:\/\/www.porvootours.fi\/wp-content\/uploads\/2025\/09\/Vanha-Porvoo-1-scaled-e1759227205113.jpg\" \/>\n\t<meta property=\"og:image:width\" content=\"2560\" \/>\n\t<meta property=\"og:image:height\" content=\"1707\" \/>\n\t<meta property=\"og:image:type\" content=\"image\/jpeg\" \/>\n<meta name=\"twitter:card\" content=\"summary_large_image\" \/>\n<meta name=\"twitter:label1\" content=\"Ber\u00e4knad l\u00e4stid\" \/>\n\t<meta name=\"twitter:data1\" content=\"1 minut\" \/>\n<script type=\"application\/ld+json\" class=\"yoast-schema-graph\">{\"@context\":\"https:\\\/\\\/schema.org\",\"@graph\":[{\"@type\":\"WebPage\",\"@id\":\"https:\\\/\\\/www.porvootours.fi\\\/sv\\\/grupper\\\/sasongsprodukter\\\/\",\"url\":\"https:\\\/\\\/www.porvootours.fi\\\/sv\\\/grupper\\\/sasongsprodukter\\\/\",\"name\":\"S\u00e4songsprodukter | Porvoo Tours - researrang\u00f6r\",\"isPartOf\":{\"@id\":\"https:\\\/\\\/www.porvootours.fi\\\/#website\"},\"primaryImageOfPage\":{\"@id\":\"https:\\\/\\\/www.porvootours.fi\\\/sv\\\/grupper\\\/sasongsprodukter\\\/#primaryimage\"},\"image\":{\"@id\":\"https:\\\/\\\/www.porvootours.fi\\\/sv\\\/grupper\\\/sasongsprodukter\\\/#primaryimage\"},\"thumbnailUrl\":\"https:\\\/\\\/www.porvootours.fi\\\/wp-content\\\/uploads\\\/2025\\\/09\\\/Vanha-Porvoo-1-scaled-e1759227205113.jpg\",\"datePublished\":\"2025-09-29T18:05:52+00:00\",\"dateModified\":\"2026-02-05T11:49:57+00:00\",\"description\":\"Engagerande s\u00e4songsprodukter och program \u00e5ret runt. T.ex. julfest, julutflykt, provsmakning, h\u00f6stutflykt, v\u00e5rutflykt, naturutflykter\",\"breadcrumb\":{\"@id\":\"https:\\\/\\\/www.porvootours.fi\\\/sv\\\/grupper\\\/sasongsprodukter\\\/#breadcrumb\"},\"inLanguage\":\"sv-SE\",\"potentialAction\":[{\"@type\":\"ReadAction\",\"target\":[\"https:\\\/\\\/www.porvootours.fi\\\/sv\\\/grupper\\\/sasongsprodukter\\\/\"]}]},{\"@type\":\"ImageObject\",\"inLanguage\":\"sv-SE\",\"@id\":\"https:\\\/\\\/www.porvootours.fi\\\/sv\\\/grupper\\\/sasongsprodukter\\\/#primaryimage\",\"url\":\"https:\\\/\\\/www.porvootours.fi\\\/wp-content\\\/uploads\\\/2025\\\/09\\\/Vanha-Porvoo-1-scaled-e1759227205113.jpg\",\"contentUrl\":\"https:\\\/\\\/www.porvootours.fi\\\/wp-content\\\/uploads\\\/2025\\\/09\\\/Vanha-Porvoo-1-scaled-e1759227205113.jpg\",\"width\":2560,\"height\":1707,\"caption\":\"@visitporvoo\"},{\"@type\":\"BreadcrumbList\",\"@id\":\"https:\\\/\\\/www.porvootours.fi\\\/sv\\\/grupper\\\/sasongsprodukter\\\/#breadcrumb\",\"itemListElement\":[{\"@type\":\"ListItem\",\"position\":1,\"name\":\"Home\",\"item\":\"https:\\\/\\\/www.porvootours.fi\\\/sv\\\/\"},{\"@type\":\"ListItem\",\"position\":2,\"name\":\"Grupper\",\"item\":\"https:\\\/\\\/www.porvootours.fi\\\/sv\\\/grupper\\\/\"},{\"@type\":\"ListItem\",\"position\":3,\"name\":\"S\u00e4songsprodukter\"}]},{\"@type\":\"WebSite\",\"@id\":\"https:\\\/\\\/www.porvootours.fi\\\/#website\",\"url\":\"https:\\\/\\\/www.porvootours.fi\\\/\",\"name\":\"Porvoo Tours - matkanj\u00e4rjest\u00e4j\u00e4\",\"description\":\"Ryhm\u00e4matkojen ja kokouksien j\u00e4rjest\u00e4j\u00e4. Porvoo, Sipoo - gruppresor och m\u00f6tesresorja Loviisa\",\"publisher\":{\"@id\":\"https:\\\/\\\/www.porvootours.fi\\\/#organization\"},\"alternateName\":\"Porvoo Tours\",\"potentialAction\":[{\"@type\":\"SearchAction\",\"target\":{\"@type\":\"EntryPoint\",\"urlTemplate\":\"https:\\\/\\\/www.porvootours.fi\\\/?s={search_term_string}\"},\"query-input\":{\"@type\":\"PropertyValueSpecification\",\"valueRequired\":true,\"valueName\":\"search_term_string\"}}],\"inLanguage\":\"sv-SE\"},{\"@type\":\"Organization\",\"@id\":\"https:\\\/\\\/www.porvootours.fi\\\/#organization\",\"name\":\"Porvoo Tours\",\"url\":\"https:\\\/\\\/www.porvootours.fi\\\/\",\"logo\":{\"@type\":\"ImageObject\",\"inLanguage\":\"sv-SE\",\"@id\":\"https:\\\/\\\/www.porvootours.fi\\\/#\\\/schema\\\/logo\\\/image\\\/\",\"url\":\"https:\\\/\\\/www.porvootours.fi\\\/wp-content\\\/uploads\\\/2020\\\/02\\\/porvootours_logo1.png\",\"contentUrl\":\"https:\\\/\\\/www.porvootours.fi\\\/wp-content\\\/uploads\\\/2020\\\/02\\\/porvootours_logo1.png\",\"width\":300,\"height\":70,\"caption\":\"Porvoo Tours\"},\"image\":{\"@id\":\"https:\\\/\\\/www.porvootours.fi\\\/#\\\/schema\\\/logo\\\/image\\\/\"},\"sameAs\":[\"https:\\\/\\\/www.facebook.com\\\/Porvoo-Tours-136597746389488\\\/\"]}]}<\/script>\n<!-- \/ Yoast SEO plugin. -->","yoast_head_json":{"title":"S\u00e4songsprodukter | Porvoo Tours - researrang\u00f6r","description":"Engagerande s\u00e4songsprodukter och program \u00e5ret runt. T.ex. julfest, julutflykt, provsmakning, h\u00f6stutflykt, v\u00e5rutflykt, naturutflykter","robots":{"index":"index","follow":"follow","max-snippet":"max-snippet:-1","max-image-preview":"max-image-preview:large","max-video-preview":"max-video-preview:-1"},"canonical":"https:\/\/www.porvootours.fi\/sv\/grupper\/sasongsprodukter\/","og_locale":"sv_SE","og_type":"article","og_title":"S\u00e4songsprodukter | Porvoo Tours - researrang\u00f6r","og_description":"Engagerande s\u00e4songsprodukter och program \u00e5ret runt. T.ex. julfest, julutflykt, provsmakning, h\u00f6stutflykt, v\u00e5rutflykt, naturutflykter","og_url":"https:\/\/www.porvootours.fi\/sv\/grupper\/sasongsprodukter\/","og_site_name":"Porvoo Tours - researrang\u00f6r","article_publisher":"https:\/\/www.facebook.com\/Porvoo-Tours-136597746389488\/","article_modified_time":"2026-02-05T11:49:57+00:00","og_image":[{"width":2560,"height":1707,"url":"https:\/\/www.porvootours.fi\/wp-content\/uploads\/2025\/09\/Vanha-Porvoo-1-scaled-e1759227205113.jpg","type":"image\/jpeg"}],"twitter_card":"summary_large_image","twitter_misc":{"Ber\u00e4knad l\u00e4stid":"1 minut"},"schema":{"@context":"https:\/\/schema.org","@graph":[{"@type":"WebPage","@id":"https:\/\/www.porvootours.fi\/sv\/grupper\/sasongsprodukter\/","url":"https:\/\/www.porvootours.fi\/sv\/grupper\/sasongsprodukter\/","name":"S\u00e4songsprodukter | Porvoo Tours - researrang\u00f6r","isPartOf":{"@id":"https:\/\/www.porvootours.fi\/#website"},"primaryImageOfPage":{"@id":"https:\/\/www.porvootours.fi\/sv\/grupper\/sasongsprodukter\/#primaryimage"},"image":{"@id":"https:\/\/www.porvootours.fi\/sv\/grupper\/sasongsprodukter\/#primaryimage"},"thumbnailUrl":"https:\/\/www.porvootours.fi\/wp-content\/uploads\/2025\/09\/Vanha-Porvoo-1-scaled-e1759227205113.jpg","datePublished":"2025-09-29T18:05:52+00:00","dateModified":"2026-02-05T11:49:57+00:00","description":"Engagerande s\u00e4songsprodukter och program \u00e5ret runt. T.ex. julfest, julutflykt, provsmakning, h\u00f6stutflykt, v\u00e5rutflykt, naturutflykter","breadcrumb":{"@id":"https:\/\/www.porvootours.fi\/sv\/grupper\/sasongsprodukter\/#breadcrumb"},"inLanguage":"sv-SE","potentialAction":[{"@type":"ReadAction","target":["https:\/\/www.porvootours.fi\/sv\/grupper\/sasongsprodukter\/"]}]},{"@type":"ImageObject","inLanguage":"sv-SE","@id":"https:\/\/www.porvootours.fi\/sv\/grupper\/sasongsprodukter\/#primaryimage","url":"https:\/\/www.porvootours.fi\/wp-content\/uploads\/2025\/09\/Vanha-Porvoo-1-scaled-e1759227205113.jpg","contentUrl":"https:\/\/www.porvootours.fi\/wp-content\/uploads\/2025\/09\/Vanha-Porvoo-1-scaled-e1759227205113.jpg","width":2560,"height":1707,"caption":"@visitporvoo"},{"@type":"BreadcrumbList","@id":"https:\/\/www.porvootours.fi\/sv\/grupper\/sasongsprodukter\/#breadcrumb","itemListElement":[{"@type":"ListItem","position":1,"name":"Home","item":"https:\/\/www.porvootours.fi\/sv\/"},{"@type":"ListItem","position":2,"name":"Grupper","item":"https:\/\/www.porvootours.fi\/sv\/grupper\/"},{"@type":"ListItem","position":3,"name":"S\u00e4songsprodukter"}]},{"@type":"WebSite","@id":"https:\/\/www.porvootours.fi\/#website","url":"https:\/\/www.porvootours.fi\/","name":"Porvoo Tours - matkanj\u00e4rjest\u00e4j\u00e4","description":"Ryhm\u00e4matkojen ja kokouksien j\u00e4rjest\u00e4j\u00e4. Porvoo, Sipoo - gruppresor och m\u00f6tesresorja Loviisa","publisher":{"@id":"https:\/\/www.porvootours.fi\/#organization"},"alternateName":"Porvoo Tours","potentialAction":[{"@type":"SearchAction","target":{"@type":"EntryPoint","urlTemplate":"https:\/\/www.porvootours.fi\/?s={search_term_string}"},"query-input":{"@type":"PropertyValueSpecification","valueRequired":true,"valueName":"search_term_string"}}],"inLanguage":"sv-SE"},{"@type":"Organization","@id":"https:\/\/www.porvootours.fi\/#organization","name":"Porvoo Tours","url":"https:\/\/www.porvootours.fi\/","logo":{"@type":"ImageObject","inLanguage":"sv-SE","@id":"https:\/\/www.porvootours.fi\/#\/schema\/logo\/image\/","url":"https:\/\/www.porvootours.fi\/wp-content\/uploads\/2020\/02\/porvootours_logo1.png","contentUrl":"https:\/\/www.porvootours.fi\/wp-content\/uploads\/2020\/02\/porvootours_logo1.png","width":300,"height":70,"caption":"Porvoo Tours"},"image":{"@id":"https:\/\/www.porvootours.fi\/#\/schema\/logo\/image\/"},"sameAs":["https:\/\/www.facebook.com\/Porvoo-Tours-136597746389488\/"]}]}},"_links":{"self":[{"href":"https:\/\/www.porvootours.fi\/sv\/wp-json\/wp\/v2\/pages\/20741","targetHints":{"allow":["GET"]}}],"collection":[{"href":"https:\/\/www.porvootours.fi\/sv\/wp-json\/wp\/v2\/pages"}],"about":[{"href":"https:\/\/www.porvootours.fi\/sv\/wp-json\/wp\/v2\/types\/page"}],"author":[{"embeddable":true,"href":"https:\/\/www.porvootours.fi\/sv\/wp-json\/wp\/v2\/users\/1"}],"replies":[{"embeddable":true,"href":"https:\/\/www.porvootours.fi\/sv\/wp-json\/wp\/v2\/comments?post=20741"}],"version-history":[{"count":0,"href":"https:\/\/www.porvootours.fi\/sv\/wp-json\/wp\/v2\/pages\/20741\/revisions"}],"up":[{"embeddable":true,"href":"https:\/\/www.porvootours.fi\/sv\/wp-json\/wp\/v2\/pages\/4394"}],"wp:featuredmedia":[{"embeddable":true,"href":"https:\/\/www.porvootours.fi\/sv\/wp-json\/wp\/v2\/media\/20797"}],"wp:attachment":[{"href":"https:\/\/www.porvootours.fi\/sv\/wp-json\/wp\/v2\/media?parent=20741"}],"curies":[{"name":"wp","href":"https:\/\/api.w.org\/{rel}","templated":true}]}}