{"id":20297,"date":"2025-05-30T13:27:21","date_gmt":"2025-05-30T13:27:21","guid":{"rendered":"https:\/\/www.porvootours.fi\/?page_id=20297"},"modified":"2025-05-30T13:27:21","modified_gmt":"2025-05-30T13:27:21","slug":"tillganglighetsredogorelse","status":"publish","type":"page","link":"https:\/\/www.porvootours.fi\/sv\/kontaktuppgifter\/tillganglighetsredogorelse\/","title":{"rendered":"Tillg\u00e4nglighetsredog\u00f6relse"},"content":{"rendered":"<div id=\"pl-20297\"  class=\"panel-layout\" ><div id=\"pg-20297-0\"  class=\"panel-grid panel-no-style\" ><div id=\"pgc-20297-0-0\"  class=\"panel-grid-cell\" >\n\n        <div id=\"panel-20297-0-0-0\" class=\"so-panel widget widget_kadence_calltoaction_widget kadence_calltoaction_widget panel-first-child\" data-index=\"0\" ><div class=\"kt-ctaw clearfix\"><h2 class=\"kt-call-to-action-title\" style=\"color:#333333; font-size:58px; line-height:1; text-align:center; \"  data-max-size=\"58\" data-min-size=\"36\"><B>TILLG\u00c4NGLIGHETS<\/B>REDOG\u00d6RELSE<\/h2><\/div><\/div>\n    <div id=\"panel-20297-0-0-1\" class=\"so-panel widget widget_black-studio-tinymce widget_black_studio_tinymce panel-last-child\" data-index=\"1\" ><div class=\"textwidget\"><p>Detta tillg\u00e4nglighetsutl\u00e5tande g\u00e4ller webbplatsen https:\/\/porvootours.fi och har uppr\u00e4ttats 26.5.2025.<br \/>\nBed\u00f6mningen av tj\u00e4nstens tillg\u00e4nglighet har gjorts genom sj\u00e4lvv\u00e4rdering samt med hj\u00e4lp av automatiska verktyg som WAVE.<\/p>\n<h3>Webbplatsens tillg\u00e4nglighetsstatus<\/h3>\n<p>Webbplatsen uppfyller delvis tillg\u00e4nglighetskraven (WCAG 2.1 niv\u00e5 A och AA).<br \/>\nF\u00f6ljande inneh\u00e5ll eller funktioner \u00e4r \u00e4nnu inte helt tillg\u00e4ngliga:<\/p>\n<h4>Icke-tillg\u00e4ngligt inneh\u00e5ll<\/h4>\n<p><strong>Kontraster<\/strong><br \/>\nWebbplatsen inneh\u00e5ller vissa bristf\u00e4lliga f\u00e4rgkontraster, bland annat i stora bilder p\u00e5 f\u00f6rstasidan.<\/p>\n<p><strong>Rubriker<\/strong><br \/>\nRubrikniv\u00e5er anv\u00e4nds inte alltid logiskt, till exempel p\u00e5 huvudsidan: vissa niv\u00e5er hoppas \u00f6ver. Underordnade rubriker har markerats med samma rubrikniv\u00e5, medan icke-underordnade rubriker har presenterats som underordnade. (WCAG 1.3.1)<br \/>\nDet kan \u00e4ven f\u00f6rekomma tomma rubriktaggar p\u00e5 sidorna. (WCAG 1.3.1)<\/p>\n<p><strong>Alt-texter f\u00f6r bildl\u00e4nkar<\/strong><br \/>\nVissa bildl\u00e4nkar saknar alt-attribut eller s\u00e5 beskriver alt-texten d\u00e5ligt vart l\u00e4nken leder. (WCAG 1.1.1, 2.4.4)<\/p>\n<p><strong>Brister i tangentbordsnavigering<\/strong><br \/>\nI vissa menystrukturer, till exempel i formul\u00e4r, g\u00e5r det inte att navigera helt med tangentbord. I \u00f6vrigt fungerar menyer och inneh\u00e5llsl\u00e4nkar med tabb.<br \/>\n\u2022 WCAG 2.1.1 Keyboard<\/p>\n<p><strong>Etiketter f\u00f6r formul\u00e4rf\u00e4lt<\/strong><br \/>\nAlla formul\u00e4rf\u00e4lt har inte tydligt definierade etiketter (label-element), vilket f\u00f6rsv\u00e5rar anv\u00e4ndningen f\u00f6r sk\u00e4rml\u00e4sare. Detta beror p\u00e5 det anv\u00e4nda formul\u00e4rverktyget (Form 7).<br \/>\n\u2022 WCAG 1.3.1 Info and Relationships<br \/>\n\u2022 WCAG 3.3.2 Labels or Instructions<\/p>\n<p><strong>Saknade ARIA-roller eller attribut<\/strong><br \/>\nVissa interaktiva element saknar definierade roller eller tillst\u00e5ndsinformation f\u00f6r sk\u00e4rml\u00e4sare.<br \/>\n\u2022 WCAG 4.1.2 Name, Role, Value<\/p>\n<p><strong>Inneh\u00e5ll utanf\u00f6r lagstiftningens r\u00e4ckvidd<\/strong><br \/>\nF\u00f6ljande inneh\u00e5ll omfattas inte av lagen om tillg\u00e4nglighet i digitala tj\u00e4nster:<br \/>\nInneh\u00e5ll som produceras av tredje part och som inte finansieras, produceras eller \u00f6vervakas av webbplatsens leverant\u00f6r (t.ex. inb\u00e4ddade karttj\u00e4nster eller inneh\u00e5ll fr\u00e5n sociala medier).<\/p>\n<h4>Tidsplan f\u00f6r \u00e5tg\u00e4rdande av tillg\u00e4nglighetsbrister<\/h4>\n<p>Webbplatsen f\u00f6rb\u00e4ttras kontinuerligt, och en ny, mer tillg\u00e4nglig version av webbplatsen \u00e4r under utveckling. Den nya webbplatsen publiceras mellan 2025 och 2027.<br \/>\nM\u00e5let \u00e4r att \u00e5tg\u00e4rda ovan n\u00e4mnda brister stegvis. F\u00f6ljande \u00e5tg\u00e4rder prioriteras:<\/p>\n<p>\u2022 Tangentbordsnavigering<br \/>\n\u2022 Formul\u00e4rens tillg\u00e4nglighet (ett nytt, modernt formul\u00e4rverktyg anv\u00e4nds p\u00e5 den nya webbplatsen)<br \/>\n\u2022 Till\u00e4gg av ARIA-markeringar<\/p>\n<p><strong>Ge tillg\u00e4nglighetsfeedback<br \/>\n<\/strong>Vi tar g\u00e4rna emot feedback om tillg\u00e4ngligheten. Du kan kontakta oss p\u00e5 f\u00f6ljande s\u00e4tt:<\/p>\n<p>E-post: info@porvootours.fi<br \/>\nTelefon: 019 574 2200<\/p>\n<p>Vi str\u00e4var efter att svara inom tv\u00e5 veckor.<\/p>\n<p><strong>Tillsynsmyndighet<\/strong><br \/>\nOm du uppt\u00e4cker tillg\u00e4nglighetsproblem p\u00e5 webbplatsen, kontakta oss f\u00f6rst. Vi vill ge dig b\u00e4sta m\u00f6jliga service \u2013 v\u00e5r kundtj\u00e4nst \u00e4r k\u00e4nd f\u00f6r sin goda service.<br \/>\nOm du inte \u00e4r n\u00f6jd med svaret du f\u00e5r eller inte f\u00e5r n\u00e5got svar inom tv\u00e5 veckor, kan du anm\u00e4la bristen till Transport- och kommunikationsverket Traficom:<\/p>\n<p>E-post: saavutettavuus(at)traficom.fi<\/p>\n<p>Transport- och kommunikationsverket Traficom<br \/>\nTillsyn \u00f6ver digital tillg\u00e4nglighet<br \/>\nPB 320<br \/>\n00059 TRAFICOM<br \/>\nE-post: saavutettavuus(at)traficom.fi<\/p>\n<\/div><\/div><\/div><\/div><\/div>","protected":false},"excerpt":{"rendered":"<p>Detta tillg\u00e4nglighetsutl\u00e5tande g\u00e4ller webbplatsen https:\/\/porvootours.fi och har uppr\u00e4ttats 26.5.2025. Bed\u00f6mningen av tj\u00e4nstens tillg\u00e4nglighet har gjorts genom sj\u00e4lvv\u00e4rdering samt med hj\u00e4lp av automatiska verktyg som WAVE. Webbplatsens tillg\u00e4nglighetsstatus Webbplatsen uppfyller delvis &hellip; <a class=\"kt-excerpt-readmore more-link\" href=\"https:\/\/www.porvootours.fi\/sv\/kontaktuppgifter\/tillganglighetsredogorelse\/\" aria-label=\"Tillg\u00e4nglighetsredog\u00f6relse\">\u00bb<\/a><\/p>\n","protected":false},"author":1,"featured_media":0,"parent":4426,"menu_order":0,"comment_status":"closed","ping_status":"closed","template":"","meta":{"kt_blocks_editor_width":"","footnotes":""},"class_list":["post-20297","page","type-page","status-publish","hentry"],"yoast_head":"<!-- This site is optimized with the Yoast SEO plugin v27.3 - https:\/\/yoast.com\/product\/yoast-seo-wordpress\/ -->\n<title>Tillg\u00e4nglighetsredog\u00f6relse | Porvoo Tours - researrang\u00f6r<\/title>\n<meta name=\"robots\" content=\"index, follow, max-snippet:-1, max-image-preview:large, max-video-preview:-1\" \/>\n<link rel=\"canonical\" href=\"https:\/\/www.porvootours.fi\/sv\/kontaktuppgifter\/tillganglighetsredogorelse\/\" \/>\n<meta property=\"og:locale\" content=\"sv_SE\" \/>\n<meta property=\"og:type\" content=\"article\" \/>\n<meta property=\"og:title\" content=\"Tillg\u00e4nglighetsredog\u00f6relse | Porvoo Tours - researrang\u00f6r\" \/>\n<meta property=\"og:description\" content=\"Detta tillg\u00e4nglighetsutl\u00e5tande g\u00e4ller webbplatsen https:\/\/porvootours.fi och har uppr\u00e4ttats 26.5.2025. Bed\u00f6mningen av tj\u00e4nstens tillg\u00e4nglighet har gjorts genom sj\u00e4lvv\u00e4rdering samt med hj\u00e4lp av automatiska verktyg som WAVE. Webbplatsens tillg\u00e4nglighetsstatus Webbplatsen uppfyller delvis &hellip; \u00bb\" \/>\n<meta property=\"og:url\" content=\"https:\/\/www.porvootours.fi\/sv\/kontaktuppgifter\/tillganglighetsredogorelse\/\" \/>\n<meta property=\"og:site_name\" content=\"Porvoo Tours - researrang\u00f6r\" \/>\n<meta property=\"article:publisher\" content=\"https:\/\/www.facebook.com\/Porvoo-Tours-136597746389488\/\" \/>\n<meta property=\"og:image\" content=\"https:\/\/www.porvootours.fi\/wp-content\/uploads\/2021\/05\/porvootours_1200px_fb_jokiranta.jpg\" \/>\n\t<meta property=\"og:image:width\" content=\"1200\" \/>\n\t<meta property=\"og:image:height\" content=\"630\" \/>\n\t<meta property=\"og:image:type\" content=\"image\/jpeg\" \/>\n<meta name=\"twitter:card\" content=\"summary_large_image\" \/>\n<meta name=\"twitter:label1\" content=\"Ber\u00e4knad l\u00e4stid\" \/>\n\t<meta name=\"twitter:data1\" content=\"3 minuter\" \/>\n<script type=\"application\/ld+json\" class=\"yoast-schema-graph\">{\"@context\":\"https:\\\/\\\/schema.org\",\"@graph\":[{\"@type\":\"WebPage\",\"@id\":\"https:\\\/\\\/www.porvootours.fi\\\/sv\\\/kontaktuppgifter\\\/tillganglighetsredogorelse\\\/\",\"url\":\"https:\\\/\\\/www.porvootours.fi\\\/sv\\\/kontaktuppgifter\\\/tillganglighetsredogorelse\\\/\",\"name\":\"Tillg\u00e4nglighetsredog\u00f6relse | Porvoo Tours - researrang\u00f6r\",\"isPartOf\":{\"@id\":\"https:\\\/\\\/www.porvootours.fi\\\/#website\"},\"datePublished\":\"2025-05-30T13:27:21+00:00\",\"breadcrumb\":{\"@id\":\"https:\\\/\\\/www.porvootours.fi\\\/sv\\\/kontaktuppgifter\\\/tillganglighetsredogorelse\\\/#breadcrumb\"},\"inLanguage\":\"sv-SE\",\"potentialAction\":[{\"@type\":\"ReadAction\",\"target\":[\"https:\\\/\\\/www.porvootours.fi\\\/sv\\\/kontaktuppgifter\\\/tillganglighetsredogorelse\\\/\"]}]},{\"@type\":\"BreadcrumbList\",\"@id\":\"https:\\\/\\\/www.porvootours.fi\\\/sv\\\/kontaktuppgifter\\\/tillganglighetsredogorelse\\\/#breadcrumb\",\"itemListElement\":[{\"@type\":\"ListItem\",\"position\":1,\"name\":\"Home\",\"item\":\"https:\\\/\\\/www.porvootours.fi\\\/sv\\\/\"},{\"@type\":\"ListItem\",\"position\":2,\"name\":\"Kontaktuppgifter\",\"item\":\"https:\\\/\\\/www.porvootours.fi\\\/sv\\\/kontaktuppgifter\\\/\"},{\"@type\":\"ListItem\",\"position\":3,\"name\":\"Tillg\u00e4nglighetsredog\u00f6relse\"}]},{\"@type\":\"WebSite\",\"@id\":\"https:\\\/\\\/www.porvootours.fi\\\/#website\",\"url\":\"https:\\\/\\\/www.porvootours.fi\\\/\",\"name\":\"Porvoo Tours - matkanj\u00e4rjest\u00e4j\u00e4\",\"description\":\"Ryhm\u00e4matkojen ja kokouksien j\u00e4rjest\u00e4j\u00e4. Porvoo, Sipoo - gruppresor och m\u00f6tesresorja Loviisa\",\"publisher\":{\"@id\":\"https:\\\/\\\/www.porvootours.fi\\\/#organization\"},\"alternateName\":\"Porvoo Tours\",\"potentialAction\":[{\"@type\":\"SearchAction\",\"target\":{\"@type\":\"EntryPoint\",\"urlTemplate\":\"https:\\\/\\\/www.porvootours.fi\\\/?s={search_term_string}\"},\"query-input\":{\"@type\":\"PropertyValueSpecification\",\"valueRequired\":true,\"valueName\":\"search_term_string\"}}],\"inLanguage\":\"sv-SE\"},{\"@type\":\"Organization\",\"@id\":\"https:\\\/\\\/www.porvootours.fi\\\/#organization\",\"name\":\"Porvoo Tours\",\"url\":\"https:\\\/\\\/www.porvootours.fi\\\/\",\"logo\":{\"@type\":\"ImageObject\",\"inLanguage\":\"sv-SE\",\"@id\":\"https:\\\/\\\/www.porvootours.fi\\\/#\\\/schema\\\/logo\\\/image\\\/\",\"url\":\"https:\\\/\\\/www.porvootours.fi\\\/wp-content\\\/uploads\\\/2020\\\/02\\\/porvootours_logo1.png\",\"contentUrl\":\"https:\\\/\\\/www.porvootours.fi\\\/wp-content\\\/uploads\\\/2020\\\/02\\\/porvootours_logo1.png\",\"width\":300,\"height\":70,\"caption\":\"Porvoo Tours\"},\"image\":{\"@id\":\"https:\\\/\\\/www.porvootours.fi\\\/#\\\/schema\\\/logo\\\/image\\\/\"},\"sameAs\":[\"https:\\\/\\\/www.facebook.com\\\/Porvoo-Tours-136597746389488\\\/\"]}]}<\/script>\n<!-- \/ Yoast SEO plugin. -->","yoast_head_json":{"title":"Tillg\u00e4nglighetsredog\u00f6relse | Porvoo Tours - researrang\u00f6r","robots":{"index":"index","follow":"follow","max-snippet":"max-snippet:-1","max-image-preview":"max-image-preview:large","max-video-preview":"max-video-preview:-1"},"canonical":"https:\/\/www.porvootours.fi\/sv\/kontaktuppgifter\/tillganglighetsredogorelse\/","og_locale":"sv_SE","og_type":"article","og_title":"Tillg\u00e4nglighetsredog\u00f6relse | Porvoo Tours - researrang\u00f6r","og_description":"Detta tillg\u00e4nglighetsutl\u00e5tande g\u00e4ller webbplatsen https:\/\/porvootours.fi och har uppr\u00e4ttats 26.5.2025. Bed\u00f6mningen av tj\u00e4nstens tillg\u00e4nglighet har gjorts genom sj\u00e4lvv\u00e4rdering samt med hj\u00e4lp av automatiska verktyg som WAVE. Webbplatsens tillg\u00e4nglighetsstatus Webbplatsen uppfyller delvis &hellip; \u00bb","og_url":"https:\/\/www.porvootours.fi\/sv\/kontaktuppgifter\/tillganglighetsredogorelse\/","og_site_name":"Porvoo Tours - researrang\u00f6r","article_publisher":"https:\/\/www.facebook.com\/Porvoo-Tours-136597746389488\/","og_image":[{"width":1200,"height":630,"url":"https:\/\/www.porvootours.fi\/wp-content\/uploads\/2021\/05\/porvootours_1200px_fb_jokiranta.jpg","type":"image\/jpeg"}],"twitter_card":"summary_large_image","twitter_misc":{"Ber\u00e4knad l\u00e4stid":"3 minuter"},"schema":{"@context":"https:\/\/schema.org","@graph":[{"@type":"WebPage","@id":"https:\/\/www.porvootours.fi\/sv\/kontaktuppgifter\/tillganglighetsredogorelse\/","url":"https:\/\/www.porvootours.fi\/sv\/kontaktuppgifter\/tillganglighetsredogorelse\/","name":"Tillg\u00e4nglighetsredog\u00f6relse | Porvoo Tours - researrang\u00f6r","isPartOf":{"@id":"https:\/\/www.porvootours.fi\/#website"},"datePublished":"2025-05-30T13:27:21+00:00","breadcrumb":{"@id":"https:\/\/www.porvootours.fi\/sv\/kontaktuppgifter\/tillganglighetsredogorelse\/#breadcrumb"},"inLanguage":"sv-SE","potentialAction":[{"@type":"ReadAction","target":["https:\/\/www.porvootours.fi\/sv\/kontaktuppgifter\/tillganglighetsredogorelse\/"]}]},{"@type":"BreadcrumbList","@id":"https:\/\/www.porvootours.fi\/sv\/kontaktuppgifter\/tillganglighetsredogorelse\/#breadcrumb","itemListElement":[{"@type":"ListItem","position":1,"name":"Home","item":"https:\/\/www.porvootours.fi\/sv\/"},{"@type":"ListItem","position":2,"name":"Kontaktuppgifter","item":"https:\/\/www.porvootours.fi\/sv\/kontaktuppgifter\/"},{"@type":"ListItem","position":3,"name":"Tillg\u00e4nglighetsredog\u00f6relse"}]},{"@type":"WebSite","@id":"https:\/\/www.porvootours.fi\/#website","url":"https:\/\/www.porvootours.fi\/","name":"Porvoo Tours - matkanj\u00e4rjest\u00e4j\u00e4","description":"Ryhm\u00e4matkojen ja kokouksien j\u00e4rjest\u00e4j\u00e4. Porvoo, Sipoo - gruppresor och m\u00f6tesresorja Loviisa","publisher":{"@id":"https:\/\/www.porvootours.fi\/#organization"},"alternateName":"Porvoo Tours","potentialAction":[{"@type":"SearchAction","target":{"@type":"EntryPoint","urlTemplate":"https:\/\/www.porvootours.fi\/?s={search_term_string}"},"query-input":{"@type":"PropertyValueSpecification","valueRequired":true,"valueName":"search_term_string"}}],"inLanguage":"sv-SE"},{"@type":"Organization","@id":"https:\/\/www.porvootours.fi\/#organization","name":"Porvoo Tours","url":"https:\/\/www.porvootours.fi\/","logo":{"@type":"ImageObject","inLanguage":"sv-SE","@id":"https:\/\/www.porvootours.fi\/#\/schema\/logo\/image\/","url":"https:\/\/www.porvootours.fi\/wp-content\/uploads\/2020\/02\/porvootours_logo1.png","contentUrl":"https:\/\/www.porvootours.fi\/wp-content\/uploads\/2020\/02\/porvootours_logo1.png","width":300,"height":70,"caption":"Porvoo Tours"},"image":{"@id":"https:\/\/www.porvootours.fi\/#\/schema\/logo\/image\/"},"sameAs":["https:\/\/www.facebook.com\/Porvoo-Tours-136597746389488\/"]}]}},"_links":{"self":[{"href":"https:\/\/www.porvootours.fi\/sv\/wp-json\/wp\/v2\/pages\/20297","targetHints":{"allow":["GET"]}}],"collection":[{"href":"https:\/\/www.porvootours.fi\/sv\/wp-json\/wp\/v2\/pages"}],"about":[{"href":"https:\/\/www.porvootours.fi\/sv\/wp-json\/wp\/v2\/types\/page"}],"author":[{"embeddable":true,"href":"https:\/\/www.porvootours.fi\/sv\/wp-json\/wp\/v2\/users\/1"}],"replies":[{"embeddable":true,"href":"https:\/\/www.porvootours.fi\/sv\/wp-json\/wp\/v2\/comments?post=20297"}],"version-history":[{"count":0,"href":"https:\/\/www.porvootours.fi\/sv\/wp-json\/wp\/v2\/pages\/20297\/revisions"}],"up":[{"embeddable":true,"href":"https:\/\/www.porvootours.fi\/sv\/wp-json\/wp\/v2\/pages\/4426"}],"wp:attachment":[{"href":"https:\/\/www.porvootours.fi\/sv\/wp-json\/wp\/v2\/media?parent=20297"}],"curies":[{"name":"wp","href":"https:\/\/api.w.org\/{rel}","templated":true}]}}