{"id":17658,"date":"2021-03-19T10:49:55","date_gmt":"2021-03-19T10:49:55","guid":{"rendered":"https:\/\/www.porvootours.fi\/?page_id=17658"},"modified":"2025-01-28T12:56:25","modified_gmt":"2025-01-28T12:56:25","slug":"ovriga-orter","status":"publish","type":"page","link":"https:\/\/www.porvootours.fi\/sv\/grupper\/ovriga-orter\/","title":{"rendered":"\u00d6vriga orter"},"content":{"rendered":"<div id=\"pl-17658\"  class=\"panel-layout\" ><div id=\"pg-17658-0\"  class=\"panel-grid panel-no-style\" ><div id=\"pgc-17658-0-0\"  class=\"panel-grid-cell\" >\n\n        <div id=\"panel-17658-0-0-0\" class=\"so-panel widget widget_kadence_calltoaction_widget kadence_calltoaction_widget panel-first-child\" data-index=\"0\" ><div class=\"kt-ctaw clearfix\"><h2 class=\"kt-call-to-action-title\" style=\"color:#333333; font-size:50px; line-height:1; text-align:center; font-weight:300;\"  data-max-size=\"50\" data-min-size=\"36\"><b>GRUPPRESOR<\/b> \u00d6VRIGA ORTER<\/h2><\/div><\/div>\n    <div id=\"panel-17658-0-0-1\" class=\"so-panel widget widget_black-studio-tinymce widget_black_studio_tinymce panel-last-child\" data-index=\"1\" ><div class=\"textwidget\"><p>H\u00e4r hittar du gruppresor till n\u00e4rorter, l\u00e4ngre bort och utomlands. Paketen kan bokas som s\u00e5dana eller skr\u00e4ddarsys enligt gruppens \u00f6nskem\u00e5l. Tag kontakt!<\/p>\n<p>Finland har mycket att ge s\u00e4rskilt f\u00f6r den som \u00e4r intresserad av kultur, konst och historia. Att resa i hemlandet ger alltid nya perspektiv. V\u00e4rldsarv, unika museer och utst\u00e4llningar, fina herrg\u00e5rdar, god mat och vackra landskap v\u00e4ntar p\u00e5 er grupp i olika delar av Finland. L\u00e5t gruppen uppt\u00e4cka nya resm\u00e5l \u2013 eller \u00e5terv\u00e4nd till era favoritplatser.<\/p>\n<p>Porvoo Tours erbjuder \u00e4ven guidade resor till utlandet. V\u00e5ra grannl\u00e4nder runt \u00d6stersj\u00f6n erbjuder varierande smaker och dofter p\u00e5 bekv\u00e4mt avst\u00e5nd fr\u00e5n Finland. De ungef\u00e4r 3-4 dagar l\u00e5nga utlandsresorna inkluderar b\u00e5tresor med Viking Line, TallinkSilja, Ecker\u00f6 Line eller Finnlines, vilka ofta \u00e4r upplevelser i sig och dessutom erbjuder trevliga shoppingm\u00f6jligheter. Vi hj\u00e4lper ocks\u00e5 g\u00e4rna till med att boka busstransporter och m\u00e5ltider.<\/p>\n<p>&nbsp;<\/p>\n<\/div><\/div><\/div><\/div><\/div>","protected":false},"excerpt":{"rendered":"<p>H\u00e4r hittar du gruppresor till n\u00e4rorter, l\u00e4ngre bort och utomlands. Paketen kan bokas som s\u00e5dana eller skr\u00e4ddarsys enligt gruppens \u00f6nskem\u00e5l. Tag kontakt! Finland har mycket att ge s\u00e4rskilt f\u00f6r den &hellip; <a class=\"kt-excerpt-readmore more-link\" href=\"https:\/\/www.porvootours.fi\/sv\/grupper\/ovriga-orter\/\" aria-label=\"\u00d6vriga orter\">\u00bb<\/a><\/p>\n","protected":false},"author":2,"featured_media":0,"parent":4394,"menu_order":0,"comment_status":"closed","ping_status":"closed","template":"template-portfolio-grid.php","meta":{"kt_blocks_editor_width":"","footnotes":""},"class_list":["post-17658","page","type-page","status-publish","hentry"],"yoast_head":"<!-- This site is optimized with the Yoast SEO plugin v27.3 - https:\/\/yoast.com\/product\/yoast-seo-wordpress\/ -->\n<title>\u00d6vriga orter | Porvoo Tours - researrang\u00f6r<\/title>\n<meta name=\"robots\" content=\"index, follow, max-snippet:-1, max-image-preview:large, max-video-preview:-1\" \/>\n<link rel=\"canonical\" href=\"https:\/\/www.porvootours.fi\/sv\/grupper\/ovriga-orter\/\" \/>\n<meta property=\"og:locale\" content=\"sv_SE\" \/>\n<meta property=\"og:type\" content=\"article\" \/>\n<meta property=\"og:title\" content=\"\u00d6vriga orter | Porvoo Tours - researrang\u00f6r\" \/>\n<meta property=\"og:description\" content=\"H\u00e4r hittar du gruppresor till n\u00e4rorter, l\u00e4ngre bort och utomlands. Paketen kan bokas som s\u00e5dana eller skr\u00e4ddarsys enligt gruppens \u00f6nskem\u00e5l. Tag kontakt! Finland har mycket att ge s\u00e4rskilt f\u00f6r den &hellip; \u00bb\" \/>\n<meta property=\"og:url\" content=\"https:\/\/www.porvootours.fi\/sv\/grupper\/ovriga-orter\/\" \/>\n<meta property=\"og:site_name\" content=\"Porvoo Tours - researrang\u00f6r\" \/>\n<meta property=\"article:publisher\" content=\"https:\/\/www.facebook.com\/Porvoo-Tours-136597746389488\/\" \/>\n<meta property=\"article:modified_time\" content=\"2025-01-28T12:56:25+00:00\" \/>\n<meta property=\"og:image\" content=\"https:\/\/www.porvootours.fi\/wp-content\/uploads\/2021\/05\/porvootours_1200px_fb_jokiranta.jpg\" \/>\n\t<meta property=\"og:image:width\" content=\"1200\" \/>\n\t<meta property=\"og:image:height\" content=\"630\" \/>\n\t<meta property=\"og:image:type\" content=\"image\/jpeg\" \/>\n<meta name=\"twitter:card\" content=\"summary_large_image\" \/>\n<meta name=\"twitter:label1\" content=\"Ber\u00e4knad l\u00e4stid\" \/>\n\t<meta name=\"twitter:data1\" content=\"1 minut\" \/>\n<script type=\"application\/ld+json\" class=\"yoast-schema-graph\">{\"@context\":\"https:\\\/\\\/schema.org\",\"@graph\":[{\"@type\":\"WebPage\",\"@id\":\"https:\\\/\\\/www.porvootours.fi\\\/sv\\\/grupper\\\/ovriga-orter\\\/\",\"url\":\"https:\\\/\\\/www.porvootours.fi\\\/sv\\\/grupper\\\/ovriga-orter\\\/\",\"name\":\"\u00d6vriga orter | Porvoo Tours - researrang\u00f6r\",\"isPartOf\":{\"@id\":\"https:\\\/\\\/www.porvootours.fi\\\/#website\"},\"datePublished\":\"2021-03-19T10:49:55+00:00\",\"dateModified\":\"2025-01-28T12:56:25+00:00\",\"breadcrumb\":{\"@id\":\"https:\\\/\\\/www.porvootours.fi\\\/sv\\\/grupper\\\/ovriga-orter\\\/#breadcrumb\"},\"inLanguage\":\"sv-SE\",\"potentialAction\":[{\"@type\":\"ReadAction\",\"target\":[\"https:\\\/\\\/www.porvootours.fi\\\/sv\\\/grupper\\\/ovriga-orter\\\/\"]}]},{\"@type\":\"BreadcrumbList\",\"@id\":\"https:\\\/\\\/www.porvootours.fi\\\/sv\\\/grupper\\\/ovriga-orter\\\/#breadcrumb\",\"itemListElement\":[{\"@type\":\"ListItem\",\"position\":1,\"name\":\"Home\",\"item\":\"https:\\\/\\\/www.porvootours.fi\\\/sv\\\/\"},{\"@type\":\"ListItem\",\"position\":2,\"name\":\"Grupper\",\"item\":\"https:\\\/\\\/www.porvootours.fi\\\/sv\\\/grupper\\\/\"},{\"@type\":\"ListItem\",\"position\":3,\"name\":\"\u00d6vriga orter\"}]},{\"@type\":\"WebSite\",\"@id\":\"https:\\\/\\\/www.porvootours.fi\\\/#website\",\"url\":\"https:\\\/\\\/www.porvootours.fi\\\/\",\"name\":\"Porvoo Tours - matkanj\u00e4rjest\u00e4j\u00e4\",\"description\":\"Ryhm\u00e4matkojen ja kokouksien j\u00e4rjest\u00e4j\u00e4. Porvoo, Sipoo - gruppresor och m\u00f6tesresorja Loviisa\",\"publisher\":{\"@id\":\"https:\\\/\\\/www.porvootours.fi\\\/#organization\"},\"alternateName\":\"Porvoo Tours\",\"potentialAction\":[{\"@type\":\"SearchAction\",\"target\":{\"@type\":\"EntryPoint\",\"urlTemplate\":\"https:\\\/\\\/www.porvootours.fi\\\/?s={search_term_string}\"},\"query-input\":{\"@type\":\"PropertyValueSpecification\",\"valueRequired\":true,\"valueName\":\"search_term_string\"}}],\"inLanguage\":\"sv-SE\"},{\"@type\":\"Organization\",\"@id\":\"https:\\\/\\\/www.porvootours.fi\\\/#organization\",\"name\":\"Porvoo Tours\",\"url\":\"https:\\\/\\\/www.porvootours.fi\\\/\",\"logo\":{\"@type\":\"ImageObject\",\"inLanguage\":\"sv-SE\",\"@id\":\"https:\\\/\\\/www.porvootours.fi\\\/#\\\/schema\\\/logo\\\/image\\\/\",\"url\":\"https:\\\/\\\/www.porvootours.fi\\\/wp-content\\\/uploads\\\/2020\\\/02\\\/porvootours_logo1.png\",\"contentUrl\":\"https:\\\/\\\/www.porvootours.fi\\\/wp-content\\\/uploads\\\/2020\\\/02\\\/porvootours_logo1.png\",\"width\":300,\"height\":70,\"caption\":\"Porvoo Tours\"},\"image\":{\"@id\":\"https:\\\/\\\/www.porvootours.fi\\\/#\\\/schema\\\/logo\\\/image\\\/\"},\"sameAs\":[\"https:\\\/\\\/www.facebook.com\\\/Porvoo-Tours-136597746389488\\\/\"]}]}<\/script>\n<!-- \/ Yoast SEO plugin. -->","yoast_head_json":{"title":"\u00d6vriga orter | Porvoo Tours - researrang\u00f6r","robots":{"index":"index","follow":"follow","max-snippet":"max-snippet:-1","max-image-preview":"max-image-preview:large","max-video-preview":"max-video-preview:-1"},"canonical":"https:\/\/www.porvootours.fi\/sv\/grupper\/ovriga-orter\/","og_locale":"sv_SE","og_type":"article","og_title":"\u00d6vriga orter | Porvoo Tours - researrang\u00f6r","og_description":"H\u00e4r hittar du gruppresor till n\u00e4rorter, l\u00e4ngre bort och utomlands. Paketen kan bokas som s\u00e5dana eller skr\u00e4ddarsys enligt gruppens \u00f6nskem\u00e5l. Tag kontakt! Finland har mycket att ge s\u00e4rskilt f\u00f6r den &hellip; \u00bb","og_url":"https:\/\/www.porvootours.fi\/sv\/grupper\/ovriga-orter\/","og_site_name":"Porvoo Tours - researrang\u00f6r","article_publisher":"https:\/\/www.facebook.com\/Porvoo-Tours-136597746389488\/","article_modified_time":"2025-01-28T12:56:25+00:00","og_image":[{"width":1200,"height":630,"url":"https:\/\/www.porvootours.fi\/wp-content\/uploads\/2021\/05\/porvootours_1200px_fb_jokiranta.jpg","type":"image\/jpeg"}],"twitter_card":"summary_large_image","twitter_misc":{"Ber\u00e4knad l\u00e4stid":"1 minut"},"schema":{"@context":"https:\/\/schema.org","@graph":[{"@type":"WebPage","@id":"https:\/\/www.porvootours.fi\/sv\/grupper\/ovriga-orter\/","url":"https:\/\/www.porvootours.fi\/sv\/grupper\/ovriga-orter\/","name":"\u00d6vriga orter | Porvoo Tours - researrang\u00f6r","isPartOf":{"@id":"https:\/\/www.porvootours.fi\/#website"},"datePublished":"2021-03-19T10:49:55+00:00","dateModified":"2025-01-28T12:56:25+00:00","breadcrumb":{"@id":"https:\/\/www.porvootours.fi\/sv\/grupper\/ovriga-orter\/#breadcrumb"},"inLanguage":"sv-SE","potentialAction":[{"@type":"ReadAction","target":["https:\/\/www.porvootours.fi\/sv\/grupper\/ovriga-orter\/"]}]},{"@type":"BreadcrumbList","@id":"https:\/\/www.porvootours.fi\/sv\/grupper\/ovriga-orter\/#breadcrumb","itemListElement":[{"@type":"ListItem","position":1,"name":"Home","item":"https:\/\/www.porvootours.fi\/sv\/"},{"@type":"ListItem","position":2,"name":"Grupper","item":"https:\/\/www.porvootours.fi\/sv\/grupper\/"},{"@type":"ListItem","position":3,"name":"\u00d6vriga orter"}]},{"@type":"WebSite","@id":"https:\/\/www.porvootours.fi\/#website","url":"https:\/\/www.porvootours.fi\/","name":"Porvoo Tours - matkanj\u00e4rjest\u00e4j\u00e4","description":"Ryhm\u00e4matkojen ja kokouksien j\u00e4rjest\u00e4j\u00e4. Porvoo, Sipoo - gruppresor och m\u00f6tesresorja Loviisa","publisher":{"@id":"https:\/\/www.porvootours.fi\/#organization"},"alternateName":"Porvoo Tours","potentialAction":[{"@type":"SearchAction","target":{"@type":"EntryPoint","urlTemplate":"https:\/\/www.porvootours.fi\/?s={search_term_string}"},"query-input":{"@type":"PropertyValueSpecification","valueRequired":true,"valueName":"search_term_string"}}],"inLanguage":"sv-SE"},{"@type":"Organization","@id":"https:\/\/www.porvootours.fi\/#organization","name":"Porvoo Tours","url":"https:\/\/www.porvootours.fi\/","logo":{"@type":"ImageObject","inLanguage":"sv-SE","@id":"https:\/\/www.porvootours.fi\/#\/schema\/logo\/image\/","url":"https:\/\/www.porvootours.fi\/wp-content\/uploads\/2020\/02\/porvootours_logo1.png","contentUrl":"https:\/\/www.porvootours.fi\/wp-content\/uploads\/2020\/02\/porvootours_logo1.png","width":300,"height":70,"caption":"Porvoo Tours"},"image":{"@id":"https:\/\/www.porvootours.fi\/#\/schema\/logo\/image\/"},"sameAs":["https:\/\/www.facebook.com\/Porvoo-Tours-136597746389488\/"]}]}},"_links":{"self":[{"href":"https:\/\/www.porvootours.fi\/sv\/wp-json\/wp\/v2\/pages\/17658","targetHints":{"allow":["GET"]}}],"collection":[{"href":"https:\/\/www.porvootours.fi\/sv\/wp-json\/wp\/v2\/pages"}],"about":[{"href":"https:\/\/www.porvootours.fi\/sv\/wp-json\/wp\/v2\/types\/page"}],"author":[{"embeddable":true,"href":"https:\/\/www.porvootours.fi\/sv\/wp-json\/wp\/v2\/users\/2"}],"replies":[{"embeddable":true,"href":"https:\/\/www.porvootours.fi\/sv\/wp-json\/wp\/v2\/comments?post=17658"}],"version-history":[{"count":0,"href":"https:\/\/www.porvootours.fi\/sv\/wp-json\/wp\/v2\/pages\/17658\/revisions"}],"up":[{"embeddable":true,"href":"https:\/\/www.porvootours.fi\/sv\/wp-json\/wp\/v2\/pages\/4394"}],"wp:attachment":[{"href":"https:\/\/www.porvootours.fi\/sv\/wp-json\/wp\/v2\/media?parent=17658"}],"curies":[{"name":"wp","href":"https:\/\/api.w.org\/{rel}","templated":true}]}}