{"id":10585,"date":"2020-11-02T12:17:28","date_gmt":"2020-11-02T12:17:28","guid":{"rendered":"https:\/\/www.porvootours.fi\/?page_id=10585"},"modified":"2020-11-04T11:58:04","modified_gmt":"2020-11-04T11:58:04","slug":"ge-respons","status":"publish","type":"page","link":"https:\/\/www.porvootours.fi\/sv\/kontaktuppgifter\/ge-respons\/","title":{"rendered":"Ge respons"},"content":{"rendered":"<div id=\"pl-10585\"  class=\"panel-layout\" ><div id=\"pg-10585-0\"  class=\"panel-grid panel-no-style\" ><div id=\"pgc-10585-0-0\"  class=\"panel-grid-cell\" >\n\n        <div id=\"panel-10585-0-0-0\" class=\"so-panel widget widget_kadence_calltoaction_widget kadence_calltoaction_widget panel-first-child\" data-index=\"0\" ><div class=\"kt-ctaw clearfix\"><h2 class=\"kt-call-to-action-title\" style=\"color:#333333; font-size:58px; line-height:1; text-align:center; \"  data-max-size=\"58\" data-min-size=\"36\"><B>GE<\/B> RESPONS<\/h2><\/div><\/div>\n    <div id=\"panel-10585-0-0-1\" class=\"so-panel widget widget_black-studio-tinymce widget_black_studio_tinymce\" data-index=\"1\" ><div class=\"textwidget\"><h4>Kundn\u00f6jdhet och respons<\/h4>\n<p>Vi vill f\u00f6rb\u00e4ttra turismtj\u00e4nsterna i Borg\u00e5 regionen, d\u00e4rf\u00f6r \u00e4r din \u00e5sikt g\u00e4llande servicen mm. viktig f\u00f6r oss. Du kan ge feedback via v\u00e5r kundbetj\u00e4ning eller genom att fylla i v\u00e5r responsblankett.<\/p>\n<p>Alla inskickade blanketter deltar i en utlottning, d\u00e4r vinsten \u00e4r presentkort\/produkter fr\u00e5n lokala f\u00f6retag.<br \/>\nTack f\u00f6r ditt svar!<\/p>\n<\/div><\/div><div id=\"panel-10585-0-0-2\" class=\"so-panel widget widget_black-studio-tinymce widget_black_studio_tinymce panel-last-child\" data-index=\"2\" ><div class=\"textwidget\"><a href=\"https:\/\/docs.google.com\/forms\/d\/e\/1FAIpQLSfKHVrQ5pwCkGl0y4HSx-GMhAu30Eddbvf8Wi7PZLCjgEkGoA\/viewform\" id=\"kadbtn7449\" target=\"_blank\" class=\"btn button btn-shortcode   \" style=\"background-color:#7bb15a; border: 0 solid; border-color:#000;  color:#ffffff;\" onMouseOver=\"this.style.background=&#039;#68a554&#039;,this.style.color=&#039;#ffffff&#039;\" onMouseOut=\"this.style.background=&#039;#7bb15a&#039;,this.style.color=&#039;#ffffff&#039;\">\u00d6ppna formul\u00e4ret <\/a>\n<\/div><\/div><\/div><\/div><div id=\"pg-10585-1\"  class=\"panel-grid panel-no-style\" ><div id=\"pgc-10585-1-0\"  class=\"panel-grid-cell\" ><div id=\"panel-10585-1-0-0\" class=\"so-panel widget widget_black-studio-tinymce widget_black_studio_tinymce panel-first-child panel-last-child\" data-index=\"3\" ><div class=\"textwidget\"><h4>Kundbetj\u00e4ning<\/h4>\n<p>m\u00e5n\u2013fre kl. 9\u201316<br \/>\ntel. <a style=\"color: #000000;\" href=\"tel:+358195742200\" target=\"_blank\" rel=\"noopener\">019 <\/a><a style=\"color: #000000;\" href=\"tel:+358195742200\" target=\"_blank\" rel=\"noopener\">574 2200<\/a><br \/>\n<a href=\"mailto:porvootours@porvootours.fi\">porvootours@porvootours.fi<\/a><\/p>\n<\/div><\/div><\/div><div id=\"pgc-10585-1-1\"  class=\"panel-grid-cell panel-grid-cell-empty panel-grid-cell-mobile-last\" ><\/div><div id=\"pgc-10585-1-2\"  class=\"panel-grid-cell panel-grid-cell-empty\" ><\/div><\/div><\/div>","protected":false},"excerpt":{"rendered":"<p>Kundn\u00f6jdhet och respons Vi vill f\u00f6rb\u00e4ttra turismtj\u00e4nsterna i Borg\u00e5 regionen, d\u00e4rf\u00f6r \u00e4r din \u00e5sikt g\u00e4llande servicen mm. viktig f\u00f6r oss. Du kan ge feedback via v\u00e5r kundbetj\u00e4ning eller genom att &hellip; <a class=\"kt-excerpt-readmore more-link\" href=\"https:\/\/www.porvootours.fi\/sv\/kontaktuppgifter\/ge-respons\/\" aria-label=\"Ge respons\">\u00bb<\/a><\/p>\n","protected":false},"author":1,"featured_media":0,"parent":4426,"menu_order":0,"comment_status":"closed","ping_status":"closed","template":"","meta":{"kt_blocks_editor_width":"","footnotes":""},"class_list":["post-10585","page","type-page","status-publish","hentry"],"yoast_head":"<!-- This site is optimized with the Yoast SEO plugin v27.3 - https:\/\/yoast.com\/product\/yoast-seo-wordpress\/ -->\n<title>Ge respons | Porvoo Tours - researrang\u00f6r<\/title>\n<meta name=\"robots\" content=\"index, follow, max-snippet:-1, max-image-preview:large, max-video-preview:-1\" \/>\n<link rel=\"canonical\" href=\"https:\/\/www.porvootours.fi\/sv\/kontaktuppgifter\/ge-respons\/\" \/>\n<meta property=\"og:locale\" content=\"sv_SE\" \/>\n<meta property=\"og:type\" content=\"article\" \/>\n<meta property=\"og:title\" content=\"Ge respons | Porvoo Tours - researrang\u00f6r\" \/>\n<meta property=\"og:description\" content=\"Kundn\u00f6jdhet och respons Vi vill f\u00f6rb\u00e4ttra turismtj\u00e4nsterna i Borg\u00e5 regionen, d\u00e4rf\u00f6r \u00e4r din \u00e5sikt g\u00e4llande servicen mm. viktig f\u00f6r oss. Du kan ge feedback via v\u00e5r kundbetj\u00e4ning eller genom att &hellip; \u00bb\" \/>\n<meta property=\"og:url\" content=\"https:\/\/www.porvootours.fi\/sv\/kontaktuppgifter\/ge-respons\/\" \/>\n<meta property=\"og:site_name\" content=\"Porvoo Tours - researrang\u00f6r\" \/>\n<meta property=\"article:publisher\" content=\"https:\/\/www.facebook.com\/Porvoo-Tours-136597746389488\/\" \/>\n<meta property=\"article:modified_time\" content=\"2020-11-04T11:58:04+00:00\" \/>\n<meta property=\"og:image\" content=\"https:\/\/www.porvootours.fi\/wp-content\/uploads\/2021\/05\/porvootours_1200px_fb_jokiranta.jpg\" \/>\n\t<meta property=\"og:image:width\" content=\"1200\" \/>\n\t<meta property=\"og:image:height\" content=\"630\" \/>\n\t<meta property=\"og:image:type\" content=\"image\/jpeg\" \/>\n<meta name=\"twitter:card\" content=\"summary_large_image\" \/>\n<script type=\"application\/ld+json\" class=\"yoast-schema-graph\">{\"@context\":\"https:\\\/\\\/schema.org\",\"@graph\":[{\"@type\":\"WebPage\",\"@id\":\"https:\\\/\\\/www.porvootours.fi\\\/sv\\\/kontaktuppgifter\\\/ge-respons\\\/\",\"url\":\"https:\\\/\\\/www.porvootours.fi\\\/sv\\\/kontaktuppgifter\\\/ge-respons\\\/\",\"name\":\"Ge respons | Porvoo Tours - researrang\u00f6r\",\"isPartOf\":{\"@id\":\"https:\\\/\\\/www.porvootours.fi\\\/#website\"},\"datePublished\":\"2020-11-02T12:17:28+00:00\",\"dateModified\":\"2020-11-04T11:58:04+00:00\",\"breadcrumb\":{\"@id\":\"https:\\\/\\\/www.porvootours.fi\\\/sv\\\/kontaktuppgifter\\\/ge-respons\\\/#breadcrumb\"},\"inLanguage\":\"sv-SE\",\"potentialAction\":[{\"@type\":\"ReadAction\",\"target\":[\"https:\\\/\\\/www.porvootours.fi\\\/sv\\\/kontaktuppgifter\\\/ge-respons\\\/\"]}]},{\"@type\":\"BreadcrumbList\",\"@id\":\"https:\\\/\\\/www.porvootours.fi\\\/sv\\\/kontaktuppgifter\\\/ge-respons\\\/#breadcrumb\",\"itemListElement\":[{\"@type\":\"ListItem\",\"position\":1,\"name\":\"Home\",\"item\":\"https:\\\/\\\/www.porvootours.fi\\\/sv\\\/\"},{\"@type\":\"ListItem\",\"position\":2,\"name\":\"Kontaktuppgifter\",\"item\":\"https:\\\/\\\/www.porvootours.fi\\\/sv\\\/kontaktuppgifter\\\/\"},{\"@type\":\"ListItem\",\"position\":3,\"name\":\"Ge respons\"}]},{\"@type\":\"WebSite\",\"@id\":\"https:\\\/\\\/www.porvootours.fi\\\/#website\",\"url\":\"https:\\\/\\\/www.porvootours.fi\\\/\",\"name\":\"Porvoo Tours - matkanj\u00e4rjest\u00e4j\u00e4\",\"description\":\"Ryhm\u00e4matkojen ja kokouksien j\u00e4rjest\u00e4j\u00e4. Porvoo, Sipoo - gruppresor och m\u00f6tesresorja Loviisa\",\"publisher\":{\"@id\":\"https:\\\/\\\/www.porvootours.fi\\\/#organization\"},\"alternateName\":\"Porvoo Tours\",\"potentialAction\":[{\"@type\":\"SearchAction\",\"target\":{\"@type\":\"EntryPoint\",\"urlTemplate\":\"https:\\\/\\\/www.porvootours.fi\\\/?s={search_term_string}\"},\"query-input\":{\"@type\":\"PropertyValueSpecification\",\"valueRequired\":true,\"valueName\":\"search_term_string\"}}],\"inLanguage\":\"sv-SE\"},{\"@type\":\"Organization\",\"@id\":\"https:\\\/\\\/www.porvootours.fi\\\/#organization\",\"name\":\"Porvoo Tours\",\"url\":\"https:\\\/\\\/www.porvootours.fi\\\/\",\"logo\":{\"@type\":\"ImageObject\",\"inLanguage\":\"sv-SE\",\"@id\":\"https:\\\/\\\/www.porvootours.fi\\\/#\\\/schema\\\/logo\\\/image\\\/\",\"url\":\"https:\\\/\\\/www.porvootours.fi\\\/wp-content\\\/uploads\\\/2020\\\/02\\\/porvootours_logo1.png\",\"contentUrl\":\"https:\\\/\\\/www.porvootours.fi\\\/wp-content\\\/uploads\\\/2020\\\/02\\\/porvootours_logo1.png\",\"width\":300,\"height\":70,\"caption\":\"Porvoo Tours\"},\"image\":{\"@id\":\"https:\\\/\\\/www.porvootours.fi\\\/#\\\/schema\\\/logo\\\/image\\\/\"},\"sameAs\":[\"https:\\\/\\\/www.facebook.com\\\/Porvoo-Tours-136597746389488\\\/\"]}]}<\/script>\n<!-- \/ Yoast SEO plugin. -->","yoast_head_json":{"title":"Ge respons | Porvoo Tours - researrang\u00f6r","robots":{"index":"index","follow":"follow","max-snippet":"max-snippet:-1","max-image-preview":"max-image-preview:large","max-video-preview":"max-video-preview:-1"},"canonical":"https:\/\/www.porvootours.fi\/sv\/kontaktuppgifter\/ge-respons\/","og_locale":"sv_SE","og_type":"article","og_title":"Ge respons | Porvoo Tours - researrang\u00f6r","og_description":"Kundn\u00f6jdhet och respons Vi vill f\u00f6rb\u00e4ttra turismtj\u00e4nsterna i Borg\u00e5 regionen, d\u00e4rf\u00f6r \u00e4r din \u00e5sikt g\u00e4llande servicen mm. viktig f\u00f6r oss. Du kan ge feedback via v\u00e5r kundbetj\u00e4ning eller genom att &hellip; \u00bb","og_url":"https:\/\/www.porvootours.fi\/sv\/kontaktuppgifter\/ge-respons\/","og_site_name":"Porvoo Tours - researrang\u00f6r","article_publisher":"https:\/\/www.facebook.com\/Porvoo-Tours-136597746389488\/","article_modified_time":"2020-11-04T11:58:04+00:00","og_image":[{"width":1200,"height":630,"url":"https:\/\/www.porvootours.fi\/wp-content\/uploads\/2021\/05\/porvootours_1200px_fb_jokiranta.jpg","type":"image\/jpeg"}],"twitter_card":"summary_large_image","schema":{"@context":"https:\/\/schema.org","@graph":[{"@type":"WebPage","@id":"https:\/\/www.porvootours.fi\/sv\/kontaktuppgifter\/ge-respons\/","url":"https:\/\/www.porvootours.fi\/sv\/kontaktuppgifter\/ge-respons\/","name":"Ge respons | Porvoo Tours - researrang\u00f6r","isPartOf":{"@id":"https:\/\/www.porvootours.fi\/#website"},"datePublished":"2020-11-02T12:17:28+00:00","dateModified":"2020-11-04T11:58:04+00:00","breadcrumb":{"@id":"https:\/\/www.porvootours.fi\/sv\/kontaktuppgifter\/ge-respons\/#breadcrumb"},"inLanguage":"sv-SE","potentialAction":[{"@type":"ReadAction","target":["https:\/\/www.porvootours.fi\/sv\/kontaktuppgifter\/ge-respons\/"]}]},{"@type":"BreadcrumbList","@id":"https:\/\/www.porvootours.fi\/sv\/kontaktuppgifter\/ge-respons\/#breadcrumb","itemListElement":[{"@type":"ListItem","position":1,"name":"Home","item":"https:\/\/www.porvootours.fi\/sv\/"},{"@type":"ListItem","position":2,"name":"Kontaktuppgifter","item":"https:\/\/www.porvootours.fi\/sv\/kontaktuppgifter\/"},{"@type":"ListItem","position":3,"name":"Ge respons"}]},{"@type":"WebSite","@id":"https:\/\/www.porvootours.fi\/#website","url":"https:\/\/www.porvootours.fi\/","name":"Porvoo Tours - matkanj\u00e4rjest\u00e4j\u00e4","description":"Ryhm\u00e4matkojen ja kokouksien j\u00e4rjest\u00e4j\u00e4. Porvoo, Sipoo - gruppresor och m\u00f6tesresorja Loviisa","publisher":{"@id":"https:\/\/www.porvootours.fi\/#organization"},"alternateName":"Porvoo Tours","potentialAction":[{"@type":"SearchAction","target":{"@type":"EntryPoint","urlTemplate":"https:\/\/www.porvootours.fi\/?s={search_term_string}"},"query-input":{"@type":"PropertyValueSpecification","valueRequired":true,"valueName":"search_term_string"}}],"inLanguage":"sv-SE"},{"@type":"Organization","@id":"https:\/\/www.porvootours.fi\/#organization","name":"Porvoo Tours","url":"https:\/\/www.porvootours.fi\/","logo":{"@type":"ImageObject","inLanguage":"sv-SE","@id":"https:\/\/www.porvootours.fi\/#\/schema\/logo\/image\/","url":"https:\/\/www.porvootours.fi\/wp-content\/uploads\/2020\/02\/porvootours_logo1.png","contentUrl":"https:\/\/www.porvootours.fi\/wp-content\/uploads\/2020\/02\/porvootours_logo1.png","width":300,"height":70,"caption":"Porvoo Tours"},"image":{"@id":"https:\/\/www.porvootours.fi\/#\/schema\/logo\/image\/"},"sameAs":["https:\/\/www.facebook.com\/Porvoo-Tours-136597746389488\/"]}]}},"_links":{"self":[{"href":"https:\/\/www.porvootours.fi\/sv\/wp-json\/wp\/v2\/pages\/10585","targetHints":{"allow":["GET"]}}],"collection":[{"href":"https:\/\/www.porvootours.fi\/sv\/wp-json\/wp\/v2\/pages"}],"about":[{"href":"https:\/\/www.porvootours.fi\/sv\/wp-json\/wp\/v2\/types\/page"}],"author":[{"embeddable":true,"href":"https:\/\/www.porvootours.fi\/sv\/wp-json\/wp\/v2\/users\/1"}],"replies":[{"embeddable":true,"href":"https:\/\/www.porvootours.fi\/sv\/wp-json\/wp\/v2\/comments?post=10585"}],"version-history":[{"count":0,"href":"https:\/\/www.porvootours.fi\/sv\/wp-json\/wp\/v2\/pages\/10585\/revisions"}],"up":[{"embeddable":true,"href":"https:\/\/www.porvootours.fi\/sv\/wp-json\/wp\/v2\/pages\/4426"}],"wp:attachment":[{"href":"https:\/\/www.porvootours.fi\/sv\/wp-json\/wp\/v2\/media?parent=10585"}],"curies":[{"name":"wp","href":"https:\/\/api.w.org\/{rel}","templated":true}]}}