{"id":9487,"date":"2017-08-17T04:31:45","date_gmt":"2017-08-17T04:31:45","guid":{"rendered":"https:\/\/www.porvootours.fi\/home\/"},"modified":"2026-02-05T12:37:38","modified_gmt":"2026-02-05T12:37:38","slug":"home","status":"publish","type":"page","link":"https:\/\/www.porvootours.fi\/en\/","title":{"rendered":"Porvoo Tours &#8211;  DMC &#038; Tour Operator Porvoo Loviisa Sipoo"},"content":{"rendered":"<div id=\"pl-9487\"  class=\"panel-layout\" ><div id=\"pg-9487-0\"  class=\"panel-grid panel-has-style\" ><div class=\"panel-row-style panel-row-style-for-9487-0\" ><div id=\"pgc-9487-0-0\"  class=\"panel-grid-cell\" >\n\n        <div id=\"panel-9487-0-0-0\" class=\"so-panel widget widget_kadence_calltoaction_widget kadence_calltoaction_widget panel-first-child panel-last-child\" data-index=\"0\" ><div class=\"kt-ctaw clearfix\"><h2 class=\"kt-call-to-action-title\" style=\"color:#333333; font-size:50px; line-height:1; text-align:center; font-weight:300;\"  data-max-size=\"50\" data-min-size=\"40\"><b>PORVOO<\/b> LOVIISA <b>SIPOO<\/b><\/h2><\/div><\/div>\n    <\/div><\/div><\/div><div id=\"pg-9487-1\"  class=\"panel-grid panel-no-style\" ><div id=\"pgc-9487-1-0\"  class=\"panel-grid-cell\" ><div id=\"panel-9487-1-0-0\" class=\"so-panel widget widget_kadence_imgmenu_widget kadence_imgmenu_widget panel-first-child panel-last-child\" data-index=\"1\" >\t\t\t<div class=\"image-menu-fixed-height image-menu_item kt-img-overlay-widget\">\n\t\t\t    <a href=\"https:\/\/www.porvootours.fi\/en\/group-packages\/\" class=\"image_menu_item_link\" target=\"_self\">\t\t\t        \t                \t\t<div class=\"image_menu-bg-item\" style=\"background: url(https:\/\/www.porvootours.fi\/wp-content\/uploads\/2024\/01\/wooden-houses-796387_1280-e1706610049956.jpg) center center no-repeat; height:300px; background-size:cover;\">\n\t\t\t\t        <\/div>\n\t                                \t<div class=\"image_menu_overlay\"><\/div>\n                    <div class=\"image_menu_message  imt-align-left imt-valign-bottom\">\n                    \t<div class=\"image_menu_message_inner\">\n\t\t\t        \t\t<h4>Group Tours<\/h4><h5>Porvoo, Loviisa & Archipelago<\/h5>\t\t\t            <\/div>\n\t\t\t\t    <\/div>\n\t        \t<\/a>\t\t\t<\/div>\n\t\t<\/div><\/div><div id=\"pgc-9487-1-1\"  class=\"panel-grid-cell\" ><div id=\"panel-9487-1-1-0\" class=\"so-panel widget widget_kadence_imgmenu_widget kadence_imgmenu_widget panel-first-child panel-last-child\" data-index=\"2\" >\t\t\t<div class=\"image-menu-fixed-height image-menu_item kt-img-overlay-widget\">\n\t\t\t    <a href=\"https:\/\/www.porvootours.fi\/en\/programservices\/\" class=\"image_menu_item_link\" target=\"_self\">\t\t\t        \t                \t\t<div class=\"image_menu-bg-item\" style=\"background: url(https:\/\/www.porvootours.fi\/wp-content\/uploads\/2024\/01\/saaristo-10.jpg) center center no-repeat; height:300px; background-size:cover;\">\n\t\t\t\t        <\/div>\n\t                                \t<div class=\"image_menu_overlay\"><\/div>\n                    <div class=\"image_menu_message  imt-align-left imt-valign-bottom\">\n                    \t<div class=\"image_menu_message_inner\">\n\t\t\t        \t\t<h4>Activities &#038; Experiences<\/h4><h5>Unforgettable memories<\/h5>\t\t\t            <\/div>\n\t\t\t\t    <\/div>\n\t        \t<\/a>\t\t\t<\/div>\n\t\t<\/div><\/div><\/div><div id=\"pg-9487-2\"  class=\"panel-grid panel-no-style\" ><div id=\"pgc-9487-2-0\"  class=\"panel-grid-cell panel-grid-cell-mobile-last\" ><div id=\"panel-9487-2-0-0\" class=\"so-panel widget widget_kadence_imgmenu_widget kadence_imgmenu_widget panel-first-child panel-last-child\" data-index=\"3\" >\t\t\t<div class=\"image-menu-fixed-height image-menu_item kt-img-overlay-widget\">\n\t\t\t    <a href=\"https:\/\/www.porvootours.fi\/en\/group-packages\/\" class=\"image_menu_item_link\" target=\"_self\">\t\t\t        \t                \t\t<div class=\"image_menu-bg-item\" style=\"background: url(https:\/\/www.porvootours.fi\/wp-content\/uploads\/2019\/03\/Snowmobile22-768.jpg) center center no-repeat; height:300px; background-size:cover;\">\n\t\t\t\t        <\/div>\n\t                                \t<div class=\"image_menu_overlay\"><\/div>\n                    <div class=\"image_menu_message  imt-align-left imt-valign-bottom\">\n                    \t<div class=\"image_menu_message_inner\">\n\t\t\t        \t\t<h4>Seasonal programs<\/h4><h5>Fun programs all year around<\/h5>\t\t\t            <\/div>\n\t\t\t\t    <\/div>\n\t        \t<\/a>\t\t\t<\/div>\n\t\t<\/div><\/div><div id=\"pgc-9487-2-1\"  class=\"panel-grid-cell panel-grid-cell-empty\" ><\/div><\/div><div id=\"pg-9487-3\"  class=\"panel-grid panel-has-style\" ><div class=\"siteorigin-panels-stretch kt-parallax-stellar panel-row-style panel-row-style-for-9487-3\" style=\"background-image: url(https:\/\/www.porvootours.fi\/wp-content\/uploads\/2019\/04\/hero_kf2_2000x1200px.jpg);background-position: center bottom;\" data-stretch-type=\"full-width-stretch\" data-ktstellar-background-ratio=\"0.5\" ><div id=\"pgc-9487-3-0\"  class=\"panel-grid-cell\" >\n\n        <div id=\"panel-9487-3-0-0\" class=\"so-panel widget widget_kadence_calltoaction_widget kadence_calltoaction_widget panel-first-child panel-last-child\" data-index=\"4\" ><div class=\"panel-widget-style panel-widget-style-for-9487-3-0-0\" ><div class=\"kt-ctaw clearfix\"><h2 class=\"kt-call-to-action-title\" style=\"color:#ffffff; font-size:50px; line-height:1; text-align:center; font-weight:600;\"  data-max-size=\"50\" data-min-size=\"40\">BUS TRANSPORTATION<\/h2><h5 class=\"kt-call-to-action-subtitle\" style=\"color:#ffffff; font-size:30px; line-height:1; text-align:center; font-weight:400;\"  data-max-size=\"30\" data-min-size=\"24\">Enjoy modern and sustainable eco-friendly bus travel!<br \/><\/h5><div style=\"text-align:center\"><a href=\"https:\/\/www.porvootours.fi\/en\/inquires\/make-an-inquiry\/\" id=\"kadbtn2521\" target=\"_blank\" class=\"btn button btn-shortcode lg-kad-btn  \" style=\"background-color:#7bb15a; border: 0 solid; border-color:#000;  color:#ffffff;\" onMouseOver=\"\" onMouseOut=\"\">MAKE AN INQUIRY <\/a><\/div><\/div><\/div><\/div>\n    <\/div><\/div><\/div><div id=\"pg-9487-4\"  class=\"panel-grid panel-has-style\" ><div class=\"siteorigin-panels-stretch kt-panel-row-stretch panel-row-style panel-row-style-for-9487-4\" style=\"opacity: 0;\" data-stretch-type=\"full\" ><div id=\"pgc-9487-4-0\"  class=\"panel-grid-cell\" >\n\n        <div id=\"panel-9487-4-0-0\" class=\"so-panel widget widget_kadence_calltoaction_widget kadence_calltoaction_widget panel-first-child panel-last-child\" data-index=\"5\" ><div class=\"panel-widget-style panel-widget-style-for-9487-4-0-0\" ><div class=\"kt-ctaw clearfix\"><h2 class=\"kt-call-to-action-title\" style=\"color:#333333; font-size:50px; line-height:1; text-align:center; font-weight:300;\"  data-max-size=\"50\" data-min-size=\"36\"><b><\/b><\/h2><\/div><\/div><\/div>\n    <\/div><\/div><\/div><div id=\"pg-9487-5\"  class=\"panel-grid panel-has-style\" ><div class=\"siteorigin-panels-stretch kt-panel-row-stretch panel-row-style panel-row-style-for-9487-5\" style=\"opacity: 0;\" data-stretch-type=\"full\" ><div id=\"pgc-9487-5-0\"  class=\"panel-grid-cell\" ><\/div><div id=\"pgc-9487-5-1\"  class=\"panel-grid-cell\" ><div id=\"panel-9487-5-1-0\" class=\"so-panel widget widget_black-studio-tinymce widget_black_studio_tinymce panel-first-child panel-last-child\" data-index=\"7\" ><div class=\"textwidget\"><\/div><\/div><\/div><\/div><\/div><\/div>","protected":false},"excerpt":{"rendered":"<p>PORVOO LOVIISA SIPOO Group ToursPorvoo, Loviisa &#038; Archipelago Activities &#038; ExperiencesUnforgettable memories Seasonal programsFun programs all year around BUS TRANSPORTATIONEnjoy modern and sustainable eco-friendly bus travel!MAKE AN INQUIRY<\/p>\n","protected":false},"author":1,"featured_media":14170,"parent":0,"menu_order":0,"comment_status":"closed","ping_status":"closed","template":"","meta":{"kt_blocks_editor_width":"","footnotes":""},"class_list":["post-9487","page","type-page","status-publish","has-post-thumbnail","hentry"],"yoast_head":"<!-- This site is optimized with the Yoast SEO plugin v27.3 - https:\/\/yoast.com\/product\/yoast-seo-wordpress\/ -->\n<title>Porvoo Tours - DMC &amp; Tour Operator Porvoo Loviisa Sipoo | Porvoo Tours - matkanj\u00e4rjest\u00e4j\u00e4<\/title>\n<meta name=\"robots\" content=\"index, follow, max-snippet:-1, max-image-preview:large, max-video-preview:-1\" \/>\n<link rel=\"canonical\" href=\"https:\/\/www.porvootours.fi\/en\/\" \/>\n<meta property=\"og:locale\" content=\"en_US\" \/>\n<meta property=\"og:type\" content=\"article\" \/>\n<meta property=\"og:title\" content=\"Porvoo Tours - DMC &amp; Tour Operator Porvoo Loviisa Sipoo | Porvoo Tours - matkanj\u00e4rjest\u00e4j\u00e4\" \/>\n<meta property=\"og:description\" content=\"PORVOO LOVIISA SIPOO Group ToursPorvoo, Loviisa &amp; Archipelago Activities &#038; ExperiencesUnforgettable memories Seasonal programsFun programs all year around BUS TRANSPORTATIONEnjoy modern and sustainable eco-friendly bus travel!MAKE AN INQUIRY\" \/>\n<meta property=\"og:url\" content=\"https:\/\/www.porvootours.fi\/en\/\" \/>\n<meta property=\"og:site_name\" content=\"Porvoo Tours - matkanj\u00e4rjest\u00e4j\u00e4\" \/>\n<meta property=\"article:publisher\" content=\"https:\/\/www.facebook.com\/Porvoo-Tours-136597746389488\/\" \/>\n<meta property=\"article:modified_time\" content=\"2026-02-05T12:37:38+00:00\" \/>\n<meta property=\"og:image\" content=\"https:\/\/www.porvootours.fi\/wp-content\/uploads\/2021\/05\/porvootours_1200px_fb_jokiranta.jpg\" \/>\n\t<meta property=\"og:image:width\" content=\"1200\" \/>\n\t<meta property=\"og:image:height\" content=\"630\" \/>\n\t<meta property=\"og:image:type\" content=\"image\/jpeg\" \/>\n<meta name=\"twitter:card\" content=\"summary_large_image\" \/>\n<meta name=\"twitter:label1\" content=\"Est. reading time\" \/>\n\t<meta name=\"twitter:data1\" content=\"1 minute\" \/>\n<script type=\"application\/ld+json\" class=\"yoast-schema-graph\">{\"@context\":\"https:\\\/\\\/schema.org\",\"@graph\":[{\"@type\":\"WebPage\",\"@id\":\"https:\\\/\\\/www.porvootours.fi\\\/en\\\/\",\"url\":\"https:\\\/\\\/www.porvootours.fi\\\/en\\\/\",\"name\":\"Porvoo Tours - DMC & Tour Operator Porvoo Loviisa Sipoo | Porvoo Tours - matkanj\u00e4rjest\u00e4j\u00e4\",\"isPartOf\":{\"@id\":\"https:\\\/\\\/www.porvootours.fi\\\/#website\"},\"primaryImageOfPage\":{\"@id\":\"https:\\\/\\\/www.porvootours.fi\\\/en\\\/#primaryimage\"},\"image\":{\"@id\":\"https:\\\/\\\/www.porvootours.fi\\\/en\\\/#primaryimage\"},\"thumbnailUrl\":\"https:\\\/\\\/www.porvootours.fi\\\/wp-content\\\/uploads\\\/2021\\\/05\\\/porvootours_1200px_fb_jokiranta.jpg\",\"datePublished\":\"2017-08-17T04:31:45+00:00\",\"dateModified\":\"2026-02-05T12:37:38+00:00\",\"breadcrumb\":{\"@id\":\"https:\\\/\\\/www.porvootours.fi\\\/en\\\/#breadcrumb\"},\"inLanguage\":\"en-US\",\"potentialAction\":[{\"@type\":\"ReadAction\",\"target\":[\"https:\\\/\\\/www.porvootours.fi\\\/en\\\/\"]}]},{\"@type\":\"ImageObject\",\"inLanguage\":\"en-US\",\"@id\":\"https:\\\/\\\/www.porvootours.fi\\\/en\\\/#primaryimage\",\"url\":\"https:\\\/\\\/www.porvootours.fi\\\/wp-content\\\/uploads\\\/2021\\\/05\\\/porvootours_1200px_fb_jokiranta.jpg\",\"contentUrl\":\"https:\\\/\\\/www.porvootours.fi\\\/wp-content\\\/uploads\\\/2021\\\/05\\\/porvootours_1200px_fb_jokiranta.jpg\",\"width\":1200,\"height\":630,\"caption\":\"Porvoo Tours matkailua Porvoossa\"},{\"@type\":\"BreadcrumbList\",\"@id\":\"https:\\\/\\\/www.porvootours.fi\\\/en\\\/#breadcrumb\",\"itemListElement\":[{\"@type\":\"ListItem\",\"position\":1,\"name\":\"Home\",\"item\":\"https:\\\/\\\/www.porvootours.fi\\\/en\\\/\"},{\"@type\":\"ListItem\",\"position\":2,\"name\":\"Porvoo Tours &#8211; DMC &#038; Tour Operator Porvoo Loviisa Sipoo\"}]},{\"@type\":\"WebSite\",\"@id\":\"https:\\\/\\\/www.porvootours.fi\\\/#website\",\"url\":\"https:\\\/\\\/www.porvootours.fi\\\/\",\"name\":\"Porvoo Tours - matkanj\u00e4rjest\u00e4j\u00e4\",\"description\":\"Ryhm\u00e4matkojen ja kokouksien j\u00e4rjest\u00e4j\u00e4. Porvoo, Sipoo - gruppresor och m\u00f6tesresorja Loviisa\",\"publisher\":{\"@id\":\"https:\\\/\\\/www.porvootours.fi\\\/#organization\"},\"alternateName\":\"Porvoo Tours\",\"potentialAction\":[{\"@type\":\"SearchAction\",\"target\":{\"@type\":\"EntryPoint\",\"urlTemplate\":\"https:\\\/\\\/www.porvootours.fi\\\/?s={search_term_string}\"},\"query-input\":{\"@type\":\"PropertyValueSpecification\",\"valueRequired\":true,\"valueName\":\"search_term_string\"}}],\"inLanguage\":\"en-US\"},{\"@type\":\"Organization\",\"@id\":\"https:\\\/\\\/www.porvootours.fi\\\/#organization\",\"name\":\"Porvoo Tours\",\"url\":\"https:\\\/\\\/www.porvootours.fi\\\/\",\"logo\":{\"@type\":\"ImageObject\",\"inLanguage\":\"en-US\",\"@id\":\"https:\\\/\\\/www.porvootours.fi\\\/#\\\/schema\\\/logo\\\/image\\\/\",\"url\":\"https:\\\/\\\/www.porvootours.fi\\\/wp-content\\\/uploads\\\/2020\\\/02\\\/porvootours_logo1.png\",\"contentUrl\":\"https:\\\/\\\/www.porvootours.fi\\\/wp-content\\\/uploads\\\/2020\\\/02\\\/porvootours_logo1.png\",\"width\":300,\"height\":70,\"caption\":\"Porvoo Tours\"},\"image\":{\"@id\":\"https:\\\/\\\/www.porvootours.fi\\\/#\\\/schema\\\/logo\\\/image\\\/\"},\"sameAs\":[\"https:\\\/\\\/www.facebook.com\\\/Porvoo-Tours-136597746389488\\\/\"]}]}<\/script>\n<!-- \/ Yoast SEO plugin. -->","yoast_head_json":{"title":"Porvoo Tours - DMC & Tour Operator Porvoo Loviisa Sipoo | Porvoo Tours - matkanj\u00e4rjest\u00e4j\u00e4","robots":{"index":"index","follow":"follow","max-snippet":"max-snippet:-1","max-image-preview":"max-image-preview:large","max-video-preview":"max-video-preview:-1"},"canonical":"https:\/\/www.porvootours.fi\/en\/","og_locale":"en_US","og_type":"article","og_title":"Porvoo Tours - DMC & Tour Operator Porvoo Loviisa Sipoo | Porvoo Tours - matkanj\u00e4rjest\u00e4j\u00e4","og_description":"PORVOO LOVIISA SIPOO Group ToursPorvoo, Loviisa & Archipelago Activities &#038; ExperiencesUnforgettable memories Seasonal programsFun programs all year around BUS TRANSPORTATIONEnjoy modern and sustainable eco-friendly bus travel!MAKE AN INQUIRY","og_url":"https:\/\/www.porvootours.fi\/en\/","og_site_name":"Porvoo Tours - matkanj\u00e4rjest\u00e4j\u00e4","article_publisher":"https:\/\/www.facebook.com\/Porvoo-Tours-136597746389488\/","article_modified_time":"2026-02-05T12:37:38+00:00","og_image":[{"width":1200,"height":630,"url":"https:\/\/www.porvootours.fi\/wp-content\/uploads\/2021\/05\/porvootours_1200px_fb_jokiranta.jpg","type":"image\/jpeg"}],"twitter_card":"summary_large_image","twitter_misc":{"Est. reading time":"1 minute"},"schema":{"@context":"https:\/\/schema.org","@graph":[{"@type":"WebPage","@id":"https:\/\/www.porvootours.fi\/en\/","url":"https:\/\/www.porvootours.fi\/en\/","name":"Porvoo Tours - DMC & Tour Operator Porvoo Loviisa Sipoo | Porvoo Tours - matkanj\u00e4rjest\u00e4j\u00e4","isPartOf":{"@id":"https:\/\/www.porvootours.fi\/#website"},"primaryImageOfPage":{"@id":"https:\/\/www.porvootours.fi\/en\/#primaryimage"},"image":{"@id":"https:\/\/www.porvootours.fi\/en\/#primaryimage"},"thumbnailUrl":"https:\/\/www.porvootours.fi\/wp-content\/uploads\/2021\/05\/porvootours_1200px_fb_jokiranta.jpg","datePublished":"2017-08-17T04:31:45+00:00","dateModified":"2026-02-05T12:37:38+00:00","breadcrumb":{"@id":"https:\/\/www.porvootours.fi\/en\/#breadcrumb"},"inLanguage":"en-US","potentialAction":[{"@type":"ReadAction","target":["https:\/\/www.porvootours.fi\/en\/"]}]},{"@type":"ImageObject","inLanguage":"en-US","@id":"https:\/\/www.porvootours.fi\/en\/#primaryimage","url":"https:\/\/www.porvootours.fi\/wp-content\/uploads\/2021\/05\/porvootours_1200px_fb_jokiranta.jpg","contentUrl":"https:\/\/www.porvootours.fi\/wp-content\/uploads\/2021\/05\/porvootours_1200px_fb_jokiranta.jpg","width":1200,"height":630,"caption":"Porvoo Tours matkailua Porvoossa"},{"@type":"BreadcrumbList","@id":"https:\/\/www.porvootours.fi\/en\/#breadcrumb","itemListElement":[{"@type":"ListItem","position":1,"name":"Home","item":"https:\/\/www.porvootours.fi\/en\/"},{"@type":"ListItem","position":2,"name":"Porvoo Tours &#8211; DMC &#038; Tour Operator Porvoo Loviisa Sipoo"}]},{"@type":"WebSite","@id":"https:\/\/www.porvootours.fi\/#website","url":"https:\/\/www.porvootours.fi\/","name":"Porvoo Tours - matkanj\u00e4rjest\u00e4j\u00e4","description":"Ryhm\u00e4matkojen ja kokouksien j\u00e4rjest\u00e4j\u00e4. Porvoo, Sipoo - gruppresor och m\u00f6tesresorja Loviisa","publisher":{"@id":"https:\/\/www.porvootours.fi\/#organization"},"alternateName":"Porvoo Tours","potentialAction":[{"@type":"SearchAction","target":{"@type":"EntryPoint","urlTemplate":"https:\/\/www.porvootours.fi\/?s={search_term_string}"},"query-input":{"@type":"PropertyValueSpecification","valueRequired":true,"valueName":"search_term_string"}}],"inLanguage":"en-US"},{"@type":"Organization","@id":"https:\/\/www.porvootours.fi\/#organization","name":"Porvoo Tours","url":"https:\/\/www.porvootours.fi\/","logo":{"@type":"ImageObject","inLanguage":"en-US","@id":"https:\/\/www.porvootours.fi\/#\/schema\/logo\/image\/","url":"https:\/\/www.porvootours.fi\/wp-content\/uploads\/2020\/02\/porvootours_logo1.png","contentUrl":"https:\/\/www.porvootours.fi\/wp-content\/uploads\/2020\/02\/porvootours_logo1.png","width":300,"height":70,"caption":"Porvoo Tours"},"image":{"@id":"https:\/\/www.porvootours.fi\/#\/schema\/logo\/image\/"},"sameAs":["https:\/\/www.facebook.com\/Porvoo-Tours-136597746389488\/"]}]}},"_links":{"self":[{"href":"https:\/\/www.porvootours.fi\/en\/wp-json\/wp\/v2\/pages\/9487","targetHints":{"allow":["GET"]}}],"collection":[{"href":"https:\/\/www.porvootours.fi\/en\/wp-json\/wp\/v2\/pages"}],"about":[{"href":"https:\/\/www.porvootours.fi\/en\/wp-json\/wp\/v2\/types\/page"}],"author":[{"embeddable":true,"href":"https:\/\/www.porvootours.fi\/en\/wp-json\/wp\/v2\/users\/1"}],"replies":[{"embeddable":true,"href":"https:\/\/www.porvootours.fi\/en\/wp-json\/wp\/v2\/comments?post=9487"}],"version-history":[{"count":0,"href":"https:\/\/www.porvootours.fi\/en\/wp-json\/wp\/v2\/pages\/9487\/revisions"}],"wp:featuredmedia":[{"embeddable":true,"href":"https:\/\/www.porvootours.fi\/en\/wp-json\/wp\/v2\/media\/14170"}],"wp:attachment":[{"href":"https:\/\/www.porvootours.fi\/en\/wp-json\/wp\/v2\/media?parent=9487"}],"curies":[{"name":"wp","href":"https:\/\/api.w.org\/{rel}","templated":true}]}}