{"id":9090,"date":"2019-02-27T17:19:32","date_gmt":"2019-02-27T17:19:32","guid":{"rendered":"https:\/\/www.porvootours.fi\/guided-tours\/varaa-opastus-porvoo-loviisa-sipoo\/"},"modified":"2026-03-18T14:23:19","modified_gmt":"2026-03-18T14:23:19","slug":"book-guiding-porvoo-loviisa-sipoo","status":"publish","type":"page","link":"https:\/\/www.porvootours.fi\/en\/guided-tours\/book-guiding-porvoo-loviisa-sipoo\/","title":{"rendered":"Book guiding"},"content":{"rendered":"<div id=\"pl-9090\"  class=\"panel-layout\" ><div id=\"pg-9090-0\"  class=\"panel-grid panel-no-style\" ><div id=\"pgc-9090-0-0\"  class=\"panel-grid-cell\" >\n\n        <div id=\"panel-9090-0-0-0\" class=\"so-panel widget widget_kadence_calltoaction_widget kadence_calltoaction_widget panel-first-child panel-last-child\" data-index=\"0\" ><div class=\"kt-ctaw clearfix\"><h2 class=\"kt-call-to-action-title\" style=\"color:#333333; font-size:50px; line-height:1; text-align:center; \"  data-max-size=\"50\" data-min-size=\"36\"><B>BOOK<\/B> GUIDING<\/h2><\/div><\/div>\n    <\/div><\/div><div id=\"pg-9090-1\"  class=\"panel-grid panel-no-style\" ><div id=\"pgc-9090-1-0\"  class=\"panel-grid-cell\" ><div id=\"panel-9090-1-0-0\" class=\"so-panel widget widget_black-studio-tinymce widget_black_studio_tinymce panel-first-child\" data-index=\"1\" ><div class=\"textwidget\">\n<div class=\"wpcf7 no-js\" id=\"wpcf7-f9064-o1\" lang=\"fi\" dir=\"ltr\" data-wpcf7-id=\"9064\">\n<div class=\"screen-reader-response\"><p role=\"status\" aria-live=\"polite\" aria-atomic=\"true\"><\/p> <ul><\/ul><\/div>\n<form action=\"\/en\/wp-json\/wp\/v2\/pages\/9090#wpcf7-f9064-o1\" method=\"post\" class=\"wpcf7-form init\" aria-label=\"Yhteydenottolomake\" novalidate=\"novalidate\" data-status=\"init\">\n<fieldset class=\"hidden-fields-container\"><input type=\"hidden\" name=\"_wpcf7\" value=\"9064\" \/><input type=\"hidden\" name=\"_wpcf7_version\" value=\"6.1.5\" \/><input type=\"hidden\" name=\"_wpcf7_locale\" value=\"fi\" \/><input type=\"hidden\" name=\"_wpcf7_unit_tag\" value=\"wpcf7-f9064-o1\" \/><input type=\"hidden\" name=\"_wpcf7_container_post\" value=\"0\" \/><input type=\"hidden\" name=\"_wpcf7_posted_data_hash\" value=\"\" \/>\n<\/fieldset>\n<h4>Contact information\n<\/h4>\n<p><label> Company or organization<br \/>\n<span class=\"wpcf7-form-control-wrap\" data-name=\"text-528\"><input size=\"40\" maxlength=\"400\" class=\"wpcf7-form-control wpcf7-text\" aria-invalid=\"false\" value=\"\" type=\"text\" name=\"text-528\" \/><\/span><\/label>\n<\/p>\n<p><label> Name (mandatory)<br \/>\n<span class=\"wpcf7-form-control-wrap\" data-name=\"your-name\"><input size=\"40\" maxlength=\"400\" class=\"wpcf7-form-control wpcf7-text wpcf7-validates-as-required\" aria-required=\"true\" aria-invalid=\"false\" value=\"\" type=\"text\" name=\"your-name\" \/><\/span> <\/label>\n<\/p>\n<p><label> E-mail (mandatory)<br \/>\n<span class=\"wpcf7-form-control-wrap\" data-name=\"your-email\"><input size=\"40\" maxlength=\"400\" class=\"wpcf7-form-control wpcf7-email wpcf7-text wpcf7-validates-as-email\" aria-invalid=\"false\" value=\"\" type=\"email\" name=\"your-email\" \/><\/span> <\/label>\n<\/p>\n<p><label> Phone number (mandatory)<br \/>\n<span class=\"wpcf7-form-control-wrap\" data-name=\"tel-82\"><input size=\"40\" maxlength=\"400\" class=\"wpcf7-form-control wpcf7-tel wpcf7-validates-as-required wpcf7-text wpcf7-validates-as-tel\" aria-required=\"true\" aria-invalid=\"false\" value=\"\" type=\"tel\" name=\"tel-82\" \/><\/span> <\/label>\n<\/p>\n<p><label> Street address (mandatory)<br \/>\n<span class=\"wpcf7-form-control-wrap\" data-name=\"text-477\"><input size=\"40\" maxlength=\"400\" class=\"wpcf7-form-control wpcf7-text wpcf7-validates-as-required\" aria-required=\"true\" aria-invalid=\"false\" value=\"\" type=\"text\" name=\"text-477\" \/><\/span> <\/label>\n<\/p>\n<p><label> Postal code and post office (mandatory)<br \/>\n<span class=\"wpcf7-form-control-wrap\" data-name=\"text-984\"><input size=\"40\" maxlength=\"400\" class=\"wpcf7-form-control wpcf7-text wpcf7-validates-as-required\" aria-required=\"true\" aria-invalid=\"false\" value=\"\" type=\"text\" name=\"text-984\" \/><\/span> <\/label>\n<\/p>\n<p><label> How did you find us? (mandatory)<br \/>\n<span class=\"wpcf7-form-control-wrap\" data-name=\"text-426\"><input size=\"40\" maxlength=\"400\" class=\"wpcf7-form-control wpcf7-text wpcf7-validates-as-required\" aria-required=\"true\" aria-invalid=\"false\" value=\"\" type=\"text\" name=\"text-426\" \/><\/span> <\/label>\n<\/p>\n<p>&nbsp;\n<\/p>\n<h4>Guided tour\n<\/h4>\n<p><label>Date (mandatory)<br \/>\n<span class=\"wpcf7-form-control-wrap\" data-name=\"text-595\"><input size=\"40\" maxlength=\"400\" class=\"wpcf7-form-control wpcf7-text wpcf7-validates-as-required\" aria-required=\"true\" aria-invalid=\"false\" value=\"\" type=\"text\" name=\"text-595\" \/><\/span><\/label>\n<\/p>\n<p>Choose city (mandatory)<br \/>\n<span class=\"wpcf7-form-control-wrap\" data-name=\"checkbox-781\"><span class=\"wpcf7-form-control wpcf7-checkbox wpcf7-validates-as-required\"><span class=\"wpcf7-list-item first\"><label><input type=\"checkbox\" name=\"checkbox-781[]\" value=\"Porvoo\" \/><span class=\"wpcf7-list-item-label\">Porvoo<\/span><\/label><\/span><span class=\"wpcf7-list-item\"><label><input type=\"checkbox\" name=\"checkbox-781[]\" value=\"Loviisa\" \/><span class=\"wpcf7-list-item-label\">Loviisa<\/span><\/label><\/span><span class=\"wpcf7-list-item last\"><label><input type=\"checkbox\" name=\"checkbox-781[]\" value=\"Sipoo\" \/><span class=\"wpcf7-list-item-label\">Sipoo<\/span><\/label><\/span><\/span><\/span>\n<\/p>\n<p><label> Duration, fill in amount of hours<br \/>\n<span class=\"wpcf7-form-control-wrap\" data-name=\"text-801\"><input size=\"40\" maxlength=\"400\" class=\"wpcf7-form-control wpcf7-text\" id=\"tunnit\" aria-invalid=\"false\" value=\"\" type=\"text\" name=\"text-801\" \/><\/span> <\/label>\n<\/p>\n<p><label> The guided tour starts at<br \/>\n<span class=\"wpcf7-form-control-wrap\" data-name=\"text-117\"><input size=\"40\" maxlength=\"400\" class=\"wpcf7-form-control wpcf7-text\" aria-invalid=\"false\" value=\"\" type=\"text\" name=\"text-117\" \/><\/span> <\/label>\n<\/p>\n<p><label> The guided tour ends at<br \/>\n<span class=\"wpcf7-form-control-wrap\" data-name=\"text-891\"><input size=\"40\" maxlength=\"400\" class=\"wpcf7-form-control wpcf7-text\" aria-invalid=\"false\" value=\"\" type=\"text\" name=\"text-891\" \/><\/span> <\/label>\n<\/p>\n<p><label> Language (mandatory)<br \/>\n<span class=\"wpcf7-form-control-wrap\" data-name=\"text-532\"><input size=\"40\" maxlength=\"400\" class=\"wpcf7-form-control wpcf7-text wpcf7-validates-as-required\" id=\"kieli\" aria-required=\"true\" aria-invalid=\"false\" value=\"\" type=\"text\" name=\"text-532\" \/><\/span> <\/label>\n<\/p>\n<p><label> Group size, fill in headcount (mandatory)<br \/>\n<span class=\"wpcf7-form-control-wrap\" data-name=\"text-500\"><input size=\"40\" maxlength=\"400\" class=\"wpcf7-form-control wpcf7-text wpcf7-validates-as-required\" id=\"ryhmankoko\" aria-required=\"true\" aria-invalid=\"false\" value=\"\" type=\"text\" name=\"text-500\" \/><\/span> <\/label>\n<\/p>\n<p><label> Group name<br \/>\n<span class=\"wpcf7-form-control-wrap\" data-name=\"your-subject\"><input size=\"40\" maxlength=\"400\" class=\"wpcf7-form-control wpcf7-text\" aria-invalid=\"false\" value=\"\" type=\"text\" name=\"your-subject\" \/><\/span> <\/label>\n<\/p>\n<p>Guided tour (mandatory)<br \/>\n<span class=\"wpcf7-form-control-wrap\" data-name=\"checkbox-852\"><span class=\"wpcf7-form-control wpcf7-checkbox wpcf7-validates-as-required wpcf7-exclusive-checkbox\"><span class=\"wpcf7-list-item first\"><label><input type=\"checkbox\" name=\"checkbox-852\" value=\"Guided walking tour\" \/><span class=\"wpcf7-list-item-label\">Guided walking tour<\/span><\/label><\/span><span class=\"wpcf7-list-item\"><label><input type=\"checkbox\" name=\"checkbox-852\" value=\"Bus tour\" \/><span class=\"wpcf7-list-item-label\">Bus tour<\/span><\/label><\/span><span class=\"wpcf7-list-item last\"><label><input type=\"checkbox\" name=\"checkbox-852\" value=\"Combined bus and walking tour\" \/><span class=\"wpcf7-list-item-label\">Combined bus and walking tour<\/span><\/label><\/span><\/span><\/span>\n<\/p>\n<p>Is bus transportation required?<br \/>\n<span class=\"wpcf7-form-control-wrap\" data-name=\"checkbox-106\"><span class=\"wpcf7-form-control wpcf7-checkbox wpcf7-exclusive-checkbox\"><span class=\"wpcf7-list-item first\"><label><input type=\"checkbox\" name=\"checkbox-106\" value=\"Yes\" \/><span class=\"wpcf7-list-item-label\">Yes<\/span><\/label><\/span><span class=\"wpcf7-list-item last\"><label><input type=\"checkbox\" name=\"checkbox-106\" value=\"No\" \/><span class=\"wpcf7-list-item-label\">No<\/span><\/label><\/span><\/span><\/span>\n<\/p>\n<p>&nbsp;\n<\/p>\n<h4>Standard guided tours\n<\/h4>\n<p>Duration of the guided tour 1-1.5 h (click the field and choose the most suitable option)<br \/>\n<span class=\"wpcf7-form-control-wrap\" data-name=\"menu-952\"><select class=\"wpcf7-form-control wpcf7-select\" aria-invalid=\"false\" multiple=\"multiple\" name=\"menu-952[]\"><option value=\"Guided walking tour in Old Porvoo\">Guided walking tour in Old Porvoo<\/option><option value=\"Guided walking tour in Loviisa\">Guided walking tour in Loviisa<\/option><option value=\"Guided bus tour\">Guided bus tour<\/option><option value=\"Combined walking and bus tour\">Combined walking and bus tour<\/option><\/select><\/span>\n<\/p>\n<p>&nbsp;\n<\/p>\n<h4>Thematic and dramatized guided tours in Porvoo\n<\/h4>\n<p>Thematic guided tours in Porvoo, duration 1-1.5 hours (click the field and choose the most suitable option)<br \/>\n<span class=\"wpcf7-form-control-wrap\" data-name=\"menu-579\"><select class=\"wpcf7-form-control wpcf7-select\" aria-invalid=\"false\" multiple=\"multiple\" name=\"menu-579[]\"><option value=\"Kings and tsars\">Kings and tsars<\/option><option value=\"The Diet of Porvoo 1809\">The Diet of Porvoo 1809<\/option><option value=\"The fate of famous women\">The fate of famous women<\/option><option value=\"The architecture of the wooden city\">The architecture of the wooden city<\/option><option value=\"Runeberg - our national poet\">Runeberg - our national poet<\/option><option value=\"Blooming Porvoo\">Blooming Porvoo<\/option><option value=\"The tales of N\u00e4sinm\u00e4ki cemetery\">The tales of N\u00e4sinm\u00e4ki cemetery<\/option><option value=\"In the footsteps of Albert Edelfelt\">In the footsteps of Albert Edelfelt<\/option><option value=\"Famous writers in Porvoo\">Famous writers in Porvoo<\/option><option value=\"Smuggling - the time of the prohibition\">Smuggling - the time of the prohibition<\/option><option value=\"Tales of the old houses\">Tales of the old houses<\/option><option value=\"Finnish design was born in Porvoo\">Finnish design was born in Porvoo<\/option><option value=\"Nordic walking in Old Porvoo\">Nordic walking in Old Porvoo<\/option><option value=\"Christmas in the olden days\">Christmas in the olden days<\/option><\/select><\/span>\n<\/p>\n<p>Dramatized guided tours in Porvoo, duration 1-1.5 hours (click the field and choose the most suitable option)<br \/>\n<span class=\"wpcf7-form-control-wrap\" data-name=\"menu-111\"><select class=\"wpcf7-form-control wpcf7-select\" aria-invalid=\"false\" multiple=\"multiple\" name=\"menu-111[]\"><option value=\"A maid in Old Porvoo\">A maid in Old Porvoo<\/option><option value=\"Ulla M\u00f6llersv\u00e4rd\">Ulla M\u00f6llersv\u00e4rd<\/option><option value=\"Moonshine drama\">Moonshine drama<\/option><\/select><\/span>\n<\/p>\n<p>&nbsp;\n<\/p>\n<h4>Thematic and dramatized guided tours in Loviisa\n<\/h4>\n<p>Thematic guided tours in Loviisa, duration 1-1.5 hours (click the field and choose the most suitable option)<br \/>\n<span class=\"wpcf7-form-control-wrap\" data-name=\"menu-131\"><select class=\"wpcf7-form-control wpcf7-select\" aria-invalid=\"false\" multiple=\"multiple\" name=\"menu-131[]\"><option value=\"In the footsteps of Sibelius\">In the footsteps of Sibelius<\/option><option value=\"Russian Loviisa\">Russian Loviisa<\/option><option value=\"The bather&#039;s walk\">The bather&#039;s walk<\/option><option value=\"Gardens and parks\">Gardens and parks<\/option><\/select><\/span>\n<\/p>\n<p>Dramatized guided tours in Loviisa, duration 1-1.5 hours (click the field and choose the most suitable option)<br \/>\n<span class=\"wpcf7-form-control-wrap\" data-name=\"menu-418\"><select class=\"wpcf7-form-control wpcf7-select\" aria-invalid=\"false\" multiple=\"multiple\" name=\"menu-418[]\"><option value=\"Madame Anne Margareta Clayhills - Loviisa\">Madame Anne Margareta Clayhills - Loviisa<\/option><option value=\"The spa guest in Loviisa\">The spa guest in Loviisa<\/option><\/select><\/span>\n<\/p>\n<p>&nbsp;\n<\/p>\n<p><label>Other wishes or a message to us:<br \/>\n<span class=\"wpcf7-form-control-wrap\" data-name=\"your-message\"><textarea cols=\"40\" rows=\"10\" maxlength=\"2000\" class=\"wpcf7-form-control wpcf7-textarea\" aria-invalid=\"false\" name=\"your-message\"><\/textarea><\/span> <\/label>\n<\/p>\n<p><input class=\"wpcf7-form-control wpcf7-submit has-spinner\" type=\"submit\" value=\"Send\" \/>\n<\/p><div class=\"wpcf7-response-output\" aria-hidden=\"true\"><\/div>\n<\/form>\n<\/div>\n\n<\/div><\/div><div id=\"panel-9090-1-0-1\" class=\"so-panel widget widget_black-studio-tinymce widget_black_studio_tinymce panel-last-child\" data-index=\"2\" ><div class=\"textwidget\"><h4><a href=\"https:\/\/www.porvootours.fi\/en\/guided-tours\/guide-fees-and-terms\/\" target=\"_blank\" rel=\"noopener\">\u27a1\ufe0f PRICING<\/a><\/h4>\n<h4>Customer service<\/h4>\n<p>Porvoo Tours<br \/>\nMon\u2013Fri 9:00\u201316:00<br \/>\nporvootours (at) porvootours.fi<br \/>\nphone <a style=\"color: #000000;\" href=\"tel:+358195742200\" target=\"_blank\" rel=\"noopener\">+358 19 574 2200<\/a><\/p>\n<\/div><\/div><\/div><\/div><\/div>","protected":false},"excerpt":{"rendered":"<p>\u27a1\ufe0f PRICING Customer service Porvoo Tours Mon\u2013Fri 9:00\u201316:00 porvootours (at) porvootours.fi phone +358 19 574 2200<\/p>\n","protected":false},"author":1,"featured_media":0,"parent":9055,"menu_order":0,"comment_status":"closed","ping_status":"closed","template":"","meta":{"kt_blocks_editor_width":"","footnotes":""},"class_list":["post-9090","page","type-page","status-publish","hentry"],"yoast_head":"<!-- This site is optimized with the Yoast SEO plugin v27.3 - https:\/\/yoast.com\/product\/yoast-seo-wordpress\/ -->\n<title>Book guiding | Porvoo Tours - matkanj\u00e4rjest\u00e4j\u00e4<\/title>\n<meta name=\"robots\" content=\"index, follow, max-snippet:-1, max-image-preview:large, max-video-preview:-1\" \/>\n<link rel=\"canonical\" href=\"https:\/\/www.porvootours.fi\/en\/guided-tours\/book-guiding-porvoo-loviisa-sipoo\/\" \/>\n<meta property=\"og:locale\" content=\"en_US\" \/>\n<meta property=\"og:type\" content=\"article\" \/>\n<meta property=\"og:title\" content=\"Book guiding | Porvoo Tours - matkanj\u00e4rjest\u00e4j\u00e4\" \/>\n<meta property=\"og:description\" content=\"\u27a1\ufe0f PRICING Customer service Porvoo Tours Mon\u2013Fri 9:00\u201316:00 porvootours (at) porvootours.fi phone +358 19 574 2200\" \/>\n<meta property=\"og:url\" content=\"https:\/\/www.porvootours.fi\/en\/guided-tours\/book-guiding-porvoo-loviisa-sipoo\/\" \/>\n<meta property=\"og:site_name\" content=\"Porvoo Tours - matkanj\u00e4rjest\u00e4j\u00e4\" \/>\n<meta property=\"article:publisher\" content=\"https:\/\/www.facebook.com\/Porvoo-Tours-136597746389488\/\" \/>\n<meta property=\"article:modified_time\" content=\"2026-03-18T14:23:19+00:00\" \/>\n<meta property=\"og:image\" content=\"https:\/\/www.porvootours.fi\/wp-content\/uploads\/2021\/05\/porvootours_1200px_fb_jokiranta.jpg\" \/>\n\t<meta property=\"og:image:width\" content=\"1200\" \/>\n\t<meta property=\"og:image:height\" content=\"630\" \/>\n\t<meta property=\"og:image:type\" content=\"image\/jpeg\" \/>\n<meta name=\"twitter:card\" content=\"summary_large_image\" \/>\n<meta name=\"twitter:label1\" content=\"Est. reading time\" \/>\n\t<meta name=\"twitter:data1\" content=\"2 minutes\" \/>\n<script type=\"application\/ld+json\" class=\"yoast-schema-graph\">{\"@context\":\"https:\\\/\\\/schema.org\",\"@graph\":[{\"@type\":\"WebPage\",\"@id\":\"https:\\\/\\\/www.porvootours.fi\\\/en\\\/guided-tours\\\/book-guiding-porvoo-loviisa-sipoo\\\/\",\"url\":\"https:\\\/\\\/www.porvootours.fi\\\/en\\\/guided-tours\\\/book-guiding-porvoo-loviisa-sipoo\\\/\",\"name\":\"Book guiding | Porvoo Tours - matkanj\u00e4rjest\u00e4j\u00e4\",\"isPartOf\":{\"@id\":\"https:\\\/\\\/www.porvootours.fi\\\/#website\"},\"datePublished\":\"2019-02-27T17:19:32+00:00\",\"dateModified\":\"2026-03-18T14:23:19+00:00\",\"breadcrumb\":{\"@id\":\"https:\\\/\\\/www.porvootours.fi\\\/en\\\/guided-tours\\\/book-guiding-porvoo-loviisa-sipoo\\\/#breadcrumb\"},\"inLanguage\":\"en-US\",\"potentialAction\":[{\"@type\":\"ReadAction\",\"target\":[\"https:\\\/\\\/www.porvootours.fi\\\/en\\\/guided-tours\\\/book-guiding-porvoo-loviisa-sipoo\\\/\"]}]},{\"@type\":\"BreadcrumbList\",\"@id\":\"https:\\\/\\\/www.porvootours.fi\\\/en\\\/guided-tours\\\/book-guiding-porvoo-loviisa-sipoo\\\/#breadcrumb\",\"itemListElement\":[{\"@type\":\"ListItem\",\"position\":1,\"name\":\"Home\",\"item\":\"https:\\\/\\\/www.porvootours.fi\\\/en\\\/\"},{\"@type\":\"ListItem\",\"position\":2,\"name\":\"Guided tours\",\"item\":\"https:\\\/\\\/www.porvootours.fi\\\/en\\\/guided-tours\\\/\"},{\"@type\":\"ListItem\",\"position\":3,\"name\":\"Book guiding\"}]},{\"@type\":\"WebSite\",\"@id\":\"https:\\\/\\\/www.porvootours.fi\\\/#website\",\"url\":\"https:\\\/\\\/www.porvootours.fi\\\/\",\"name\":\"Porvoo Tours - matkanj\u00e4rjest\u00e4j\u00e4\",\"description\":\"Ryhm\u00e4matkojen ja kokouksien j\u00e4rjest\u00e4j\u00e4. Porvoo, Sipoo - gruppresor och m\u00f6tesresorja Loviisa\",\"publisher\":{\"@id\":\"https:\\\/\\\/www.porvootours.fi\\\/#organization\"},\"alternateName\":\"Porvoo Tours\",\"potentialAction\":[{\"@type\":\"SearchAction\",\"target\":{\"@type\":\"EntryPoint\",\"urlTemplate\":\"https:\\\/\\\/www.porvootours.fi\\\/?s={search_term_string}\"},\"query-input\":{\"@type\":\"PropertyValueSpecification\",\"valueRequired\":true,\"valueName\":\"search_term_string\"}}],\"inLanguage\":\"en-US\"},{\"@type\":\"Organization\",\"@id\":\"https:\\\/\\\/www.porvootours.fi\\\/#organization\",\"name\":\"Porvoo Tours\",\"url\":\"https:\\\/\\\/www.porvootours.fi\\\/\",\"logo\":{\"@type\":\"ImageObject\",\"inLanguage\":\"en-US\",\"@id\":\"https:\\\/\\\/www.porvootours.fi\\\/#\\\/schema\\\/logo\\\/image\\\/\",\"url\":\"https:\\\/\\\/www.porvootours.fi\\\/wp-content\\\/uploads\\\/2020\\\/02\\\/porvootours_logo1.png\",\"contentUrl\":\"https:\\\/\\\/www.porvootours.fi\\\/wp-content\\\/uploads\\\/2020\\\/02\\\/porvootours_logo1.png\",\"width\":300,\"height\":70,\"caption\":\"Porvoo Tours\"},\"image\":{\"@id\":\"https:\\\/\\\/www.porvootours.fi\\\/#\\\/schema\\\/logo\\\/image\\\/\"},\"sameAs\":[\"https:\\\/\\\/www.facebook.com\\\/Porvoo-Tours-136597746389488\\\/\"]}]}<\/script>\n<!-- \/ Yoast SEO plugin. -->","yoast_head_json":{"title":"Book guiding | Porvoo Tours - matkanj\u00e4rjest\u00e4j\u00e4","robots":{"index":"index","follow":"follow","max-snippet":"max-snippet:-1","max-image-preview":"max-image-preview:large","max-video-preview":"max-video-preview:-1"},"canonical":"https:\/\/www.porvootours.fi\/en\/guided-tours\/book-guiding-porvoo-loviisa-sipoo\/","og_locale":"en_US","og_type":"article","og_title":"Book guiding | Porvoo Tours - matkanj\u00e4rjest\u00e4j\u00e4","og_description":"\u27a1\ufe0f PRICING Customer service Porvoo Tours Mon\u2013Fri 9:00\u201316:00 porvootours (at) porvootours.fi phone +358 19 574 2200","og_url":"https:\/\/www.porvootours.fi\/en\/guided-tours\/book-guiding-porvoo-loviisa-sipoo\/","og_site_name":"Porvoo Tours - matkanj\u00e4rjest\u00e4j\u00e4","article_publisher":"https:\/\/www.facebook.com\/Porvoo-Tours-136597746389488\/","article_modified_time":"2026-03-18T14:23:19+00:00","og_image":[{"width":1200,"height":630,"url":"https:\/\/www.porvootours.fi\/wp-content\/uploads\/2021\/05\/porvootours_1200px_fb_jokiranta.jpg","type":"image\/jpeg"}],"twitter_card":"summary_large_image","twitter_misc":{"Est. reading time":"2 minutes"},"schema":{"@context":"https:\/\/schema.org","@graph":[{"@type":"WebPage","@id":"https:\/\/www.porvootours.fi\/en\/guided-tours\/book-guiding-porvoo-loviisa-sipoo\/","url":"https:\/\/www.porvootours.fi\/en\/guided-tours\/book-guiding-porvoo-loviisa-sipoo\/","name":"Book guiding | Porvoo Tours - matkanj\u00e4rjest\u00e4j\u00e4","isPartOf":{"@id":"https:\/\/www.porvootours.fi\/#website"},"datePublished":"2019-02-27T17:19:32+00:00","dateModified":"2026-03-18T14:23:19+00:00","breadcrumb":{"@id":"https:\/\/www.porvootours.fi\/en\/guided-tours\/book-guiding-porvoo-loviisa-sipoo\/#breadcrumb"},"inLanguage":"en-US","potentialAction":[{"@type":"ReadAction","target":["https:\/\/www.porvootours.fi\/en\/guided-tours\/book-guiding-porvoo-loviisa-sipoo\/"]}]},{"@type":"BreadcrumbList","@id":"https:\/\/www.porvootours.fi\/en\/guided-tours\/book-guiding-porvoo-loviisa-sipoo\/#breadcrumb","itemListElement":[{"@type":"ListItem","position":1,"name":"Home","item":"https:\/\/www.porvootours.fi\/en\/"},{"@type":"ListItem","position":2,"name":"Guided tours","item":"https:\/\/www.porvootours.fi\/en\/guided-tours\/"},{"@type":"ListItem","position":3,"name":"Book guiding"}]},{"@type":"WebSite","@id":"https:\/\/www.porvootours.fi\/#website","url":"https:\/\/www.porvootours.fi\/","name":"Porvoo Tours - matkanj\u00e4rjest\u00e4j\u00e4","description":"Ryhm\u00e4matkojen ja kokouksien j\u00e4rjest\u00e4j\u00e4. Porvoo, Sipoo - gruppresor och m\u00f6tesresorja Loviisa","publisher":{"@id":"https:\/\/www.porvootours.fi\/#organization"},"alternateName":"Porvoo Tours","potentialAction":[{"@type":"SearchAction","target":{"@type":"EntryPoint","urlTemplate":"https:\/\/www.porvootours.fi\/?s={search_term_string}"},"query-input":{"@type":"PropertyValueSpecification","valueRequired":true,"valueName":"search_term_string"}}],"inLanguage":"en-US"},{"@type":"Organization","@id":"https:\/\/www.porvootours.fi\/#organization","name":"Porvoo Tours","url":"https:\/\/www.porvootours.fi\/","logo":{"@type":"ImageObject","inLanguage":"en-US","@id":"https:\/\/www.porvootours.fi\/#\/schema\/logo\/image\/","url":"https:\/\/www.porvootours.fi\/wp-content\/uploads\/2020\/02\/porvootours_logo1.png","contentUrl":"https:\/\/www.porvootours.fi\/wp-content\/uploads\/2020\/02\/porvootours_logo1.png","width":300,"height":70,"caption":"Porvoo Tours"},"image":{"@id":"https:\/\/www.porvootours.fi\/#\/schema\/logo\/image\/"},"sameAs":["https:\/\/www.facebook.com\/Porvoo-Tours-136597746389488\/"]}]}},"_links":{"self":[{"href":"https:\/\/www.porvootours.fi\/en\/wp-json\/wp\/v2\/pages\/9090","targetHints":{"allow":["GET"]}}],"collection":[{"href":"https:\/\/www.porvootours.fi\/en\/wp-json\/wp\/v2\/pages"}],"about":[{"href":"https:\/\/www.porvootours.fi\/en\/wp-json\/wp\/v2\/types\/page"}],"author":[{"embeddable":true,"href":"https:\/\/www.porvootours.fi\/en\/wp-json\/wp\/v2\/users\/1"}],"replies":[{"embeddable":true,"href":"https:\/\/www.porvootours.fi\/en\/wp-json\/wp\/v2\/comments?post=9090"}],"version-history":[{"count":0,"href":"https:\/\/www.porvootours.fi\/en\/wp-json\/wp\/v2\/pages\/9090\/revisions"}],"up":[{"embeddable":true,"href":"https:\/\/www.porvootours.fi\/en\/wp-json\/wp\/v2\/pages\/9055"}],"wp:attachment":[{"href":"https:\/\/www.porvootours.fi\/en\/wp-json\/wp\/v2\/media?parent=9090"}],"curies":[{"name":"wp","href":"https:\/\/api.w.org\/{rel}","templated":true}]}}