{"id":9071,"date":"2019-02-25T19:34:10","date_gmt":"2019-02-25T19:34:10","guid":{"rendered":"https:\/\/www.porvootours.fi\/guided-tours\/opastukset-hinnasto-ehdot\/"},"modified":"2026-01-14T12:31:50","modified_gmt":"2026-01-14T12:31:50","slug":"guide-fees-and-terms","status":"publish","type":"page","link":"https:\/\/www.porvootours.fi\/en\/guided-tours\/guide-fees-and-terms\/","title":{"rendered":"Guide fees and terms"},"content":{"rendered":"<div id=\"pl-9071\"  class=\"panel-layout\" ><div id=\"pg-9071-0\"  class=\"panel-grid panel-no-style\" ><div id=\"pgc-9071-0-0\"  class=\"panel-grid-cell\" ><div id=\"panel-9071-0-0-0\" class=\"so-panel widget widget_black-studio-tinymce widget_black_studio_tinymce panel-first-child panel-last-child\" data-index=\"0\" ><div class=\"textwidget\"><h1>Guide fees &amp; terms<\/h1>\n<p data-path-to-node=\"4,0\">Porvoo Tours offers expert guided services in Porvoo, Loviisa, and Sipoo. Our guides are certified professionals, authorized by the Federation of Finnish Tourist Guide Associations, and easily recognized by their official GUIDE-badge.<\/p>\n<p data-path-to-node=\"4,1\">Whether you are looking for a classic city tour, a scenic walking tour, or a deep dive into our local museums and attractions, our guides bring the stories of the region to life. Beyond city tours, we offer expertise for archipelago cruises, full-day excursions, and hidden gems in the surrounding countryside. We also provide professional tour leader services for longer journeys.<\/p>\n<h4>Price list 2026 \u2013 Porvoo, Loviisa and Sipoo<\/h4>\n<h3>Standard Guided Tours<\/h3>\n<\/div><\/div><\/div><\/div><div id=\"pg-9071-1\"  class=\"panel-grid panel-no-style\" ><div id=\"pgc-9071-1-0\"  class=\"panel-grid-cell\" ><div id=\"panel-9071-1-0-0\" class=\"so-panel widget widget_black-studio-tinymce widget_black_studio_tinymce panel-first-child panel-last-child\" data-index=\"1\" ><div class=\"textwidget\">\n<table id=\"tablepress-5\" class=\"tablepress tablepress-id-5\">\n<thead>\n<tr class=\"row-1\">\n\t<th class=\"column-1\">Weekdays<br \/>Hours<\/th><th class=\"column-2\">All languages<br\/> incl. VAT 25,5%<\/th>\n<\/tr>\n<\/thead>\n<tbody class=\"row-striping row-hover\">\n<tr class=\"row-2\">\n\t<td class=\"column-1\">1.5<\/td><td class=\"column-2\">170 \u20ac<\/td>\n<\/tr>\n<tr class=\"row-3\">\n\t<td class=\"column-1\">2<\/td><td class=\"column-2\">192 \u20ac<\/td>\n<\/tr>\n<tr class=\"row-4\">\n\t<td class=\"column-1\">2.5<\/td><td class=\"column-2\">214 \u20ac<\/td>\n<\/tr>\n<tr class=\"row-5\">\n\t<td class=\"column-1\">3<\/td><td class=\"column-2\">236 \u20ac<\/td>\n<\/tr>\n<tr class=\"row-6\">\n\t<td class=\"column-1\">3.5<\/td><td class=\"column-2\">258 \u20ac<\/td>\n<\/tr>\n<tr class=\"row-7\">\n\t<td class=\"column-1\">4<\/td><td class=\"column-2\">281 \u20ac<\/td>\n<\/tr>\n<tr class=\"row-8\">\n\t<td class=\"column-1\">4.5<\/td><td class=\"column-2\">303 \u20ac<\/td>\n<\/tr>\n<tr class=\"row-9\">\n\t<td class=\"column-1\">5<\/td><td class=\"column-2\">325 \u20ac<\/td>\n<\/tr>\n<tr class=\"row-10\">\n\t<td class=\"column-1\">5.5<\/td><td class=\"column-2\">347 \u20ac<\/td>\n<\/tr>\n<tr class=\"row-11\">\n\t<td class=\"column-1\">6<\/td><td class=\"column-2\">369 \u20ac<\/td>\n<\/tr>\n<tr class=\"row-12\">\n\t<td class=\"column-1\">6.5<\/td><td class=\"column-2\">391 \u20ac<\/td>\n<\/tr>\n<tr class=\"row-13\">\n\t<td class=\"column-1\">7<\/td><td class=\"column-2\">413 \u20ac<\/td>\n<\/tr>\n<\/tbody>\n<\/table>\n<!-- #tablepress-5 from cache -->\n<\/div><\/div><\/div><div id=\"pgc-9071-1-1\"  class=\"panel-grid-cell\" ><div id=\"panel-9071-1-1-0\" class=\"so-panel widget widget_black-studio-tinymce widget_black_studio_tinymce panel-first-child panel-last-child\" data-index=\"2\" ><div class=\"textwidget\">\n<table id=\"tablepress-6\" class=\"tablepress tablepress-id-6\">\n<thead>\n<tr class=\"row-1\">\n\t<th class=\"column-1\">Sundays<br \/>Hours<\/th><th class=\"column-2\">All languages<br \/> incl. VAT 25,5%<\/th>\n<\/tr>\n<\/thead>\n<tbody class=\"row-striping row-hover\">\n<tr class=\"row-2\">\n\t<td class=\"column-1\">1.5<\/td><td class=\"column-2\">218 \u20ac<\/td>\n<\/tr>\n<tr class=\"row-3\">\n\t<td class=\"column-1\">2<\/td><td class=\"column-2\">251 \u20ac<\/td>\n<\/tr>\n<tr class=\"row-4\">\n\t<td class=\"column-1\">2.5<\/td><td class=\"column-2\">284 \u20ac<\/td>\n<\/tr>\n<tr class=\"row-5\">\n\t<td class=\"column-1\">3<\/td><td class=\"column-2\">317 \u20ac<\/td>\n<\/tr>\n<tr class=\"row-6\">\n\t<td class=\"column-1\">3.5<\/td><td class=\"column-2\">350 \u20ac<\/td>\n<\/tr>\n<tr class=\"row-7\">\n\t<td class=\"column-1\">4<\/td><td class=\"column-2\">383 \u20ac<\/td>\n<\/tr>\n<tr class=\"row-8\">\n\t<td class=\"column-1\">4.5<\/td><td class=\"column-2\">417 \u20ac<\/td>\n<\/tr>\n<tr class=\"row-9\">\n\t<td class=\"column-1\">5<\/td><td class=\"column-2\">450 \u20ac<\/td>\n<\/tr>\n<tr class=\"row-10\">\n\t<td class=\"column-1\">5.5<\/td><td class=\"column-2\">483 \u20ac<\/td>\n<\/tr>\n<tr class=\"row-11\">\n\t<td class=\"column-1\">6<\/td><td class=\"column-2\">516 \u20ac<\/td>\n<\/tr>\n<tr class=\"row-12\">\n\t<td class=\"column-1\">6.5<\/td><td class=\"column-2\">549 \u20ac<\/td>\n<\/tr>\n<tr class=\"row-13\">\n\t<td class=\"column-1\">7<\/td><td class=\"column-2\">582 \u20ac<\/td>\n<\/tr>\n<\/tbody>\n<\/table>\n<!-- #tablepress-6 from cache -->\n<\/div><\/div><\/div><\/div><div id=\"pg-9071-2\"  class=\"panel-grid panel-no-style\" ><div id=\"pgc-9071-2-0\"  class=\"panel-grid-cell\" ><div id=\"panel-9071-2-0-0\" class=\"so-panel widget widget_black-studio-tinymce widget_black_studio_tinymce panel-first-child\" data-index=\"3\" ><div class=\"textwidget\"><div class=\"hrule clearfix\" style=\"background:#c1c1c1; height:1px\"><\/div>\n<\/div><\/div><div id=\"panel-9071-2-0-1\" class=\"so-panel widget widget_black-studio-tinymce widget_black_studio_tinymce panel-last-child\" data-index=\"4\" ><div class=\"textwidget\"><h3 class=\"kt-call-to-action-title\" data-max-size=\"50\" data-min-size=\"36\">Thematic Guided Tours<\/h3>\n<p>Guided tours are available in English, Swedish, and Finnish. Please note that all tours are not offered in all languages. Please contact us in advance to confirm availability in your preferred language.<\/p>\n<\/div><\/div><\/div><\/div><div id=\"pg-9071-3\"  class=\"panel-grid panel-no-style\" ><div id=\"pgc-9071-3-0\"  class=\"panel-grid-cell\" ><div id=\"panel-9071-3-0-0\" class=\"so-panel widget widget_black-studio-tinymce widget_black_studio_tinymce panel-first-child panel-last-child\" data-index=\"5\" ><div class=\"textwidget\">\n<table id=\"tablepress-17\" class=\"tablepress tablepress-id-17\">\n<thead>\n<tr class=\"row-1\">\n\t<th class=\"column-1\">Weekdays<br \/>\nHours<\/th><th class=\"column-2\">All languages<br \/>\nincl. VAT 25,5%<\/th>\n<\/tr>\n<\/thead>\n<tbody class=\"row-striping row-hover\">\n<tr class=\"row-2\">\n\t<td class=\"column-1\">1 - 1.5<\/td><td class=\"column-2\">200 \u20ac<\/td>\n<\/tr>\n<\/tbody>\n<\/table>\n<!-- #tablepress-17 from cache -->\n<\/div><\/div><\/div><div id=\"pgc-9071-3-1\"  class=\"panel-grid-cell\" ><div id=\"panel-9071-3-1-0\" class=\"so-panel widget widget_black-studio-tinymce widget_black_studio_tinymce panel-first-child panel-last-child\" data-index=\"6\" ><div class=\"textwidget\">\n<table id=\"tablepress-18\" class=\"tablepress tablepress-id-18\">\n<thead>\n<tr class=\"row-1\">\n\t<th class=\"column-1\">Sundays<br \/>\nHours<\/th><th class=\"column-2\">All languages<br \/>\nincl. VAT 25,5%<\/th>\n<\/tr>\n<\/thead>\n<tbody class=\"row-striping row-hover\">\n<tr class=\"row-2\">\n\t<td class=\"column-1\">1 - 1.5<\/td><td class=\"column-2\">270 \u20ac<\/td>\n<\/tr>\n<\/tbody>\n<\/table>\n<!-- #tablepress-18 from cache -->\n<\/div><\/div><\/div><\/div><div id=\"pg-9071-4\"  class=\"panel-grid panel-no-style\" ><div id=\"pgc-9071-4-0\"  class=\"panel-grid-cell\" ><div id=\"panel-9071-4-0-0\" class=\"so-panel widget widget_black-studio-tinymce widget_black_studio_tinymce panel-first-child\" data-index=\"7\" ><div class=\"textwidget\"><div class=\"hrule clearfix\" style=\"background:#c1c1c1; height:1px\"><\/div>\n<\/div><\/div><div id=\"panel-9071-4-0-1\" class=\"so-panel widget widget_black-studio-tinymce widget_black_studio_tinymce panel-last-child\" data-index=\"8\" ><div class=\"textwidget\"><p>Dramatized Guided Tours<\/p>\n<p>Guided tours are available in English, Swedish, and Finnish. Please note that all tours are not offered in all languages. Please contact us in advance to confirm availability in your preferred language.<\/p>\n<\/div><\/div><\/div><\/div><div id=\"pg-9071-5\"  class=\"panel-grid panel-no-style\" ><div id=\"pgc-9071-5-0\"  class=\"panel-grid-cell\" ><div id=\"panel-9071-5-0-0\" class=\"so-panel widget widget_black-studio-tinymce widget_black_studio_tinymce panel-first-child panel-last-child\" data-index=\"9\" ><div class=\"textwidget\">\n<table id=\"tablepress-19\" class=\"tablepress tablepress-id-19\">\n<thead>\n<tr class=\"row-1\">\n\t<th class=\"column-1\">Weekdays<br \/>\nHours<\/th><th class=\"column-2\">All languages<br \/>\nincl. VAT 25,5%<\/th>\n<\/tr>\n<\/thead>\n<tbody class=\"row-striping row-hover\">\n<tr class=\"row-2\">\n\t<td class=\"column-1\">1 - 1.5<\/td><td class=\"column-2\">214 \u20ac<\/td>\n<\/tr>\n<\/tbody>\n<\/table>\n<!-- #tablepress-19 from cache -->\n<\/div><\/div><\/div><div id=\"pgc-9071-5-1\"  class=\"panel-grid-cell\" ><div id=\"panel-9071-5-1-0\" class=\"so-panel widget widget_black-studio-tinymce widget_black_studio_tinymce panel-first-child panel-last-child\" data-index=\"10\" ><div class=\"textwidget\">\n<table id=\"tablepress-20\" class=\"tablepress tablepress-id-20\">\n<thead>\n<tr class=\"row-1\">\n\t<th class=\"column-1\">Sundays<br \/>\nHours<\/th><th class=\"column-2\">All languages<br \/>\nincl. VAT 25,5%<\/th>\n<\/tr>\n<\/thead>\n<tbody class=\"row-striping row-hover\">\n<tr class=\"row-2\">\n\t<td class=\"column-1\">1 - 1.5<\/td><td class=\"column-2\">284 \u20ac<\/td>\n<\/tr>\n<\/tbody>\n<\/table>\n<!-- #tablepress-20 from cache -->\n<\/div><\/div><\/div><\/div><div id=\"pg-9071-6\"  class=\"panel-grid panel-no-style\" ><div id=\"pgc-9071-6-0\"  class=\"panel-grid-cell\" ><div id=\"panel-9071-6-0-0\" class=\"so-panel widget widget_black-studio-tinymce widget_black_studio_tinymce panel-first-child\" data-index=\"11\" ><div class=\"textwidget\"><div class=\"hrule clearfix\" style=\"background:#c1c1c1; height:1px\"><\/div>\n<\/div><\/div><div id=\"panel-9071-6-0-1\" class=\"so-panel widget widget_black-studio-tinymce widget_black_studio_tinymce panel-last-child\" data-index=\"12\" ><div class=\"textwidget\"><h4>Languages<\/h4>\n<p>Finnish, Swedish, English, German, French, Russian, Estonian, Italian, Spanish, Danish, Norwegian and Scandinavian.<\/p>\n<h4>Cancellation fee<\/h4>\n<p>The guided tour can be cancelled without expenses two weekdays before the tour. If the guided tour is cancelled later than that, or in case of a \"no show\", the guide will be paid for his\/her work effort.<\/p>\n<h4>Price<\/h4>\n<p>The price includes guide fee, vacation bonus, social and pension fees and VAT 25,5 %. There is also an additional service fee of 10 \u20ac, added to the invoice.<\/p>\n<h4>Raised fees<\/h4>\n<p>On Sundays and during paid holidays 00:00-24:00 and during night time tours 20:00-06:00. Bilingual guided tours to an additional charge.<\/p>\n<\/div><\/div><\/div><\/div><\/div>","protected":false},"excerpt":{"rendered":"<p>Guide fees &amp; terms Porvoo Tours offers expert guided services in Porvoo, Loviisa, and Sipoo. Our guides are certified professionals, authorized by the Federation of Finnish Tourist Guide Associations, and &hellip; <a class=\"kt-excerpt-readmore more-link\" href=\"https:\/\/www.porvootours.fi\/en\/guided-tours\/guide-fees-and-terms\/\" aria-label=\"Guide fees and terms\">\u00bb<\/a><\/p>\n","protected":false},"author":1,"featured_media":0,"parent":9055,"menu_order":0,"comment_status":"closed","ping_status":"closed","template":"","meta":{"kt_blocks_editor_width":"","footnotes":""},"class_list":["post-9071","page","type-page","status-publish","hentry"],"yoast_head":"<!-- This site is optimized with the Yoast SEO plugin v27.3 - https:\/\/yoast.com\/product\/yoast-seo-wordpress\/ -->\n<title>Guide fees and terms | Porvoo Tours | Local DMC<\/title>\n<meta name=\"robots\" content=\"index, follow, max-snippet:-1, max-image-preview:large, max-video-preview:-1\" \/>\n<link rel=\"canonical\" href=\"https:\/\/www.porvootours.fi\/en\/guided-tours\/guide-fees-and-terms\/\" \/>\n<meta property=\"og:locale\" content=\"en_US\" \/>\n<meta property=\"og:type\" content=\"article\" \/>\n<meta property=\"og:title\" content=\"Guide fees and terms | Porvoo Tours | Local DMC\" \/>\n<meta property=\"og:description\" content=\"Guide fees &amp; terms Porvoo Tours offers expert guided services in Porvoo, Loviisa, and Sipoo. Our guides are certified professionals, authorized by the Federation of Finnish Tourist Guide Associations, and &hellip; \u00bb\" \/>\n<meta property=\"og:url\" content=\"https:\/\/www.porvootours.fi\/en\/guided-tours\/guide-fees-and-terms\/\" \/>\n<meta property=\"og:site_name\" content=\"Porvoo Tours - matkanj\u00e4rjest\u00e4j\u00e4\" \/>\n<meta property=\"article:publisher\" content=\"https:\/\/www.facebook.com\/Porvoo-Tours-136597746389488\/\" \/>\n<meta property=\"article:modified_time\" content=\"2026-01-14T12:31:50+00:00\" \/>\n<meta property=\"og:image\" content=\"https:\/\/www.porvootours.fi\/wp-content\/uploads\/2021\/05\/porvootours_1200px_fb_jokiranta.jpg\" \/>\n\t<meta property=\"og:image:width\" content=\"1200\" \/>\n\t<meta property=\"og:image:height\" content=\"630\" \/>\n\t<meta property=\"og:image:type\" content=\"image\/jpeg\" \/>\n<meta name=\"twitter:card\" content=\"summary_large_image\" \/>\n<meta name=\"twitter:label1\" content=\"Est. reading time\" \/>\n\t<meta name=\"twitter:data1\" content=\"3 minutes\" \/>\n<script type=\"application\/ld+json\" class=\"yoast-schema-graph\">{\"@context\":\"https:\\\/\\\/schema.org\",\"@graph\":[{\"@type\":\"WebPage\",\"@id\":\"https:\\\/\\\/www.porvootours.fi\\\/en\\\/guided-tours\\\/guide-fees-and-terms\\\/\",\"url\":\"https:\\\/\\\/www.porvootours.fi\\\/en\\\/guided-tours\\\/guide-fees-and-terms\\\/\",\"name\":\"Guide fees and terms | Porvoo Tours | Local DMC\",\"isPartOf\":{\"@id\":\"https:\\\/\\\/www.porvootours.fi\\\/#website\"},\"datePublished\":\"2019-02-25T19:34:10+00:00\",\"dateModified\":\"2026-01-14T12:31:50+00:00\",\"breadcrumb\":{\"@id\":\"https:\\\/\\\/www.porvootours.fi\\\/en\\\/guided-tours\\\/guide-fees-and-terms\\\/#breadcrumb\"},\"inLanguage\":\"en-US\",\"potentialAction\":[{\"@type\":\"ReadAction\",\"target\":[\"https:\\\/\\\/www.porvootours.fi\\\/en\\\/guided-tours\\\/guide-fees-and-terms\\\/\"]}]},{\"@type\":\"BreadcrumbList\",\"@id\":\"https:\\\/\\\/www.porvootours.fi\\\/en\\\/guided-tours\\\/guide-fees-and-terms\\\/#breadcrumb\",\"itemListElement\":[{\"@type\":\"ListItem\",\"position\":1,\"name\":\"Home\",\"item\":\"https:\\\/\\\/www.porvootours.fi\\\/en\\\/\"},{\"@type\":\"ListItem\",\"position\":2,\"name\":\"Guided tours\",\"item\":\"https:\\\/\\\/www.porvootours.fi\\\/en\\\/guided-tours\\\/\"},{\"@type\":\"ListItem\",\"position\":3,\"name\":\"Guide fees and terms\"}]},{\"@type\":\"WebSite\",\"@id\":\"https:\\\/\\\/www.porvootours.fi\\\/#website\",\"url\":\"https:\\\/\\\/www.porvootours.fi\\\/\",\"name\":\"Porvoo Tours - matkanj\u00e4rjest\u00e4j\u00e4\",\"description\":\"Ryhm\u00e4matkojen ja kokouksien j\u00e4rjest\u00e4j\u00e4. Porvoo, Sipoo - gruppresor och m\u00f6tesresorja Loviisa\",\"publisher\":{\"@id\":\"https:\\\/\\\/www.porvootours.fi\\\/#organization\"},\"alternateName\":\"Porvoo Tours\",\"potentialAction\":[{\"@type\":\"SearchAction\",\"target\":{\"@type\":\"EntryPoint\",\"urlTemplate\":\"https:\\\/\\\/www.porvootours.fi\\\/?s={search_term_string}\"},\"query-input\":{\"@type\":\"PropertyValueSpecification\",\"valueRequired\":true,\"valueName\":\"search_term_string\"}}],\"inLanguage\":\"en-US\"},{\"@type\":\"Organization\",\"@id\":\"https:\\\/\\\/www.porvootours.fi\\\/#organization\",\"name\":\"Porvoo Tours\",\"url\":\"https:\\\/\\\/www.porvootours.fi\\\/\",\"logo\":{\"@type\":\"ImageObject\",\"inLanguage\":\"en-US\",\"@id\":\"https:\\\/\\\/www.porvootours.fi\\\/#\\\/schema\\\/logo\\\/image\\\/\",\"url\":\"https:\\\/\\\/www.porvootours.fi\\\/wp-content\\\/uploads\\\/2020\\\/02\\\/porvootours_logo1.png\",\"contentUrl\":\"https:\\\/\\\/www.porvootours.fi\\\/wp-content\\\/uploads\\\/2020\\\/02\\\/porvootours_logo1.png\",\"width\":300,\"height\":70,\"caption\":\"Porvoo Tours\"},\"image\":{\"@id\":\"https:\\\/\\\/www.porvootours.fi\\\/#\\\/schema\\\/logo\\\/image\\\/\"},\"sameAs\":[\"https:\\\/\\\/www.facebook.com\\\/Porvoo-Tours-136597746389488\\\/\"]}]}<\/script>\n<!-- \/ Yoast SEO plugin. -->","yoast_head_json":{"title":"Guide fees and terms | Porvoo Tours | Local DMC","robots":{"index":"index","follow":"follow","max-snippet":"max-snippet:-1","max-image-preview":"max-image-preview:large","max-video-preview":"max-video-preview:-1"},"canonical":"https:\/\/www.porvootours.fi\/en\/guided-tours\/guide-fees-and-terms\/","og_locale":"en_US","og_type":"article","og_title":"Guide fees and terms | Porvoo Tours | Local DMC","og_description":"Guide fees &amp; terms Porvoo Tours offers expert guided services in Porvoo, Loviisa, and Sipoo. Our guides are certified professionals, authorized by the Federation of Finnish Tourist Guide Associations, and &hellip; \u00bb","og_url":"https:\/\/www.porvootours.fi\/en\/guided-tours\/guide-fees-and-terms\/","og_site_name":"Porvoo Tours - matkanj\u00e4rjest\u00e4j\u00e4","article_publisher":"https:\/\/www.facebook.com\/Porvoo-Tours-136597746389488\/","article_modified_time":"2026-01-14T12:31:50+00:00","og_image":[{"width":1200,"height":630,"url":"https:\/\/www.porvootours.fi\/wp-content\/uploads\/2021\/05\/porvootours_1200px_fb_jokiranta.jpg","type":"image\/jpeg"}],"twitter_card":"summary_large_image","twitter_misc":{"Est. reading time":"3 minutes"},"schema":{"@context":"https:\/\/schema.org","@graph":[{"@type":"WebPage","@id":"https:\/\/www.porvootours.fi\/en\/guided-tours\/guide-fees-and-terms\/","url":"https:\/\/www.porvootours.fi\/en\/guided-tours\/guide-fees-and-terms\/","name":"Guide fees and terms | Porvoo Tours | Local DMC","isPartOf":{"@id":"https:\/\/www.porvootours.fi\/#website"},"datePublished":"2019-02-25T19:34:10+00:00","dateModified":"2026-01-14T12:31:50+00:00","breadcrumb":{"@id":"https:\/\/www.porvootours.fi\/en\/guided-tours\/guide-fees-and-terms\/#breadcrumb"},"inLanguage":"en-US","potentialAction":[{"@type":"ReadAction","target":["https:\/\/www.porvootours.fi\/en\/guided-tours\/guide-fees-and-terms\/"]}]},{"@type":"BreadcrumbList","@id":"https:\/\/www.porvootours.fi\/en\/guided-tours\/guide-fees-and-terms\/#breadcrumb","itemListElement":[{"@type":"ListItem","position":1,"name":"Home","item":"https:\/\/www.porvootours.fi\/en\/"},{"@type":"ListItem","position":2,"name":"Guided tours","item":"https:\/\/www.porvootours.fi\/en\/guided-tours\/"},{"@type":"ListItem","position":3,"name":"Guide fees and terms"}]},{"@type":"WebSite","@id":"https:\/\/www.porvootours.fi\/#website","url":"https:\/\/www.porvootours.fi\/","name":"Porvoo Tours - matkanj\u00e4rjest\u00e4j\u00e4","description":"Ryhm\u00e4matkojen ja kokouksien j\u00e4rjest\u00e4j\u00e4. Porvoo, Sipoo - gruppresor och m\u00f6tesresorja Loviisa","publisher":{"@id":"https:\/\/www.porvootours.fi\/#organization"},"alternateName":"Porvoo Tours","potentialAction":[{"@type":"SearchAction","target":{"@type":"EntryPoint","urlTemplate":"https:\/\/www.porvootours.fi\/?s={search_term_string}"},"query-input":{"@type":"PropertyValueSpecification","valueRequired":true,"valueName":"search_term_string"}}],"inLanguage":"en-US"},{"@type":"Organization","@id":"https:\/\/www.porvootours.fi\/#organization","name":"Porvoo Tours","url":"https:\/\/www.porvootours.fi\/","logo":{"@type":"ImageObject","inLanguage":"en-US","@id":"https:\/\/www.porvootours.fi\/#\/schema\/logo\/image\/","url":"https:\/\/www.porvootours.fi\/wp-content\/uploads\/2020\/02\/porvootours_logo1.png","contentUrl":"https:\/\/www.porvootours.fi\/wp-content\/uploads\/2020\/02\/porvootours_logo1.png","width":300,"height":70,"caption":"Porvoo Tours"},"image":{"@id":"https:\/\/www.porvootours.fi\/#\/schema\/logo\/image\/"},"sameAs":["https:\/\/www.facebook.com\/Porvoo-Tours-136597746389488\/"]}]}},"_links":{"self":[{"href":"https:\/\/www.porvootours.fi\/en\/wp-json\/wp\/v2\/pages\/9071","targetHints":{"allow":["GET"]}}],"collection":[{"href":"https:\/\/www.porvootours.fi\/en\/wp-json\/wp\/v2\/pages"}],"about":[{"href":"https:\/\/www.porvootours.fi\/en\/wp-json\/wp\/v2\/types\/page"}],"author":[{"embeddable":true,"href":"https:\/\/www.porvootours.fi\/en\/wp-json\/wp\/v2\/users\/1"}],"replies":[{"embeddable":true,"href":"https:\/\/www.porvootours.fi\/en\/wp-json\/wp\/v2\/comments?post=9071"}],"version-history":[{"count":0,"href":"https:\/\/www.porvootours.fi\/en\/wp-json\/wp\/v2\/pages\/9071\/revisions"}],"up":[{"embeddable":true,"href":"https:\/\/www.porvootours.fi\/en\/wp-json\/wp\/v2\/pages\/9055"}],"wp:attachment":[{"href":"https:\/\/www.porvootours.fi\/en\/wp-json\/wp\/v2\/media?parent=9071"}],"curies":[{"name":"wp","href":"https:\/\/api.w.org\/{rel}","templated":true}]}}