{"id":9055,"date":"2019-03-20T20:02:40","date_gmt":"2019-03-20T20:02:40","guid":{"rendered":"https:\/\/www.porvootours.fi\/opastukset\/"},"modified":"2026-03-18T14:18:02","modified_gmt":"2026-03-18T14:18:02","slug":"guided-tours","status":"publish","type":"page","link":"https:\/\/www.porvootours.fi\/en\/guided-tours\/","title":{"rendered":"Guided tours"},"content":{"rendered":"<div id=\"pl-9055\"  class=\"panel-layout\" ><div id=\"pg-9055-0\"  class=\"panel-grid panel-no-style\" ><div id=\"pgc-9055-0-0\"  class=\"panel-grid-cell\" >\n\n        <div id=\"panel-9055-0-0-0\" class=\"so-panel widget widget_kadence_calltoaction_widget kadence_calltoaction_widget panel-first-child\" data-index=\"0\" ><div class=\"kt-ctaw clearfix\"><h2 class=\"kt-call-to-action-title\" style=\"color:#333333; font-size:50px; line-height:1; text-align:center; \"  data-max-size=\"50\" data-min-size=\"36\"><B>GUIDED TOURS<\/B><\/h2><\/div><\/div>\n    <div id=\"panel-9055-0-0-1\" class=\"so-panel widget widget_black-studio-tinymce widget_black_studio_tinymce panel-last-child\" data-index=\"1\" ><div class=\"textwidget\"><p><strong>Guided Tours in Porvoo, Loviisa &amp; Sipoo<\/strong><br \/>\nExperience the charm of Southern Finland with Porvoo Tours. We provide high-quality sightseeing and professional guide services in Porvoo, Loviisa, and Sipoo.<\/p>\n<p><strong>Professional &amp; Licensed Tourist Guides<\/strong><br \/>\nAll our guides are certified professionals, qualified by the Federation of Finnish Tourist Guide Associations<strong>. <\/strong>You can easily recognize them by their official <strong>GUIDE-badge<\/strong>. Our experts bring history, culture, and local stories to life, ensuring an engaging experience for every visitor.<\/p>\n<p><strong>Our Guided Services Include:<\/strong><\/p>\n<ul>\n<li><strong>City &amp; Walking Tours:<\/strong> Explore the cobblestone streets of Old Porvoo or the historic charm of Loviisa.<\/li>\n<li><strong>Sightseeing &amp; Excursions:<\/strong> Book a guide for bus tours, museum visits, or full-day excursions to local gems.<\/li>\n<li><strong>Archipelago Cruises:<\/strong> Enhance your boat trip with a guide who knows the Baltic Sea and its history (summer).<\/li>\n<li><strong>Thematic &amp; Dramatized Tours:<\/strong> Choose a unique perspective with our themed walks.<\/li>\n<li><strong>Tour Leaders:<\/strong> Professional tour leader services for longer trips across Finland and the Baltics.<\/li>\n<\/ul>\n<p><strong>Important Information for Groups<\/strong><br \/>\nTo ensure the best experience and personal service, our maximum group size is<strong> 25 persons<\/strong> per guide. For larger groups, please book multiple guides to ensure everyone can hear and enjoy the tour.<\/p>\n<p>Book your local guide today and discover the historic charm of Porvoo, Loviisa, and beyond!<\/p>\n<p>&nbsp;<\/p>\n<p style=\"text-align: center;\"><iframe loading=\"lazy\" src=\"https:\/\/player.vimeo.com\/video\/346158436?color=d2d3d4\" width=\"640\" height=\"360\" frameborder=\"0\" allowfullscreen=\"allowfullscreen\"><\/iframe><\/p>\n<p style=\"text-align: center;\"><a href=\"https:\/\/vimeo.com\/346158436\">Guided walk in Old Porvoo<\/a> from <a href=\"https:\/\/vimeo.com\/porvoo\">Porvoo - Borg\u00e5<\/a> on <a href=\"https:\/\/vimeo.com\">Vimeo<\/a>.<\/p>\n<h5><a href=\"https:\/\/www.porvootours.fi\/en\/guided-tours\/guide-fees-and-terms\/\" target=\"_blank\" rel=\"noopener\"><strong>\u27a1\ufe0f PRICING<\/strong><\/a><\/h5>\n<p>&nbsp;<\/p>\n<\/div><\/div><\/div><\/div><div id=\"pg-9055-1\"  class=\"panel-grid panel-no-style\" ><div id=\"pgc-9055-1-0\"  class=\"panel-grid-cell\" ><div id=\"panel-9055-1-0-0\" class=\"so-panel widget widget_kadence_imgmenu_widget kadence_imgmenu_widget panel-first-child\" data-index=\"2\" >\t\t\t<div class=\"image-menu-fixed-height image-menu_item kt-img-overlay-widget\">\n\t\t\t    <a href=\"https:\/\/www.porvootours.fi\/en\/guided-tours\/standard-guided-tours\/\" class=\"image_menu_item_link\" target=\"_self\">\t\t\t        \t                \t\t<div class=\"image_menu-bg-item\" style=\"background: url(http:\/\/www.porvootours.fi\/wp-content\/uploads\/2019\/03\/Bild-p\u00e5-borg\u00e5-768x512.png) center center no-repeat; height:300px; background-size:cover;\">\n\t\t\t\t        <\/div>\n\t                                \t<div class=\"image_menu_overlay\"><\/div>\n                    <div class=\"image_menu_message  imt-align-left imt-valign-bottom\">\n                    \t<div class=\"image_menu_message_inner\">\n\t\t\t        \t\t<h4>Walking Tours<\/h4><h5>in Porvoo, Loviisa and Sipoo<\/h5>\t\t\t            <\/div>\n\t\t\t\t    <\/div>\n\t        \t<\/a>\t\t\t<\/div>\n\t\t<\/div><div id=\"panel-9055-1-0-1\" class=\"so-panel widget widget_kadence_imgmenu_widget kadence_imgmenu_widget panel-last-child\" data-index=\"3\" >\t\t\t<div class=\"image-menu-fixed-height image-menu_item kt-img-overlay-widget\">\n\t\t\t    <a href=\"https:\/\/www.porvootours.fi\/en\/guided-tours\/dramatized-guided-tours\/\" class=\"image_menu_item_link\" target=\"_self\">\t\t\t        \t                \t\t<div class=\"image_menu-bg-item\" style=\"background: url(http:\/\/www.porvootours.fi\/wp-content\/uploads\/2019\/03\/fin-datm-768x512.png) center center no-repeat; height:300px; background-size:cover;\">\n\t\t\t\t        <\/div>\n\t                                \t<div class=\"image_menu_overlay\"><\/div>\n                    <div class=\"image_menu_message  imt-align-left imt-valign-bottom\">\n                    \t<div class=\"image_menu_message_inner\">\n\t\t\t        \t\t<h4>Dramatized guided tours<\/h4><h5>in Porvoo and Loviisa<\/h5>\t\t\t            <\/div>\n\t\t\t\t    <\/div>\n\t        \t<\/a>\t\t\t<\/div>\n\t\t<\/div><\/div><div id=\"pgc-9055-1-1\"  class=\"panel-grid-cell\" ><div id=\"panel-9055-1-1-0\" class=\"so-panel widget widget_kadence_imgmenu_widget kadence_imgmenu_widget panel-first-child\" data-index=\"4\" >\t\t\t<div class=\"image-menu-fixed-height image-menu_item kt-img-overlay-widget\">\n\t\t\t    <a href=\"https:\/\/www.porvootours.fi\/en\/guided-tours\/thematic-guided-tours\/\" class=\"image_menu_item_link\" target=\"_self\">\t\t\t        \t                \t\t<div class=\"image_menu-bg-item\" style=\"background: url(http:\/\/www.porvootours.fi\/wp-content\/uploads\/2019\/03\/Lovisa-by-sea-768x512.png) center center no-repeat; height:300px; background-size:cover;\">\n\t\t\t\t        <\/div>\n\t                                \t<div class=\"image_menu_overlay\"><\/div>\n                    <div class=\"image_menu_message  imt-align-left imt-valign-bottom\">\n                    \t<div class=\"image_menu_message_inner\">\n\t\t\t        \t\t<h4>Thematic guided tours<\/h4><h5>in Porvoo and Loviisa<\/h5>\t\t\t            <\/div>\n\t\t\t\t    <\/div>\n\t        \t<\/a>\t\t\t<\/div>\n\t\t<\/div><div id=\"panel-9055-1-1-1\" class=\"so-panel widget widget_kadence_imgmenu_widget kadence_imgmenu_widget panel-last-child\" data-index=\"5\" >\t\t\t<div class=\"image-menu-fixed-height image-menu_item kt-img-overlay-widget\">\n\t\t\t    <a href=\"https:\/\/www.porvootours.fi\/en\/guided-tours\/book-guiding-porvoo-loviisa-sipoo\/\" class=\"image_menu_item_link\" target=\"_self\">\t\t\t        \t                \t\t<div class=\"image_menu-bg-item\" style=\"background: url(http:\/\/www.porvootours.fi\/wp-content\/uploads\/2019\/04\/guide-i-backe-768x518.jpg) center center no-repeat; height:300px; background-size:cover;\">\n\t\t\t\t        <\/div>\n\t                                \t<div class=\"image_menu_overlay\"><\/div>\n                    <div class=\"image_menu_message  imt-align-left imt-valign-bottom\">\n                    \t<div class=\"image_menu_message_inner\">\n\t\t\t        \t\t<h4>Book a guided tour<\/h4><h5>Book a guide for your group today!<\/h5>\t\t\t            <\/div>\n\t\t\t\t    <\/div>\n\t        \t<\/a>\t\t\t<\/div>\n\t\t<\/div><\/div><\/div><\/div>","protected":false},"excerpt":{"rendered":"<p>Guided Tours in Porvoo, Loviisa &amp; Sipoo Experience the charm of Southern Finland with Porvoo Tours. We provide high-quality sightseeing and professional guide services in Porvoo, Loviisa, and Sipoo. Professional &hellip; <a class=\"kt-excerpt-readmore more-link\" href=\"https:\/\/www.porvootours.fi\/en\/guided-tours\/\" aria-label=\"Guided tours\">\u00bb<\/a><\/p>\n","protected":false},"author":1,"featured_media":0,"parent":0,"menu_order":0,"comment_status":"closed","ping_status":"closed","template":"","meta":{"kt_blocks_editor_width":"","footnotes":""},"class_list":["post-9055","page","type-page","status-publish","hentry"],"yoast_head":"<!-- This site is optimized with the Yoast SEO plugin v27.3 - https:\/\/yoast.com\/product\/yoast-seo-wordpress\/ -->\n<title>Guided tours | Porvoo Tours - matkanj\u00e4rjest\u00e4j\u00e4<\/title>\n<meta name=\"robots\" content=\"index, follow, max-snippet:-1, max-image-preview:large, max-video-preview:-1\" \/>\n<link rel=\"canonical\" href=\"https:\/\/www.porvootours.fi\/en\/guided-tours\/\" \/>\n<meta property=\"og:locale\" content=\"en_US\" \/>\n<meta property=\"og:type\" content=\"article\" \/>\n<meta property=\"og:title\" content=\"Guided tours | Porvoo Tours - matkanj\u00e4rjest\u00e4j\u00e4\" \/>\n<meta property=\"og:description\" content=\"Guided Tours in Porvoo, Loviisa &amp; Sipoo Experience the charm of Southern Finland with Porvoo Tours. We provide high-quality sightseeing and professional guide services in Porvoo, Loviisa, and Sipoo. Professional &hellip; \u00bb\" \/>\n<meta property=\"og:url\" content=\"https:\/\/www.porvootours.fi\/en\/guided-tours\/\" \/>\n<meta property=\"og:site_name\" content=\"Porvoo Tours - matkanj\u00e4rjest\u00e4j\u00e4\" \/>\n<meta property=\"article:publisher\" content=\"https:\/\/www.facebook.com\/Porvoo-Tours-136597746389488\/\" \/>\n<meta property=\"article:modified_time\" content=\"2026-03-18T14:18:02+00:00\" \/>\n<meta property=\"og:image\" content=\"https:\/\/www.porvootours.fi\/wp-content\/uploads\/2021\/05\/porvootours_1200px_fb_jokiranta.jpg\" \/>\n\t<meta property=\"og:image:width\" content=\"1200\" \/>\n\t<meta property=\"og:image:height\" content=\"630\" \/>\n\t<meta property=\"og:image:type\" content=\"image\/jpeg\" \/>\n<meta name=\"twitter:card\" content=\"summary_large_image\" \/>\n<meta name=\"twitter:label1\" content=\"Est. reading time\" \/>\n\t<meta name=\"twitter:data1\" content=\"2 minutes\" \/>\n<script type=\"application\/ld+json\" class=\"yoast-schema-graph\">{\"@context\":\"https:\\\/\\\/schema.org\",\"@graph\":[{\"@type\":\"WebPage\",\"@id\":\"https:\\\/\\\/www.porvootours.fi\\\/en\\\/guided-tours\\\/\",\"url\":\"https:\\\/\\\/www.porvootours.fi\\\/en\\\/guided-tours\\\/\",\"name\":\"Guided tours | Porvoo Tours - matkanj\u00e4rjest\u00e4j\u00e4\",\"isPartOf\":{\"@id\":\"https:\\\/\\\/www.porvootours.fi\\\/#website\"},\"datePublished\":\"2019-03-20T20:02:40+00:00\",\"dateModified\":\"2026-03-18T14:18:02+00:00\",\"breadcrumb\":{\"@id\":\"https:\\\/\\\/www.porvootours.fi\\\/en\\\/guided-tours\\\/#breadcrumb\"},\"inLanguage\":\"en-US\",\"potentialAction\":[{\"@type\":\"ReadAction\",\"target\":[\"https:\\\/\\\/www.porvootours.fi\\\/en\\\/guided-tours\\\/\"]}]},{\"@type\":\"BreadcrumbList\",\"@id\":\"https:\\\/\\\/www.porvootours.fi\\\/en\\\/guided-tours\\\/#breadcrumb\",\"itemListElement\":[{\"@type\":\"ListItem\",\"position\":1,\"name\":\"Home\",\"item\":\"https:\\\/\\\/www.porvootours.fi\\\/en\\\/\"},{\"@type\":\"ListItem\",\"position\":2,\"name\":\"Guided tours\"}]},{\"@type\":\"WebSite\",\"@id\":\"https:\\\/\\\/www.porvootours.fi\\\/#website\",\"url\":\"https:\\\/\\\/www.porvootours.fi\\\/\",\"name\":\"Porvoo Tours - matkanj\u00e4rjest\u00e4j\u00e4\",\"description\":\"Ryhm\u00e4matkojen ja kokouksien j\u00e4rjest\u00e4j\u00e4. Porvoo, Sipoo - gruppresor och m\u00f6tesresorja Loviisa\",\"publisher\":{\"@id\":\"https:\\\/\\\/www.porvootours.fi\\\/#organization\"},\"alternateName\":\"Porvoo Tours\",\"potentialAction\":[{\"@type\":\"SearchAction\",\"target\":{\"@type\":\"EntryPoint\",\"urlTemplate\":\"https:\\\/\\\/www.porvootours.fi\\\/?s={search_term_string}\"},\"query-input\":{\"@type\":\"PropertyValueSpecification\",\"valueRequired\":true,\"valueName\":\"search_term_string\"}}],\"inLanguage\":\"en-US\"},{\"@type\":\"Organization\",\"@id\":\"https:\\\/\\\/www.porvootours.fi\\\/#organization\",\"name\":\"Porvoo Tours\",\"url\":\"https:\\\/\\\/www.porvootours.fi\\\/\",\"logo\":{\"@type\":\"ImageObject\",\"inLanguage\":\"en-US\",\"@id\":\"https:\\\/\\\/www.porvootours.fi\\\/#\\\/schema\\\/logo\\\/image\\\/\",\"url\":\"https:\\\/\\\/www.porvootours.fi\\\/wp-content\\\/uploads\\\/2020\\\/02\\\/porvootours_logo1.png\",\"contentUrl\":\"https:\\\/\\\/www.porvootours.fi\\\/wp-content\\\/uploads\\\/2020\\\/02\\\/porvootours_logo1.png\",\"width\":300,\"height\":70,\"caption\":\"Porvoo Tours\"},\"image\":{\"@id\":\"https:\\\/\\\/www.porvootours.fi\\\/#\\\/schema\\\/logo\\\/image\\\/\"},\"sameAs\":[\"https:\\\/\\\/www.facebook.com\\\/Porvoo-Tours-136597746389488\\\/\"]}]}<\/script>\n<!-- \/ Yoast SEO plugin. -->","yoast_head_json":{"title":"Guided tours | Porvoo Tours - matkanj\u00e4rjest\u00e4j\u00e4","robots":{"index":"index","follow":"follow","max-snippet":"max-snippet:-1","max-image-preview":"max-image-preview:large","max-video-preview":"max-video-preview:-1"},"canonical":"https:\/\/www.porvootours.fi\/en\/guided-tours\/","og_locale":"en_US","og_type":"article","og_title":"Guided tours | Porvoo Tours - matkanj\u00e4rjest\u00e4j\u00e4","og_description":"Guided Tours in Porvoo, Loviisa &amp; Sipoo Experience the charm of Southern Finland with Porvoo Tours. We provide high-quality sightseeing and professional guide services in Porvoo, Loviisa, and Sipoo. Professional &hellip; \u00bb","og_url":"https:\/\/www.porvootours.fi\/en\/guided-tours\/","og_site_name":"Porvoo Tours - matkanj\u00e4rjest\u00e4j\u00e4","article_publisher":"https:\/\/www.facebook.com\/Porvoo-Tours-136597746389488\/","article_modified_time":"2026-03-18T14:18:02+00:00","og_image":[{"width":1200,"height":630,"url":"https:\/\/www.porvootours.fi\/wp-content\/uploads\/2021\/05\/porvootours_1200px_fb_jokiranta.jpg","type":"image\/jpeg"}],"twitter_card":"summary_large_image","twitter_misc":{"Est. reading time":"2 minutes"},"schema":{"@context":"https:\/\/schema.org","@graph":[{"@type":"WebPage","@id":"https:\/\/www.porvootours.fi\/en\/guided-tours\/","url":"https:\/\/www.porvootours.fi\/en\/guided-tours\/","name":"Guided tours | Porvoo Tours - matkanj\u00e4rjest\u00e4j\u00e4","isPartOf":{"@id":"https:\/\/www.porvootours.fi\/#website"},"datePublished":"2019-03-20T20:02:40+00:00","dateModified":"2026-03-18T14:18:02+00:00","breadcrumb":{"@id":"https:\/\/www.porvootours.fi\/en\/guided-tours\/#breadcrumb"},"inLanguage":"en-US","potentialAction":[{"@type":"ReadAction","target":["https:\/\/www.porvootours.fi\/en\/guided-tours\/"]}]},{"@type":"BreadcrumbList","@id":"https:\/\/www.porvootours.fi\/en\/guided-tours\/#breadcrumb","itemListElement":[{"@type":"ListItem","position":1,"name":"Home","item":"https:\/\/www.porvootours.fi\/en\/"},{"@type":"ListItem","position":2,"name":"Guided tours"}]},{"@type":"WebSite","@id":"https:\/\/www.porvootours.fi\/#website","url":"https:\/\/www.porvootours.fi\/","name":"Porvoo Tours - matkanj\u00e4rjest\u00e4j\u00e4","description":"Ryhm\u00e4matkojen ja kokouksien j\u00e4rjest\u00e4j\u00e4. Porvoo, Sipoo - gruppresor och m\u00f6tesresorja Loviisa","publisher":{"@id":"https:\/\/www.porvootours.fi\/#organization"},"alternateName":"Porvoo Tours","potentialAction":[{"@type":"SearchAction","target":{"@type":"EntryPoint","urlTemplate":"https:\/\/www.porvootours.fi\/?s={search_term_string}"},"query-input":{"@type":"PropertyValueSpecification","valueRequired":true,"valueName":"search_term_string"}}],"inLanguage":"en-US"},{"@type":"Organization","@id":"https:\/\/www.porvootours.fi\/#organization","name":"Porvoo Tours","url":"https:\/\/www.porvootours.fi\/","logo":{"@type":"ImageObject","inLanguage":"en-US","@id":"https:\/\/www.porvootours.fi\/#\/schema\/logo\/image\/","url":"https:\/\/www.porvootours.fi\/wp-content\/uploads\/2020\/02\/porvootours_logo1.png","contentUrl":"https:\/\/www.porvootours.fi\/wp-content\/uploads\/2020\/02\/porvootours_logo1.png","width":300,"height":70,"caption":"Porvoo Tours"},"image":{"@id":"https:\/\/www.porvootours.fi\/#\/schema\/logo\/image\/"},"sameAs":["https:\/\/www.facebook.com\/Porvoo-Tours-136597746389488\/"]}]}},"_links":{"self":[{"href":"https:\/\/www.porvootours.fi\/en\/wp-json\/wp\/v2\/pages\/9055","targetHints":{"allow":["GET"]}}],"collection":[{"href":"https:\/\/www.porvootours.fi\/en\/wp-json\/wp\/v2\/pages"}],"about":[{"href":"https:\/\/www.porvootours.fi\/en\/wp-json\/wp\/v2\/types\/page"}],"author":[{"embeddable":true,"href":"https:\/\/www.porvootours.fi\/en\/wp-json\/wp\/v2\/users\/1"}],"replies":[{"embeddable":true,"href":"https:\/\/www.porvootours.fi\/en\/wp-json\/wp\/v2\/comments?post=9055"}],"version-history":[{"count":0,"href":"https:\/\/www.porvootours.fi\/en\/wp-json\/wp\/v2\/pages\/9055\/revisions"}],"wp:attachment":[{"href":"https:\/\/www.porvootours.fi\/en\/wp-json\/wp\/v2\/media?parent=9055"}],"curies":[{"name":"wp","href":"https:\/\/api.w.org\/{rel}","templated":true}]}}