{"id":17711,"date":"2021-03-19T10:49:55","date_gmt":"2021-03-19T10:49:55","guid":{"rendered":"https:\/\/www.porvootours.fi\/group-packages\/muut-kohteet\/"},"modified":"2025-12-18T09:36:25","modified_gmt":"2025-12-18T09:36:25","slug":"other-locations","status":"publish","type":"page","link":"https:\/\/www.porvootours.fi\/en\/group-packages\/other-locations\/","title":{"rendered":"Other locations"},"content":{"rendered":"<div id=\"pl-17711\"  class=\"panel-layout\" ><div id=\"pg-17711-0\"  class=\"panel-grid panel-no-style\" ><div id=\"pgc-17711-0-0\"  class=\"panel-grid-cell\" >\n\n        <div id=\"panel-17711-0-0-0\" class=\"so-panel widget widget_kadence_calltoaction_widget kadence_calltoaction_widget panel-first-child\" data-index=\"0\" ><div class=\"kt-ctaw clearfix\"><h2 class=\"kt-call-to-action-title\" style=\"color:#333333; font-size:50px; line-height:1; text-align:center; font-weight:300;\"  data-max-size=\"50\" data-min-size=\"36\"><b>EXPLORING<\/b> BEYOND<\/h2><\/div><\/div>\n    <div id=\"panel-17711-0-0-1\" class=\"so-panel widget widget_black-studio-tinymce widget_black_studio_tinymce\" data-index=\"1\" ><div class=\"textwidget\"><div id=\"panel-20982-0-0-0\" class=\"so-panel widget widget_kadence_calltoaction_widget kadence_calltoaction_widget panel-first-child\" data-index=\"0\">\n<div class=\"kt-ctaw clearfix\">\n<h2 class=\"kt-call-to-action-title\" data-max-size=\"50\" data-min-size=\"36\"><strong style=\"color: inherit; font-family: inherit;\">Your Partner for the Nordics and Baltics<\/strong><\/h2>\n<\/div>\n<\/div>\n<div id=\"panel-20982-0-0-1\" class=\"so-panel widget widget_sow-editor\" data-index=\"1\">\n<div class=\"so-widget-sow-editor so-widget-sow-editor-base\">\n<div class=\"siteorigin-widget-tinymce textwidget\">\n<p>While Porvoo and Loviisa are highlights, our expertise stretches across the entire region. We specialize in designing seamless, high-quality group packages throughout Northern Europe.<\/p>\n<p>Let us plan your next memorable group journey to our other captivating locations:<\/p>\n<ul>\n<li><strong>Finland (Nationwide):<\/strong>\u00a0From the Archipelago to Lapland, discover Finland's diverse landscapes and cities.<\/li>\n<li><strong>\u00c5land Islands:<\/strong>\u00a0Experience the unique maritime culture and tranquil beauty of this autonomous region.<\/li>\n<li><strong>Sweden:<\/strong>\u00a0Explore vibrant cities, vast wilderness, and rich Scandinavian history.<\/li>\n<li><strong>The Baltics (Estonia, Latvia, Lithuania):<\/strong>\u00a0Discover the historic capitals, medieval towns, and Baltic Sea coastlines.<\/li>\n<\/ul>\n<p>All our travel solutions, whether they are ready-made guided tours or complex multi-country itineraries\u2014can be custom-made to fit your specific vision, duration, and budget.<\/p>\n<p>Contact us today to design your perfect Northern European adventure!<\/p><\/div>\n<\/div>\n<\/div>\n<div class=\"hrule clearfix\" style=\"background:#efefef; height:1px\"><\/div>\n<\/div><\/div>\n          <div id=\"panel-17711-0-0-2\" class=\"so-panel widget widget_kadence_gallery_widget kadence_gallery_widget panel-last-child\" data-index=\"2\" ><div id=\"kad-wp-gallerywidget-0-0-2\" class=\"kad-wp-gallery gallery kt-gallery-column-6 init-isotope-intrinsic reinit-isotope kad-light-gallery clearfix row-margin-small\" data-iso-selector=\".g_item\" data-iso-style=\"masonry\" data-iso-filter=\"false\"><div class=\"col-xxl-15 col-xl-2 col-lg-2 col-md-2 col-sm-3 col-xs-4 col-ss-6 g_item\"><div class=\"grid_item kt_item_fade_in kad_gallery_fade_in gallery_item\"><a href=\"https:\/\/www.porvootours.fi\/wp-content\/uploads\/2024\/01\/web-KastelholmHorizontalErik-768-e1706094996525.jpg\" data-rel=\"lightbox\" class=\"gallery-link\"><div class=\"kt-intrinsic\" style=\"padding-bottom:100%;\"><div itemprop=\"image\" itemscope itemtype=\"http:\/\/schema.org\/ImageObject\"><img loading=\"lazy\" decoding=\"async\" width=\"240\" height=\"240\" src=\"https:\/\/www.porvootours.fi\/wp-content\/uploads\/2024\/01\/web-KastelholmHorizontalErik-768-e1706094996525-240x240.jpg\" srcset=\"https:\/\/www.porvootours.fi\/wp-content\/uploads\/2024\/01\/web-KastelholmHorizontalErik-768-e1706094996525-240x240.jpg 240w, https:\/\/www.porvootours.fi\/wp-content\/uploads\/2024\/01\/web-KastelholmHorizontalErik-768-e1706094996525-480x480.jpg 480w\" sizes=\"auto, (max-width: 240px) 100vw, 240px\"  class=\"kt-gallery-img\" itemprop=\"contentUrl\" alt=\"Kastelholm ruins \u00c5land\/ Erik Kuhlefelt\/@visit\u00e5land \"><meta itemprop=\"url\" content=\"https:\/\/www.porvootours.fi\/wp-content\/uploads\/2024\/01\/web-KastelholmHorizontalErik-768-e1706094996525-240x240.jpg\"><meta itemprop=\"width\" content=\"240px\"><meta itemprop=\"height\" content=\"240px\"><\/div><\/div><\/a><\/div><\/div><div class=\"col-xxl-15 col-xl-2 col-lg-2 col-md-2 col-sm-3 col-xs-4 col-ss-6 g_item\"><div class=\"grid_item kt_item_fade_in kad_gallery_fade_in gallery_item\"><a href=\"https:\/\/www.porvootours.fi\/wp-content\/uploads\/2019\/03\/ilotulitus_3519_Tuuli-Koivisto-medium-768.jpg\" data-rel=\"lightbox\" class=\"gallery-link\"><div class=\"kt-intrinsic\" style=\"padding-bottom:100%;\"><div itemprop=\"image\" itemscope itemtype=\"http:\/\/schema.org\/ImageObject\"><img loading=\"lazy\" decoding=\"async\" width=\"240\" height=\"240\" src=\"https:\/\/www.porvootours.fi\/wp-content\/uploads\/2019\/03\/ilotulitus_3519_Tuuli-Koivisto-medium-768-240x240.jpg\" srcset=\"https:\/\/www.porvootours.fi\/wp-content\/uploads\/2019\/03\/ilotulitus_3519_Tuuli-Koivisto-medium-768-240x240.jpg 240w, https:\/\/www.porvootours.fi\/wp-content\/uploads\/2019\/03\/ilotulitus_3519_Tuuli-Koivisto-medium-768-150x150.jpg 150w, https:\/\/www.porvootours.fi\/wp-content\/uploads\/2019\/03\/ilotulitus_3519_Tuuli-Koivisto-medium-768-480x480.jpg 480w\" sizes=\"auto, (max-width: 240px) 100vw, 240px\"  class=\"kt-gallery-img\" itemprop=\"contentUrl\" alt=\"Kotka harbour\/Tuuli Koivisto\/@visitkotka\"><meta itemprop=\"url\" content=\"https:\/\/www.porvootours.fi\/wp-content\/uploads\/2019\/03\/ilotulitus_3519_Tuuli-Koivisto-medium-768-240x240.jpg\"><meta itemprop=\"width\" content=\"240px\"><meta itemprop=\"height\" content=\"240px\"><\/div><\/div><\/a><\/div><\/div><div class=\"col-xxl-15 col-xl-2 col-lg-2 col-md-2 col-sm-3 col-xs-4 col-ss-6 g_item\"><div class=\"grid_item kt_item_fade_in kad_gallery_fade_in gallery_item\"><a href=\"https:\/\/www.porvootours.fi\/wp-content\/uploads\/2024\/01\/riga-1-768-e1706100521891.jpg\" data-rel=\"lightbox\" class=\"gallery-link\"><div class=\"kt-intrinsic\" style=\"padding-bottom:100%;\"><div itemprop=\"image\" itemscope itemtype=\"http:\/\/schema.org\/ImageObject\"><img loading=\"lazy\" decoding=\"async\" width=\"240\" height=\"240\" src=\"https:\/\/www.porvootours.fi\/wp-content\/uploads\/2024\/01\/riga-1-768-e1706100521891-240x240.jpg\" srcset=\"https:\/\/www.porvootours.fi\/wp-content\/uploads\/2024\/01\/riga-1-768-e1706100521891-240x240.jpg 240w, https:\/\/www.porvootours.fi\/wp-content\/uploads\/2024\/01\/riga-1-768-e1706100521891-480x480.jpg 480w\" sizes=\"auto, (max-width: 240px) 100vw, 240px\"  class=\"kt-gallery-img\" itemprop=\"contentUrl\" alt=\"Riga centre\/@visitriga\"><meta itemprop=\"url\" content=\"https:\/\/www.porvootours.fi\/wp-content\/uploads\/2024\/01\/riga-1-768-e1706100521891-240x240.jpg\"><meta itemprop=\"width\" content=\"240px\"><meta itemprop=\"height\" content=\"240px\"><\/div><\/div><\/a><\/div><\/div><div class=\"col-xxl-15 col-xl-2 col-lg-2 col-md-2 col-sm-3 col-xs-4 col-ss-6 g_item\"><div class=\"grid_item kt_item_fade_in kad_gallery_fade_in gallery_item\"><a href=\"https:\/\/www.porvootours.fi\/wp-content\/uploads\/2024\/03\/Louhisaari-opas-768x513-1.jpg\" data-rel=\"lightbox\" class=\"gallery-link\"><div class=\"kt-intrinsic\" style=\"padding-bottom:100%;\"><div itemprop=\"image\" itemscope itemtype=\"http:\/\/schema.org\/ImageObject\"><img loading=\"lazy\" decoding=\"async\" width=\"240\" height=\"240\" src=\"https:\/\/www.porvootours.fi\/wp-content\/uploads\/2024\/03\/Louhisaari-opas-768x513-1-240x240.jpg\" srcset=\"https:\/\/www.porvootours.fi\/wp-content\/uploads\/2024\/03\/Louhisaari-opas-768x513-1-240x240.jpg 240w, https:\/\/www.porvootours.fi\/wp-content\/uploads\/2024\/03\/Louhisaari-opas-768x513-1-150x150.jpg 150w, https:\/\/www.porvootours.fi\/wp-content\/uploads\/2024\/03\/Louhisaari-opas-768x513-1-480x480.jpg 480w\" sizes=\"auto, (max-width: 240px) 100vw, 240px\"  class=\"kt-gallery-img\" itemprop=\"contentUrl\" alt=\"Louhisaari mansion\/@museovirasto\"><meta itemprop=\"url\" content=\"https:\/\/www.porvootours.fi\/wp-content\/uploads\/2024\/03\/Louhisaari-opas-768x513-1-240x240.jpg\"><meta itemprop=\"width\" content=\"240px\"><meta itemprop=\"height\" content=\"240px\"><\/div><\/div><\/a><\/div><\/div><div class=\"col-xxl-15 col-xl-2 col-lg-2 col-md-2 col-sm-3 col-xs-4 col-ss-6 g_item\"><div class=\"grid_item kt_item_fade_in kad_gallery_fade_in gallery_item\"><a href=\"https:\/\/www.porvootours.fi\/wp-content\/uploads\/2020\/01\/slott-riga-768x512-1.jpg\" data-rel=\"lightbox\" class=\"gallery-link\"><div class=\"kt-intrinsic\" style=\"padding-bottom:100%;\"><div itemprop=\"image\" itemscope itemtype=\"http:\/\/schema.org\/ImageObject\"><img loading=\"lazy\" decoding=\"async\" width=\"240\" height=\"240\" src=\"https:\/\/www.porvootours.fi\/wp-content\/uploads\/2020\/01\/slott-riga-768x512-1-240x240.jpg\" srcset=\"https:\/\/www.porvootours.fi\/wp-content\/uploads\/2020\/01\/slott-riga-768x512-1-240x240.jpg 240w, https:\/\/www.porvootours.fi\/wp-content\/uploads\/2020\/01\/slott-riga-768x512-1-150x150.jpg 150w, https:\/\/www.porvootours.fi\/wp-content\/uploads\/2020\/01\/slott-riga-768x512-1-480x480.jpg 480w\" sizes=\"auto, (max-width: 240px) 100vw, 240px\"  class=\"kt-gallery-img\" itemprop=\"contentUrl\" alt=\"Rundale palace\/@Latviatravel\"><meta itemprop=\"url\" content=\"https:\/\/www.porvootours.fi\/wp-content\/uploads\/2020\/01\/slott-riga-768x512-1-240x240.jpg\"><meta itemprop=\"width\" content=\"240px\"><meta itemprop=\"height\" content=\"240px\"><\/div><\/div><\/a><\/div><\/div><div class=\"col-xxl-15 col-xl-2 col-lg-2 col-md-2 col-sm-3 col-xs-4 col-ss-6 g_item\"><div class=\"grid_item kt_item_fade_in kad_gallery_fade_in gallery_item\"><a href=\"https:\/\/www.porvootours.fi\/wp-content\/uploads\/2019\/03\/Risholmen.jpg\" data-rel=\"lightbox\" class=\"gallery-link\"><div class=\"kt-intrinsic\" style=\"padding-bottom:100%;\"><div itemprop=\"image\" itemscope itemtype=\"http:\/\/schema.org\/ImageObject\"><img loading=\"lazy\" decoding=\"async\" width=\"240\" height=\"240\" src=\"https:\/\/www.porvootours.fi\/wp-content\/uploads\/2019\/03\/Risholmen-240x240.jpg\" srcset=\"https:\/\/www.porvootours.fi\/wp-content\/uploads\/2019\/03\/Risholmen-240x240.jpg 240w, https:\/\/www.porvootours.fi\/wp-content\/uploads\/2019\/03\/Risholmen-150x150.jpg 150w, https:\/\/www.porvootours.fi\/wp-content\/uploads\/2019\/03\/Risholmen-480x480.jpg 480w\" sizes=\"auto, (max-width: 240px) 100vw, 240px\"  class=\"kt-gallery-img\" itemprop=\"contentUrl\" alt=\"Porvoo Arcipelago\/Risholmen\"><meta itemprop=\"url\" content=\"https:\/\/www.porvootours.fi\/wp-content\/uploads\/2019\/03\/Risholmen-240x240.jpg\"><meta itemprop=\"width\" content=\"240px\"><meta itemprop=\"height\" content=\"240px\"><\/div><\/div><\/a><\/div><\/div><\/div><\/div>\n    <\/div><\/div><\/div>","protected":false},"excerpt":{"rendered":"<p>Your Partner for the Nordics and Baltics While Porvoo and Loviisa are highlights, our expertise stretches across the entire region. We specialize in designing seamless, high-quality group packages throughout Northern &hellip; <a class=\"kt-excerpt-readmore more-link\" href=\"https:\/\/www.porvootours.fi\/en\/group-packages\/other-locations\/\" aria-label=\"Other locations\">\u00bb<\/a><\/p>\n","protected":false},"author":2,"featured_media":0,"parent":9607,"menu_order":0,"comment_status":"closed","ping_status":"closed","template":"template-portfolio-grid.php","meta":{"kt_blocks_editor_width":"","footnotes":""},"class_list":["post-17711","page","type-page","status-publish","hentry"],"yoast_head":"<!-- This site is optimized with the Yoast SEO plugin v27.3 - https:\/\/yoast.com\/product\/yoast-seo-wordpress\/ -->\n<title>Other locations | Porvoo Tours - matkanj\u00e4rjest\u00e4j\u00e4<\/title>\n<meta name=\"robots\" content=\"index, follow, max-snippet:-1, max-image-preview:large, max-video-preview:-1\" \/>\n<link rel=\"canonical\" href=\"https:\/\/www.porvootours.fi\/en\/group-packages\/other-locations\/\" \/>\n<meta property=\"og:locale\" content=\"en_US\" \/>\n<meta property=\"og:type\" content=\"article\" \/>\n<meta property=\"og:title\" content=\"Other locations | Porvoo Tours - matkanj\u00e4rjest\u00e4j\u00e4\" \/>\n<meta property=\"og:description\" content=\"Your Partner for the Nordics and Baltics While Porvoo and Loviisa are highlights, our expertise stretches across the entire region. We specialize in designing seamless, high-quality group packages throughout Northern &hellip; \u00bb\" \/>\n<meta property=\"og:url\" content=\"https:\/\/www.porvootours.fi\/en\/group-packages\/other-locations\/\" \/>\n<meta property=\"og:site_name\" content=\"Porvoo Tours - matkanj\u00e4rjest\u00e4j\u00e4\" \/>\n<meta property=\"article:publisher\" content=\"https:\/\/www.facebook.com\/Porvoo-Tours-136597746389488\/\" \/>\n<meta property=\"article:modified_time\" content=\"2025-12-18T09:36:25+00:00\" \/>\n<meta property=\"og:image\" content=\"https:\/\/www.porvootours.fi\/wp-content\/uploads\/2021\/05\/porvootours_1200px_fb_jokiranta.jpg\" \/>\n\t<meta property=\"og:image:width\" content=\"1200\" \/>\n\t<meta property=\"og:image:height\" content=\"630\" \/>\n\t<meta property=\"og:image:type\" content=\"image\/jpeg\" \/>\n<meta name=\"twitter:card\" content=\"summary_large_image\" \/>\n<meta name=\"twitter:label1\" content=\"Est. reading time\" \/>\n\t<meta name=\"twitter:data1\" content=\"3 minutes\" \/>\n<script type=\"application\/ld+json\" class=\"yoast-schema-graph\">{\"@context\":\"https:\\\/\\\/schema.org\",\"@graph\":[{\"@type\":\"WebPage\",\"@id\":\"https:\\\/\\\/www.porvootours.fi\\\/en\\\/group-packages\\\/other-locations\\\/\",\"url\":\"https:\\\/\\\/www.porvootours.fi\\\/en\\\/group-packages\\\/other-locations\\\/\",\"name\":\"Other locations | Porvoo Tours - matkanj\u00e4rjest\u00e4j\u00e4\",\"isPartOf\":{\"@id\":\"https:\\\/\\\/www.porvootours.fi\\\/#website\"},\"datePublished\":\"2021-03-19T10:49:55+00:00\",\"dateModified\":\"2025-12-18T09:36:25+00:00\",\"breadcrumb\":{\"@id\":\"https:\\\/\\\/www.porvootours.fi\\\/en\\\/group-packages\\\/other-locations\\\/#breadcrumb\"},\"inLanguage\":\"en-US\",\"potentialAction\":[{\"@type\":\"ReadAction\",\"target\":[\"https:\\\/\\\/www.porvootours.fi\\\/en\\\/group-packages\\\/other-locations\\\/\"]}]},{\"@type\":\"BreadcrumbList\",\"@id\":\"https:\\\/\\\/www.porvootours.fi\\\/en\\\/group-packages\\\/other-locations\\\/#breadcrumb\",\"itemListElement\":[{\"@type\":\"ListItem\",\"position\":1,\"name\":\"Home\",\"item\":\"https:\\\/\\\/www.porvootours.fi\\\/en\\\/\"},{\"@type\":\"ListItem\",\"position\":2,\"name\":\"GROUP PACKAGES\",\"item\":\"https:\\\/\\\/www.porvootours.fi\\\/en\\\/group-packages\\\/\"},{\"@type\":\"ListItem\",\"position\":3,\"name\":\"Other locations\"}]},{\"@type\":\"WebSite\",\"@id\":\"https:\\\/\\\/www.porvootours.fi\\\/#website\",\"url\":\"https:\\\/\\\/www.porvootours.fi\\\/\",\"name\":\"Porvoo Tours - matkanj\u00e4rjest\u00e4j\u00e4\",\"description\":\"Ryhm\u00e4matkojen ja kokouksien j\u00e4rjest\u00e4j\u00e4. Porvoo, Sipoo - gruppresor och m\u00f6tesresorja Loviisa\",\"publisher\":{\"@id\":\"https:\\\/\\\/www.porvootours.fi\\\/#organization\"},\"alternateName\":\"Porvoo Tours\",\"potentialAction\":[{\"@type\":\"SearchAction\",\"target\":{\"@type\":\"EntryPoint\",\"urlTemplate\":\"https:\\\/\\\/www.porvootours.fi\\\/?s={search_term_string}\"},\"query-input\":{\"@type\":\"PropertyValueSpecification\",\"valueRequired\":true,\"valueName\":\"search_term_string\"}}],\"inLanguage\":\"en-US\"},{\"@type\":\"Organization\",\"@id\":\"https:\\\/\\\/www.porvootours.fi\\\/#organization\",\"name\":\"Porvoo Tours\",\"url\":\"https:\\\/\\\/www.porvootours.fi\\\/\",\"logo\":{\"@type\":\"ImageObject\",\"inLanguage\":\"en-US\",\"@id\":\"https:\\\/\\\/www.porvootours.fi\\\/#\\\/schema\\\/logo\\\/image\\\/\",\"url\":\"https:\\\/\\\/www.porvootours.fi\\\/wp-content\\\/uploads\\\/2020\\\/02\\\/porvootours_logo1.png\",\"contentUrl\":\"https:\\\/\\\/www.porvootours.fi\\\/wp-content\\\/uploads\\\/2020\\\/02\\\/porvootours_logo1.png\",\"width\":300,\"height\":70,\"caption\":\"Porvoo Tours\"},\"image\":{\"@id\":\"https:\\\/\\\/www.porvootours.fi\\\/#\\\/schema\\\/logo\\\/image\\\/\"},\"sameAs\":[\"https:\\\/\\\/www.facebook.com\\\/Porvoo-Tours-136597746389488\\\/\"]}]}<\/script>\n<!-- \/ Yoast SEO plugin. -->","yoast_head_json":{"title":"Other locations | Porvoo Tours - matkanj\u00e4rjest\u00e4j\u00e4","robots":{"index":"index","follow":"follow","max-snippet":"max-snippet:-1","max-image-preview":"max-image-preview:large","max-video-preview":"max-video-preview:-1"},"canonical":"https:\/\/www.porvootours.fi\/en\/group-packages\/other-locations\/","og_locale":"en_US","og_type":"article","og_title":"Other locations | Porvoo Tours - matkanj\u00e4rjest\u00e4j\u00e4","og_description":"Your Partner for the Nordics and Baltics While Porvoo and Loviisa are highlights, our expertise stretches across the entire region. We specialize in designing seamless, high-quality group packages throughout Northern &hellip; \u00bb","og_url":"https:\/\/www.porvootours.fi\/en\/group-packages\/other-locations\/","og_site_name":"Porvoo Tours - matkanj\u00e4rjest\u00e4j\u00e4","article_publisher":"https:\/\/www.facebook.com\/Porvoo-Tours-136597746389488\/","article_modified_time":"2025-12-18T09:36:25+00:00","og_image":[{"width":1200,"height":630,"url":"https:\/\/www.porvootours.fi\/wp-content\/uploads\/2021\/05\/porvootours_1200px_fb_jokiranta.jpg","type":"image\/jpeg"}],"twitter_card":"summary_large_image","twitter_misc":{"Est. reading time":"3 minutes"},"schema":{"@context":"https:\/\/schema.org","@graph":[{"@type":"WebPage","@id":"https:\/\/www.porvootours.fi\/en\/group-packages\/other-locations\/","url":"https:\/\/www.porvootours.fi\/en\/group-packages\/other-locations\/","name":"Other locations | Porvoo Tours - matkanj\u00e4rjest\u00e4j\u00e4","isPartOf":{"@id":"https:\/\/www.porvootours.fi\/#website"},"datePublished":"2021-03-19T10:49:55+00:00","dateModified":"2025-12-18T09:36:25+00:00","breadcrumb":{"@id":"https:\/\/www.porvootours.fi\/en\/group-packages\/other-locations\/#breadcrumb"},"inLanguage":"en-US","potentialAction":[{"@type":"ReadAction","target":["https:\/\/www.porvootours.fi\/en\/group-packages\/other-locations\/"]}]},{"@type":"BreadcrumbList","@id":"https:\/\/www.porvootours.fi\/en\/group-packages\/other-locations\/#breadcrumb","itemListElement":[{"@type":"ListItem","position":1,"name":"Home","item":"https:\/\/www.porvootours.fi\/en\/"},{"@type":"ListItem","position":2,"name":"GROUP PACKAGES","item":"https:\/\/www.porvootours.fi\/en\/group-packages\/"},{"@type":"ListItem","position":3,"name":"Other locations"}]},{"@type":"WebSite","@id":"https:\/\/www.porvootours.fi\/#website","url":"https:\/\/www.porvootours.fi\/","name":"Porvoo Tours - matkanj\u00e4rjest\u00e4j\u00e4","description":"Ryhm\u00e4matkojen ja kokouksien j\u00e4rjest\u00e4j\u00e4. Porvoo, Sipoo - gruppresor och m\u00f6tesresorja Loviisa","publisher":{"@id":"https:\/\/www.porvootours.fi\/#organization"},"alternateName":"Porvoo Tours","potentialAction":[{"@type":"SearchAction","target":{"@type":"EntryPoint","urlTemplate":"https:\/\/www.porvootours.fi\/?s={search_term_string}"},"query-input":{"@type":"PropertyValueSpecification","valueRequired":true,"valueName":"search_term_string"}}],"inLanguage":"en-US"},{"@type":"Organization","@id":"https:\/\/www.porvootours.fi\/#organization","name":"Porvoo Tours","url":"https:\/\/www.porvootours.fi\/","logo":{"@type":"ImageObject","inLanguage":"en-US","@id":"https:\/\/www.porvootours.fi\/#\/schema\/logo\/image\/","url":"https:\/\/www.porvootours.fi\/wp-content\/uploads\/2020\/02\/porvootours_logo1.png","contentUrl":"https:\/\/www.porvootours.fi\/wp-content\/uploads\/2020\/02\/porvootours_logo1.png","width":300,"height":70,"caption":"Porvoo Tours"},"image":{"@id":"https:\/\/www.porvootours.fi\/#\/schema\/logo\/image\/"},"sameAs":["https:\/\/www.facebook.com\/Porvoo-Tours-136597746389488\/"]}]}},"_links":{"self":[{"href":"https:\/\/www.porvootours.fi\/en\/wp-json\/wp\/v2\/pages\/17711","targetHints":{"allow":["GET"]}}],"collection":[{"href":"https:\/\/www.porvootours.fi\/en\/wp-json\/wp\/v2\/pages"}],"about":[{"href":"https:\/\/www.porvootours.fi\/en\/wp-json\/wp\/v2\/types\/page"}],"author":[{"embeddable":true,"href":"https:\/\/www.porvootours.fi\/en\/wp-json\/wp\/v2\/users\/2"}],"replies":[{"embeddable":true,"href":"https:\/\/www.porvootours.fi\/en\/wp-json\/wp\/v2\/comments?post=17711"}],"version-history":[{"count":0,"href":"https:\/\/www.porvootours.fi\/en\/wp-json\/wp\/v2\/pages\/17711\/revisions"}],"up":[{"embeddable":true,"href":"https:\/\/www.porvootours.fi\/en\/wp-json\/wp\/v2\/pages\/9607"}],"wp:attachment":[{"href":"https:\/\/www.porvootours.fi\/en\/wp-json\/wp\/v2\/media?parent=17711"}],"curies":[{"name":"wp","href":"https:\/\/api.w.org\/{rel}","templated":true}]}}