{"id":10671,"date":"2019-02-15T06:30:06","date_gmt":"2019-02-15T06:30:06","guid":{"rendered":"https:\/\/www.porvootours.fi\/yhteystiedot\/"},"modified":"2020-12-17T07:55:20","modified_gmt":"2020-12-17T07:55:20","slug":"contactinformation","status":"publish","type":"page","link":"https:\/\/www.porvootours.fi\/en\/contactinformation\/","title":{"rendered":"Contact information"},"content":{"rendered":"<div id=\"pl-10671\"  class=\"panel-layout\" ><div id=\"pg-10671-0\"  class=\"panel-grid panel-no-style\" ><div id=\"pgc-10671-0-0\"  class=\"panel-grid-cell\" ><div id=\"panel-10671-0-0-0\" class=\"so-panel widget widget_black-studio-tinymce widget_black_studio_tinymce panel-first-child panel-last-child\" data-index=\"0\" ><div class=\"textwidget\"><h1>Porvoo Tours<\/h1>\n<p>Adlercreutzinkatu 17<br \/>\n06100 Porvoo<br \/>\nFINLAND<\/p>\n<h4>Customer service<\/h4>\n<p>Mon\u2013Fri 9.00\u201316.00<br \/>\nphone: +358 19 574 2200<br \/>\n<a href=\"mailto:porvootours@porvootours.fi\">porvootours@porvootours.fi<\/a><\/p>\n<h4>Office manager<\/h4>\n<p>Sussi Eriksson<br \/>\n<a href=\"mailto:sussi.eriksson@porvootours.fi\">sussi.eriksson@porvootours.fi<\/a><\/p>\n<h4>Marketing and sales<\/h4>\n<p>Mi Sax\u00e9n<br \/>\n<a href=\"mailto:mi.saxen@porvootours.fi\">mi.saxen@porvootours.fi<\/a><\/p>\n<h4>Trips for individual travelers<\/h4>\n<p>Mi Sax\u00e9n<br \/>\n<a href=\"mailto:mi.saxen@porvootours.fi\">mi.saxen@porvootours.fi<\/a><\/p>\n<h4><strong>Invoicing<\/strong><\/h4>\n<p>Web invoice number: FI0753580620065729<br \/>\nOperator: OKOYFIHH<\/p>\n<h4>Invoices per e-mail<\/h4>\n<p><a href=\"mailto:porvootours@porvootours.fi\">porvootours@porvootours.fi<\/a><\/p>\n<h4>Paper invoices<\/h4>\n<p>Porvoo Tours Oy<br \/>\nAdlercreutzinkatu 17<br \/>\n06100 Porvoo<br \/>\nFINLAND<\/p>\n<h4>VAT<\/h4>\n<p>2206356-3<br \/>\n(VAT FI2206356-3)<\/p>\n<p>&nbsp;<\/p>\n<h4>Our bus company<\/h4>\n<p>Oy Kaj Forsblom Ab<br \/>\nAdlercreutzinkatu 17<br \/>\n06100 Porvoo<br \/>\nFINLAND<\/p>\n<p>Mon-Fri 8.30\u201316.30<br \/>\nphone\u00a0<a href=\"http:\/\/tel:+358195243993\/\">+358 19 524 3993<\/a><br \/>\n<a href=\"mailto:info@kajforsblom.fi\">info@kajforsblom.fi<\/a><\/p>\n<\/div><\/div><\/div><\/div><div id=\"pg-10671-1\"  class=\"panel-grid panel-no-style\" ><div id=\"pgc-10671-1-0\"  class=\"panel-grid-cell\" ><div id=\"panel-10671-1-0-0\" class=\"so-panel widget widget_black-studio-tinymce widget_black_studio_tinymce panel-first-child panel-last-child\" data-index=\"1\" ><div class=\"textwidget\"><\/div><\/div><\/div><div id=\"pgc-10671-1-1\"  class=\"panel-grid-cell panel-grid-cell-empty panel-grid-cell-mobile-last\" ><\/div><div id=\"pgc-10671-1-2\"  class=\"panel-grid-cell panel-grid-cell-empty\" ><\/div><\/div><\/div>","protected":false},"excerpt":{"rendered":"<p>Porvoo Tours Adlercreutzinkatu 17 06100 Porvoo FINLAND Customer service Mon\u2013Fri 9.00\u201316.00 phone: +358 19 574 2200 porvootours@porvootours.fi Office manager Sussi Eriksson sussi.eriksson@porvootours.fi Marketing and sales Mi Sax\u00e9n mi.saxen@porvootours.fi Trips for &hellip; <a class=\"kt-excerpt-readmore more-link\" href=\"https:\/\/www.porvootours.fi\/en\/contactinformation\/\" aria-label=\"Contact information\">\u00bb<\/a><\/p>\n","protected":false},"author":1,"featured_media":0,"parent":0,"menu_order":0,"comment_status":"closed","ping_status":"closed","template":"","meta":{"kt_blocks_editor_width":"","footnotes":""},"class_list":["post-10671","page","type-page","status-publish","hentry"],"yoast_head":"<!-- This site is optimized with the Yoast SEO plugin v27.3 - https:\/\/yoast.com\/product\/yoast-seo-wordpress\/ -->\n<title>Contact information | Porvoo Tours - matkanj\u00e4rjest\u00e4j\u00e4<\/title>\n<meta name=\"robots\" content=\"index, follow, max-snippet:-1, max-image-preview:large, max-video-preview:-1\" \/>\n<link rel=\"canonical\" href=\"https:\/\/www.porvootours.fi\/en\/contactinformation\/\" \/>\n<meta property=\"og:locale\" content=\"en_US\" \/>\n<meta property=\"og:type\" content=\"article\" \/>\n<meta property=\"og:title\" content=\"Contact information | Porvoo Tours - matkanj\u00e4rjest\u00e4j\u00e4\" \/>\n<meta property=\"og:description\" content=\"Porvoo Tours Adlercreutzinkatu 17 06100 Porvoo FINLAND Customer service Mon\u2013Fri 9.00\u201316.00 phone: +358 19 574 2200 porvootours@porvootours.fi Office manager Sussi Eriksson sussi.eriksson@porvootours.fi Marketing and sales Mi Sax\u00e9n mi.saxen@porvootours.fi Trips for &hellip; \u00bb\" \/>\n<meta property=\"og:url\" content=\"https:\/\/www.porvootours.fi\/en\/contactinformation\/\" \/>\n<meta property=\"og:site_name\" content=\"Porvoo Tours - matkanj\u00e4rjest\u00e4j\u00e4\" \/>\n<meta property=\"article:publisher\" content=\"https:\/\/www.facebook.com\/Porvoo-Tours-136597746389488\/\" \/>\n<meta property=\"article:modified_time\" content=\"2020-12-17T07:55:20+00:00\" \/>\n<meta property=\"og:image\" content=\"https:\/\/www.porvootours.fi\/wp-content\/uploads\/2021\/05\/porvootours_1200px_fb_jokiranta.jpg\" \/>\n\t<meta property=\"og:image:width\" content=\"1200\" \/>\n\t<meta property=\"og:image:height\" content=\"630\" \/>\n\t<meta property=\"og:image:type\" content=\"image\/jpeg\" \/>\n<meta name=\"twitter:card\" content=\"summary_large_image\" \/>\n<script type=\"application\/ld+json\" class=\"yoast-schema-graph\">{\"@context\":\"https:\\\/\\\/schema.org\",\"@graph\":[{\"@type\":\"WebPage\",\"@id\":\"https:\\\/\\\/www.porvootours.fi\\\/en\\\/contactinformation\\\/\",\"url\":\"https:\\\/\\\/www.porvootours.fi\\\/en\\\/contactinformation\\\/\",\"name\":\"Contact information | Porvoo Tours - matkanj\u00e4rjest\u00e4j\u00e4\",\"isPartOf\":{\"@id\":\"https:\\\/\\\/www.porvootours.fi\\\/#website\"},\"datePublished\":\"2019-02-15T06:30:06+00:00\",\"dateModified\":\"2020-12-17T07:55:20+00:00\",\"breadcrumb\":{\"@id\":\"https:\\\/\\\/www.porvootours.fi\\\/en\\\/contactinformation\\\/#breadcrumb\"},\"inLanguage\":\"en-US\",\"potentialAction\":[{\"@type\":\"ReadAction\",\"target\":[\"https:\\\/\\\/www.porvootours.fi\\\/en\\\/contactinformation\\\/\"]}]},{\"@type\":\"BreadcrumbList\",\"@id\":\"https:\\\/\\\/www.porvootours.fi\\\/en\\\/contactinformation\\\/#breadcrumb\",\"itemListElement\":[{\"@type\":\"ListItem\",\"position\":1,\"name\":\"Home\",\"item\":\"https:\\\/\\\/www.porvootours.fi\\\/en\\\/\"},{\"@type\":\"ListItem\",\"position\":2,\"name\":\"Contact information\"}]},{\"@type\":\"WebSite\",\"@id\":\"https:\\\/\\\/www.porvootours.fi\\\/#website\",\"url\":\"https:\\\/\\\/www.porvootours.fi\\\/\",\"name\":\"Porvoo Tours - matkanj\u00e4rjest\u00e4j\u00e4\",\"description\":\"Ryhm\u00e4matkojen ja kokouksien j\u00e4rjest\u00e4j\u00e4. Porvoo, Sipoo - gruppresor och m\u00f6tesresorja Loviisa\",\"publisher\":{\"@id\":\"https:\\\/\\\/www.porvootours.fi\\\/#organization\"},\"alternateName\":\"Porvoo Tours\",\"potentialAction\":[{\"@type\":\"SearchAction\",\"target\":{\"@type\":\"EntryPoint\",\"urlTemplate\":\"https:\\\/\\\/www.porvootours.fi\\\/?s={search_term_string}\"},\"query-input\":{\"@type\":\"PropertyValueSpecification\",\"valueRequired\":true,\"valueName\":\"search_term_string\"}}],\"inLanguage\":\"en-US\"},{\"@type\":\"Organization\",\"@id\":\"https:\\\/\\\/www.porvootours.fi\\\/#organization\",\"name\":\"Porvoo Tours\",\"url\":\"https:\\\/\\\/www.porvootours.fi\\\/\",\"logo\":{\"@type\":\"ImageObject\",\"inLanguage\":\"en-US\",\"@id\":\"https:\\\/\\\/www.porvootours.fi\\\/#\\\/schema\\\/logo\\\/image\\\/\",\"url\":\"https:\\\/\\\/www.porvootours.fi\\\/wp-content\\\/uploads\\\/2020\\\/02\\\/porvootours_logo1.png\",\"contentUrl\":\"https:\\\/\\\/www.porvootours.fi\\\/wp-content\\\/uploads\\\/2020\\\/02\\\/porvootours_logo1.png\",\"width\":300,\"height\":70,\"caption\":\"Porvoo Tours\"},\"image\":{\"@id\":\"https:\\\/\\\/www.porvootours.fi\\\/#\\\/schema\\\/logo\\\/image\\\/\"},\"sameAs\":[\"https:\\\/\\\/www.facebook.com\\\/Porvoo-Tours-136597746389488\\\/\"]}]}<\/script>\n<!-- \/ Yoast SEO plugin. -->","yoast_head_json":{"title":"Contact information | Porvoo Tours - matkanj\u00e4rjest\u00e4j\u00e4","robots":{"index":"index","follow":"follow","max-snippet":"max-snippet:-1","max-image-preview":"max-image-preview:large","max-video-preview":"max-video-preview:-1"},"canonical":"https:\/\/www.porvootours.fi\/en\/contactinformation\/","og_locale":"en_US","og_type":"article","og_title":"Contact information | Porvoo Tours - matkanj\u00e4rjest\u00e4j\u00e4","og_description":"Porvoo Tours Adlercreutzinkatu 17 06100 Porvoo FINLAND Customer service Mon\u2013Fri 9.00\u201316.00 phone: +358 19 574 2200 porvootours@porvootours.fi Office manager Sussi Eriksson sussi.eriksson@porvootours.fi Marketing and sales Mi Sax\u00e9n mi.saxen@porvootours.fi Trips for &hellip; \u00bb","og_url":"https:\/\/www.porvootours.fi\/en\/contactinformation\/","og_site_name":"Porvoo Tours - matkanj\u00e4rjest\u00e4j\u00e4","article_publisher":"https:\/\/www.facebook.com\/Porvoo-Tours-136597746389488\/","article_modified_time":"2020-12-17T07:55:20+00:00","og_image":[{"width":1200,"height":630,"url":"https:\/\/www.porvootours.fi\/wp-content\/uploads\/2021\/05\/porvootours_1200px_fb_jokiranta.jpg","type":"image\/jpeg"}],"twitter_card":"summary_large_image","schema":{"@context":"https:\/\/schema.org","@graph":[{"@type":"WebPage","@id":"https:\/\/www.porvootours.fi\/en\/contactinformation\/","url":"https:\/\/www.porvootours.fi\/en\/contactinformation\/","name":"Contact information | Porvoo Tours - matkanj\u00e4rjest\u00e4j\u00e4","isPartOf":{"@id":"https:\/\/www.porvootours.fi\/#website"},"datePublished":"2019-02-15T06:30:06+00:00","dateModified":"2020-12-17T07:55:20+00:00","breadcrumb":{"@id":"https:\/\/www.porvootours.fi\/en\/contactinformation\/#breadcrumb"},"inLanguage":"en-US","potentialAction":[{"@type":"ReadAction","target":["https:\/\/www.porvootours.fi\/en\/contactinformation\/"]}]},{"@type":"BreadcrumbList","@id":"https:\/\/www.porvootours.fi\/en\/contactinformation\/#breadcrumb","itemListElement":[{"@type":"ListItem","position":1,"name":"Home","item":"https:\/\/www.porvootours.fi\/en\/"},{"@type":"ListItem","position":2,"name":"Contact information"}]},{"@type":"WebSite","@id":"https:\/\/www.porvootours.fi\/#website","url":"https:\/\/www.porvootours.fi\/","name":"Porvoo Tours - matkanj\u00e4rjest\u00e4j\u00e4","description":"Ryhm\u00e4matkojen ja kokouksien j\u00e4rjest\u00e4j\u00e4. Porvoo, Sipoo - gruppresor och m\u00f6tesresorja Loviisa","publisher":{"@id":"https:\/\/www.porvootours.fi\/#organization"},"alternateName":"Porvoo Tours","potentialAction":[{"@type":"SearchAction","target":{"@type":"EntryPoint","urlTemplate":"https:\/\/www.porvootours.fi\/?s={search_term_string}"},"query-input":{"@type":"PropertyValueSpecification","valueRequired":true,"valueName":"search_term_string"}}],"inLanguage":"en-US"},{"@type":"Organization","@id":"https:\/\/www.porvootours.fi\/#organization","name":"Porvoo Tours","url":"https:\/\/www.porvootours.fi\/","logo":{"@type":"ImageObject","inLanguage":"en-US","@id":"https:\/\/www.porvootours.fi\/#\/schema\/logo\/image\/","url":"https:\/\/www.porvootours.fi\/wp-content\/uploads\/2020\/02\/porvootours_logo1.png","contentUrl":"https:\/\/www.porvootours.fi\/wp-content\/uploads\/2020\/02\/porvootours_logo1.png","width":300,"height":70,"caption":"Porvoo Tours"},"image":{"@id":"https:\/\/www.porvootours.fi\/#\/schema\/logo\/image\/"},"sameAs":["https:\/\/www.facebook.com\/Porvoo-Tours-136597746389488\/"]}]}},"_links":{"self":[{"href":"https:\/\/www.porvootours.fi\/en\/wp-json\/wp\/v2\/pages\/10671","targetHints":{"allow":["GET"]}}],"collection":[{"href":"https:\/\/www.porvootours.fi\/en\/wp-json\/wp\/v2\/pages"}],"about":[{"href":"https:\/\/www.porvootours.fi\/en\/wp-json\/wp\/v2\/types\/page"}],"author":[{"embeddable":true,"href":"https:\/\/www.porvootours.fi\/en\/wp-json\/wp\/v2\/users\/1"}],"replies":[{"embeddable":true,"href":"https:\/\/www.porvootours.fi\/en\/wp-json\/wp\/v2\/comments?post=10671"}],"version-history":[{"count":0,"href":"https:\/\/www.porvootours.fi\/en\/wp-json\/wp\/v2\/pages\/10671\/revisions"}],"wp:attachment":[{"href":"https:\/\/www.porvootours.fi\/en\/wp-json\/wp\/v2\/media?parent=10671"}],"curies":[{"name":"wp","href":"https:\/\/api.w.org\/{rel}","templated":true}]}}