{"id":10572,"date":"2019-02-15T09:39:36","date_gmt":"2019-02-15T09:39:36","guid":{"rendered":"https:\/\/www.porvootours.fi\/group-packages\/loviisa\/"},"modified":"2025-12-16T10:51:18","modified_gmt":"2025-12-16T10:51:18","slug":"loviisa","status":"publish","type":"page","link":"https:\/\/www.porvootours.fi\/en\/group-packages\/loviisa\/","title":{"rendered":"Loviisa"},"content":{"rendered":"<div id=\"pl-10572\"  class=\"panel-layout\" ><div id=\"pg-10572-0\"  class=\"panel-grid panel-no-style\" ><div id=\"pgc-10572-0-0\"  class=\"panel-grid-cell\" >\n\n        <div id=\"panel-10572-0-0-0\" class=\"so-panel widget widget_kadence_calltoaction_widget kadence_calltoaction_widget panel-first-child\" data-index=\"0\" ><div class=\"kt-ctaw clearfix\"><h2 class=\"kt-call-to-action-title\" style=\"color:#333333; font-size:50px; line-height:1; text-align:center; font-weight:300;\"  data-max-size=\"50\" data-min-size=\"36\"><b>DISCOVER<\/b> LOVIISA<\/h2><\/div><\/div>\n    <div id=\"panel-10572-0-0-1\" class=\"so-panel widget widget_black-studio-tinymce widget_black_studio_tinymce panel-last-child\" data-index=\"1\" ><div class=\"textwidget\"><h2><strong>Historic Charm Meets Baltic Beauty<\/strong><\/h2>\n<p>Loviisa is a captivating seaside city boasting an exceptionally interesting history and a stunning location right by the Baltic Sea. This hidden gem offers versatile culture and memorable sights.<\/p>\n<p>Experience the city's unique architectural treasures and historic sites:<\/p>\n<ul>\n<li><strong>Idyllic Old Town:<\/strong> Wander through the charming quarters filled with gorgeous architecture and idyllic wooden houses featuring quaint gardens.<\/li>\n<li><strong>Historic Fortifications:<\/strong> Discover the powerful sea and land fortresses that tell the city's military history.<\/li>\n<li><strong>Versatile Culture:<\/strong> Enjoy Loviisa's rich cultural life, museums, and local happenings.<\/li>\n<\/ul>\n<p>Our ready-made Loviisa package deals and guided tours can be booked exactly as they are, or be completely tailor-made to create the perfect itinerary for your group.<\/p>\n<p>Contact us and share your wishes for your next unforgettable group trip to Loviisa!<\/p>\n<\/div><\/div><\/div><\/div><\/div>","protected":false},"excerpt":{"rendered":"<p>Historic Charm Meets Baltic Beauty Loviisa is a captivating seaside city boasting an exceptionally interesting history and a stunning location right by the Baltic Sea. This hidden gem offers versatile &hellip; <a class=\"kt-excerpt-readmore more-link\" href=\"https:\/\/www.porvootours.fi\/en\/group-packages\/loviisa\/\" aria-label=\"Loviisa\">\u00bb<\/a><\/p>\n","protected":false},"author":1,"featured_media":0,"parent":9607,"menu_order":0,"comment_status":"closed","ping_status":"closed","template":"template-portfolio-grid.php","meta":{"kt_blocks_editor_width":"","footnotes":""},"class_list":["post-10572","page","type-page","status-publish","hentry"],"yoast_head":"<!-- This site is optimized with the Yoast SEO plugin v27.3 - https:\/\/yoast.com\/product\/yoast-seo-wordpress\/ -->\n<title>Loviisa | Porvoo Tours - matkanj\u00e4rjest\u00e4j\u00e4<\/title>\n<meta name=\"robots\" content=\"index, follow, max-snippet:-1, max-image-preview:large, max-video-preview:-1\" \/>\n<link rel=\"canonical\" href=\"https:\/\/www.porvootours.fi\/en\/group-packages\/loviisa\/\" \/>\n<meta property=\"og:locale\" content=\"en_US\" \/>\n<meta property=\"og:type\" content=\"article\" \/>\n<meta property=\"og:title\" content=\"Loviisa | Porvoo Tours - matkanj\u00e4rjest\u00e4j\u00e4\" \/>\n<meta property=\"og:description\" content=\"Historic Charm Meets Baltic Beauty Loviisa is a captivating seaside city boasting an exceptionally interesting history and a stunning location right by the Baltic Sea. This hidden gem offers versatile &hellip; \u00bb\" \/>\n<meta property=\"og:url\" content=\"https:\/\/www.porvootours.fi\/en\/group-packages\/loviisa\/\" \/>\n<meta property=\"og:site_name\" content=\"Porvoo Tours - matkanj\u00e4rjest\u00e4j\u00e4\" \/>\n<meta property=\"article:publisher\" content=\"https:\/\/www.facebook.com\/Porvoo-Tours-136597746389488\/\" \/>\n<meta property=\"article:modified_time\" content=\"2025-12-16T10:51:18+00:00\" \/>\n<meta property=\"og:image\" content=\"https:\/\/www.porvootours.fi\/wp-content\/uploads\/2021\/05\/porvootours_1200px_fb_jokiranta.jpg\" \/>\n\t<meta property=\"og:image:width\" content=\"1200\" \/>\n\t<meta property=\"og:image:height\" content=\"630\" \/>\n\t<meta property=\"og:image:type\" content=\"image\/jpeg\" \/>\n<meta name=\"twitter:card\" content=\"summary_large_image\" \/>\n<meta name=\"twitter:label1\" content=\"Est. reading time\" \/>\n\t<meta name=\"twitter:data1\" content=\"1 minute\" \/>\n<script type=\"application\/ld+json\" class=\"yoast-schema-graph\">{\"@context\":\"https:\\\/\\\/schema.org\",\"@graph\":[{\"@type\":\"WebPage\",\"@id\":\"https:\\\/\\\/www.porvootours.fi\\\/en\\\/group-packages\\\/loviisa\\\/\",\"url\":\"https:\\\/\\\/www.porvootours.fi\\\/en\\\/group-packages\\\/loviisa\\\/\",\"name\":\"Loviisa | Porvoo Tours - matkanj\u00e4rjest\u00e4j\u00e4\",\"isPartOf\":{\"@id\":\"https:\\\/\\\/www.porvootours.fi\\\/#website\"},\"datePublished\":\"2019-02-15T09:39:36+00:00\",\"dateModified\":\"2025-12-16T10:51:18+00:00\",\"breadcrumb\":{\"@id\":\"https:\\\/\\\/www.porvootours.fi\\\/en\\\/group-packages\\\/loviisa\\\/#breadcrumb\"},\"inLanguage\":\"en-US\",\"potentialAction\":[{\"@type\":\"ReadAction\",\"target\":[\"https:\\\/\\\/www.porvootours.fi\\\/en\\\/group-packages\\\/loviisa\\\/\"]}]},{\"@type\":\"BreadcrumbList\",\"@id\":\"https:\\\/\\\/www.porvootours.fi\\\/en\\\/group-packages\\\/loviisa\\\/#breadcrumb\",\"itemListElement\":[{\"@type\":\"ListItem\",\"position\":1,\"name\":\"Home\",\"item\":\"https:\\\/\\\/www.porvootours.fi\\\/en\\\/\"},{\"@type\":\"ListItem\",\"position\":2,\"name\":\"GROUP PACKAGES\",\"item\":\"https:\\\/\\\/www.porvootours.fi\\\/en\\\/group-packages\\\/\"},{\"@type\":\"ListItem\",\"position\":3,\"name\":\"Loviisa\"}]},{\"@type\":\"WebSite\",\"@id\":\"https:\\\/\\\/www.porvootours.fi\\\/#website\",\"url\":\"https:\\\/\\\/www.porvootours.fi\\\/\",\"name\":\"Porvoo Tours - matkanj\u00e4rjest\u00e4j\u00e4\",\"description\":\"Ryhm\u00e4matkojen ja kokouksien j\u00e4rjest\u00e4j\u00e4. Porvoo, Sipoo - gruppresor och m\u00f6tesresorja Loviisa\",\"publisher\":{\"@id\":\"https:\\\/\\\/www.porvootours.fi\\\/#organization\"},\"alternateName\":\"Porvoo Tours\",\"potentialAction\":[{\"@type\":\"SearchAction\",\"target\":{\"@type\":\"EntryPoint\",\"urlTemplate\":\"https:\\\/\\\/www.porvootours.fi\\\/?s={search_term_string}\"},\"query-input\":{\"@type\":\"PropertyValueSpecification\",\"valueRequired\":true,\"valueName\":\"search_term_string\"}}],\"inLanguage\":\"en-US\"},{\"@type\":\"Organization\",\"@id\":\"https:\\\/\\\/www.porvootours.fi\\\/#organization\",\"name\":\"Porvoo Tours\",\"url\":\"https:\\\/\\\/www.porvootours.fi\\\/\",\"logo\":{\"@type\":\"ImageObject\",\"inLanguage\":\"en-US\",\"@id\":\"https:\\\/\\\/www.porvootours.fi\\\/#\\\/schema\\\/logo\\\/image\\\/\",\"url\":\"https:\\\/\\\/www.porvootours.fi\\\/wp-content\\\/uploads\\\/2020\\\/02\\\/porvootours_logo1.png\",\"contentUrl\":\"https:\\\/\\\/www.porvootours.fi\\\/wp-content\\\/uploads\\\/2020\\\/02\\\/porvootours_logo1.png\",\"width\":300,\"height\":70,\"caption\":\"Porvoo Tours\"},\"image\":{\"@id\":\"https:\\\/\\\/www.porvootours.fi\\\/#\\\/schema\\\/logo\\\/image\\\/\"},\"sameAs\":[\"https:\\\/\\\/www.facebook.com\\\/Porvoo-Tours-136597746389488\\\/\"]}]}<\/script>\n<!-- \/ Yoast SEO plugin. -->","yoast_head_json":{"title":"Loviisa | Porvoo Tours - matkanj\u00e4rjest\u00e4j\u00e4","robots":{"index":"index","follow":"follow","max-snippet":"max-snippet:-1","max-image-preview":"max-image-preview:large","max-video-preview":"max-video-preview:-1"},"canonical":"https:\/\/www.porvootours.fi\/en\/group-packages\/loviisa\/","og_locale":"en_US","og_type":"article","og_title":"Loviisa | Porvoo Tours - matkanj\u00e4rjest\u00e4j\u00e4","og_description":"Historic Charm Meets Baltic Beauty Loviisa is a captivating seaside city boasting an exceptionally interesting history and a stunning location right by the Baltic Sea. This hidden gem offers versatile &hellip; \u00bb","og_url":"https:\/\/www.porvootours.fi\/en\/group-packages\/loviisa\/","og_site_name":"Porvoo Tours - matkanj\u00e4rjest\u00e4j\u00e4","article_publisher":"https:\/\/www.facebook.com\/Porvoo-Tours-136597746389488\/","article_modified_time":"2025-12-16T10:51:18+00:00","og_image":[{"width":1200,"height":630,"url":"https:\/\/www.porvootours.fi\/wp-content\/uploads\/2021\/05\/porvootours_1200px_fb_jokiranta.jpg","type":"image\/jpeg"}],"twitter_card":"summary_large_image","twitter_misc":{"Est. reading time":"1 minute"},"schema":{"@context":"https:\/\/schema.org","@graph":[{"@type":"WebPage","@id":"https:\/\/www.porvootours.fi\/en\/group-packages\/loviisa\/","url":"https:\/\/www.porvootours.fi\/en\/group-packages\/loviisa\/","name":"Loviisa | Porvoo Tours - matkanj\u00e4rjest\u00e4j\u00e4","isPartOf":{"@id":"https:\/\/www.porvootours.fi\/#website"},"datePublished":"2019-02-15T09:39:36+00:00","dateModified":"2025-12-16T10:51:18+00:00","breadcrumb":{"@id":"https:\/\/www.porvootours.fi\/en\/group-packages\/loviisa\/#breadcrumb"},"inLanguage":"en-US","potentialAction":[{"@type":"ReadAction","target":["https:\/\/www.porvootours.fi\/en\/group-packages\/loviisa\/"]}]},{"@type":"BreadcrumbList","@id":"https:\/\/www.porvootours.fi\/en\/group-packages\/loviisa\/#breadcrumb","itemListElement":[{"@type":"ListItem","position":1,"name":"Home","item":"https:\/\/www.porvootours.fi\/en\/"},{"@type":"ListItem","position":2,"name":"GROUP PACKAGES","item":"https:\/\/www.porvootours.fi\/en\/group-packages\/"},{"@type":"ListItem","position":3,"name":"Loviisa"}]},{"@type":"WebSite","@id":"https:\/\/www.porvootours.fi\/#website","url":"https:\/\/www.porvootours.fi\/","name":"Porvoo Tours - matkanj\u00e4rjest\u00e4j\u00e4","description":"Ryhm\u00e4matkojen ja kokouksien j\u00e4rjest\u00e4j\u00e4. Porvoo, Sipoo - gruppresor och m\u00f6tesresorja Loviisa","publisher":{"@id":"https:\/\/www.porvootours.fi\/#organization"},"alternateName":"Porvoo Tours","potentialAction":[{"@type":"SearchAction","target":{"@type":"EntryPoint","urlTemplate":"https:\/\/www.porvootours.fi\/?s={search_term_string}"},"query-input":{"@type":"PropertyValueSpecification","valueRequired":true,"valueName":"search_term_string"}}],"inLanguage":"en-US"},{"@type":"Organization","@id":"https:\/\/www.porvootours.fi\/#organization","name":"Porvoo Tours","url":"https:\/\/www.porvootours.fi\/","logo":{"@type":"ImageObject","inLanguage":"en-US","@id":"https:\/\/www.porvootours.fi\/#\/schema\/logo\/image\/","url":"https:\/\/www.porvootours.fi\/wp-content\/uploads\/2020\/02\/porvootours_logo1.png","contentUrl":"https:\/\/www.porvootours.fi\/wp-content\/uploads\/2020\/02\/porvootours_logo1.png","width":300,"height":70,"caption":"Porvoo Tours"},"image":{"@id":"https:\/\/www.porvootours.fi\/#\/schema\/logo\/image\/"},"sameAs":["https:\/\/www.facebook.com\/Porvoo-Tours-136597746389488\/"]}]}},"_links":{"self":[{"href":"https:\/\/www.porvootours.fi\/en\/wp-json\/wp\/v2\/pages\/10572","targetHints":{"allow":["GET"]}}],"collection":[{"href":"https:\/\/www.porvootours.fi\/en\/wp-json\/wp\/v2\/pages"}],"about":[{"href":"https:\/\/www.porvootours.fi\/en\/wp-json\/wp\/v2\/types\/page"}],"author":[{"embeddable":true,"href":"https:\/\/www.porvootours.fi\/en\/wp-json\/wp\/v2\/users\/1"}],"replies":[{"embeddable":true,"href":"https:\/\/www.porvootours.fi\/en\/wp-json\/wp\/v2\/comments?post=10572"}],"version-history":[{"count":0,"href":"https:\/\/www.porvootours.fi\/en\/wp-json\/wp\/v2\/pages\/10572\/revisions"}],"up":[{"embeddable":true,"href":"https:\/\/www.porvootours.fi\/en\/wp-json\/wp\/v2\/pages\/9607"}],"wp:attachment":[{"href":"https:\/\/www.porvootours.fi\/en\/wp-json\/wp\/v2\/media?parent=10572"}],"curies":[{"name":"wp","href":"https:\/\/api.w.org\/{rel}","templated":true}]}}