{"id":10368,"date":"2019-04-14T21:52:34","date_gmt":"2019-04-14T21:52:34","guid":{"rendered":"https:\/\/www.porvootours.fi\/aboutus\/matkailuesitteet\/"},"modified":"2026-01-29T07:53:00","modified_gmt":"2026-01-29T07:53:00","slug":"brochures","status":"publish","type":"page","link":"https:\/\/www.porvootours.fi\/en\/aboutus\/brochures\/","title":{"rendered":"Brochures"},"content":{"rendered":"<div id=\"pl-10368\"  class=\"panel-layout\" ><div id=\"pg-10368-0\"  class=\"panel-grid panel-no-style\" ><div id=\"pgc-10368-0-0\"  class=\"panel-grid-cell\" ><div id=\"panel-10368-0-0-0\" class=\"so-panel widget widget_black-studio-tinymce widget_black_studio_tinymce panel-first-child panel-last-child\" data-index=\"0\" ><div class=\"textwidget\"><h1>Brochure<\/h1>\n<\/div><\/div><\/div><\/div><div id=\"pg-10368-1\"  class=\"panel-grid panel-no-style\" ><div id=\"pgc-10368-1-0\"  class=\"panel-grid-cell panel-grid-cell-mobile-last\" >\n                <div id=\"panel-10368-1-0-0\" class=\"so-panel widget widget_kadence_split_content_widget kadence_split_content_widget panel-first-child panel-last-child\" data-index=\"1\" >                \t<!-- Image Split -->\n\t<div class=\"kt-image-split\" id=\"kt-image-split-widget-1-0-0\">\n\t\t  <div class=\"row-no-margin\">\n\t\t\t<div class=\"col-md-6 kt-si-imagecol img-ktsi-left kt-animate-fade-in-\n\t\t\t\t\t\t\t\t\t\t\t\t\t\t\t\t\tright\t\t\t\" style=\"\n\t\t\t\">\n\t\t\t\t  <div class=\"kt-si-table-box\" style=\"height:500px\">\n\t\t\t\t\t  <div class=\"kt-si-cell-box\">\n\t\t\t\t\t\t<a href=\"https:\/\/www.porvootours.fi\/wp-content\/uploads\/2026\/01\/PT_matkailu-kokous-2026.pdf\" target=\"_blank\" class=\"kt-si-image-link\"><img decoding=\"async\" src=\"https:\/\/www.porvootours.fi\/wp-content\/uploads\/2026\/01\/Porvootours-ita-uudenmaan-turistikohteet-kokouspaikat-2026.jpg\" alt=\"Porvoo Tours It\u00e4-Uudenmaan turistikohteet ja kokouspaikat 2025 esite.\" class=\"kt-si-image\" style=\"max-height:500px\"><\/a>\t\t\t\t\t<\/div>\n\t\t\t\t  <\/div>\n\t\t\t <\/div>\n\t\t\t <div class=\"col-md-6 kt-si-imagecol content-ktsi-left kt-animate-fade-in-left\" \n\t\t\t\t\t\t\t\t\t\t\t\t\t\t\t\t\t\t \t\t\t\t>\n\t\t\t\t  <div class=\"kt-si-table-box\" style=\"height:500px\">\n\t\t\t\t\t  <div class=\"kt-si-cell-box\">\n\t\t\t\t\t\t  <div class=\"kt-si-inner-content\" style=\"  \">\n\t\t\t\t\t\t\t<div class=\"kt_imgsplit_content\" style=\"\"><h3>Porvoo Tours<br \/>\nIT\u00c4-UUSIMAA Turistikohteet ja kokouspaikat 2026<\/h3>\n<br \/>\nNote that the brochure is only in Finnish.\n\n\n<a href=\"https:\/\/www.porvootours.fi\/wp-content\/uploads\/2026\/01\/PT_matkailu-kokous-2026.pdf\" target=\"blank\"><strong><u>Download<\/u><\/strong><\/a><\/div>\t\t\t\t\t\t <\/div>\n\t\t\t\t\t<\/div>\n\t\t\t\t  <\/div>\n\t\t\t<\/div>\n\t\t  <\/div>\n\t<\/div>\n\n\t\n                <\/div>\n    <\/div><div id=\"pgc-10368-1-1\"  class=\"panel-grid-cell panel-grid-cell-empty\" ><\/div><\/div><div id=\"pg-10368-2\"  class=\"panel-grid panel-no-style\" ><div id=\"pgc-10368-2-0\"  class=\"panel-grid-cell panel-grid-cell-mobile-last\" ><div id=\"panel-10368-2-0-0\" class=\"so-panel widget widget_black-studio-tinymce widget_black_studio_tinymce panel-first-child panel-last-child\" data-index=\"2\" ><div class=\"textwidget\"><h4>Order brochure<\/h4>\n\n<div class=\"wpcf7 no-js\" id=\"wpcf7-f10744-o1\" lang=\"fi\" dir=\"ltr\" data-wpcf7-id=\"10744\">\n<div class=\"screen-reader-response\"><p role=\"status\" aria-live=\"polite\" aria-atomic=\"true\"><\/p> <ul><\/ul><\/div>\n<form action=\"\/en\/wp-json\/wp\/v2\/pages\/10368#wpcf7-f10744-o1\" method=\"post\" class=\"wpcf7-form init\" aria-label=\"Yhteydenottolomake\" novalidate=\"novalidate\" data-status=\"init\">\n<fieldset class=\"hidden-fields-container\"><input type=\"hidden\" name=\"_wpcf7\" value=\"10744\" \/><input type=\"hidden\" name=\"_wpcf7_version\" value=\"6.1.5\" \/><input type=\"hidden\" name=\"_wpcf7_locale\" value=\"fi\" \/><input type=\"hidden\" name=\"_wpcf7_unit_tag\" value=\"wpcf7-f10744-o1\" \/><input type=\"hidden\" name=\"_wpcf7_container_post\" value=\"0\" \/><input type=\"hidden\" name=\"_wpcf7_posted_data_hash\" value=\"\" \/>\n<\/fieldset>\n<p><label> Name (mandatory)<br \/>\n<span class=\"wpcf7-form-control-wrap\" data-name=\"your-name\"><input size=\"40\" maxlength=\"400\" class=\"wpcf7-form-control wpcf7-text wpcf7-validates-as-required\" aria-required=\"true\" aria-invalid=\"false\" value=\"\" type=\"text\" name=\"your-name\" \/><\/span> <\/label>\n<\/p>\n<p><label> E-mail address (mandatory)<br \/>\n<span class=\"wpcf7-form-control-wrap\" data-name=\"your-email\"><input size=\"40\" maxlength=\"400\" class=\"wpcf7-form-control wpcf7-email wpcf7-validates-as-required wpcf7-text wpcf7-validates-as-email\" aria-required=\"true\" aria-invalid=\"false\" value=\"\" type=\"email\" name=\"your-email\" \/><\/span> <\/label>\n<\/p>\n<p><label> Phone number (mandatory)<br \/>\n<span class=\"wpcf7-form-control-wrap\" data-name=\"tel-82\"><input size=\"40\" maxlength=\"400\" class=\"wpcf7-form-control wpcf7-tel wpcf7-validates-as-required wpcf7-text wpcf7-validates-as-tel\" aria-required=\"true\" aria-invalid=\"false\" value=\"\" type=\"tel\" name=\"tel-82\" \/><\/span> <\/label>\n<\/p>\n<p><label> How did you find us? (mandatory)<br \/>\n<span class=\"wpcf7-form-control-wrap\" data-name=\"text-761\"><input size=\"40\" maxlength=\"400\" class=\"wpcf7-form-control wpcf7-text wpcf7-validates-as-required\" aria-required=\"true\" aria-invalid=\"false\" value=\"\" type=\"text\" name=\"text-761\" \/><\/span> <\/label>\n<\/p>\n<p><label>Submit the name of the program service<br \/>\n<span class=\"wpcf7-form-control-wrap\" data-name=\"your-subject\"><input size=\"40\" maxlength=\"400\" class=\"wpcf7-form-control wpcf7-text\" aria-invalid=\"false\" value=\"\" type=\"text\" name=\"your-subject\" \/><\/span><\/label>\n<\/p>\n<p><label>Your message and contact information<br \/>\n<span class=\"wpcf7-form-control-wrap\" data-name=\"your-message\"><textarea cols=\"40\" rows=\"10\" maxlength=\"2000\" class=\"wpcf7-form-control wpcf7-textarea\" aria-invalid=\"false\" name=\"your-message\"><\/textarea><\/span> <\/label>\n<\/p>\n<p><input class=\"wpcf7-form-control wpcf7-submit has-spinner\" type=\"submit\" value=\"Send\" \/>\n<\/p><div class=\"wpcf7-response-output\" aria-hidden=\"true\"><\/div>\n<\/form>\n<\/div>\n\n<\/div><\/div><\/div><div id=\"pgc-10368-2-1\"  class=\"panel-grid-cell panel-grid-cell-empty\" ><\/div><\/div><\/div>","protected":false},"excerpt":{"rendered":"<p>Brochure<\/p>\n","protected":false},"author":1,"featured_media":21464,"parent":10348,"menu_order":0,"comment_status":"closed","ping_status":"closed","template":"","meta":{"kt_blocks_editor_width":"","footnotes":""},"class_list":["post-10368","page","type-page","status-publish","has-post-thumbnail","hentry"],"yoast_head":"<!-- This site is optimized with the Yoast SEO plugin v27.3 - https:\/\/yoast.com\/product\/yoast-seo-wordpress\/ -->\n<title>Brochures | Porvoo Tours - matkanj\u00e4rjest\u00e4j\u00e4<\/title>\n<meta name=\"description\" content=\"Porvoo Toursin matkailuesitteet julkaistaan aina vuoden alussa. Lataa tuoreimmat esitteet t\u00e4\u00e4lt\u00e4. Ryhm\u00e4matkat, kokouspaketit ja ohjelmat.\" \/>\n<meta name=\"robots\" content=\"index, follow, max-snippet:-1, max-image-preview:large, max-video-preview:-1\" \/>\n<link rel=\"canonical\" href=\"https:\/\/www.porvootours.fi\/en\/aboutus\/brochures\/\" \/>\n<meta property=\"og:locale\" content=\"en_US\" \/>\n<meta property=\"og:type\" content=\"article\" \/>\n<meta property=\"og:title\" content=\"Brochures | Porvoo Tours - matkanj\u00e4rjest\u00e4j\u00e4\" \/>\n<meta property=\"og:description\" content=\"Porvoo Toursin matkailuesitteet julkaistaan aina vuoden alussa. Lataa tuoreimmat esitteet t\u00e4\u00e4lt\u00e4. Ryhm\u00e4matkat, kokouspaketit ja ohjelmat.\" \/>\n<meta property=\"og:url\" content=\"https:\/\/www.porvootours.fi\/en\/aboutus\/brochures\/\" \/>\n<meta property=\"og:site_name\" content=\"Porvoo Tours - matkanj\u00e4rjest\u00e4j\u00e4\" \/>\n<meta property=\"article:publisher\" content=\"https:\/\/www.facebook.com\/Porvoo-Tours-136597746389488\/\" \/>\n<meta property=\"article:modified_time\" content=\"2026-01-29T07:53:00+00:00\" \/>\n<meta property=\"og:image\" content=\"https:\/\/www.porvootours.fi\/wp-content\/uploads\/2022\/01\/porvootours_esitteet_2022.jpg\" \/>\n\t<meta property=\"og:image:width\" content=\"1200\" \/>\n\t<meta property=\"og:image:height\" content=\"630\" \/>\n\t<meta property=\"og:image:type\" content=\"image\/jpeg\" \/>\n<meta name=\"twitter:card\" content=\"summary_large_image\" \/>\n<meta name=\"twitter:label1\" content=\"Est. reading time\" \/>\n\t<meta name=\"twitter:data1\" content=\"1 minute\" \/>\n<script type=\"application\/ld+json\" class=\"yoast-schema-graph\">{\"@context\":\"https:\\\/\\\/schema.org\",\"@graph\":[{\"@type\":\"WebPage\",\"@id\":\"https:\\\/\\\/www.porvootours.fi\\\/en\\\/aboutus\\\/brochures\\\/\",\"url\":\"https:\\\/\\\/www.porvootours.fi\\\/en\\\/aboutus\\\/brochures\\\/\",\"name\":\"Brochures | Porvoo Tours - matkanj\u00e4rjest\u00e4j\u00e4\",\"isPartOf\":{\"@id\":\"https:\\\/\\\/www.porvootours.fi\\\/#website\"},\"primaryImageOfPage\":{\"@id\":\"https:\\\/\\\/www.porvootours.fi\\\/en\\\/aboutus\\\/brochures\\\/#primaryimage\"},\"image\":{\"@id\":\"https:\\\/\\\/www.porvootours.fi\\\/en\\\/aboutus\\\/brochures\\\/#primaryimage\"},\"thumbnailUrl\":\"https:\\\/\\\/www.porvootours.fi\\\/wp-content\\\/uploads\\\/2026\\\/01\\\/itauudenmaan-matkailuesite-2026.jpg\",\"datePublished\":\"2019-04-14T21:52:34+00:00\",\"dateModified\":\"2026-01-29T07:53:00+00:00\",\"description\":\"Porvoo Toursin matkailuesitteet julkaistaan aina vuoden alussa. Lataa tuoreimmat esitteet t\u00e4\u00e4lt\u00e4. Ryhm\u00e4matkat, kokouspaketit ja ohjelmat.\",\"breadcrumb\":{\"@id\":\"https:\\\/\\\/www.porvootours.fi\\\/en\\\/aboutus\\\/brochures\\\/#breadcrumb\"},\"inLanguage\":\"en-US\",\"potentialAction\":[{\"@type\":\"ReadAction\",\"target\":[\"https:\\\/\\\/www.porvootours.fi\\\/en\\\/aboutus\\\/brochures\\\/\"]}]},{\"@type\":\"ImageObject\",\"inLanguage\":\"en-US\",\"@id\":\"https:\\\/\\\/www.porvootours.fi\\\/en\\\/aboutus\\\/brochures\\\/#primaryimage\",\"url\":\"https:\\\/\\\/www.porvootours.fi\\\/wp-content\\\/uploads\\\/2026\\\/01\\\/itauudenmaan-matkailuesite-2026.jpg\",\"contentUrl\":\"https:\\\/\\\/www.porvootours.fi\\\/wp-content\\\/uploads\\\/2026\\\/01\\\/itauudenmaan-matkailuesite-2026.jpg\",\"width\":1200,\"height\":630,\"caption\":\"Porvoo Tours Imatkailuesitteet 2026.\"},{\"@type\":\"BreadcrumbList\",\"@id\":\"https:\\\/\\\/www.porvootours.fi\\\/en\\\/aboutus\\\/brochures\\\/#breadcrumb\",\"itemListElement\":[{\"@type\":\"ListItem\",\"position\":1,\"name\":\"Home\",\"item\":\"https:\\\/\\\/www.porvootours.fi\\\/en\\\/\"},{\"@type\":\"ListItem\",\"position\":2,\"name\":\"About us\",\"item\":\"https:\\\/\\\/www.porvootours.fi\\\/en\\\/aboutus\\\/\"},{\"@type\":\"ListItem\",\"position\":3,\"name\":\"Brochures\"}]},{\"@type\":\"WebSite\",\"@id\":\"https:\\\/\\\/www.porvootours.fi\\\/#website\",\"url\":\"https:\\\/\\\/www.porvootours.fi\\\/\",\"name\":\"Porvoo Tours - matkanj\u00e4rjest\u00e4j\u00e4\",\"description\":\"Ryhm\u00e4matkojen ja kokouksien j\u00e4rjest\u00e4j\u00e4. Porvoo, Sipoo - gruppresor och m\u00f6tesresorja Loviisa\",\"publisher\":{\"@id\":\"https:\\\/\\\/www.porvootours.fi\\\/#organization\"},\"alternateName\":\"Porvoo Tours\",\"potentialAction\":[{\"@type\":\"SearchAction\",\"target\":{\"@type\":\"EntryPoint\",\"urlTemplate\":\"https:\\\/\\\/www.porvootours.fi\\\/?s={search_term_string}\"},\"query-input\":{\"@type\":\"PropertyValueSpecification\",\"valueRequired\":true,\"valueName\":\"search_term_string\"}}],\"inLanguage\":\"en-US\"},{\"@type\":\"Organization\",\"@id\":\"https:\\\/\\\/www.porvootours.fi\\\/#organization\",\"name\":\"Porvoo Tours\",\"url\":\"https:\\\/\\\/www.porvootours.fi\\\/\",\"logo\":{\"@type\":\"ImageObject\",\"inLanguage\":\"en-US\",\"@id\":\"https:\\\/\\\/www.porvootours.fi\\\/#\\\/schema\\\/logo\\\/image\\\/\",\"url\":\"https:\\\/\\\/www.porvootours.fi\\\/wp-content\\\/uploads\\\/2020\\\/02\\\/porvootours_logo1.png\",\"contentUrl\":\"https:\\\/\\\/www.porvootours.fi\\\/wp-content\\\/uploads\\\/2020\\\/02\\\/porvootours_logo1.png\",\"width\":300,\"height\":70,\"caption\":\"Porvoo Tours\"},\"image\":{\"@id\":\"https:\\\/\\\/www.porvootours.fi\\\/#\\\/schema\\\/logo\\\/image\\\/\"},\"sameAs\":[\"https:\\\/\\\/www.facebook.com\\\/Porvoo-Tours-136597746389488\\\/\"]}]}<\/script>\n<!-- \/ Yoast SEO plugin. -->","yoast_head_json":{"title":"Brochures | Porvoo Tours - matkanj\u00e4rjest\u00e4j\u00e4","description":"Porvoo Toursin matkailuesitteet julkaistaan aina vuoden alussa. Lataa tuoreimmat esitteet t\u00e4\u00e4lt\u00e4. Ryhm\u00e4matkat, kokouspaketit ja ohjelmat.","robots":{"index":"index","follow":"follow","max-snippet":"max-snippet:-1","max-image-preview":"max-image-preview:large","max-video-preview":"max-video-preview:-1"},"canonical":"https:\/\/www.porvootours.fi\/en\/aboutus\/brochures\/","og_locale":"en_US","og_type":"article","og_title":"Brochures | Porvoo Tours - matkanj\u00e4rjest\u00e4j\u00e4","og_description":"Porvoo Toursin matkailuesitteet julkaistaan aina vuoden alussa. Lataa tuoreimmat esitteet t\u00e4\u00e4lt\u00e4. Ryhm\u00e4matkat, kokouspaketit ja ohjelmat.","og_url":"https:\/\/www.porvootours.fi\/en\/aboutus\/brochures\/","og_site_name":"Porvoo Tours - matkanj\u00e4rjest\u00e4j\u00e4","article_publisher":"https:\/\/www.facebook.com\/Porvoo-Tours-136597746389488\/","article_modified_time":"2026-01-29T07:53:00+00:00","og_image":[{"width":1200,"height":630,"url":"https:\/\/www.porvootours.fi\/wp-content\/uploads\/2022\/01\/porvootours_esitteet_2022.jpg","type":"image\/jpeg"}],"twitter_card":"summary_large_image","twitter_misc":{"Est. reading time":"1 minute"},"schema":{"@context":"https:\/\/schema.org","@graph":[{"@type":"WebPage","@id":"https:\/\/www.porvootours.fi\/en\/aboutus\/brochures\/","url":"https:\/\/www.porvootours.fi\/en\/aboutus\/brochures\/","name":"Brochures | Porvoo Tours - matkanj\u00e4rjest\u00e4j\u00e4","isPartOf":{"@id":"https:\/\/www.porvootours.fi\/#website"},"primaryImageOfPage":{"@id":"https:\/\/www.porvootours.fi\/en\/aboutus\/brochures\/#primaryimage"},"image":{"@id":"https:\/\/www.porvootours.fi\/en\/aboutus\/brochures\/#primaryimage"},"thumbnailUrl":"https:\/\/www.porvootours.fi\/wp-content\/uploads\/2026\/01\/itauudenmaan-matkailuesite-2026.jpg","datePublished":"2019-04-14T21:52:34+00:00","dateModified":"2026-01-29T07:53:00+00:00","description":"Porvoo Toursin matkailuesitteet julkaistaan aina vuoden alussa. Lataa tuoreimmat esitteet t\u00e4\u00e4lt\u00e4. Ryhm\u00e4matkat, kokouspaketit ja ohjelmat.","breadcrumb":{"@id":"https:\/\/www.porvootours.fi\/en\/aboutus\/brochures\/#breadcrumb"},"inLanguage":"en-US","potentialAction":[{"@type":"ReadAction","target":["https:\/\/www.porvootours.fi\/en\/aboutus\/brochures\/"]}]},{"@type":"ImageObject","inLanguage":"en-US","@id":"https:\/\/www.porvootours.fi\/en\/aboutus\/brochures\/#primaryimage","url":"https:\/\/www.porvootours.fi\/wp-content\/uploads\/2026\/01\/itauudenmaan-matkailuesite-2026.jpg","contentUrl":"https:\/\/www.porvootours.fi\/wp-content\/uploads\/2026\/01\/itauudenmaan-matkailuesite-2026.jpg","width":1200,"height":630,"caption":"Porvoo Tours Imatkailuesitteet 2026."},{"@type":"BreadcrumbList","@id":"https:\/\/www.porvootours.fi\/en\/aboutus\/brochures\/#breadcrumb","itemListElement":[{"@type":"ListItem","position":1,"name":"Home","item":"https:\/\/www.porvootours.fi\/en\/"},{"@type":"ListItem","position":2,"name":"About us","item":"https:\/\/www.porvootours.fi\/en\/aboutus\/"},{"@type":"ListItem","position":3,"name":"Brochures"}]},{"@type":"WebSite","@id":"https:\/\/www.porvootours.fi\/#website","url":"https:\/\/www.porvootours.fi\/","name":"Porvoo Tours - matkanj\u00e4rjest\u00e4j\u00e4","description":"Ryhm\u00e4matkojen ja kokouksien j\u00e4rjest\u00e4j\u00e4. Porvoo, Sipoo - gruppresor och m\u00f6tesresorja Loviisa","publisher":{"@id":"https:\/\/www.porvootours.fi\/#organization"},"alternateName":"Porvoo Tours","potentialAction":[{"@type":"SearchAction","target":{"@type":"EntryPoint","urlTemplate":"https:\/\/www.porvootours.fi\/?s={search_term_string}"},"query-input":{"@type":"PropertyValueSpecification","valueRequired":true,"valueName":"search_term_string"}}],"inLanguage":"en-US"},{"@type":"Organization","@id":"https:\/\/www.porvootours.fi\/#organization","name":"Porvoo Tours","url":"https:\/\/www.porvootours.fi\/","logo":{"@type":"ImageObject","inLanguage":"en-US","@id":"https:\/\/www.porvootours.fi\/#\/schema\/logo\/image\/","url":"https:\/\/www.porvootours.fi\/wp-content\/uploads\/2020\/02\/porvootours_logo1.png","contentUrl":"https:\/\/www.porvootours.fi\/wp-content\/uploads\/2020\/02\/porvootours_logo1.png","width":300,"height":70,"caption":"Porvoo Tours"},"image":{"@id":"https:\/\/www.porvootours.fi\/#\/schema\/logo\/image\/"},"sameAs":["https:\/\/www.facebook.com\/Porvoo-Tours-136597746389488\/"]}]}},"_links":{"self":[{"href":"https:\/\/www.porvootours.fi\/en\/wp-json\/wp\/v2\/pages\/10368","targetHints":{"allow":["GET"]}}],"collection":[{"href":"https:\/\/www.porvootours.fi\/en\/wp-json\/wp\/v2\/pages"}],"about":[{"href":"https:\/\/www.porvootours.fi\/en\/wp-json\/wp\/v2\/types\/page"}],"author":[{"embeddable":true,"href":"https:\/\/www.porvootours.fi\/en\/wp-json\/wp\/v2\/users\/1"}],"replies":[{"embeddable":true,"href":"https:\/\/www.porvootours.fi\/en\/wp-json\/wp\/v2\/comments?post=10368"}],"version-history":[{"count":0,"href":"https:\/\/www.porvootours.fi\/en\/wp-json\/wp\/v2\/pages\/10368\/revisions"}],"up":[{"embeddable":true,"href":"https:\/\/www.porvootours.fi\/en\/wp-json\/wp\/v2\/pages\/10348"}],"wp:featuredmedia":[{"embeddable":true,"href":"https:\/\/www.porvootours.fi\/en\/wp-json\/wp\/v2\/media\/21464"}],"wp:attachment":[{"href":"https:\/\/www.porvootours.fi\/en\/wp-json\/wp\/v2\/media?parent=10368"}],"curies":[{"name":"wp","href":"https:\/\/api.w.org\/{rel}","templated":true}]}}