{"id":10348,"date":"2019-02-14T19:52:44","date_gmt":"2019-02-14T19:52:44","guid":{"rendered":"https:\/\/www.porvootours.fi\/meista\/"},"modified":"2025-12-17T12:07:41","modified_gmt":"2025-12-17T12:07:41","slug":"aboutus","status":"publish","type":"page","link":"https:\/\/www.porvootours.fi\/en\/aboutus\/","title":{"rendered":"About us"},"content":{"rendered":"<div id=\"pl-10348\"  class=\"panel-layout\" ><div id=\"pg-10348-0\"  class=\"panel-grid panel-no-style\" ><div id=\"pgc-10348-0-0\"  class=\"panel-grid-cell\" >\n\n        <div id=\"panel-10348-0-0-0\" class=\"so-panel widget widget_kadence_calltoaction_widget kadence_calltoaction_widget panel-first-child panel-last-child\" data-index=\"0\" ><div class=\"kt-ctaw clearfix\"><h2 class=\"kt-call-to-action-title\" style=\"color:#333333; font-size:50px; line-height:1; text-align:center; \"  data-max-size=\"50\" data-min-size=\"36\"><B>PORVOO TOURS - <\/B>YOUR PREMIER LOCAL DMC &amp; EXPERT TOUR OPERATOR<\/h2><\/div><\/div>\n    <\/div><\/div><div id=\"pg-10348-1\"  class=\"panel-grid panel-no-style\" ><div id=\"pgc-10348-1-0\"  class=\"panel-grid-cell\" ><div id=\"panel-10348-1-0-0\" class=\"so-panel widget widget_black-studio-tinymce widget_black_studio_tinymce panel-first-child panel-last-child\" data-index=\"1\" ><div class=\"textwidget\"><div class=\"flex max-w-full flex-col flex-grow\">\n<div class=\"min-h-8 text-message flex w-full flex-col items-end gap-2 whitespace-normal break-words text-start [.text-message+&amp;]:mt-5\" dir=\"auto\" data-message-author-role=\"assistant\" data-message-id=\"459af2a4-a39f-4316-b35e-b557ada2b219\" data-message-model-slug=\"gpt-4o\">\n<div class=\"flex w-full flex-col gap-1 empty:hidden first:pt-[3px]\">\n<div class=\"markdown prose w-full break-words dark:prose-invert light\">\n<p data-path-to-node=\"3\">Porvoo Tours Oy is a premier Destination Management Company <strong>(DMC)<\/strong> and a fully licensed <strong>Tour Operator<\/strong>, specializing in high-quality travel experiences across Southern Finland and the Baltic Sea region.<\/p>\n<p data-path-to-node=\"4\">Founded in 1997, we have decades of experience in creating tailored programs for groups of all sizes. Based in the historic town of Porvoo, we take pride in our deep local roots and our ability to deliver seamless, professional services for both international travel trade partners and direct group clients.<\/p>\n<h4 data-path-to-node=\"5\">Our Expertise<\/h4>\n<p data-path-to-node=\"6\">As your local partner, we provide a \"one-stop-shop\" for all your travel needs:<\/p>\n<ul data-path-to-node=\"7\">\n<li>\n<p data-path-to-node=\"7,0,0\"><b>Regional Specialist:<\/b> We are the leading experts for group travel in Porvoo, Loviisa, and Sipoo.<\/p>\n<\/li>\n<li>\n<p data-path-to-node=\"7,1,0\"><b>Nordic &amp; Baltic Travel:<\/b> Beyond our home region, we organize for example, expert-led trips to Helsinki, Turku, Tampere, and H\u00e4meenlinna, as well as maritime excursions to Estonia, the Baltics, Sweden, and the \u00c5land Islands.<\/p>\n<\/li>\n<li>\n<p data-path-to-node=\"7,2,0\"><b>Full-Service Logistics:<\/b> From booking licensed guides and unique activities to handling ferry tickets for Tallink Silja, Viking Line, and Ecker\u00f6 Line, we manage every detail.<\/p>\n<\/li>\n<\/ul>\n<h4 data-path-to-node=\"8\">Quality &amp; Trust<\/h4>\n<p data-path-to-node=\"9\">Porvoo Tours is a proud member of the Association of Finnish Travel Industry<b> (SMAL\/AFTA)<\/b>. As a registered tour operator, we adhere to the strict travel guarantee requirements of the Finnish Competition and Consumer Authority<b> (KKV\/FCCA)<\/b>, ensuring that your booking is always safe and secure.<\/p>\n<p data-path-to-node=\"10\">Whether you are a professional travel agent looking for a reliable DMC or a group leader planning your next excursion, Porvoo Tours is here to make your journey unforgettable.<\/p>\n<\/div>\n<\/div>\n<\/div>\n<\/div>\n<div class=\"group\/conversation-turn relative flex w-full min-w-0 flex-col agent-turn\">\n<div class=\"flex-col gap-1 md:gap-3\">\n<div class=\"flex max-w-full flex-col flex-grow\">\n<div class=\"min-h-8 text-message flex w-full flex-col items-end gap-2 whitespace-normal break-words text-start [.text-message+&amp;]:mt-5\" dir=\"auto\" data-message-author-role=\"assistant\" data-message-id=\"9fb09be2-5209-4bfd-9f22-565219616fe1\" data-message-model-slug=\"gpt-4o\">\n<div class=\"flex w-full flex-col gap-1 empty:hidden first:pt-[3px]\">\n<div class=\"markdown prose w-full break-words dark:prose-invert light\">\n<h4><span style=\"color: #000000;\">Sustainable Tourism<\/span><\/h4>\n<p>At Porvoo Tours Oy, we are committed to developing a more climate-friendly environment in Porvoo and Finland.<\/p>\n<p>As a Porvoo Climate Partner, we are part of a pioneering network supported by the city, dedicated to promoting green and sustainable business practices. This partnership provides us with up-to-date expertise, access to the latest environmental information, and helps us build a strong climate-conscious identity.<\/p>\n<p>We collaborate with various companies and operators that share our commitment to sustainable tourism, allowing us to offer eco-friendly travel packages for groups. These packages incorporate responsible tourism principles and criteria, ensuring a more sustainable and ethical travel experience.<\/p>\n<p>By choosing one of our greener travel packages, you too can contribute to a more sustainable future.<\/p><\/div>\n<\/div>\n<\/div>\n<\/div>\n<\/div>\n<\/div>\n<p>Read more about sustainable tourism:<br \/>\n<a href=\"https:\/\/www.visitfinland.fi\/en\/liiketoiminnan-kehittaminen\/vastuullinen-matkailu\/sustainable-travel-finland\">https:\/\/www.visitfinland.fi\/en\/liiketoiminnan-kehittaminen\/vastuullinen-matkailu\/sustainable-travel-finland<\/a><\/p>\n<p><a href=\"https:\/\/www.porvootours.fi\/wp-content\/uploads\/2024\/10\/Porvoo-climate-partner-logo-768.jpg\"><img loading=\"lazy\" decoding=\"async\" class=\"alignnone wp-image-18748\" src=\"https:\/\/www.porvootours.fi\/wp-content\/uploads\/2024\/10\/Porvoo-climate-partner-logo-768-300x200.jpg\" alt=\"\" width=\"177\" height=\"118\" srcset=\"https:\/\/www.porvootours.fi\/wp-content\/uploads\/2024\/10\/Porvoo-climate-partner-logo-768-300x200.jpg 300w, https:\/\/www.porvootours.fi\/wp-content\/uploads\/2024\/10\/Porvoo-climate-partner-logo-768-272x182.jpg 272w, https:\/\/www.porvootours.fi\/wp-content\/uploads\/2024\/10\/Porvoo-climate-partner-logo-768.jpg 768w\" sizes=\"auto, (max-width: 177px) 100vw, 177px\" \/><\/a><\/p>\n<\/div><\/div><\/div><\/div><\/div>","protected":false},"excerpt":{"rendered":"<p>Porvoo Tours Oy is a premier Destination Management Company (DMC) and a fully licensed Tour Operator, specializing in high-quality travel experiences across Southern Finland and the Baltic Sea region. Founded &hellip; <a class=\"kt-excerpt-readmore more-link\" href=\"https:\/\/www.porvootours.fi\/en\/aboutus\/\" aria-label=\"About us\">\u00bb<\/a><\/p>\n","protected":false},"author":1,"featured_media":0,"parent":0,"menu_order":0,"comment_status":"closed","ping_status":"closed","template":"","meta":{"kt_blocks_editor_width":"","footnotes":""},"class_list":["post-10348","page","type-page","status-publish","hentry"],"yoast_head":"<!-- This site is optimized with the Yoast SEO plugin v27.3 - https:\/\/yoast.com\/product\/yoast-seo-wordpress\/ -->\n<title>About us | Porvoo Tours - matkanj\u00e4rjest\u00e4j\u00e4<\/title>\n<meta name=\"robots\" content=\"index, follow, max-snippet:-1, max-image-preview:large, max-video-preview:-1\" \/>\n<link rel=\"canonical\" href=\"https:\/\/www.porvootours.fi\/en\/aboutus\/\" \/>\n<meta property=\"og:locale\" content=\"en_US\" \/>\n<meta property=\"og:type\" content=\"article\" \/>\n<meta property=\"og:title\" content=\"About us | Porvoo Tours - matkanj\u00e4rjest\u00e4j\u00e4\" \/>\n<meta property=\"og:description\" content=\"Porvoo Tours Oy is a premier Destination Management Company (DMC) and a fully licensed Tour Operator, specializing in high-quality travel experiences across Southern Finland and the Baltic Sea region. Founded &hellip; \u00bb\" \/>\n<meta property=\"og:url\" content=\"https:\/\/www.porvootours.fi\/en\/aboutus\/\" \/>\n<meta property=\"og:site_name\" content=\"Porvoo Tours - matkanj\u00e4rjest\u00e4j\u00e4\" \/>\n<meta property=\"article:publisher\" content=\"https:\/\/www.facebook.com\/Porvoo-Tours-136597746389488\/\" \/>\n<meta property=\"article:modified_time\" content=\"2025-12-17T12:07:41+00:00\" \/>\n<meta property=\"og:image\" content=\"https:\/\/www.porvootours.fi\/wp-content\/uploads\/2024\/10\/Porvoo-climate-partner-logo-768.jpg\" \/>\n\t<meta property=\"og:image:width\" content=\"768\" \/>\n\t<meta property=\"og:image:height\" content=\"512\" \/>\n\t<meta property=\"og:image:type\" content=\"image\/jpeg\" \/>\n<meta name=\"twitter:card\" content=\"summary_large_image\" \/>\n<meta name=\"twitter:label1\" content=\"Est. reading time\" \/>\n\t<meta name=\"twitter:data1\" content=\"3 minutes\" \/>\n<script type=\"application\/ld+json\" class=\"yoast-schema-graph\">{\"@context\":\"https:\\\/\\\/schema.org\",\"@graph\":[{\"@type\":\"WebPage\",\"@id\":\"https:\\\/\\\/www.porvootours.fi\\\/en\\\/aboutus\\\/\",\"url\":\"https:\\\/\\\/www.porvootours.fi\\\/en\\\/aboutus\\\/\",\"name\":\"About us | Porvoo Tours - matkanj\u00e4rjest\u00e4j\u00e4\",\"isPartOf\":{\"@id\":\"https:\\\/\\\/www.porvootours.fi\\\/#website\"},\"primaryImageOfPage\":{\"@id\":\"https:\\\/\\\/www.porvootours.fi\\\/en\\\/aboutus\\\/#primaryimage\"},\"image\":{\"@id\":\"https:\\\/\\\/www.porvootours.fi\\\/en\\\/aboutus\\\/#primaryimage\"},\"thumbnailUrl\":\"https:\\\/\\\/www.porvootours.fi\\\/wp-content\\\/uploads\\\/2024\\\/10\\\/Porvoo-climate-partner-logo-768-300x200.jpg\",\"datePublished\":\"2019-02-14T19:52:44+00:00\",\"dateModified\":\"2025-12-17T12:07:41+00:00\",\"breadcrumb\":{\"@id\":\"https:\\\/\\\/www.porvootours.fi\\\/en\\\/aboutus\\\/#breadcrumb\"},\"inLanguage\":\"en-US\",\"potentialAction\":[{\"@type\":\"ReadAction\",\"target\":[\"https:\\\/\\\/www.porvootours.fi\\\/en\\\/aboutus\\\/\"]}]},{\"@type\":\"ImageObject\",\"inLanguage\":\"en-US\",\"@id\":\"https:\\\/\\\/www.porvootours.fi\\\/en\\\/aboutus\\\/#primaryimage\",\"url\":\"https:\\\/\\\/www.porvootours.fi\\\/wp-content\\\/uploads\\\/2024\\\/10\\\/Porvoo-climate-partner-logo-768-300x200.jpg\",\"contentUrl\":\"https:\\\/\\\/www.porvootours.fi\\\/wp-content\\\/uploads\\\/2024\\\/10\\\/Porvoo-climate-partner-logo-768-300x200.jpg\"},{\"@type\":\"BreadcrumbList\",\"@id\":\"https:\\\/\\\/www.porvootours.fi\\\/en\\\/aboutus\\\/#breadcrumb\",\"itemListElement\":[{\"@type\":\"ListItem\",\"position\":1,\"name\":\"Home\",\"item\":\"https:\\\/\\\/www.porvootours.fi\\\/en\\\/\"},{\"@type\":\"ListItem\",\"position\":2,\"name\":\"About us\"}]},{\"@type\":\"WebSite\",\"@id\":\"https:\\\/\\\/www.porvootours.fi\\\/#website\",\"url\":\"https:\\\/\\\/www.porvootours.fi\\\/\",\"name\":\"Porvoo Tours - matkanj\u00e4rjest\u00e4j\u00e4\",\"description\":\"Ryhm\u00e4matkojen ja kokouksien j\u00e4rjest\u00e4j\u00e4. Porvoo, Sipoo - gruppresor och m\u00f6tesresorja Loviisa\",\"publisher\":{\"@id\":\"https:\\\/\\\/www.porvootours.fi\\\/#organization\"},\"alternateName\":\"Porvoo Tours\",\"potentialAction\":[{\"@type\":\"SearchAction\",\"target\":{\"@type\":\"EntryPoint\",\"urlTemplate\":\"https:\\\/\\\/www.porvootours.fi\\\/?s={search_term_string}\"},\"query-input\":{\"@type\":\"PropertyValueSpecification\",\"valueRequired\":true,\"valueName\":\"search_term_string\"}}],\"inLanguage\":\"en-US\"},{\"@type\":\"Organization\",\"@id\":\"https:\\\/\\\/www.porvootours.fi\\\/#organization\",\"name\":\"Porvoo Tours\",\"url\":\"https:\\\/\\\/www.porvootours.fi\\\/\",\"logo\":{\"@type\":\"ImageObject\",\"inLanguage\":\"en-US\",\"@id\":\"https:\\\/\\\/www.porvootours.fi\\\/#\\\/schema\\\/logo\\\/image\\\/\",\"url\":\"https:\\\/\\\/www.porvootours.fi\\\/wp-content\\\/uploads\\\/2020\\\/02\\\/porvootours_logo1.png\",\"contentUrl\":\"https:\\\/\\\/www.porvootours.fi\\\/wp-content\\\/uploads\\\/2020\\\/02\\\/porvootours_logo1.png\",\"width\":300,\"height\":70,\"caption\":\"Porvoo Tours\"},\"image\":{\"@id\":\"https:\\\/\\\/www.porvootours.fi\\\/#\\\/schema\\\/logo\\\/image\\\/\"},\"sameAs\":[\"https:\\\/\\\/www.facebook.com\\\/Porvoo-Tours-136597746389488\\\/\"]}]}<\/script>\n<!-- \/ Yoast SEO plugin. -->","yoast_head_json":{"title":"About us | Porvoo Tours - matkanj\u00e4rjest\u00e4j\u00e4","robots":{"index":"index","follow":"follow","max-snippet":"max-snippet:-1","max-image-preview":"max-image-preview:large","max-video-preview":"max-video-preview:-1"},"canonical":"https:\/\/www.porvootours.fi\/en\/aboutus\/","og_locale":"en_US","og_type":"article","og_title":"About us | Porvoo Tours - matkanj\u00e4rjest\u00e4j\u00e4","og_description":"Porvoo Tours Oy is a premier Destination Management Company (DMC) and a fully licensed Tour Operator, specializing in high-quality travel experiences across Southern Finland and the Baltic Sea region. Founded &hellip; \u00bb","og_url":"https:\/\/www.porvootours.fi\/en\/aboutus\/","og_site_name":"Porvoo Tours - matkanj\u00e4rjest\u00e4j\u00e4","article_publisher":"https:\/\/www.facebook.com\/Porvoo-Tours-136597746389488\/","article_modified_time":"2025-12-17T12:07:41+00:00","og_image":[{"width":768,"height":512,"url":"https:\/\/www.porvootours.fi\/wp-content\/uploads\/2024\/10\/Porvoo-climate-partner-logo-768.jpg","type":"image\/jpeg"}],"twitter_card":"summary_large_image","twitter_misc":{"Est. reading time":"3 minutes"},"schema":{"@context":"https:\/\/schema.org","@graph":[{"@type":"WebPage","@id":"https:\/\/www.porvootours.fi\/en\/aboutus\/","url":"https:\/\/www.porvootours.fi\/en\/aboutus\/","name":"About us | Porvoo Tours - matkanj\u00e4rjest\u00e4j\u00e4","isPartOf":{"@id":"https:\/\/www.porvootours.fi\/#website"},"primaryImageOfPage":{"@id":"https:\/\/www.porvootours.fi\/en\/aboutus\/#primaryimage"},"image":{"@id":"https:\/\/www.porvootours.fi\/en\/aboutus\/#primaryimage"},"thumbnailUrl":"https:\/\/www.porvootours.fi\/wp-content\/uploads\/2024\/10\/Porvoo-climate-partner-logo-768-300x200.jpg","datePublished":"2019-02-14T19:52:44+00:00","dateModified":"2025-12-17T12:07:41+00:00","breadcrumb":{"@id":"https:\/\/www.porvootours.fi\/en\/aboutus\/#breadcrumb"},"inLanguage":"en-US","potentialAction":[{"@type":"ReadAction","target":["https:\/\/www.porvootours.fi\/en\/aboutus\/"]}]},{"@type":"ImageObject","inLanguage":"en-US","@id":"https:\/\/www.porvootours.fi\/en\/aboutus\/#primaryimage","url":"https:\/\/www.porvootours.fi\/wp-content\/uploads\/2024\/10\/Porvoo-climate-partner-logo-768-300x200.jpg","contentUrl":"https:\/\/www.porvootours.fi\/wp-content\/uploads\/2024\/10\/Porvoo-climate-partner-logo-768-300x200.jpg"},{"@type":"BreadcrumbList","@id":"https:\/\/www.porvootours.fi\/en\/aboutus\/#breadcrumb","itemListElement":[{"@type":"ListItem","position":1,"name":"Home","item":"https:\/\/www.porvootours.fi\/en\/"},{"@type":"ListItem","position":2,"name":"About us"}]},{"@type":"WebSite","@id":"https:\/\/www.porvootours.fi\/#website","url":"https:\/\/www.porvootours.fi\/","name":"Porvoo Tours - matkanj\u00e4rjest\u00e4j\u00e4","description":"Ryhm\u00e4matkojen ja kokouksien j\u00e4rjest\u00e4j\u00e4. Porvoo, Sipoo - gruppresor och m\u00f6tesresorja Loviisa","publisher":{"@id":"https:\/\/www.porvootours.fi\/#organization"},"alternateName":"Porvoo Tours","potentialAction":[{"@type":"SearchAction","target":{"@type":"EntryPoint","urlTemplate":"https:\/\/www.porvootours.fi\/?s={search_term_string}"},"query-input":{"@type":"PropertyValueSpecification","valueRequired":true,"valueName":"search_term_string"}}],"inLanguage":"en-US"},{"@type":"Organization","@id":"https:\/\/www.porvootours.fi\/#organization","name":"Porvoo Tours","url":"https:\/\/www.porvootours.fi\/","logo":{"@type":"ImageObject","inLanguage":"en-US","@id":"https:\/\/www.porvootours.fi\/#\/schema\/logo\/image\/","url":"https:\/\/www.porvootours.fi\/wp-content\/uploads\/2020\/02\/porvootours_logo1.png","contentUrl":"https:\/\/www.porvootours.fi\/wp-content\/uploads\/2020\/02\/porvootours_logo1.png","width":300,"height":70,"caption":"Porvoo Tours"},"image":{"@id":"https:\/\/www.porvootours.fi\/#\/schema\/logo\/image\/"},"sameAs":["https:\/\/www.facebook.com\/Porvoo-Tours-136597746389488\/"]}]}},"_links":{"self":[{"href":"https:\/\/www.porvootours.fi\/en\/wp-json\/wp\/v2\/pages\/10348","targetHints":{"allow":["GET"]}}],"collection":[{"href":"https:\/\/www.porvootours.fi\/en\/wp-json\/wp\/v2\/pages"}],"about":[{"href":"https:\/\/www.porvootours.fi\/en\/wp-json\/wp\/v2\/types\/page"}],"author":[{"embeddable":true,"href":"https:\/\/www.porvootours.fi\/en\/wp-json\/wp\/v2\/users\/1"}],"replies":[{"embeddable":true,"href":"https:\/\/www.porvootours.fi\/en\/wp-json\/wp\/v2\/comments?post=10348"}],"version-history":[{"count":0,"href":"https:\/\/www.porvootours.fi\/en\/wp-json\/wp\/v2\/pages\/10348\/revisions"}],"wp:attachment":[{"href":"https:\/\/www.porvootours.fi\/en\/wp-json\/wp\/v2\/media?parent=10348"}],"curies":[{"name":"wp","href":"https:\/\/api.w.org\/{rel}","templated":true}]}}